{"id":23498,"date":"2019-11-09T01:25:32","date_gmt":"2019-11-08T22:25:32","guid":{"rendered":"https:\/\/mob.md\/?page_id=23498"},"modified":"2021-08-06T17:09:40","modified_gmt":"2021-08-06T14:09:40","slug":"contacte","status":"publish","type":"page","link":"https:\/\/mob.md\/ro\/contacte\/","title":{"rendered":"Contacte"},"content":{"rendered":"<p><span class=\"tlid-translation translation\" lang=\"ro\"><span class=\"\" title=\"\">Autostrada E58 Chi\u0219inau-Ungheni, <\/span><span title=\"\">str. Calea Ie\u015filor 91.<\/span> <span class=\"\" title=\"\">La 300 de metri de benzin\u0103ria Petrom vira\u021bi la st\u00e2nga.<\/span> <span class=\"\" title=\"\">Intrarea principal\u0103 a magazinului CreatorMALL, parter, cap\u0103tul coridorului.<\/span><\/span><\/p> \r\n<p>Cum s\u0103 ne g\u0103si\u021bi \u00een\u0103untru centrului comercial pute\u021bi vedea pe video mai jos:<\/p>\r\n<div style=\"width: 640px;\" class=\"wp-video\"><!--[if lt IE 9]><script>document.createElement('video');<\/script><![endif]-->\n<video class=\"wp-video-shortcode\" id=\"video-23498-1\" width=\"640\" height=\"360\" preload=\"metadata\" controls=\"controls\"><source type=\"video\/mp4\" src=\"https:\/\/mob.md\/wp-content\/uploads\/2021\/05\/mob.md-3.mp4?_=1\" \/><a href=\"https:\/\/mob.md\/wp-content\/uploads\/2021\/05\/mob.md-3.mp4\">https:\/\/mob.md\/wp-content\/uploads\/2021\/05\/mob.md-3.mp4<\/a><\/video><\/div>","protected":false},"excerpt":{"rendered":"<p>Autostrada E58 Chi\u0219inau-Ungheni, str. Calea Ie\u015filor 91. La 300 de metri de benzin\u0103ria Petrom vira\u021bi la st\u00e2nga. Intrarea principal\u0103 a magazinului CreatorMALL, parter, cap\u0103tul coridorului. Cum s\u0103 ne g\u0103si\u021bi \u00een\u0103untru centrului comercial pute\u021bi vedea pe video mai jos:<\/p>\n","protected":false},"author":1,"featured_media":0,"parent":0,"menu_order":0,"comment_status":"closed","ping_status":"closed","template":"page-contact.php","meta":[],"yoast_head":"<!-- This site is optimized with the Yoast SEO plugin v20.8 - https:\/\/yoast.com\/wordpress\/plugins\/seo\/ -->\n<title>\u041c\u0430\u0433\u0430\u0437\u0438\u043d \u043c\u0435\u0431\u0435\u043b\u0438 Mob.md. \u041d\u0430\u0448\u0438 \u043a\u043e\u043d\u0442\u0430\u043a\u0442\u044b \u0438 \u0430\u0434\u0440\u0435\u0441 \u043c\u0430\u0433\u0430\u0437\u0438\u043d\u0430 \u0432 \u041a\u0438\u0448\u0438\u043d\u0435\u0432\u0435<\/title>\n<meta name=\"description\" content=\"\u0412\u044b \u043c\u043e\u0436\u0435\u0442\u0435 \u043b\u0438\u0447\u043d\u043e \u043f\u043e\u0441\u0435\u0442\u0438\u0442\u044c \u043d\u0430\u0448 \u043c\u0430\u0433\u0430\u0437\u0438\u043d \u0438 \u0432\u044b\u0431\u0440\u0430\u0442\u044c \u043f\u043e\u0434\u0445\u043e\u0434\u044f\u0449\u0443\u044e \u043c\u0435\u0431\u0435\u043b\u044c \u0438\u043b\u0438 \u043f\u0440\u0438\u043d\u0430\u0434\u043b\u0435\u0436\u043d\u043e\u0441\u0442\u0438 \u0434\u043b\u044f \u0434\u043e\u043c\u0430. \u0412\u044b \u0443\u0431\u0435\u0434\u0438\u0442\u0435\u0441\u044c \u0432 \u0432\u044b\u0441\u043e\u043a\u043e\u043c \u043a\u0430\u0447\u0435\u0441\u0442\u0432\u0435 \u043d\u0430\u0448\u0435\u0439 \u043f\u0440\u043e\u0434\u0443\u043a\u0446\u0438\u0438. \u041c\u044b \u0436\u0434\u0435\u043c \u0432\u0430\u043c\" \/>\n<meta name=\"robots\" content=\"index, follow, max-snippet:-1, max-image-preview:large, max-video-preview:-1\" \/>\n<link rel=\"canonical\" href=\"https:\/\/mob.md\/ro\/contacte\/\" \/>\n<meta property=\"og:locale\" content=\"ro_RO\" \/>\n<meta property=\"og:type\" content=\"article\" \/>\n<meta property=\"og:title\" content=\"\u041c\u0430\u0433\u0430\u0437\u0438\u043d \u043c\u0435\u0431\u0435\u043b\u0438 Mob.md. \u041d\u0430\u0448\u0438 \u043a\u043e\u043d\u0442\u0430\u043a\u0442\u044b \u0438 \u0430\u0434\u0440\u0435\u0441 \u043c\u0430\u0433\u0430\u0437\u0438\u043d\u0430 \u0432 \u041a\u0438\u0448\u0438\u043d\u0435\u0432\u0435\" \/>\n<meta property=\"og:description\" content=\"\u0412\u044b \u043c\u043e\u0436\u0435\u0442\u0435 \u043b\u0438\u0447\u043d\u043e \u043f\u043e\u0441\u0435\u0442\u0438\u0442\u044c \u043d\u0430\u0448 \u043c\u0430\u0433\u0430\u0437\u0438\u043d \u0438 \u0432\u044b\u0431\u0440\u0430\u0442\u044c \u043f\u043e\u0434\u0445\u043e\u0434\u044f\u0449\u0443\u044e \u043c\u0435\u0431\u0435\u043b\u044c \u0438\u043b\u0438 \u043f\u0440\u0438\u043d\u0430\u0434\u043b\u0435\u0436\u043d\u043e\u0441\u0442\u0438 \u0434\u043b\u044f \u0434\u043e\u043c\u0430. \u0412\u044b \u0443\u0431\u0435\u0434\u0438\u0442\u0435\u0441\u044c \u0432 \u0432\u044b\u0441\u043e\u043a\u043e\u043c \u043a\u0430\u0447\u0435\u0441\u0442\u0432\u0435 \u043d\u0430\u0448\u0435\u0439 \u043f\u0440\u043e\u0434\u0443\u043a\u0446\u0438\u0438. \u041c\u044b \u0436\u0434\u0435\u043c \u0432\u0430\u043c\" \/>\n<meta property=\"og:url\" content=\"https:\/\/mob.md\/ro\/contacte\/\" \/>\n<meta property=\"og:site_name\" content=\"Mob.MD\" \/>\n<meta property=\"article:publisher\" content=\"https:\/\/www.facebook.com\/Mob.md?locale=ru_RU\" \/>\n<meta property=\"article:modified_time\" content=\"2021-08-06T14:09:40+00:00\" \/>\n<meta property=\"og:image\" content=\"https:\/\/mob.md\/wp-content\/uploads\/2020\/12\/cropped-\u0438\u0437\u043e\u0431\u0440\u0430\u0436\u0435\u043d\u0438\u0435_viber_2020-12-22_17-15-24.png\" \/>\n\t<meta property=\"og:image:width\" content=\"512\" \/>\n\t<meta property=\"og:image:height\" content=\"512\" \/>\n\t<meta property=\"og:image:type\" content=\"image\/png\" \/>\n<meta name=\"twitter:card\" content=\"summary_large_image\" \/>\n<script type=\"application\/ld+json\" class=\"yoast-schema-graph\">{\"@context\":\"https:\/\/schema.org\",\"@graph\":[{\"@type\":\"WebPage\",\"@id\":\"https:\/\/mob.md\/ro\/contacte\/\",\"url\":\"https:\/\/mob.md\/ro\/contacte\/\",\"name\":\"\u041c\u0430\u0433\u0430\u0437\u0438\u043d \u043c\u0435\u0431\u0435\u043b\u0438 Mob.md. \u041d\u0430\u0448\u0438 \u043a\u043e\u043d\u0442\u0430\u043a\u0442\u044b \u0438 \u0430\u0434\u0440\u0435\u0441 \u043c\u0430\u0433\u0430\u0437\u0438\u043d\u0430 \u0432 \u041a\u0438\u0448\u0438\u043d\u0435\u0432\u0435\",\"isPartOf\":{\"@id\":\"https:\/\/mob.md\/ro\/#website\"},\"datePublished\":\"2019-11-08T22:25:32+00:00\",\"dateModified\":\"2021-08-06T14:09:40+00:00\",\"description\":\"\u0412\u044b \u043c\u043e\u0436\u0435\u0442\u0435 \u043b\u0438\u0447\u043d\u043e \u043f\u043e\u0441\u0435\u0442\u0438\u0442\u044c \u043d\u0430\u0448 \u043c\u0430\u0433\u0430\u0437\u0438\u043d \u0438 \u0432\u044b\u0431\u0440\u0430\u0442\u044c \u043f\u043e\u0434\u0445\u043e\u0434\u044f\u0449\u0443\u044e \u043c\u0435\u0431\u0435\u043b\u044c \u0438\u043b\u0438 \u043f\u0440\u0438\u043d\u0430\u0434\u043b\u0435\u0436\u043d\u043e\u0441\u0442\u0438 \u0434\u043b\u044f \u0434\u043e\u043c\u0430. \u0412\u044b \u0443\u0431\u0435\u0434\u0438\u0442\u0435\u0441\u044c \u0432 \u0432\u044b\u0441\u043e\u043a\u043e\u043c \u043a\u0430\u0447\u0435\u0441\u0442\u0432\u0435 \u043d\u0430\u0448\u0435\u0439 \u043f\u0440\u043e\u0434\u0443\u043a\u0446\u0438\u0438. \u041c\u044b \u0436\u0434\u0435\u043c \u0432\u0430\u043c\",\"breadcrumb\":{\"@id\":\"https:\/\/mob.md\/ro\/contacte\/#breadcrumb\"},\"inLanguage\":\"ro-RO\",\"potentialAction\":[{\"@type\":\"ReadAction\",\"target\":[\"https:\/\/mob.md\/ro\/contacte\/\"]}]},{\"@type\":\"BreadcrumbList\",\"@id\":\"https:\/\/mob.md\/ro\/contacte\/#breadcrumb\",\"itemListElement\":[{\"@type\":\"ListItem\",\"position\":1,\"name\":\"\u0413\u043b\u0430\u0432\u043d\u0430\u044f \u0441\u0442\u0440\u0430\u043d\u0438\u0446\u0430\",\"item\":\"https:\/\/mob.md\/ro\/\"},{\"@type\":\"ListItem\",\"position\":2,\"name\":\"Contacte\"}]},{\"@type\":\"WebSite\",\"@id\":\"https:\/\/mob.md\/ro\/#website\",\"url\":\"https:\/\/mob.md\/ro\/\",\"name\":\"Mob.MD\",\"description\":\"Mob.MD\",\"publisher\":{\"@id\":\"https:\/\/mob.md\/ro\/#organization\"},\"potentialAction\":[{\"@type\":\"SearchAction\",\"target\":{\"@type\":\"EntryPoint\",\"urlTemplate\":\"https:\/\/mob.md\/ro\/?s={search_term_string}\"},\"query-input\":\"required name=search_term_string\"}],\"inLanguage\":\"ro-RO\"},{\"@type\":\"Organization\",\"@id\":\"https:\/\/mob.md\/ro\/#organization\",\"name\":\"Mob.md\",\"url\":\"https:\/\/mob.md\/ro\/\",\"logo\":{\"@type\":\"ImageObject\",\"inLanguage\":\"ro-RO\",\"@id\":\"https:\/\/mob.md\/ro\/#\/schema\/logo\/image\/\",\"url\":\"https:\/\/mob.md\/wp-content\/uploads\/2021\/02\/logo-1.png\",\"contentUrl\":\"https:\/\/mob.md\/wp-content\/uploads\/2021\/02\/logo-1.png\",\"width\":324,\"height\":193,\"caption\":\"Mob.md\"},\"image\":{\"@id\":\"https:\/\/mob.md\/ro\/#\/schema\/logo\/image\/\"},\"sameAs\":[\"https:\/\/www.facebook.com\/Mob.md?locale=ru_RU\",\"https:\/\/www.instagram.com\/mob.md.moldova\/\"]}]}<\/script>\n<!-- \/ Yoast SEO plugin. -->","yoast_head_json":{"title":"\u041c\u0430\u0433\u0430\u0437\u0438\u043d \u043c\u0435\u0431\u0435\u043b\u0438 Mob.md. \u041d\u0430\u0448\u0438 \u043a\u043e\u043d\u0442\u0430\u043a\u0442\u044b \u0438 \u0430\u0434\u0440\u0435\u0441 \u043c\u0430\u0433\u0430\u0437\u0438\u043d\u0430 \u0432 \u041a\u0438\u0448\u0438\u043d\u0435\u0432\u0435","description":"\u0412\u044b \u043c\u043e\u0436\u0435\u0442\u0435 \u043b\u0438\u0447\u043d\u043e \u043f\u043e\u0441\u0435\u0442\u0438\u0442\u044c \u043d\u0430\u0448 \u043c\u0430\u0433\u0430\u0437\u0438\u043d \u0438 \u0432\u044b\u0431\u0440\u0430\u0442\u044c \u043f\u043e\u0434\u0445\u043e\u0434\u044f\u0449\u0443\u044e \u043c\u0435\u0431\u0435\u043b\u044c \u0438\u043b\u0438 \u043f\u0440\u0438\u043d\u0430\u0434\u043b\u0435\u0436\u043d\u043e\u0441\u0442\u0438 \u0434\u043b\u044f \u0434\u043e\u043c\u0430. \u0412\u044b \u0443\u0431\u0435\u0434\u0438\u0442\u0435\u0441\u044c \u0432 \u0432\u044b\u0441\u043e\u043a\u043e\u043c \u043a\u0430\u0447\u0435\u0441\u0442\u0432\u0435 \u043d\u0430\u0448\u0435\u0439 \u043f\u0440\u043e\u0434\u0443\u043a\u0446\u0438\u0438. \u041c\u044b \u0436\u0434\u0435\u043c \u0432\u0430\u043c","robots":{"index":"index","follow":"follow","max-snippet":"max-snippet:-1","max-image-preview":"max-image-preview:large","max-video-preview":"max-video-preview:-1"},"canonical":"https:\/\/mob.md\/ro\/contacte\/","og_locale":"ro_RO","og_type":"article","og_title":"\u041c\u0430\u0433\u0430\u0437\u0438\u043d \u043c\u0435\u0431\u0435\u043b\u0438 Mob.md. \u041d\u0430\u0448\u0438 \u043a\u043e\u043d\u0442\u0430\u043a\u0442\u044b \u0438 \u0430\u0434\u0440\u0435\u0441 \u043c\u0430\u0433\u0430\u0437\u0438\u043d\u0430 \u0432 \u041a\u0438\u0448\u0438\u043d\u0435\u0432\u0435","og_description":"\u0412\u044b \u043c\u043e\u0436\u0435\u0442\u0435 \u043b\u0438\u0447\u043d\u043e \u043f\u043e\u0441\u0435\u0442\u0438\u0442\u044c \u043d\u0430\u0448 \u043c\u0430\u0433\u0430\u0437\u0438\u043d \u0438 \u0432\u044b\u0431\u0440\u0430\u0442\u044c \u043f\u043e\u0434\u0445\u043e\u0434\u044f\u0449\u0443\u044e \u043c\u0435\u0431\u0435\u043b\u044c \u0438\u043b\u0438 \u043f\u0440\u0438\u043d\u0430\u0434\u043b\u0435\u0436\u043d\u043e\u0441\u0442\u0438 \u0434\u043b\u044f \u0434\u043e\u043c\u0430. \u0412\u044b \u0443\u0431\u0435\u0434\u0438\u0442\u0435\u0441\u044c \u0432 \u0432\u044b\u0441\u043e\u043a\u043e\u043c \u043a\u0430\u0447\u0435\u0441\u0442\u0432\u0435 \u043d\u0430\u0448\u0435\u0439 \u043f\u0440\u043e\u0434\u0443\u043a\u0446\u0438\u0438. \u041c\u044b \u0436\u0434\u0435\u043c \u0432\u0430\u043c","og_url":"https:\/\/mob.md\/ro\/contacte\/","og_site_name":"Mob.MD","article_publisher":"https:\/\/www.facebook.com\/Mob.md?locale=ru_RU","article_modified_time":"2021-08-06T14:09:40+00:00","og_image":[{"width":512,"height":512,"url":"https:\/\/mob.md\/wp-content\/uploads\/2020\/12\/cropped-\u0438\u0437\u043e\u0431\u0440\u0430\u0436\u0435\u043d\u0438\u0435_viber_2020-12-22_17-15-24.png","type":"image\/png"}],"twitter_card":"summary_large_image","schema":{"@context":"https:\/\/schema.org","@graph":[{"@type":"WebPage","@id":"https:\/\/mob.md\/ro\/contacte\/","url":"https:\/\/mob.md\/ro\/contacte\/","name":"\u041c\u0430\u0433\u0430\u0437\u0438\u043d \u043c\u0435\u0431\u0435\u043b\u0438 Mob.md. \u041d\u0430\u0448\u0438 \u043a\u043e\u043d\u0442\u0430\u043a\u0442\u044b \u0438 \u0430\u0434\u0440\u0435\u0441 \u043c\u0430\u0433\u0430\u0437\u0438\u043d\u0430 \u0432 \u041a\u0438\u0448\u0438\u043d\u0435\u0432\u0435","isPartOf":{"@id":"https:\/\/mob.md\/ro\/#website"},"datePublished":"2019-11-08T22:25:32+00:00","dateModified":"2021-08-06T14:09:40+00:00","description":"\u0412\u044b \u043c\u043e\u0436\u0435\u0442\u0435 \u043b\u0438\u0447\u043d\u043e \u043f\u043e\u0441\u0435\u0442\u0438\u0442\u044c \u043d\u0430\u0448 \u043c\u0430\u0433\u0430\u0437\u0438\u043d \u0438 \u0432\u044b\u0431\u0440\u0430\u0442\u044c \u043f\u043e\u0434\u0445\u043e\u0434\u044f\u0449\u0443\u044e \u043c\u0435\u0431\u0435\u043b\u044c \u0438\u043b\u0438 \u043f\u0440\u0438\u043d\u0430\u0434\u043b\u0435\u0436\u043d\u043e\u0441\u0442\u0438 \u0434\u043b\u044f \u0434\u043e\u043c\u0430. \u0412\u044b \u0443\u0431\u0435\u0434\u0438\u0442\u0435\u0441\u044c \u0432 \u0432\u044b\u0441\u043e\u043a\u043e\u043c \u043a\u0430\u0447\u0435\u0441\u0442\u0432\u0435 \u043d\u0430\u0448\u0435\u0439 \u043f\u0440\u043e\u0434\u0443\u043a\u0446\u0438\u0438. \u041c\u044b \u0436\u0434\u0435\u043c \u0432\u0430\u043c","breadcrumb":{"@id":"https:\/\/mob.md\/ro\/contacte\/#breadcrumb"},"inLanguage":"ro-RO","potentialAction":[{"@type":"ReadAction","target":["https:\/\/mob.md\/ro\/contacte\/"]}]},{"@type":"BreadcrumbList","@id":"https:\/\/mob.md\/ro\/contacte\/#breadcrumb","itemListElement":[{"@type":"ListItem","position":1,"name":"\u0413\u043b\u0430\u0432\u043d\u0430\u044f \u0441\u0442\u0440\u0430\u043d\u0438\u0446\u0430","item":"https:\/\/mob.md\/ro\/"},{"@type":"ListItem","position":2,"name":"Contacte"}]},{"@type":"WebSite","@id":"https:\/\/mob.md\/ro\/#website","url":"https:\/\/mob.md\/ro\/","name":"Mob.MD","description":"Mob.MD","publisher":{"@id":"https:\/\/mob.md\/ro\/#organization"},"potentialAction":[{"@type":"SearchAction","target":{"@type":"EntryPoint","urlTemplate":"https:\/\/mob.md\/ro\/?s={search_term_string}"},"query-input":"required name=search_term_string"}],"inLanguage":"ro-RO"},{"@type":"Organization","@id":"https:\/\/mob.md\/ro\/#organization","name":"Mob.md","url":"https:\/\/mob.md\/ro\/","logo":{"@type":"ImageObject","inLanguage":"ro-RO","@id":"https:\/\/mob.md\/ro\/#\/schema\/logo\/image\/","url":"https:\/\/mob.md\/wp-content\/uploads\/2021\/02\/logo-1.png","contentUrl":"https:\/\/mob.md\/wp-content\/uploads\/2021\/02\/logo-1.png","width":324,"height":193,"caption":"Mob.md"},"image":{"@id":"https:\/\/mob.md\/ro\/#\/schema\/logo\/image\/"},"sameAs":["https:\/\/www.facebook.com\/Mob.md?locale=ru_RU","https:\/\/www.instagram.com\/mob.md.moldova\/"]}]}},"_links":{"self":[{"href":"https:\/\/mob.md\/ro\/wp-json\/wp\/v2\/pages\/23498"}],"collection":[{"href":"https:\/\/mob.md\/ro\/wp-json\/wp\/v2\/pages"}],"about":[{"href":"https:\/\/mob.md\/ro\/wp-json\/wp\/v2\/types\/page"}],"author":[{"embeddable":true,"href":"https:\/\/mob.md\/ro\/wp-json\/wp\/v2\/users\/1"}],"replies":[{"embeddable":true,"href":"https:\/\/mob.md\/ro\/wp-json\/wp\/v2\/comments?post=23498"}],"version-history":[{"count":0,"href":"https:\/\/mob.md\/ro\/wp-json\/wp\/v2\/pages\/23498\/revisions"}],"wp:attachment":[{"href":"https:\/\/mob.md\/ro\/wp-json\/wp\/v2\/media?parent=23498"}],"curies":[{"name":"wp","href":"https:\/\/api.w.org\/{rel}","templated":true}]}}