{"id":98,"date":"2019-04-09T13:29:12","date_gmt":"2019-04-09T10:29:12","guid":{"rendered":"https:\/\/mob.md\/?page_id=98"},"modified":"2021-05-31T10:47:52","modified_gmt":"2021-05-31T07:47:52","slug":"%d1%81redit","status":"publish","type":"page","link":"https:\/\/mob.md\/ro\/%d1%81redit\/","title":{"rendered":"Credit"},"content":{"rendered":"","protected":false},"excerpt":{"rendered":"","protected":false},"author":1,"featured_media":0,"parent":0,"menu_order":0,"comment_status":"closed","ping_status":"closed","template":"page-credit.php","meta":[],"yoast_head":"<!-- This site is optimized with the Yoast SEO plugin v20.8 - https:\/\/yoast.com\/wordpress\/plugins\/seo\/ -->\n<title>Mobila \u00een credit cu livrare \u00een Moldova. CREDIT 0%. Propus exclusiv.<\/title>\n<meta name=\"description\" content=\"Ave\u021bi posibilitatea de a procura produsele prezentate pe site-ul \u00een credit cu 0% de termen p\u00een\u0103 la 6 luni, sau pe o perioda 6 \u2013 36 luni, cu rata anuala de p\u00e2n\u0103 la 20%.\" \/>\n<meta name=\"robots\" content=\"index, follow, max-snippet:-1, max-image-preview:large, max-video-preview:-1\" \/>\n<link rel=\"canonical\" href=\"https:\/\/mob.md\/ro\/%d1%81redit\/\" \/>\n<meta property=\"og:locale\" content=\"ro_RO\" \/>\n<meta property=\"og:type\" content=\"article\" \/>\n<meta property=\"og:title\" content=\"Mobila \u00een credit cu livrare \u00een Moldova. CREDIT 0%. Propus exclusiv.\" \/>\n<meta property=\"og:description\" content=\"Ave\u021bi posibilitatea de a procura produsele prezentate pe site-ul \u00een credit cu 0% de termen p\u00een\u0103 la 6 luni, sau pe o perioda 6 \u2013 36 luni, cu rata anuala de p\u00e2n\u0103 la 20%.\" \/>\n<meta property=\"og:url\" content=\"https:\/\/mob.md\/ro\/%d1%81redit\/\" \/>\n<meta property=\"og:site_name\" content=\"Mob.MD\" \/>\n<meta property=\"article:publisher\" content=\"https:\/\/www.facebook.com\/Mob.md?locale=ru_RU\" \/>\n<meta property=\"article:modified_time\" content=\"2021-05-31T07:47:52+00:00\" \/>\n<meta property=\"og:image\" content=\"https:\/\/mob.md\/wp-content\/uploads\/2020\/12\/cropped-\u0438\u0437\u043e\u0431\u0440\u0430\u0436\u0435\u043d\u0438\u0435_viber_2020-12-22_17-15-24.png\" \/>\n\t<meta property=\"og:image:width\" content=\"512\" \/>\n\t<meta property=\"og:image:height\" content=\"512\" \/>\n\t<meta property=\"og:image:type\" content=\"image\/png\" \/>\n<meta name=\"twitter:card\" content=\"summary_large_image\" \/>\n<script type=\"application\/ld+json\" class=\"yoast-schema-graph\">{\"@context\":\"https:\/\/schema.org\",\"@graph\":[{\"@type\":\"WebPage\",\"@id\":\"https:\/\/mob.md\/ro\/%d1%81redit\/\",\"url\":\"https:\/\/mob.md\/ro\/%d1%81redit\/\",\"name\":\"Mobila \u00een credit cu livrare \u00een Moldova. CREDIT 0%. Propus exclusiv.\",\"isPartOf\":{\"@id\":\"https:\/\/mob.md\/ro\/#website\"},\"datePublished\":\"2019-04-09T10:29:12+00:00\",\"dateModified\":\"2021-05-31T07:47:52+00:00\",\"description\":\"Ave\u021bi posibilitatea de a procura produsele prezentate pe site-ul \u00een credit cu 0% de termen p\u00een\u0103 la 6 luni, sau pe o perioda 6 \u2013 36 luni, cu rata anuala de p\u00e2n\u0103 la 20%.\",\"breadcrumb\":{\"@id\":\"https:\/\/mob.md\/ro\/%d1%81redit\/#breadcrumb\"},\"inLanguage\":\"ro-RO\",\"potentialAction\":[{\"@type\":\"ReadAction\",\"target\":[\"https:\/\/mob.md\/ro\/%d1%81redit\/\"]}]},{\"@type\":\"BreadcrumbList\",\"@id\":\"https:\/\/mob.md\/ro\/%d1%81redit\/#breadcrumb\",\"itemListElement\":[{\"@type\":\"ListItem\",\"position\":1,\"name\":\"\u0413\u043b\u0430\u0432\u043d\u0430\u044f \u0441\u0442\u0440\u0430\u043d\u0438\u0446\u0430\",\"item\":\"https:\/\/mob.md\/ro\/\"},{\"@type\":\"ListItem\",\"position\":2,\"name\":\"Credit\"}]},{\"@type\":\"WebSite\",\"@id\":\"https:\/\/mob.md\/ro\/#website\",\"url\":\"https:\/\/mob.md\/ro\/\",\"name\":\"Mob.MD\",\"description\":\"Mob.MD\",\"publisher\":{\"@id\":\"https:\/\/mob.md\/ro\/#organization\"},\"potentialAction\":[{\"@type\":\"SearchAction\",\"target\":{\"@type\":\"EntryPoint\",\"urlTemplate\":\"https:\/\/mob.md\/ro\/?s={search_term_string}\"},\"query-input\":\"required name=search_term_string\"}],\"inLanguage\":\"ro-RO\"},{\"@type\":\"Organization\",\"@id\":\"https:\/\/mob.md\/ro\/#organization\",\"name\":\"Mob.md\",\"url\":\"https:\/\/mob.md\/ro\/\",\"logo\":{\"@type\":\"ImageObject\",\"inLanguage\":\"ro-RO\",\"@id\":\"https:\/\/mob.md\/ro\/#\/schema\/logo\/image\/\",\"url\":\"https:\/\/mob.md\/wp-content\/uploads\/2021\/02\/logo-1.png\",\"contentUrl\":\"https:\/\/mob.md\/wp-content\/uploads\/2021\/02\/logo-1.png\",\"width\":324,\"height\":193,\"caption\":\"Mob.md\"},\"image\":{\"@id\":\"https:\/\/mob.md\/ro\/#\/schema\/logo\/image\/\"},\"sameAs\":[\"https:\/\/www.facebook.com\/Mob.md?locale=ru_RU\",\"https:\/\/www.instagram.com\/mob.md.moldova\/\"]}]}<\/script>\n<!-- \/ Yoast SEO plugin. -->","yoast_head_json":{"title":"Mobila \u00een credit cu livrare \u00een Moldova. CREDIT 0%. Propus exclusiv.","description":"Ave\u021bi posibilitatea de a procura produsele prezentate pe site-ul \u00een credit cu 0% de termen p\u00een\u0103 la 6 luni, sau pe o perioda 6 \u2013 36 luni, cu rata anuala de p\u00e2n\u0103 la 20%.","robots":{"index":"index","follow":"follow","max-snippet":"max-snippet:-1","max-image-preview":"max-image-preview:large","max-video-preview":"max-video-preview:-1"},"canonical":"https:\/\/mob.md\/ro\/%d1%81redit\/","og_locale":"ro_RO","og_type":"article","og_title":"Mobila \u00een credit cu livrare \u00een Moldova. CREDIT 0%. Propus exclusiv.","og_description":"Ave\u021bi posibilitatea de a procura produsele prezentate pe site-ul \u00een credit cu 0% de termen p\u00een\u0103 la 6 luni, sau pe o perioda 6 \u2013 36 luni, cu rata anuala de p\u00e2n\u0103 la 20%.","og_url":"https:\/\/mob.md\/ro\/%d1%81redit\/","og_site_name":"Mob.MD","article_publisher":"https:\/\/www.facebook.com\/Mob.md?locale=ru_RU","article_modified_time":"2021-05-31T07:47:52+00:00","og_image":[{"width":512,"height":512,"url":"https:\/\/mob.md\/wp-content\/uploads\/2020\/12\/cropped-\u0438\u0437\u043e\u0431\u0440\u0430\u0436\u0435\u043d\u0438\u0435_viber_2020-12-22_17-15-24.png","type":"image\/png"}],"twitter_card":"summary_large_image","schema":{"@context":"https:\/\/schema.org","@graph":[{"@type":"WebPage","@id":"https:\/\/mob.md\/ro\/%d1%81redit\/","url":"https:\/\/mob.md\/ro\/%d1%81redit\/","name":"Mobila \u00een credit cu livrare \u00een Moldova. CREDIT 0%. Propus exclusiv.","isPartOf":{"@id":"https:\/\/mob.md\/ro\/#website"},"datePublished":"2019-04-09T10:29:12+00:00","dateModified":"2021-05-31T07:47:52+00:00","description":"Ave\u021bi posibilitatea de a procura produsele prezentate pe site-ul \u00een credit cu 0% de termen p\u00een\u0103 la 6 luni, sau pe o perioda 6 \u2013 36 luni, cu rata anuala de p\u00e2n\u0103 la 20%.","breadcrumb":{"@id":"https:\/\/mob.md\/ro\/%d1%81redit\/#breadcrumb"},"inLanguage":"ro-RO","potentialAction":[{"@type":"ReadAction","target":["https:\/\/mob.md\/ro\/%d1%81redit\/"]}]},{"@type":"BreadcrumbList","@id":"https:\/\/mob.md\/ro\/%d1%81redit\/#breadcrumb","itemListElement":[{"@type":"ListItem","position":1,"name":"\u0413\u043b\u0430\u0432\u043d\u0430\u044f \u0441\u0442\u0440\u0430\u043d\u0438\u0446\u0430","item":"https:\/\/mob.md\/ro\/"},{"@type":"ListItem","position":2,"name":"Credit"}]},{"@type":"WebSite","@id":"https:\/\/mob.md\/ro\/#website","url":"https:\/\/mob.md\/ro\/","name":"Mob.MD","description":"Mob.MD","publisher":{"@id":"https:\/\/mob.md\/ro\/#organization"},"potentialAction":[{"@type":"SearchAction","target":{"@type":"EntryPoint","urlTemplate":"https:\/\/mob.md\/ro\/?s={search_term_string}"},"query-input":"required name=search_term_string"}],"inLanguage":"ro-RO"},{"@type":"Organization","@id":"https:\/\/mob.md\/ro\/#organization","name":"Mob.md","url":"https:\/\/mob.md\/ro\/","logo":{"@type":"ImageObject","inLanguage":"ro-RO","@id":"https:\/\/mob.md\/ro\/#\/schema\/logo\/image\/","url":"https:\/\/mob.md\/wp-content\/uploads\/2021\/02\/logo-1.png","contentUrl":"https:\/\/mob.md\/wp-content\/uploads\/2021\/02\/logo-1.png","width":324,"height":193,"caption":"Mob.md"},"image":{"@id":"https:\/\/mob.md\/ro\/#\/schema\/logo\/image\/"},"sameAs":["https:\/\/www.facebook.com\/Mob.md?locale=ru_RU","https:\/\/www.instagram.com\/mob.md.moldova\/"]}]}},"_links":{"self":[{"href":"https:\/\/mob.md\/ro\/wp-json\/wp\/v2\/pages\/98"}],"collection":[{"href":"https:\/\/mob.md\/ro\/wp-json\/wp\/v2\/pages"}],"about":[{"href":"https:\/\/mob.md\/ro\/wp-json\/wp\/v2\/types\/page"}],"author":[{"embeddable":true,"href":"https:\/\/mob.md\/ro\/wp-json\/wp\/v2\/users\/1"}],"replies":[{"embeddable":true,"href":"https:\/\/mob.md\/ro\/wp-json\/wp\/v2\/comments?post=98"}],"version-history":[{"count":0,"href":"https:\/\/mob.md\/ro\/wp-json\/wp\/v2\/pages\/98\/revisions"}],"wp:attachment":[{"href":"https:\/\/mob.md\/ro\/wp-json\/wp\/v2\/media?parent=98"}],"curies":[{"name":"wp","href":"https:\/\/api.w.org\/{rel}","templated":true}]}}