{"id":18156,"date":"2019-05-06T19:39:11","date_gmt":"2019-05-06T17:33:08","guid":{"rendered":"https:\/\/mob.md\/product\/dulap-2d-%e2%84%966-cupe-190x90x60cm\/"},"modified":"2021-10-17T09:52:19","modified_gmt":"2021-10-17T06:52:19","slug":"dulap-2d-%e2%84%966-cupe-190x90x60cm","status":"publish","type":"product","link":"https:\/\/mob.md\/ro\/shop-ro\/reduceri\/dulapuri-cu-reducere\/dulap-2d-%e2%84%966-cupe-190x90x60cm\/","title":{"rendered":"Dulap 2D \u21166 (cupe)"},"content":{"rendered":"<p>Pute\u0163i procura \u00een credit, un dulap , p\u00e2n\u0103 la 36 luni sau \u00een rate cu 0% dob\u00e2nd\u0103 \u00een decurs de 6 luni. Livrare gratuit\u0103 \u00een toat\u0103 \u0163ara.<\/p>\r\n<p>De c\u00e2nd, pentru prima dat\u0103, un astfel de dispozitiv a fost instalat acas\u0103 de un simplu angajat american, \u00eentr-un apartament cu 1 camer\u0103, au trecut mul\u021bi ani. Acum, aceasta nu este o structur\u0103 unghiular\u0103 ci o construc\u021bie modern\u0103, cu op\u021biuni diferite de proiectare, prezentate \u00eentr-o varietate de forme \u0219i dimensiuni.<\/p>\r\n<p>Acest dulap este confec\u021bionat din lemn natural \u2013 este un material costisitor\u00a0 dar \u00een acela\u0219i timp, fiabil, de asemenea, ecologic \u0219i durabil. Cel mai des, modelele din lemn natural sunt realizate \u00een stil clasic, dar dac\u0103 sunt proiectate corespunz\u0103tor, pot fi folosite \u0219i pentru alte stiluri de interior.<\/p>\r\n<p>Modele disponibile: dulapuri cu o u\u0219\u0103, cu dou\u0103 u\u0219i, trei, cu patru u\u0219i \u0219i glisante, cu \u0219i f\u0103r\u0103 oglinzi, cu machete diferite at\u00e2t \u00een interior c\u00e2t \u0219i \u00een exterior.<\/p>\r\n<p>Pinul din care este confec\u0163ionat dulapul are propriet\u0103\u0163i unice. Acesta elimin\u0103 substan\u0163e volatile, care lichideaz\u0103 to\u0163i mocrobii din locuin\u0163\u0103. Substan\u0163ele volatile cur\u0103\u0163\u0103 atmosfera din camer\u0103 \u015fi previne apari\u0163ia bolilor. Chiar \u015fi dup\u0103 prelucrarea mobilei din pin ea \u00ee\u015fi p\u0103streaz\u0103 propriet\u0103\u0163ile medicinale. Astfel c\u0103 mobila din pin este nu doar un element decorativ al casei dvs. dar \u015fi o garan\u0163ie a s\u0103n\u0103t\u0103\u0163ii.<\/p>\r\n<p>\u00cen pin persist\u0103 o cantitate imens\u0103 de r\u0103\u015fini, care sub influen\u0163a calit\u0103\u0163ilor sale puternice, previne apari\u0163ia mucegaiului \u015fi ciupercilor. Pinul, la fel, \u00eenl\u0103tur\u0103 parazi\u0163ii \u015fi stagneaz\u0103 procesul de putrefac\u0163ie.<\/p>","protected":false},"excerpt":{"rendered":"<p>Pute\u0163i procura \u00een credit, un dulap , p\u00e2n\u0103 la 36 luni sau \u00een rate cu 0% dob\u00e2nd\u0103 \u00een decurs de 6 luni. Livrare gratuit\u0103 \u00een toat\u0103 \u0163ara. De c\u00e2nd, pentru prima dat\u0103, un astfel de dispozitiv a fost instalat acas\u0103 de un simplu angajat american, \u00eentr-un apartament cu 1 camer\u0103, au trecut mul\u021bi ani. Acum, [&hellip;]<\/p>\n","protected":false},"featured_media":34239,"comment_status":"closed","ping_status":"closed","template":"","meta":[],"product_cat":[3231,3252,3931,3334],"product_tag":[],"yoast_head":"<!-- This site is optimized with the Yoast SEO plugin v20.8 - https:\/\/yoast.com\/wordpress\/plugins\/seo\/ -->\n<title>\u041a\u0443\u043f\u0438\u0442\u044c Dulap 2D \u21166 (cupe) \u0432 \u041a\u0438\u0448\u0438\u043d\u0435\u0432\u0435 \u0441 \u0434\u043e\u0441\u0442\u0430\u0432\u043a\u043e\u0439 | Mob.MD<\/title>\n<meta name=\"robots\" content=\"index, follow, max-snippet:-1, max-image-preview:large, max-video-preview:-1\" \/>\n<link rel=\"canonical\" href=\"https:\/\/mob.md\/ro\/shop-ro\/reduceri\/dulapuri-cu-reducere\/dulap-2d-%e2%84%966-cupe-190x90x60cm\/\" \/>\n<meta property=\"og:locale\" content=\"ro_RO\" \/>\n<meta property=\"og:type\" content=\"article\" \/>\n<meta property=\"og:title\" content=\"\u041a\u0443\u043f\u0438\u0442\u044c Dulap 2D \u21166 (cupe) \u0432 \u041a\u0438\u0448\u0438\u043d\u0435\u0432\u0435 \u0441 \u0434\u043e\u0441\u0442\u0430\u0432\u043a\u043e\u0439 | Mob.MD\" \/>\n<meta property=\"og:description\" content=\"Pute\u0163i procura \u00een credit, un dulap , p\u00e2n\u0103 la 36 luni sau \u00een rate cu 0% dob\u00e2nd\u0103 \u00een decurs de 6 luni. Livrare gratuit\u0103 \u00een toat\u0103 \u0163ara. De c\u00e2nd, pentru prima dat\u0103, un astfel de dispozitiv a fost instalat acas\u0103 de un simplu angajat american, \u00eentr-un apartament cu 1 camer\u0103, au trecut mul\u021bi ani. Acum, [&hellip;]\" \/>\n<meta property=\"og:url\" content=\"https:\/\/mob.md\/ro\/shop-ro\/reduceri\/dulapuri-cu-reducere\/dulap-2d-%e2%84%966-cupe-190x90x60cm\/\" \/>\n<meta property=\"og:site_name\" content=\"Mob.MD\" \/>\n<meta property=\"article:publisher\" content=\"https:\/\/www.facebook.com\/Mob.md?locale=ru_RU\" \/>\n<meta property=\"article:modified_time\" content=\"2021-10-17T06:52:19+00:00\" \/>\n<meta property=\"og:image\" content=\"https:\/\/mob.md\/wp-content\/uploads\/2019\/05\/2d6.png\" \/>\n\t<meta property=\"og:image:width\" content=\"1200\" \/>\n\t<meta property=\"og:image:height\" content=\"800\" \/>\n\t<meta property=\"og:image:type\" content=\"image\/png\" \/>\n<meta name=\"twitter:card\" content=\"summary_large_image\" \/>\n<meta name=\"twitter:label1\" content=\"Timp estimat pentru citire\" \/>\n\t<meta name=\"twitter:data1\" content=\"1 minut\" \/>\n<script type=\"application\/ld+json\" class=\"yoast-schema-graph\">{\"@context\":\"https:\/\/schema.org\",\"@graph\":[{\"@type\":\"WebPage\",\"@id\":\"https:\/\/mob.md\/ro\/shop-ro\/reduceri\/dulapuri-cu-reducere\/dulap-2d-%e2%84%966-cupe-190x90x60cm\/\",\"url\":\"https:\/\/mob.md\/ro\/shop-ro\/reduceri\/dulapuri-cu-reducere\/dulap-2d-%e2%84%966-cupe-190x90x60cm\/\",\"name\":\"\u041a\u0443\u043f\u0438\u0442\u044c Dulap 2D \u21166 (cupe) \u0432 \u041a\u0438\u0448\u0438\u043d\u0435\u0432\u0435 \u0441 \u0434\u043e\u0441\u0442\u0430\u0432\u043a\u043e\u0439 | Mob.MD\",\"isPartOf\":{\"@id\":\"https:\/\/mob.md\/ro\/#website\"},\"datePublished\":\"2019-05-06T17:33:08+00:00\",\"dateModified\":\"2021-10-17T06:52:19+00:00\",\"breadcrumb\":{\"@id\":\"https:\/\/mob.md\/ro\/shop-ro\/reduceri\/dulapuri-cu-reducere\/dulap-2d-%e2%84%966-cupe-190x90x60cm\/#breadcrumb\"},\"inLanguage\":\"ro-RO\",\"potentialAction\":[{\"@type\":\"ReadAction\",\"target\":[\"https:\/\/mob.md\/ro\/shop-ro\/reduceri\/dulapuri-cu-reducere\/dulap-2d-%e2%84%966-cupe-190x90x60cm\/\"]}]},{\"@type\":\"BreadcrumbList\",\"@id\":\"https:\/\/mob.md\/ro\/shop-ro\/reduceri\/dulapuri-cu-reducere\/dulap-2d-%e2%84%966-cupe-190x90x60cm\/#breadcrumb\",\"itemListElement\":[{\"@type\":\"ListItem\",\"position\":1,\"name\":\"\u0413\u043b\u0430\u0432\u043d\u0430\u044f \u0441\u0442\u0440\u0430\u043d\u0438\u0446\u0430\",\"item\":\"https:\/\/mob.md\/ro\/\"},{\"@type\":\"ListItem\",\"position\":2,\"name\":\"Catalog\",\"item\":\"https:\/\/mob.md\/ro\/shop-ro\/\"},{\"@type\":\"ListItem\",\"position\":3,\"name\":\"Dulap 2D \u21166 (cupe)\"}]},{\"@type\":\"WebSite\",\"@id\":\"https:\/\/mob.md\/ro\/#website\",\"url\":\"https:\/\/mob.md\/ro\/\",\"name\":\"Mob.MD\",\"description\":\"Mob.MD\",\"publisher\":{\"@id\":\"https:\/\/mob.md\/ro\/#organization\"},\"potentialAction\":[{\"@type\":\"SearchAction\",\"target\":{\"@type\":\"EntryPoint\",\"urlTemplate\":\"https:\/\/mob.md\/ro\/?s={search_term_string}\"},\"query-input\":\"required name=search_term_string\"}],\"inLanguage\":\"ro-RO\"},{\"@type\":\"Organization\",\"@id\":\"https:\/\/mob.md\/ro\/#organization\",\"name\":\"Mob.md\",\"url\":\"https:\/\/mob.md\/ro\/\",\"logo\":{\"@type\":\"ImageObject\",\"inLanguage\":\"ro-RO\",\"@id\":\"https:\/\/mob.md\/ro\/#\/schema\/logo\/image\/\",\"url\":\"https:\/\/mob.md\/wp-content\/uploads\/2021\/02\/logo-1.png\",\"contentUrl\":\"https:\/\/mob.md\/wp-content\/uploads\/2021\/02\/logo-1.png\",\"width\":324,\"height\":193,\"caption\":\"Mob.md\"},\"image\":{\"@id\":\"https:\/\/mob.md\/ro\/#\/schema\/logo\/image\/\"},\"sameAs\":[\"https:\/\/www.facebook.com\/Mob.md?locale=ru_RU\",\"https:\/\/www.instagram.com\/mob.md.moldova\/\"]}]}<\/script>\n<!-- \/ Yoast SEO plugin. -->","yoast_head_json":{"title":"\u041a\u0443\u043f\u0438\u0442\u044c Dulap 2D \u21166 (cupe) \u0432 \u041a\u0438\u0448\u0438\u043d\u0435\u0432\u0435 \u0441 \u0434\u043e\u0441\u0442\u0430\u0432\u043a\u043e\u0439 | Mob.MD","robots":{"index":"index","follow":"follow","max-snippet":"max-snippet:-1","max-image-preview":"max-image-preview:large","max-video-preview":"max-video-preview:-1"},"canonical":"https:\/\/mob.md\/ro\/shop-ro\/reduceri\/dulapuri-cu-reducere\/dulap-2d-%e2%84%966-cupe-190x90x60cm\/","og_locale":"ro_RO","og_type":"article","og_title":"\u041a\u0443\u043f\u0438\u0442\u044c Dulap 2D \u21166 (cupe) \u0432 \u041a\u0438\u0448\u0438\u043d\u0435\u0432\u0435 \u0441 \u0434\u043e\u0441\u0442\u0430\u0432\u043a\u043e\u0439 | Mob.MD","og_description":"Pute\u0163i procura \u00een credit, un dulap , p\u00e2n\u0103 la 36 luni sau \u00een rate cu 0% dob\u00e2nd\u0103 \u00een decurs de 6 luni. Livrare gratuit\u0103 \u00een toat\u0103 \u0163ara. De c\u00e2nd, pentru prima dat\u0103, un astfel de dispozitiv a fost instalat acas\u0103 de un simplu angajat american, \u00eentr-un apartament cu 1 camer\u0103, au trecut mul\u021bi ani. Acum, [&hellip;]","og_url":"https:\/\/mob.md\/ro\/shop-ro\/reduceri\/dulapuri-cu-reducere\/dulap-2d-%e2%84%966-cupe-190x90x60cm\/","og_site_name":"Mob.MD","article_publisher":"https:\/\/www.facebook.com\/Mob.md?locale=ru_RU","article_modified_time":"2021-10-17T06:52:19+00:00","og_image":[{"width":1200,"height":800,"url":"https:\/\/mob.md\/wp-content\/uploads\/2019\/05\/2d6.png","type":"image\/png"}],"twitter_card":"summary_large_image","twitter_misc":{"Timp estimat pentru citire":"1 minut"},"schema":{"@context":"https:\/\/schema.org","@graph":[{"@type":"WebPage","@id":"https:\/\/mob.md\/ro\/shop-ro\/reduceri\/dulapuri-cu-reducere\/dulap-2d-%e2%84%966-cupe-190x90x60cm\/","url":"https:\/\/mob.md\/ro\/shop-ro\/reduceri\/dulapuri-cu-reducere\/dulap-2d-%e2%84%966-cupe-190x90x60cm\/","name":"\u041a\u0443\u043f\u0438\u0442\u044c Dulap 2D \u21166 (cupe) \u0432 \u041a\u0438\u0448\u0438\u043d\u0435\u0432\u0435 \u0441 \u0434\u043e\u0441\u0442\u0430\u0432\u043a\u043e\u0439 | Mob.MD","isPartOf":{"@id":"https:\/\/mob.md\/ro\/#website"},"datePublished":"2019-05-06T17:33:08+00:00","dateModified":"2021-10-17T06:52:19+00:00","breadcrumb":{"@id":"https:\/\/mob.md\/ro\/shop-ro\/reduceri\/dulapuri-cu-reducere\/dulap-2d-%e2%84%966-cupe-190x90x60cm\/#breadcrumb"},"inLanguage":"ro-RO","potentialAction":[{"@type":"ReadAction","target":["https:\/\/mob.md\/ro\/shop-ro\/reduceri\/dulapuri-cu-reducere\/dulap-2d-%e2%84%966-cupe-190x90x60cm\/"]}]},{"@type":"BreadcrumbList","@id":"https:\/\/mob.md\/ro\/shop-ro\/reduceri\/dulapuri-cu-reducere\/dulap-2d-%e2%84%966-cupe-190x90x60cm\/#breadcrumb","itemListElement":[{"@type":"ListItem","position":1,"name":"\u0413\u043b\u0430\u0432\u043d\u0430\u044f \u0441\u0442\u0440\u0430\u043d\u0438\u0446\u0430","item":"https:\/\/mob.md\/ro\/"},{"@type":"ListItem","position":2,"name":"Catalog","item":"https:\/\/mob.md\/ro\/shop-ro\/"},{"@type":"ListItem","position":3,"name":"Dulap 2D \u21166 (cupe)"}]},{"@type":"WebSite","@id":"https:\/\/mob.md\/ro\/#website","url":"https:\/\/mob.md\/ro\/","name":"Mob.MD","description":"Mob.MD","publisher":{"@id":"https:\/\/mob.md\/ro\/#organization"},"potentialAction":[{"@type":"SearchAction","target":{"@type":"EntryPoint","urlTemplate":"https:\/\/mob.md\/ro\/?s={search_term_string}"},"query-input":"required name=search_term_string"}],"inLanguage":"ro-RO"},{"@type":"Organization","@id":"https:\/\/mob.md\/ro\/#organization","name":"Mob.md","url":"https:\/\/mob.md\/ro\/","logo":{"@type":"ImageObject","inLanguage":"ro-RO","@id":"https:\/\/mob.md\/ro\/#\/schema\/logo\/image\/","url":"https:\/\/mob.md\/wp-content\/uploads\/2021\/02\/logo-1.png","contentUrl":"https:\/\/mob.md\/wp-content\/uploads\/2021\/02\/logo-1.png","width":324,"height":193,"caption":"Mob.md"},"image":{"@id":"https:\/\/mob.md\/ro\/#\/schema\/logo\/image\/"},"sameAs":["https:\/\/www.facebook.com\/Mob.md?locale=ru_RU","https:\/\/www.instagram.com\/mob.md.moldova\/"]}]}},"_links":{"self":[{"href":"https:\/\/mob.md\/ro\/wp-json\/wp\/v2\/product\/18156"}],"collection":[{"href":"https:\/\/mob.md\/ro\/wp-json\/wp\/v2\/product"}],"about":[{"href":"https:\/\/mob.md\/ro\/wp-json\/wp\/v2\/types\/product"}],"replies":[{"embeddable":true,"href":"https:\/\/mob.md\/ro\/wp-json\/wp\/v2\/comments?post=18156"}],"wp:featuredmedia":[{"embeddable":true,"href":"https:\/\/mob.md\/ro\/wp-json\/wp\/v2\/media\/34239"}],"wp:attachment":[{"href":"https:\/\/mob.md\/ro\/wp-json\/wp\/v2\/media?parent=18156"}],"wp:term":[{"taxonomy":"product_cat","embeddable":true,"href":"https:\/\/mob.md\/ro\/wp-json\/wp\/v2\/product_cat?post=18156"},{"taxonomy":"product_tag","embeddable":true,"href":"https:\/\/mob.md\/ro\/wp-json\/wp\/v2\/product_tag?post=18156"}],"curies":[{"name":"wp","href":"https:\/\/api.w.org\/{rel}","templated":true}]}}