{"id":18418,"date":"2019-05-06T19:42:31","date_gmt":"2019-05-06T17:38:34","guid":{"rendered":"https:\/\/mob.md\/product\/dulap-pentru-albituri-%e2%84%961-139%d1%8590%d1%8542cm\/"},"modified":"2023-06-01T00:00:46","modified_gmt":"2023-05-31T21:00:46","slug":"dulap-pentru-albituri-%e2%84%961-139%d1%8590%d1%8542cm","status":"publish","type":"product","link":"https:\/\/mob.md\/ro\/shop-ro\/reduceri\/dulapuri-cu-reducere\/dulap-pentru-albituri-%e2%84%961-139%d1%8590%d1%8542cm\/","title":{"rendered":"Dulap pentru albituri \u21161"},"content":{"rendered":"<ul>\r\n\t<li>\r\n<h4>Dulapul pentru albituri \u21161, datorit\u0103 designului s\u0103u practic, ofer\u0103 confort \u0219i ordine atunci c\u00e2nd depozitati lucrurile. Elementele folosite fac posibil\u0103 separarea lucrurilor a\u0219a cum dori\u021bi. Lemnul de pin, din care este fabricat produsul, este foarte durabil, datorit\u0103 c\u0103ruia mobilierul are un design extrem de sigur. Mobilierul este realizat din cel mai bun lemn de pin, cu ajutorul tehnologiei de vopsire cu trei straturi, cu utilizarea de lacuri ecologice. Lacurile pe care le folosim sunt certificate de Institutul European de Igien\u0103 \u0219i sunt utilizate \u00een fabricarea mobilierului pentru copii.<\/h4>\r\n<\/li>\r\n<\/ul>","protected":false},"excerpt":{"rendered":"<p>Dulapul pentru albituri \u21161, datorit\u0103 designului s\u0103u practic, ofer\u0103 confort \u0219i ordine atunci c\u00e2nd depozitati lucrurile. Elementele folosite fac posibil\u0103 separarea lucrurilor a\u0219a cum dori\u021bi. Lemnul de pin, din care este fabricat produsul, este foarte durabil, datorit\u0103 c\u0103ruia mobilierul are un design extrem de sigur. Mobilierul este realizat din cel mai bun lemn de pin, [&hellip;]<\/p>\n","protected":false},"featured_media":34614,"comment_status":"closed","ping_status":"closed","template":"","meta":[],"product_cat":[3231,3931,3266],"product_tag":[],"yoast_head":"<!-- This site is optimized with the Yoast SEO plugin v20.8 - https:\/\/yoast.com\/wordpress\/plugins\/seo\/ -->\n<title>\u041a\u0443\u043f\u0438\u0442\u044c Dulap pentru albituri \u21161 \u0432 \u041a\u0438\u0448\u0438\u043d\u0435\u0432\u0435 \u0441 \u0434\u043e\u0441\u0442\u0430\u0432\u043a\u043e\u0439 | Mob.MD<\/title>\n<meta name=\"robots\" content=\"index, follow, max-snippet:-1, max-image-preview:large, max-video-preview:-1\" \/>\n<link rel=\"canonical\" href=\"https:\/\/mob.md\/ro\/shop-ro\/reduceri\/dulapuri-cu-reducere\/dulap-pentru-albituri-%e2%84%961-139%d1%8590%d1%8542cm\/\" \/>\n<meta property=\"og:locale\" content=\"ro_RO\" \/>\n<meta property=\"og:type\" content=\"article\" \/>\n<meta property=\"og:title\" content=\"\u041a\u0443\u043f\u0438\u0442\u044c Dulap pentru albituri \u21161 \u0432 \u041a\u0438\u0448\u0438\u043d\u0435\u0432\u0435 \u0441 \u0434\u043e\u0441\u0442\u0430\u0432\u043a\u043e\u0439 | Mob.MD\" \/>\n<meta property=\"og:description\" content=\"Dulapul pentru albituri \u21161, datorit\u0103 designului s\u0103u practic, ofer\u0103 confort \u0219i ordine atunci c\u00e2nd depozitati lucrurile. Elementele folosite fac posibil\u0103 separarea lucrurilor a\u0219a cum dori\u021bi. Lemnul de pin, din care este fabricat produsul, este foarte durabil, datorit\u0103 c\u0103ruia mobilierul are un design extrem de sigur. Mobilierul este realizat din cel mai bun lemn de pin, [&hellip;]\" \/>\n<meta property=\"og:url\" content=\"https:\/\/mob.md\/ro\/shop-ro\/reduceri\/dulapuri-cu-reducere\/dulap-pentru-albituri-%e2%84%961-139%d1%8590%d1%8542cm\/\" \/>\n<meta property=\"og:site_name\" content=\"Mob.MD\" \/>\n<meta property=\"article:publisher\" content=\"https:\/\/www.facebook.com\/Mob.md?locale=ru_RU\" \/>\n<meta property=\"article:modified_time\" content=\"2023-05-31T21:00:46+00:00\" \/>\n<meta property=\"og:image\" content=\"https:\/\/mob.md\/wp-content\/uploads\/2019\/05\/1-3.png\" \/>\n\t<meta property=\"og:image:width\" content=\"1200\" \/>\n\t<meta property=\"og:image:height\" content=\"800\" \/>\n\t<meta property=\"og:image:type\" content=\"image\/png\" \/>\n<meta name=\"twitter:card\" content=\"summary_large_image\" \/>\n<script type=\"application\/ld+json\" class=\"yoast-schema-graph\">{\"@context\":\"https:\/\/schema.org\",\"@graph\":[{\"@type\":\"WebPage\",\"@id\":\"https:\/\/mob.md\/ro\/shop-ro\/reduceri\/dulapuri-cu-reducere\/dulap-pentru-albituri-%e2%84%961-139%d1%8590%d1%8542cm\/\",\"url\":\"https:\/\/mob.md\/ro\/shop-ro\/reduceri\/dulapuri-cu-reducere\/dulap-pentru-albituri-%e2%84%961-139%d1%8590%d1%8542cm\/\",\"name\":\"\u041a\u0443\u043f\u0438\u0442\u044c Dulap pentru albituri \u21161 \u0432 \u041a\u0438\u0448\u0438\u043d\u0435\u0432\u0435 \u0441 \u0434\u043e\u0441\u0442\u0430\u0432\u043a\u043e\u0439 | Mob.MD\",\"isPartOf\":{\"@id\":\"https:\/\/mob.md\/ro\/#website\"},\"datePublished\":\"2019-05-06T17:38:34+00:00\",\"dateModified\":\"2023-05-31T21:00:46+00:00\",\"breadcrumb\":{\"@id\":\"https:\/\/mob.md\/ro\/shop-ro\/reduceri\/dulapuri-cu-reducere\/dulap-pentru-albituri-%e2%84%961-139%d1%8590%d1%8542cm\/#breadcrumb\"},\"inLanguage\":\"ro-RO\",\"potentialAction\":[{\"@type\":\"ReadAction\",\"target\":[\"https:\/\/mob.md\/ro\/shop-ro\/reduceri\/dulapuri-cu-reducere\/dulap-pentru-albituri-%e2%84%961-139%d1%8590%d1%8542cm\/\"]}]},{\"@type\":\"BreadcrumbList\",\"@id\":\"https:\/\/mob.md\/ro\/shop-ro\/reduceri\/dulapuri-cu-reducere\/dulap-pentru-albituri-%e2%84%961-139%d1%8590%d1%8542cm\/#breadcrumb\",\"itemListElement\":[{\"@type\":\"ListItem\",\"position\":1,\"name\":\"\u0413\u043b\u0430\u0432\u043d\u0430\u044f \u0441\u0442\u0440\u0430\u043d\u0438\u0446\u0430\",\"item\":\"https:\/\/mob.md\/ro\/\"},{\"@type\":\"ListItem\",\"position\":2,\"name\":\"Catalog\",\"item\":\"https:\/\/mob.md\/ro\/shop-ro\/\"},{\"@type\":\"ListItem\",\"position\":3,\"name\":\"Dulap pentru albituri \u21161\"}]},{\"@type\":\"WebSite\",\"@id\":\"https:\/\/mob.md\/ro\/#website\",\"url\":\"https:\/\/mob.md\/ro\/\",\"name\":\"Mob.MD\",\"description\":\"Mob.MD\",\"publisher\":{\"@id\":\"https:\/\/mob.md\/ro\/#organization\"},\"potentialAction\":[{\"@type\":\"SearchAction\",\"target\":{\"@type\":\"EntryPoint\",\"urlTemplate\":\"https:\/\/mob.md\/ro\/?s={search_term_string}\"},\"query-input\":\"required name=search_term_string\"}],\"inLanguage\":\"ro-RO\"},{\"@type\":\"Organization\",\"@id\":\"https:\/\/mob.md\/ro\/#organization\",\"name\":\"Mob.md\",\"url\":\"https:\/\/mob.md\/ro\/\",\"logo\":{\"@type\":\"ImageObject\",\"inLanguage\":\"ro-RO\",\"@id\":\"https:\/\/mob.md\/ro\/#\/schema\/logo\/image\/\",\"url\":\"https:\/\/mob.md\/wp-content\/uploads\/2021\/02\/logo-1.png\",\"contentUrl\":\"https:\/\/mob.md\/wp-content\/uploads\/2021\/02\/logo-1.png\",\"width\":324,\"height\":193,\"caption\":\"Mob.md\"},\"image\":{\"@id\":\"https:\/\/mob.md\/ro\/#\/schema\/logo\/image\/\"},\"sameAs\":[\"https:\/\/www.facebook.com\/Mob.md?locale=ru_RU\",\"https:\/\/www.instagram.com\/mob.md.moldova\/\"]}]}<\/script>\n<!-- \/ Yoast SEO plugin. -->","yoast_head_json":{"title":"\u041a\u0443\u043f\u0438\u0442\u044c Dulap pentru albituri \u21161 \u0432 \u041a\u0438\u0448\u0438\u043d\u0435\u0432\u0435 \u0441 \u0434\u043e\u0441\u0442\u0430\u0432\u043a\u043e\u0439 | Mob.MD","robots":{"index":"index","follow":"follow","max-snippet":"max-snippet:-1","max-image-preview":"max-image-preview:large","max-video-preview":"max-video-preview:-1"},"canonical":"https:\/\/mob.md\/ro\/shop-ro\/reduceri\/dulapuri-cu-reducere\/dulap-pentru-albituri-%e2%84%961-139%d1%8590%d1%8542cm\/","og_locale":"ro_RO","og_type":"article","og_title":"\u041a\u0443\u043f\u0438\u0442\u044c Dulap pentru albituri \u21161 \u0432 \u041a\u0438\u0448\u0438\u043d\u0435\u0432\u0435 \u0441 \u0434\u043e\u0441\u0442\u0430\u0432\u043a\u043e\u0439 | Mob.MD","og_description":"Dulapul pentru albituri \u21161, datorit\u0103 designului s\u0103u practic, ofer\u0103 confort \u0219i ordine atunci c\u00e2nd depozitati lucrurile. Elementele folosite fac posibil\u0103 separarea lucrurilor a\u0219a cum dori\u021bi. Lemnul de pin, din care este fabricat produsul, este foarte durabil, datorit\u0103 c\u0103ruia mobilierul are un design extrem de sigur. Mobilierul este realizat din cel mai bun lemn de pin, [&hellip;]","og_url":"https:\/\/mob.md\/ro\/shop-ro\/reduceri\/dulapuri-cu-reducere\/dulap-pentru-albituri-%e2%84%961-139%d1%8590%d1%8542cm\/","og_site_name":"Mob.MD","article_publisher":"https:\/\/www.facebook.com\/Mob.md?locale=ru_RU","article_modified_time":"2023-05-31T21:00:46+00:00","og_image":[{"width":1200,"height":800,"url":"https:\/\/mob.md\/wp-content\/uploads\/2019\/05\/1-3.png","type":"image\/png"}],"twitter_card":"summary_large_image","schema":{"@context":"https:\/\/schema.org","@graph":[{"@type":"WebPage","@id":"https:\/\/mob.md\/ro\/shop-ro\/reduceri\/dulapuri-cu-reducere\/dulap-pentru-albituri-%e2%84%961-139%d1%8590%d1%8542cm\/","url":"https:\/\/mob.md\/ro\/shop-ro\/reduceri\/dulapuri-cu-reducere\/dulap-pentru-albituri-%e2%84%961-139%d1%8590%d1%8542cm\/","name":"\u041a\u0443\u043f\u0438\u0442\u044c Dulap pentru albituri \u21161 \u0432 \u041a\u0438\u0448\u0438\u043d\u0435\u0432\u0435 \u0441 \u0434\u043e\u0441\u0442\u0430\u0432\u043a\u043e\u0439 | Mob.MD","isPartOf":{"@id":"https:\/\/mob.md\/ro\/#website"},"datePublished":"2019-05-06T17:38:34+00:00","dateModified":"2023-05-31T21:00:46+00:00","breadcrumb":{"@id":"https:\/\/mob.md\/ro\/shop-ro\/reduceri\/dulapuri-cu-reducere\/dulap-pentru-albituri-%e2%84%961-139%d1%8590%d1%8542cm\/#breadcrumb"},"inLanguage":"ro-RO","potentialAction":[{"@type":"ReadAction","target":["https:\/\/mob.md\/ro\/shop-ro\/reduceri\/dulapuri-cu-reducere\/dulap-pentru-albituri-%e2%84%961-139%d1%8590%d1%8542cm\/"]}]},{"@type":"BreadcrumbList","@id":"https:\/\/mob.md\/ro\/shop-ro\/reduceri\/dulapuri-cu-reducere\/dulap-pentru-albituri-%e2%84%961-139%d1%8590%d1%8542cm\/#breadcrumb","itemListElement":[{"@type":"ListItem","position":1,"name":"\u0413\u043b\u0430\u0432\u043d\u0430\u044f \u0441\u0442\u0440\u0430\u043d\u0438\u0446\u0430","item":"https:\/\/mob.md\/ro\/"},{"@type":"ListItem","position":2,"name":"Catalog","item":"https:\/\/mob.md\/ro\/shop-ro\/"},{"@type":"ListItem","position":3,"name":"Dulap pentru albituri \u21161"}]},{"@type":"WebSite","@id":"https:\/\/mob.md\/ro\/#website","url":"https:\/\/mob.md\/ro\/","name":"Mob.MD","description":"Mob.MD","publisher":{"@id":"https:\/\/mob.md\/ro\/#organization"},"potentialAction":[{"@type":"SearchAction","target":{"@type":"EntryPoint","urlTemplate":"https:\/\/mob.md\/ro\/?s={search_term_string}"},"query-input":"required name=search_term_string"}],"inLanguage":"ro-RO"},{"@type":"Organization","@id":"https:\/\/mob.md\/ro\/#organization","name":"Mob.md","url":"https:\/\/mob.md\/ro\/","logo":{"@type":"ImageObject","inLanguage":"ro-RO","@id":"https:\/\/mob.md\/ro\/#\/schema\/logo\/image\/","url":"https:\/\/mob.md\/wp-content\/uploads\/2021\/02\/logo-1.png","contentUrl":"https:\/\/mob.md\/wp-content\/uploads\/2021\/02\/logo-1.png","width":324,"height":193,"caption":"Mob.md"},"image":{"@id":"https:\/\/mob.md\/ro\/#\/schema\/logo\/image\/"},"sameAs":["https:\/\/www.facebook.com\/Mob.md?locale=ru_RU","https:\/\/www.instagram.com\/mob.md.moldova\/"]}]}},"_links":{"self":[{"href":"https:\/\/mob.md\/ro\/wp-json\/wp\/v2\/product\/18418"}],"collection":[{"href":"https:\/\/mob.md\/ro\/wp-json\/wp\/v2\/product"}],"about":[{"href":"https:\/\/mob.md\/ro\/wp-json\/wp\/v2\/types\/product"}],"replies":[{"embeddable":true,"href":"https:\/\/mob.md\/ro\/wp-json\/wp\/v2\/comments?post=18418"}],"wp:featuredmedia":[{"embeddable":true,"href":"https:\/\/mob.md\/ro\/wp-json\/wp\/v2\/media\/34614"}],"wp:attachment":[{"href":"https:\/\/mob.md\/ro\/wp-json\/wp\/v2\/media?parent=18418"}],"wp:term":[{"taxonomy":"product_cat","embeddable":true,"href":"https:\/\/mob.md\/ro\/wp-json\/wp\/v2\/product_cat?post=18418"},{"taxonomy":"product_tag","embeddable":true,"href":"https:\/\/mob.md\/ro\/wp-json\/wp\/v2\/product_tag?post=18418"}],"curies":[{"name":"wp","href":"https:\/\/api.w.org\/{rel}","templated":true}]}}