{"id":18514,"date":"2019-05-06T19:43:48","date_gmt":"2019-05-06T17:40:42","guid":{"rendered":"https:\/\/mob.md\/product\/vitrina-%e2%84%9614-190x80x42cm\/"},"modified":"2023-06-01T00:00:47","modified_gmt":"2023-05-31T21:00:47","slug":"vitrina-%e2%84%9614-190x80x42cm","status":"publish","type":"product","link":"https:\/\/mob.md\/ro\/shop-ro\/reduceri\/dulapuri-cu-reducere\/vitrina-%e2%84%9614-190x80x42cm\/","title":{"rendered":"Vitrina \u211614"},"content":{"rendered":"<ul>\r\n\t<li>\r\n<p>Pute\u0163i procura \u00een credit, o vitrin\u0103 din lemn natural, p\u00e2n\u0103 la 36 luni sau \u00een rate cu 0% dob\u00e2nd\u0103 \u00een decurs de 6 luni. Livrare gratuit\u0103 \u00een toat\u0103 \u0163ara.<\/p>\r\n<p>Vitrina \u2013 mobilier cu o istorie vast\u0103 \u015fi interesant\u0103, str\u0103mo\u015ful ei direct este bufetul cu u\u015fi de sticl\u0103 sau perdelu\u0163e. \u00cen evul mediu acesta era doar \u00een casele oamenilor \u00eenst\u0103ri\u0163i. Mai t\u00e2rziu \u00ee\u015fi \u00eenfrumuse\u0163au locuin\u0163ele comercian\u0163ii \u015fi afaceri\u015ftii. \u00cen bufet era aranjat\u0103 cea mai bun\u0103 vesel\u0103, tac\u00e2muri de argint, ustensile pre\u0163ioase, por\u0163elan transmis din genera\u0163ie \u00een genera\u0163ie \u015fi cel mai delicat cristal. \u00cen zilele noastre \u00ee\u015fi poate permite oricine aceast\u0103 pies\u0103 de mobilier.<\/p>\r\n<p>Sistem eficient de p\u0103strare. U\u015file vitrinei sunt transparente, astfel, toate obiectele de pre\u0163 \u015fi lucrurile memorabile se afl\u0103 la vedere. Un alt avantaj este c\u0103 toate obiectele sunt protejate de praf, neaccesibile pentru copii, plus este ca o mini camer\u0103 de p\u0103strare pentru arhiva familial\u0103, istorie, lucruri valoroase \u015fi celor personale ale proprietarilor casei.<\/p>\r\n<p>Vitrina este pur \u015fi simplu obligatorie pentru sala de mese, anume acolo sunt p\u0103strate vesela \u015fi ustensilele pentru buc\u0103t\u0103rie, por\u0163elanul alb \u015fi vesela frumoas\u0103 pentru s\u0103rb\u0103tori \u015fi pr\u00e2nzuri importante.<\/p>\r\n<p>De asemenea, vitrina, este un mobilier de nelipsit \u00een birourile cu design \u00een stil englezesc. \u00cen el pot fi aranjate candelabrele vechi, ceasul de bronz, c\u0103r\u0163i, fotografii \u00eenr\u0103mate \u015fi alte obiecte istorice.<\/p>\r\n<p>Pinul din care este confec\u0163ionat dulapul vitrin\u0103 are propriet\u0103\u0163i deosebite. Acesta elimin\u0103 substan\u0163e volatile, care lichideaz\u0103 to\u0163i mocrobii din locuin\u0163\u0103. Substan\u0163ele volatile cur\u0103\u0163\u0103 atmosfera din camer\u0103 \u015fi previne apari\u0163ia bolilor. Chiar \u015fi dup\u0103 prelucrarea mobilei din pin ea \u00ee\u015fi\u00a0 p\u0103streaz\u0103 propriet\u0103\u0163ile medicinale. Astfel c\u0103 mobila din pin este nu doar un element decorativ al casei dvs. dar \u015fi o garan\u0163ie a s\u0103n\u0103t\u0103\u0163ii.<\/p>\r\n<p>\u00cen pin persist\u0103 o cantitate imens\u0103 de r\u0103\u015fini, care sub influen\u0163a calit\u0103\u0163ilor sale puternice, previne apari\u0163ia mucegaiului \u015fi ciupercilor. Pinul, la fel, \u00eenl\u0103tur\u0103 parazi\u0163ii \u015fi stagneaz\u0103 procesul de putrefac\u0163ie.<\/p>\r\n<\/li>\r\n<\/ul>","protected":false},"excerpt":{"rendered":"<p>Pute\u0163i procura \u00een credit, o vitrin\u0103 din lemn natural, p\u00e2n\u0103 la 36 luni sau \u00een rate cu 0% dob\u00e2nd\u0103 \u00een decurs de 6 luni. Livrare gratuit\u0103 \u00een toat\u0103 \u0163ara. Vitrina \u2013 mobilier cu o istorie vast\u0103 \u015fi interesant\u0103, str\u0103mo\u015ful ei direct este bufetul cu u\u015fi de sticl\u0103 sau perdelu\u0163e. \u00cen evul mediu acesta era doar [&hellip;]<\/p>\n","protected":false},"featured_media":26235,"comment_status":"closed","ping_status":"closed","template":"","meta":[],"product_cat":[3231,3931,3272],"product_tag":[],"yoast_head":"<!-- This site is optimized with the Yoast SEO plugin v20.8 - https:\/\/yoast.com\/wordpress\/plugins\/seo\/ -->\n<title>\u041a\u0443\u043f\u0438\u0442\u044c Vitrina \u211614 \u0432 \u041a\u0438\u0448\u0438\u043d\u0435\u0432\u0435 \u0441 \u0434\u043e\u0441\u0442\u0430\u0432\u043a\u043e\u0439 | Mob.MD<\/title>\n<meta name=\"robots\" content=\"index, follow, max-snippet:-1, max-image-preview:large, max-video-preview:-1\" \/>\n<link rel=\"canonical\" href=\"https:\/\/mob.md\/ro\/shop-ro\/reduceri\/dulapuri-cu-reducere\/vitrina-%e2%84%9614-190x80x42cm\/\" \/>\n<meta property=\"og:locale\" content=\"ro_RO\" \/>\n<meta property=\"og:type\" content=\"article\" \/>\n<meta property=\"og:title\" content=\"\u041a\u0443\u043f\u0438\u0442\u044c Vitrina \u211614 \u0432 \u041a\u0438\u0448\u0438\u043d\u0435\u0432\u0435 \u0441 \u0434\u043e\u0441\u0442\u0430\u0432\u043a\u043e\u0439 | Mob.MD\" \/>\n<meta property=\"og:description\" content=\"Pute\u0163i procura \u00een credit, o vitrin\u0103 din lemn natural, p\u00e2n\u0103 la 36 luni sau \u00een rate cu 0% dob\u00e2nd\u0103 \u00een decurs de 6 luni. Livrare gratuit\u0103 \u00een toat\u0103 \u0163ara. Vitrina \u2013 mobilier cu o istorie vast\u0103 \u015fi interesant\u0103, str\u0103mo\u015ful ei direct este bufetul cu u\u015fi de sticl\u0103 sau perdelu\u0163e. \u00cen evul mediu acesta era doar [&hellip;]\" \/>\n<meta property=\"og:url\" content=\"https:\/\/mob.md\/ro\/shop-ro\/reduceri\/dulapuri-cu-reducere\/vitrina-%e2%84%9614-190x80x42cm\/\" \/>\n<meta property=\"og:site_name\" content=\"Mob.MD\" \/>\n<meta property=\"article:publisher\" content=\"https:\/\/www.facebook.com\/Mob.md?locale=ru_RU\" \/>\n<meta property=\"article:modified_time\" content=\"2023-05-31T21:00:47+00:00\" \/>\n<meta property=\"og:image\" content=\"https:\/\/mob.md\/wp-content\/uploads\/2019\/05\/Witrynanr14sosna_.png\" \/>\n\t<meta property=\"og:image:width\" content=\"1200\" \/>\n\t<meta property=\"og:image:height\" content=\"800\" \/>\n\t<meta property=\"og:image:type\" content=\"image\/png\" \/>\n<meta name=\"twitter:card\" content=\"summary_large_image\" \/>\n<meta name=\"twitter:label1\" content=\"Timp estimat pentru citire\" \/>\n\t<meta name=\"twitter:data1\" content=\"2 minute\" \/>\n<script type=\"application\/ld+json\" class=\"yoast-schema-graph\">{\"@context\":\"https:\/\/schema.org\",\"@graph\":[{\"@type\":\"WebPage\",\"@id\":\"https:\/\/mob.md\/ro\/shop-ro\/reduceri\/dulapuri-cu-reducere\/vitrina-%e2%84%9614-190x80x42cm\/\",\"url\":\"https:\/\/mob.md\/ro\/shop-ro\/reduceri\/dulapuri-cu-reducere\/vitrina-%e2%84%9614-190x80x42cm\/\",\"name\":\"\u041a\u0443\u043f\u0438\u0442\u044c Vitrina \u211614 \u0432 \u041a\u0438\u0448\u0438\u043d\u0435\u0432\u0435 \u0441 \u0434\u043e\u0441\u0442\u0430\u0432\u043a\u043e\u0439 | Mob.MD\",\"isPartOf\":{\"@id\":\"https:\/\/mob.md\/ro\/#website\"},\"datePublished\":\"2019-05-06T17:40:42+00:00\",\"dateModified\":\"2023-05-31T21:00:47+00:00\",\"breadcrumb\":{\"@id\":\"https:\/\/mob.md\/ro\/shop-ro\/reduceri\/dulapuri-cu-reducere\/vitrina-%e2%84%9614-190x80x42cm\/#breadcrumb\"},\"inLanguage\":\"ro-RO\",\"potentialAction\":[{\"@type\":\"ReadAction\",\"target\":[\"https:\/\/mob.md\/ro\/shop-ro\/reduceri\/dulapuri-cu-reducere\/vitrina-%e2%84%9614-190x80x42cm\/\"]}]},{\"@type\":\"BreadcrumbList\",\"@id\":\"https:\/\/mob.md\/ro\/shop-ro\/reduceri\/dulapuri-cu-reducere\/vitrina-%e2%84%9614-190x80x42cm\/#breadcrumb\",\"itemListElement\":[{\"@type\":\"ListItem\",\"position\":1,\"name\":\"\u0413\u043b\u0430\u0432\u043d\u0430\u044f \u0441\u0442\u0440\u0430\u043d\u0438\u0446\u0430\",\"item\":\"https:\/\/mob.md\/ro\/\"},{\"@type\":\"ListItem\",\"position\":2,\"name\":\"Catalog\",\"item\":\"https:\/\/mob.md\/ro\/shop-ro\/\"},{\"@type\":\"ListItem\",\"position\":3,\"name\":\"Vitrina \u211614\"}]},{\"@type\":\"WebSite\",\"@id\":\"https:\/\/mob.md\/ro\/#website\",\"url\":\"https:\/\/mob.md\/ro\/\",\"name\":\"Mob.MD\",\"description\":\"Mob.MD\",\"publisher\":{\"@id\":\"https:\/\/mob.md\/ro\/#organization\"},\"potentialAction\":[{\"@type\":\"SearchAction\",\"target\":{\"@type\":\"EntryPoint\",\"urlTemplate\":\"https:\/\/mob.md\/ro\/?s={search_term_string}\"},\"query-input\":\"required name=search_term_string\"}],\"inLanguage\":\"ro-RO\"},{\"@type\":\"Organization\",\"@id\":\"https:\/\/mob.md\/ro\/#organization\",\"name\":\"Mob.md\",\"url\":\"https:\/\/mob.md\/ro\/\",\"logo\":{\"@type\":\"ImageObject\",\"inLanguage\":\"ro-RO\",\"@id\":\"https:\/\/mob.md\/ro\/#\/schema\/logo\/image\/\",\"url\":\"https:\/\/mob.md\/wp-content\/uploads\/2021\/02\/logo-1.png\",\"contentUrl\":\"https:\/\/mob.md\/wp-content\/uploads\/2021\/02\/logo-1.png\",\"width\":324,\"height\":193,\"caption\":\"Mob.md\"},\"image\":{\"@id\":\"https:\/\/mob.md\/ro\/#\/schema\/logo\/image\/\"},\"sameAs\":[\"https:\/\/www.facebook.com\/Mob.md?locale=ru_RU\",\"https:\/\/www.instagram.com\/mob.md.moldova\/\"]}]}<\/script>\n<!-- \/ Yoast SEO plugin. -->","yoast_head_json":{"title":"\u041a\u0443\u043f\u0438\u0442\u044c Vitrina \u211614 \u0432 \u041a\u0438\u0448\u0438\u043d\u0435\u0432\u0435 \u0441 \u0434\u043e\u0441\u0442\u0430\u0432\u043a\u043e\u0439 | Mob.MD","robots":{"index":"index","follow":"follow","max-snippet":"max-snippet:-1","max-image-preview":"max-image-preview:large","max-video-preview":"max-video-preview:-1"},"canonical":"https:\/\/mob.md\/ro\/shop-ro\/reduceri\/dulapuri-cu-reducere\/vitrina-%e2%84%9614-190x80x42cm\/","og_locale":"ro_RO","og_type":"article","og_title":"\u041a\u0443\u043f\u0438\u0442\u044c Vitrina \u211614 \u0432 \u041a\u0438\u0448\u0438\u043d\u0435\u0432\u0435 \u0441 \u0434\u043e\u0441\u0442\u0430\u0432\u043a\u043e\u0439 | Mob.MD","og_description":"Pute\u0163i procura \u00een credit, o vitrin\u0103 din lemn natural, p\u00e2n\u0103 la 36 luni sau \u00een rate cu 0% dob\u00e2nd\u0103 \u00een decurs de 6 luni. Livrare gratuit\u0103 \u00een toat\u0103 \u0163ara. Vitrina \u2013 mobilier cu o istorie vast\u0103 \u015fi interesant\u0103, str\u0103mo\u015ful ei direct este bufetul cu u\u015fi de sticl\u0103 sau perdelu\u0163e. \u00cen evul mediu acesta era doar [&hellip;]","og_url":"https:\/\/mob.md\/ro\/shop-ro\/reduceri\/dulapuri-cu-reducere\/vitrina-%e2%84%9614-190x80x42cm\/","og_site_name":"Mob.MD","article_publisher":"https:\/\/www.facebook.com\/Mob.md?locale=ru_RU","article_modified_time":"2023-05-31T21:00:47+00:00","og_image":[{"width":1200,"height":800,"url":"https:\/\/mob.md\/wp-content\/uploads\/2019\/05\/Witrynanr14sosna_.png","type":"image\/png"}],"twitter_card":"summary_large_image","twitter_misc":{"Timp estimat pentru citire":"2 minute"},"schema":{"@context":"https:\/\/schema.org","@graph":[{"@type":"WebPage","@id":"https:\/\/mob.md\/ro\/shop-ro\/reduceri\/dulapuri-cu-reducere\/vitrina-%e2%84%9614-190x80x42cm\/","url":"https:\/\/mob.md\/ro\/shop-ro\/reduceri\/dulapuri-cu-reducere\/vitrina-%e2%84%9614-190x80x42cm\/","name":"\u041a\u0443\u043f\u0438\u0442\u044c Vitrina \u211614 \u0432 \u041a\u0438\u0448\u0438\u043d\u0435\u0432\u0435 \u0441 \u0434\u043e\u0441\u0442\u0430\u0432\u043a\u043e\u0439 | Mob.MD","isPartOf":{"@id":"https:\/\/mob.md\/ro\/#website"},"datePublished":"2019-05-06T17:40:42+00:00","dateModified":"2023-05-31T21:00:47+00:00","breadcrumb":{"@id":"https:\/\/mob.md\/ro\/shop-ro\/reduceri\/dulapuri-cu-reducere\/vitrina-%e2%84%9614-190x80x42cm\/#breadcrumb"},"inLanguage":"ro-RO","potentialAction":[{"@type":"ReadAction","target":["https:\/\/mob.md\/ro\/shop-ro\/reduceri\/dulapuri-cu-reducere\/vitrina-%e2%84%9614-190x80x42cm\/"]}]},{"@type":"BreadcrumbList","@id":"https:\/\/mob.md\/ro\/shop-ro\/reduceri\/dulapuri-cu-reducere\/vitrina-%e2%84%9614-190x80x42cm\/#breadcrumb","itemListElement":[{"@type":"ListItem","position":1,"name":"\u0413\u043b\u0430\u0432\u043d\u0430\u044f \u0441\u0442\u0440\u0430\u043d\u0438\u0446\u0430","item":"https:\/\/mob.md\/ro\/"},{"@type":"ListItem","position":2,"name":"Catalog","item":"https:\/\/mob.md\/ro\/shop-ro\/"},{"@type":"ListItem","position":3,"name":"Vitrina \u211614"}]},{"@type":"WebSite","@id":"https:\/\/mob.md\/ro\/#website","url":"https:\/\/mob.md\/ro\/","name":"Mob.MD","description":"Mob.MD","publisher":{"@id":"https:\/\/mob.md\/ro\/#organization"},"potentialAction":[{"@type":"SearchAction","target":{"@type":"EntryPoint","urlTemplate":"https:\/\/mob.md\/ro\/?s={search_term_string}"},"query-input":"required name=search_term_string"}],"inLanguage":"ro-RO"},{"@type":"Organization","@id":"https:\/\/mob.md\/ro\/#organization","name":"Mob.md","url":"https:\/\/mob.md\/ro\/","logo":{"@type":"ImageObject","inLanguage":"ro-RO","@id":"https:\/\/mob.md\/ro\/#\/schema\/logo\/image\/","url":"https:\/\/mob.md\/wp-content\/uploads\/2021\/02\/logo-1.png","contentUrl":"https:\/\/mob.md\/wp-content\/uploads\/2021\/02\/logo-1.png","width":324,"height":193,"caption":"Mob.md"},"image":{"@id":"https:\/\/mob.md\/ro\/#\/schema\/logo\/image\/"},"sameAs":["https:\/\/www.facebook.com\/Mob.md?locale=ru_RU","https:\/\/www.instagram.com\/mob.md.moldova\/"]}]}},"_links":{"self":[{"href":"https:\/\/mob.md\/ro\/wp-json\/wp\/v2\/product\/18514"}],"collection":[{"href":"https:\/\/mob.md\/ro\/wp-json\/wp\/v2\/product"}],"about":[{"href":"https:\/\/mob.md\/ro\/wp-json\/wp\/v2\/types\/product"}],"replies":[{"embeddable":true,"href":"https:\/\/mob.md\/ro\/wp-json\/wp\/v2\/comments?post=18514"}],"wp:featuredmedia":[{"embeddable":true,"href":"https:\/\/mob.md\/ro\/wp-json\/wp\/v2\/media\/26235"}],"wp:attachment":[{"href":"https:\/\/mob.md\/ro\/wp-json\/wp\/v2\/media?parent=18514"}],"wp:term":[{"taxonomy":"product_cat","embeddable":true,"href":"https:\/\/mob.md\/ro\/wp-json\/wp\/v2\/product_cat?post=18514"},{"taxonomy":"product_tag","embeddable":true,"href":"https:\/\/mob.md\/ro\/wp-json\/wp\/v2\/product_tag?post=18514"}],"curies":[{"name":"wp","href":"https:\/\/api.w.org\/{rel}","templated":true}]}}