{"id":18562,"date":"2019-05-06T19:44:40","date_gmt":"2019-05-06T17:41:59","guid":{"rendered":"https:\/\/mob.md\/product\/dulap-pentru-carti-%e2%84%968-190x80x42cm\/"},"modified":"2023-06-01T00:00:46","modified_gmt":"2023-05-31T21:00:46","slug":"dulap-pentru-carti-%e2%84%968-190x80x42cm","status":"publish","type":"product","link":"https:\/\/mob.md\/ro\/shop-ro\/reduceri\/dulapuri-cu-reducere\/dulap-pentru-carti-%e2%84%968-190x80x42cm\/","title":{"rendered":"Dulap pentru car\u0163i \u21168"},"content":{"rendered":"<ul>\r\n\t<li>\r\n<p>Pute\u0163i procura \u00een credit, un dulap pentru c\u0103r\u021bi, p\u00e2n\u0103 la 36 luni sau \u00een rate cu 0% dob\u00e2nd\u0103 \u00een decurs de 6 luni. Livrare gratuit\u0103 \u00een toat\u0103 \u0163ara.<\/p>\r\n<p>Scopul principal de p\u0103strare a c\u0103r\u021bilor este de a avea o bibliotec\u0103 bun\u0103 acas\u0103, unde rafturile dulapurilor sunt completate cu edi\u021bii rare \u2013 este m\u00e2ndria st\u0103p\u00e2nului casei, decorul casei \u0219i posibilitatea de a v\u0103 demonstra colec\u021bia ( uneori foarte valoroas\u0103 ) oaspe\u021bilor \u0219i cunoscu\u021bilor.<\/p>\r\n<p>Pe l\u00e2ng\u0103 scopul lor direct, dulapurile pentru c\u0103r\u021bi pot deveni un detaliu al decorului din interiorul\u00a0 living-ului sau biroului, pe rafturi, st\u0103p\u00e2nii casei depoziteaz\u0103 suvenire deosebite, fotografii de familie \u0219i figurine. Pentru a crea o atmosfer\u0103 cald\u0103 de cas\u0103, perfect ar fi un dulap pentru c\u0103r\u021bi confec\u021bionat din lemn\u00a0 \u00een stil clasic, mirosul proasp\u0103t de lemn va umple \u00eenc\u0103perea cu lini\u0219te, armonie \u0219i confort, \u00een camera pentru copii pute\u021bi plasa un model original pentru aranjarea c\u0103r\u021buliilor \u0219i manualelor \u00een conformitate cu necesit\u0103\u021bile acestora.<\/p>\r\n<p>Biblioteca de cas\u0103 nu accept\u0103 nimic de prisos, versiunea pentru c\u0103r\u021bi nu este destinat\u0103 \u0219i pentru vesel\u0103, juc\u0103rii, lucruri sau haine ( pentru acestea sunt alte tipuri de dulap ). Este important s\u0103 organiza\u021bi stocarea materialelor tip\u0103rite \u00een a\u0219a fel \u00eenc\u00e2t procesul de g\u0103sire a c\u0103r\u021bii potrivite s\u0103 dureze minim. Dotate cu rafturi \u00eenchise sau deschise, tot felul de dulapioare cu u\u0219i\u021be, dulapurile pentru c\u0103r\u021bi se vor \u00eencadra excelent \u00een interiorul majorit\u0103\u021bii camerelor: living, hol, camera pentru copii, dormitor \u0219i birou.<\/p>\r\n<p>Nu este recomandat s\u0103 a\u0219eza\u021bi o bibliotec\u0103 de cas\u0103 \u00een camerele predestinate g\u0103titului ( aici deja \u0219i-au g\u0103sit locul dulapurile pentru vesel\u0103) sau \u00een subsol, mansard\u0103, unde umiditatea este ridicat\u0103, astfel, apare pericolul de formare a mucegaiului, ciupercii sau roz\u0103toarelor, pe c\u0103r\u021bile din colec\u021bia d-voastr\u0103.<\/p>\r\n<p>Pinul din care este confec\u0163ionat dulapul pentru c\u0103r\u021bi are propriet\u0103\u0163i unice. Acesta elimin\u0103 substan\u0163e volatile, care lichideaz\u0103 to\u0163i mocrobii din locuin\u0163\u0103. Substan\u0163ele volatile cur\u0103\u0163\u0103 atmosfera din camer\u0103 \u015fi previne apari\u0163ia bolilor. Chiar \u015fi dup\u0103 prelucrarea mobilei din pin ea \u00ee\u015fi p\u0103streaz\u0103 propriet\u0103\u0163ile medicinale. Astfel c\u0103 mobila din pin este nu doar un element decorativ al casei dvs. dar \u015fi o garan\u0163ie a s\u0103n\u0103t\u0103\u0163ii.<\/p>\r\n<p>\u00cen pin persist\u0103 o cantitate imens\u0103 de r\u0103\u015fini, care sub influen\u0163a calit\u0103\u0163ilor sale puternice, previne apari\u0163ia mucegaiului \u015fi ciupercilor. Pinul, la fel, \u00eenl\u0103tur\u0103 parazi\u0163ii \u015fi stagneaz\u0103 procesul de putrefac\u0163ie.<\/p>\r\n<\/li>\r\n<\/ul>","protected":false},"excerpt":{"rendered":"<p>Pute\u0163i procura \u00een credit, un dulap pentru c\u0103r\u021bi, p\u00e2n\u0103 la 36 luni sau \u00een rate cu 0% dob\u00e2nd\u0103 \u00een decurs de 6 luni. Livrare gratuit\u0103 \u00een toat\u0103 \u0163ara. Scopul principal de p\u0103strare a c\u0103r\u021bilor este de a avea o bibliotec\u0103 bun\u0103 acas\u0103, unde rafturile dulapurilor sunt completate cu edi\u021bii rare \u2013 este m\u00e2ndria st\u0103p\u00e2nului casei, [&hellip;]<\/p>\n","protected":false},"featured_media":26777,"comment_status":"closed","ping_status":"closed","template":"","meta":[],"product_cat":[3231,3931,3339],"product_tag":[],"yoast_head":"<!-- This site is optimized with the Yoast SEO plugin v20.8 - https:\/\/yoast.com\/wordpress\/plugins\/seo\/ -->\n<title>\u041a\u0443\u043f\u0438\u0442\u044c Dulap pentru car\u0163i \u21168 \u0432 \u041a\u0438\u0448\u0438\u043d\u0435\u0432\u0435 \u0441 \u0434\u043e\u0441\u0442\u0430\u0432\u043a\u043e\u0439 | Mob.MD<\/title>\n<meta name=\"robots\" content=\"index, follow, max-snippet:-1, max-image-preview:large, max-video-preview:-1\" \/>\n<link rel=\"canonical\" href=\"https:\/\/mob.md\/ro\/shop-ro\/reduceri\/dulapuri-cu-reducere\/dulap-pentru-carti-%e2%84%968-190x80x42cm\/\" \/>\n<meta property=\"og:locale\" content=\"ro_RO\" \/>\n<meta property=\"og:type\" content=\"article\" \/>\n<meta property=\"og:title\" content=\"\u041a\u0443\u043f\u0438\u0442\u044c Dulap pentru car\u0163i \u21168 \u0432 \u041a\u0438\u0448\u0438\u043d\u0435\u0432\u0435 \u0441 \u0434\u043e\u0441\u0442\u0430\u0432\u043a\u043e\u0439 | Mob.MD\" \/>\n<meta property=\"og:description\" content=\"Pute\u0163i procura \u00een credit, un dulap pentru c\u0103r\u021bi, p\u00e2n\u0103 la 36 luni sau \u00een rate cu 0% dob\u00e2nd\u0103 \u00een decurs de 6 luni. Livrare gratuit\u0103 \u00een toat\u0103 \u0163ara. Scopul principal de p\u0103strare a c\u0103r\u021bilor este de a avea o bibliotec\u0103 bun\u0103 acas\u0103, unde rafturile dulapurilor sunt completate cu edi\u021bii rare \u2013 este m\u00e2ndria st\u0103p\u00e2nului casei, [&hellip;]\" \/>\n<meta property=\"og:url\" content=\"https:\/\/mob.md\/ro\/shop-ro\/reduceri\/dulapuri-cu-reducere\/dulap-pentru-carti-%e2%84%968-190x80x42cm\/\" \/>\n<meta property=\"og:site_name\" content=\"Mob.MD\" \/>\n<meta property=\"article:publisher\" content=\"https:\/\/www.facebook.com\/Mob.md?locale=ru_RU\" \/>\n<meta property=\"article:modified_time\" content=\"2023-05-31T21:00:46+00:00\" \/>\n<meta property=\"og:image\" content=\"https:\/\/mob.md\/wp-content\/uploads\/2019\/05\/Biblioteczkanr8sosna_.png\" \/>\n\t<meta property=\"og:image:width\" content=\"1200\" \/>\n\t<meta property=\"og:image:height\" content=\"800\" \/>\n\t<meta property=\"og:image:type\" content=\"image\/png\" \/>\n<meta name=\"twitter:card\" content=\"summary_large_image\" \/>\n<meta name=\"twitter:label1\" content=\"Timp estimat pentru citire\" \/>\n\t<meta name=\"twitter:data1\" content=\"2 minute\" \/>\n<script type=\"application\/ld+json\" class=\"yoast-schema-graph\">{\"@context\":\"https:\/\/schema.org\",\"@graph\":[{\"@type\":\"WebPage\",\"@id\":\"https:\/\/mob.md\/ro\/shop-ro\/reduceri\/dulapuri-cu-reducere\/dulap-pentru-carti-%e2%84%968-190x80x42cm\/\",\"url\":\"https:\/\/mob.md\/ro\/shop-ro\/reduceri\/dulapuri-cu-reducere\/dulap-pentru-carti-%e2%84%968-190x80x42cm\/\",\"name\":\"\u041a\u0443\u043f\u0438\u0442\u044c Dulap pentru car\u0163i \u21168 \u0432 \u041a\u0438\u0448\u0438\u043d\u0435\u0432\u0435 \u0441 \u0434\u043e\u0441\u0442\u0430\u0432\u043a\u043e\u0439 | Mob.MD\",\"isPartOf\":{\"@id\":\"https:\/\/mob.md\/ro\/#website\"},\"datePublished\":\"2019-05-06T17:41:59+00:00\",\"dateModified\":\"2023-05-31T21:00:46+00:00\",\"breadcrumb\":{\"@id\":\"https:\/\/mob.md\/ro\/shop-ro\/reduceri\/dulapuri-cu-reducere\/dulap-pentru-carti-%e2%84%968-190x80x42cm\/#breadcrumb\"},\"inLanguage\":\"ro-RO\",\"potentialAction\":[{\"@type\":\"ReadAction\",\"target\":[\"https:\/\/mob.md\/ro\/shop-ro\/reduceri\/dulapuri-cu-reducere\/dulap-pentru-carti-%e2%84%968-190x80x42cm\/\"]}]},{\"@type\":\"BreadcrumbList\",\"@id\":\"https:\/\/mob.md\/ro\/shop-ro\/reduceri\/dulapuri-cu-reducere\/dulap-pentru-carti-%e2%84%968-190x80x42cm\/#breadcrumb\",\"itemListElement\":[{\"@type\":\"ListItem\",\"position\":1,\"name\":\"\u0413\u043b\u0430\u0432\u043d\u0430\u044f \u0441\u0442\u0440\u0430\u043d\u0438\u0446\u0430\",\"item\":\"https:\/\/mob.md\/ro\/\"},{\"@type\":\"ListItem\",\"position\":2,\"name\":\"Catalog\",\"item\":\"https:\/\/mob.md\/ro\/shop-ro\/\"},{\"@type\":\"ListItem\",\"position\":3,\"name\":\"Dulap pentru car\u0163i \u21168\"}]},{\"@type\":\"WebSite\",\"@id\":\"https:\/\/mob.md\/ro\/#website\",\"url\":\"https:\/\/mob.md\/ro\/\",\"name\":\"Mob.MD\",\"description\":\"Mob.MD\",\"publisher\":{\"@id\":\"https:\/\/mob.md\/ro\/#organization\"},\"potentialAction\":[{\"@type\":\"SearchAction\",\"target\":{\"@type\":\"EntryPoint\",\"urlTemplate\":\"https:\/\/mob.md\/ro\/?s={search_term_string}\"},\"query-input\":\"required name=search_term_string\"}],\"inLanguage\":\"ro-RO\"},{\"@type\":\"Organization\",\"@id\":\"https:\/\/mob.md\/ro\/#organization\",\"name\":\"Mob.md\",\"url\":\"https:\/\/mob.md\/ro\/\",\"logo\":{\"@type\":\"ImageObject\",\"inLanguage\":\"ro-RO\",\"@id\":\"https:\/\/mob.md\/ro\/#\/schema\/logo\/image\/\",\"url\":\"https:\/\/mob.md\/wp-content\/uploads\/2021\/02\/logo-1.png\",\"contentUrl\":\"https:\/\/mob.md\/wp-content\/uploads\/2021\/02\/logo-1.png\",\"width\":324,\"height\":193,\"caption\":\"Mob.md\"},\"image\":{\"@id\":\"https:\/\/mob.md\/ro\/#\/schema\/logo\/image\/\"},\"sameAs\":[\"https:\/\/www.facebook.com\/Mob.md?locale=ru_RU\",\"https:\/\/www.instagram.com\/mob.md.moldova\/\"]}]}<\/script>\n<!-- \/ Yoast SEO plugin. -->","yoast_head_json":{"title":"\u041a\u0443\u043f\u0438\u0442\u044c Dulap pentru car\u0163i \u21168 \u0432 \u041a\u0438\u0448\u0438\u043d\u0435\u0432\u0435 \u0441 \u0434\u043e\u0441\u0442\u0430\u0432\u043a\u043e\u0439 | Mob.MD","robots":{"index":"index","follow":"follow","max-snippet":"max-snippet:-1","max-image-preview":"max-image-preview:large","max-video-preview":"max-video-preview:-1"},"canonical":"https:\/\/mob.md\/ro\/shop-ro\/reduceri\/dulapuri-cu-reducere\/dulap-pentru-carti-%e2%84%968-190x80x42cm\/","og_locale":"ro_RO","og_type":"article","og_title":"\u041a\u0443\u043f\u0438\u0442\u044c Dulap pentru car\u0163i \u21168 \u0432 \u041a\u0438\u0448\u0438\u043d\u0435\u0432\u0435 \u0441 \u0434\u043e\u0441\u0442\u0430\u0432\u043a\u043e\u0439 | Mob.MD","og_description":"Pute\u0163i procura \u00een credit, un dulap pentru c\u0103r\u021bi, p\u00e2n\u0103 la 36 luni sau \u00een rate cu 0% dob\u00e2nd\u0103 \u00een decurs de 6 luni. Livrare gratuit\u0103 \u00een toat\u0103 \u0163ara. Scopul principal de p\u0103strare a c\u0103r\u021bilor este de a avea o bibliotec\u0103 bun\u0103 acas\u0103, unde rafturile dulapurilor sunt completate cu edi\u021bii rare \u2013 este m\u00e2ndria st\u0103p\u00e2nului casei, [&hellip;]","og_url":"https:\/\/mob.md\/ro\/shop-ro\/reduceri\/dulapuri-cu-reducere\/dulap-pentru-carti-%e2%84%968-190x80x42cm\/","og_site_name":"Mob.MD","article_publisher":"https:\/\/www.facebook.com\/Mob.md?locale=ru_RU","article_modified_time":"2023-05-31T21:00:46+00:00","og_image":[{"width":1200,"height":800,"url":"https:\/\/mob.md\/wp-content\/uploads\/2019\/05\/Biblioteczkanr8sosna_.png","type":"image\/png"}],"twitter_card":"summary_large_image","twitter_misc":{"Timp estimat pentru citire":"2 minute"},"schema":{"@context":"https:\/\/schema.org","@graph":[{"@type":"WebPage","@id":"https:\/\/mob.md\/ro\/shop-ro\/reduceri\/dulapuri-cu-reducere\/dulap-pentru-carti-%e2%84%968-190x80x42cm\/","url":"https:\/\/mob.md\/ro\/shop-ro\/reduceri\/dulapuri-cu-reducere\/dulap-pentru-carti-%e2%84%968-190x80x42cm\/","name":"\u041a\u0443\u043f\u0438\u0442\u044c Dulap pentru car\u0163i \u21168 \u0432 \u041a\u0438\u0448\u0438\u043d\u0435\u0432\u0435 \u0441 \u0434\u043e\u0441\u0442\u0430\u0432\u043a\u043e\u0439 | Mob.MD","isPartOf":{"@id":"https:\/\/mob.md\/ro\/#website"},"datePublished":"2019-05-06T17:41:59+00:00","dateModified":"2023-05-31T21:00:46+00:00","breadcrumb":{"@id":"https:\/\/mob.md\/ro\/shop-ro\/reduceri\/dulapuri-cu-reducere\/dulap-pentru-carti-%e2%84%968-190x80x42cm\/#breadcrumb"},"inLanguage":"ro-RO","potentialAction":[{"@type":"ReadAction","target":["https:\/\/mob.md\/ro\/shop-ro\/reduceri\/dulapuri-cu-reducere\/dulap-pentru-carti-%e2%84%968-190x80x42cm\/"]}]},{"@type":"BreadcrumbList","@id":"https:\/\/mob.md\/ro\/shop-ro\/reduceri\/dulapuri-cu-reducere\/dulap-pentru-carti-%e2%84%968-190x80x42cm\/#breadcrumb","itemListElement":[{"@type":"ListItem","position":1,"name":"\u0413\u043b\u0430\u0432\u043d\u0430\u044f \u0441\u0442\u0440\u0430\u043d\u0438\u0446\u0430","item":"https:\/\/mob.md\/ro\/"},{"@type":"ListItem","position":2,"name":"Catalog","item":"https:\/\/mob.md\/ro\/shop-ro\/"},{"@type":"ListItem","position":3,"name":"Dulap pentru car\u0163i \u21168"}]},{"@type":"WebSite","@id":"https:\/\/mob.md\/ro\/#website","url":"https:\/\/mob.md\/ro\/","name":"Mob.MD","description":"Mob.MD","publisher":{"@id":"https:\/\/mob.md\/ro\/#organization"},"potentialAction":[{"@type":"SearchAction","target":{"@type":"EntryPoint","urlTemplate":"https:\/\/mob.md\/ro\/?s={search_term_string}"},"query-input":"required name=search_term_string"}],"inLanguage":"ro-RO"},{"@type":"Organization","@id":"https:\/\/mob.md\/ro\/#organization","name":"Mob.md","url":"https:\/\/mob.md\/ro\/","logo":{"@type":"ImageObject","inLanguage":"ro-RO","@id":"https:\/\/mob.md\/ro\/#\/schema\/logo\/image\/","url":"https:\/\/mob.md\/wp-content\/uploads\/2021\/02\/logo-1.png","contentUrl":"https:\/\/mob.md\/wp-content\/uploads\/2021\/02\/logo-1.png","width":324,"height":193,"caption":"Mob.md"},"image":{"@id":"https:\/\/mob.md\/ro\/#\/schema\/logo\/image\/"},"sameAs":["https:\/\/www.facebook.com\/Mob.md?locale=ru_RU","https:\/\/www.instagram.com\/mob.md.moldova\/"]}]}},"_links":{"self":[{"href":"https:\/\/mob.md\/ro\/wp-json\/wp\/v2\/product\/18562"}],"collection":[{"href":"https:\/\/mob.md\/ro\/wp-json\/wp\/v2\/product"}],"about":[{"href":"https:\/\/mob.md\/ro\/wp-json\/wp\/v2\/types\/product"}],"replies":[{"embeddable":true,"href":"https:\/\/mob.md\/ro\/wp-json\/wp\/v2\/comments?post=18562"}],"wp:featuredmedia":[{"embeddable":true,"href":"https:\/\/mob.md\/ro\/wp-json\/wp\/v2\/media\/26777"}],"wp:attachment":[{"href":"https:\/\/mob.md\/ro\/wp-json\/wp\/v2\/media?parent=18562"}],"wp:term":[{"taxonomy":"product_cat","embeddable":true,"href":"https:\/\/mob.md\/ro\/wp-json\/wp\/v2\/product_cat?post=18562"},{"taxonomy":"product_tag","embeddable":true,"href":"https:\/\/mob.md\/ro\/wp-json\/wp\/v2\/product_tag?post=18562"}],"curies":[{"name":"wp","href":"https:\/\/api.w.org\/{rel}","templated":true}]}}