{"id":18586,"date":"2019-05-06T19:44:56","date_gmt":"2019-05-06T17:42:27","guid":{"rendered":"https:\/\/mob.md\/product\/mezanin-%e2%84%962-50x80x60cm\/"},"modified":"2026-03-10T11:40:08","modified_gmt":"2026-03-10T08:40:08","slug":"mezanin-%e2%84%962-50x80x60cm","status":"publish","type":"product","link":"https:\/\/mob.md\/ro\/shop-ro\/reduceri\/mezanine-cu-reduceri\/mezanin-%e2%84%962-50x80x60cm\/","title":{"rendered":"Mezanin \u21162"},"content":{"rendered":"<ul>\r\n\t<li>\r\n<h4>Mezanin \u2116 2 realizat \u00een \u00eentregime din lemn de pin, permite utilizarea ergonomic\u0103 a spa\u021biului de deasupra dulapului. Decorarea tradi\u021bional\u0103 v\u0103 permite s\u0103 armoniza\u021bi perfect cu dulapurile pe care le oferim. Mobilierul este realizat din cel mai bun lemn de pin, cu ajutorul tehnologiei de vopsire cu trei straturi, cu utilizarea de lacuri ecologice. Lacurile pe care le folosim sunt certificate de Institutul European de Igien\u0103 \u0219i sunt utilizate \u00een fabricarea mobilierului pentru copii.<\/h4>\r\n<\/li>\r\n<\/ul>","protected":false},"excerpt":{"rendered":"<p>Mezanin \u2116 2 realizat \u00een \u00eentregime din lemn de pin, permite utilizarea ergonomic\u0103 a spa\u021biului de deasupra dulapului. Decorarea tradi\u021bional\u0103 v\u0103 permite s\u0103 armoniza\u021bi perfect cu dulapurile pe care le oferim. Mobilierul este realizat din cel mai bun lemn de pin, cu ajutorul tehnologiei de vopsire cu trei straturi, cu utilizarea de lacuri ecologice. Lacurile [&hellip;]<\/p>\n","protected":false},"featured_media":25399,"comment_status":"closed","ping_status":"closed","template":"","meta":[],"product_cat":[3231,3340,3469,3248],"product_tag":[],"yoast_head":"<!-- This site is optimized with the Yoast SEO plugin v20.8 - https:\/\/yoast.com\/wordpress\/plugins\/seo\/ -->\n<title>\u041a\u0443\u043f\u0438\u0442\u044c Mezanin \u21162 \u0432 \u041a\u0438\u0448\u0438\u043d\u0435\u0432\u0435 \u0441 \u0434\u043e\u0441\u0442\u0430\u0432\u043a\u043e\u0439 | Mob.MD<\/title>\n<meta name=\"robots\" content=\"index, follow, max-snippet:-1, max-image-preview:large, max-video-preview:-1\" \/>\n<link rel=\"canonical\" href=\"https:\/\/mob.md\/ro\/shop-ro\/reduceri\/mezanine-cu-reduceri\/mezanin-%e2%84%962-50x80x60cm\/\" \/>\n<meta property=\"og:locale\" content=\"ro_RO\" \/>\n<meta property=\"og:type\" content=\"article\" \/>\n<meta property=\"og:title\" content=\"\u041a\u0443\u043f\u0438\u0442\u044c Mezanin \u21162 \u0432 \u041a\u0438\u0448\u0438\u043d\u0435\u0432\u0435 \u0441 \u0434\u043e\u0441\u0442\u0430\u0432\u043a\u043e\u0439 | Mob.MD\" \/>\n<meta property=\"og:description\" content=\"Mezanin \u2116 2 realizat \u00een \u00eentregime din lemn de pin, permite utilizarea ergonomic\u0103 a spa\u021biului de deasupra dulapului. Decorarea tradi\u021bional\u0103 v\u0103 permite s\u0103 armoniza\u021bi perfect cu dulapurile pe care le oferim. Mobilierul este realizat din cel mai bun lemn de pin, cu ajutorul tehnologiei de vopsire cu trei straturi, cu utilizarea de lacuri ecologice. Lacurile [&hellip;]\" \/>\n<meta property=\"og:url\" content=\"https:\/\/mob.md\/ro\/shop-ro\/reduceri\/mezanine-cu-reduceri\/mezanin-%e2%84%962-50x80x60cm\/\" \/>\n<meta property=\"og:site_name\" content=\"Mob.MD\" \/>\n<meta property=\"article:publisher\" content=\"https:\/\/www.facebook.com\/Mob.md?locale=ru_RU\" \/>\n<meta property=\"article:modified_time\" content=\"2026-03-10T08:40:08+00:00\" \/>\n<meta property=\"og:image\" content=\"https:\/\/mob.md\/wp-content\/uploads\/2019\/05\/Nadstawkanr2inr3dab.png\" \/>\n\t<meta property=\"og:image:width\" content=\"751\" \/>\n\t<meta property=\"og:image:height\" content=\"992\" \/>\n\t<meta property=\"og:image:type\" content=\"image\/png\" \/>\n<meta name=\"twitter:card\" content=\"summary_large_image\" \/>\n<meta name=\"twitter:label1\" content=\"Timp estimat pentru citire\" \/>\n\t<meta name=\"twitter:data1\" content=\"1 minut\" \/>\n<script type=\"application\/ld+json\" class=\"yoast-schema-graph\">{\"@context\":\"https:\/\/schema.org\",\"@graph\":[{\"@type\":\"WebPage\",\"@id\":\"https:\/\/mob.md\/ro\/shop-ro\/reduceri\/mezanine-cu-reduceri\/mezanin-%e2%84%962-50x80x60cm\/\",\"url\":\"https:\/\/mob.md\/ro\/shop-ro\/reduceri\/mezanine-cu-reduceri\/mezanin-%e2%84%962-50x80x60cm\/\",\"name\":\"\u041a\u0443\u043f\u0438\u0442\u044c Mezanin \u21162 \u0432 \u041a\u0438\u0448\u0438\u043d\u0435\u0432\u0435 \u0441 \u0434\u043e\u0441\u0442\u0430\u0432\u043a\u043e\u0439 | Mob.MD\",\"isPartOf\":{\"@id\":\"https:\/\/mob.md\/ro\/#website\"},\"datePublished\":\"2019-05-06T17:42:27+00:00\",\"dateModified\":\"2026-03-10T08:40:08+00:00\",\"breadcrumb\":{\"@id\":\"https:\/\/mob.md\/ro\/shop-ro\/reduceri\/mezanine-cu-reduceri\/mezanin-%e2%84%962-50x80x60cm\/#breadcrumb\"},\"inLanguage\":\"ro-RO\",\"potentialAction\":[{\"@type\":\"ReadAction\",\"target\":[\"https:\/\/mob.md\/ro\/shop-ro\/reduceri\/mezanine-cu-reduceri\/mezanin-%e2%84%962-50x80x60cm\/\"]}]},{\"@type\":\"BreadcrumbList\",\"@id\":\"https:\/\/mob.md\/ro\/shop-ro\/reduceri\/mezanine-cu-reduceri\/mezanin-%e2%84%962-50x80x60cm\/#breadcrumb\",\"itemListElement\":[{\"@type\":\"ListItem\",\"position\":1,\"name\":\"\u0413\u043b\u0430\u0432\u043d\u0430\u044f \u0441\u0442\u0440\u0430\u043d\u0438\u0446\u0430\",\"item\":\"https:\/\/mob.md\/ro\/\"},{\"@type\":\"ListItem\",\"position\":2,\"name\":\"Catalog\",\"item\":\"https:\/\/mob.md\/ro\/shop-ro\/\"},{\"@type\":\"ListItem\",\"position\":3,\"name\":\"Mezanin \u21162\"}]},{\"@type\":\"WebSite\",\"@id\":\"https:\/\/mob.md\/ro\/#website\",\"url\":\"https:\/\/mob.md\/ro\/\",\"name\":\"Mob.MD\",\"description\":\"Mob.MD\",\"publisher\":{\"@id\":\"https:\/\/mob.md\/ro\/#organization\"},\"potentialAction\":[{\"@type\":\"SearchAction\",\"target\":{\"@type\":\"EntryPoint\",\"urlTemplate\":\"https:\/\/mob.md\/ro\/?s={search_term_string}\"},\"query-input\":\"required name=search_term_string\"}],\"inLanguage\":\"ro-RO\"},{\"@type\":\"Organization\",\"@id\":\"https:\/\/mob.md\/ro\/#organization\",\"name\":\"Mob.md\",\"url\":\"https:\/\/mob.md\/ro\/\",\"logo\":{\"@type\":\"ImageObject\",\"inLanguage\":\"ro-RO\",\"@id\":\"https:\/\/mob.md\/ro\/#\/schema\/logo\/image\/\",\"url\":\"https:\/\/mob.md\/wp-content\/uploads\/2021\/02\/logo-1.png\",\"contentUrl\":\"https:\/\/mob.md\/wp-content\/uploads\/2021\/02\/logo-1.png\",\"width\":324,\"height\":193,\"caption\":\"Mob.md\"},\"image\":{\"@id\":\"https:\/\/mob.md\/ro\/#\/schema\/logo\/image\/\"},\"sameAs\":[\"https:\/\/www.facebook.com\/Mob.md?locale=ru_RU\",\"https:\/\/www.instagram.com\/mob.md.moldova\/\"]}]}<\/script>\n<!-- \/ Yoast SEO plugin. -->","yoast_head_json":{"title":"\u041a\u0443\u043f\u0438\u0442\u044c Mezanin \u21162 \u0432 \u041a\u0438\u0448\u0438\u043d\u0435\u0432\u0435 \u0441 \u0434\u043e\u0441\u0442\u0430\u0432\u043a\u043e\u0439 | Mob.MD","robots":{"index":"index","follow":"follow","max-snippet":"max-snippet:-1","max-image-preview":"max-image-preview:large","max-video-preview":"max-video-preview:-1"},"canonical":"https:\/\/mob.md\/ro\/shop-ro\/reduceri\/mezanine-cu-reduceri\/mezanin-%e2%84%962-50x80x60cm\/","og_locale":"ro_RO","og_type":"article","og_title":"\u041a\u0443\u043f\u0438\u0442\u044c Mezanin \u21162 \u0432 \u041a\u0438\u0448\u0438\u043d\u0435\u0432\u0435 \u0441 \u0434\u043e\u0441\u0442\u0430\u0432\u043a\u043e\u0439 | Mob.MD","og_description":"Mezanin \u2116 2 realizat \u00een \u00eentregime din lemn de pin, permite utilizarea ergonomic\u0103 a spa\u021biului de deasupra dulapului. Decorarea tradi\u021bional\u0103 v\u0103 permite s\u0103 armoniza\u021bi perfect cu dulapurile pe care le oferim. Mobilierul este realizat din cel mai bun lemn de pin, cu ajutorul tehnologiei de vopsire cu trei straturi, cu utilizarea de lacuri ecologice. Lacurile [&hellip;]","og_url":"https:\/\/mob.md\/ro\/shop-ro\/reduceri\/mezanine-cu-reduceri\/mezanin-%e2%84%962-50x80x60cm\/","og_site_name":"Mob.MD","article_publisher":"https:\/\/www.facebook.com\/Mob.md?locale=ru_RU","article_modified_time":"2026-03-10T08:40:08+00:00","og_image":[{"width":751,"height":992,"url":"https:\/\/mob.md\/wp-content\/uploads\/2019\/05\/Nadstawkanr2inr3dab.png","type":"image\/png"}],"twitter_card":"summary_large_image","twitter_misc":{"Timp estimat pentru citire":"1 minut"},"schema":{"@context":"https:\/\/schema.org","@graph":[{"@type":"WebPage","@id":"https:\/\/mob.md\/ro\/shop-ro\/reduceri\/mezanine-cu-reduceri\/mezanin-%e2%84%962-50x80x60cm\/","url":"https:\/\/mob.md\/ro\/shop-ro\/reduceri\/mezanine-cu-reduceri\/mezanin-%e2%84%962-50x80x60cm\/","name":"\u041a\u0443\u043f\u0438\u0442\u044c Mezanin \u21162 \u0432 \u041a\u0438\u0448\u0438\u043d\u0435\u0432\u0435 \u0441 \u0434\u043e\u0441\u0442\u0430\u0432\u043a\u043e\u0439 | Mob.MD","isPartOf":{"@id":"https:\/\/mob.md\/ro\/#website"},"datePublished":"2019-05-06T17:42:27+00:00","dateModified":"2026-03-10T08:40:08+00:00","breadcrumb":{"@id":"https:\/\/mob.md\/ro\/shop-ro\/reduceri\/mezanine-cu-reduceri\/mezanin-%e2%84%962-50x80x60cm\/#breadcrumb"},"inLanguage":"ro-RO","potentialAction":[{"@type":"ReadAction","target":["https:\/\/mob.md\/ro\/shop-ro\/reduceri\/mezanine-cu-reduceri\/mezanin-%e2%84%962-50x80x60cm\/"]}]},{"@type":"BreadcrumbList","@id":"https:\/\/mob.md\/ro\/shop-ro\/reduceri\/mezanine-cu-reduceri\/mezanin-%e2%84%962-50x80x60cm\/#breadcrumb","itemListElement":[{"@type":"ListItem","position":1,"name":"\u0413\u043b\u0430\u0432\u043d\u0430\u044f \u0441\u0442\u0440\u0430\u043d\u0438\u0446\u0430","item":"https:\/\/mob.md\/ro\/"},{"@type":"ListItem","position":2,"name":"Catalog","item":"https:\/\/mob.md\/ro\/shop-ro\/"},{"@type":"ListItem","position":3,"name":"Mezanin \u21162"}]},{"@type":"WebSite","@id":"https:\/\/mob.md\/ro\/#website","url":"https:\/\/mob.md\/ro\/","name":"Mob.MD","description":"Mob.MD","publisher":{"@id":"https:\/\/mob.md\/ro\/#organization"},"potentialAction":[{"@type":"SearchAction","target":{"@type":"EntryPoint","urlTemplate":"https:\/\/mob.md\/ro\/?s={search_term_string}"},"query-input":"required name=search_term_string"}],"inLanguage":"ro-RO"},{"@type":"Organization","@id":"https:\/\/mob.md\/ro\/#organization","name":"Mob.md","url":"https:\/\/mob.md\/ro\/","logo":{"@type":"ImageObject","inLanguage":"ro-RO","@id":"https:\/\/mob.md\/ro\/#\/schema\/logo\/image\/","url":"https:\/\/mob.md\/wp-content\/uploads\/2021\/02\/logo-1.png","contentUrl":"https:\/\/mob.md\/wp-content\/uploads\/2021\/02\/logo-1.png","width":324,"height":193,"caption":"Mob.md"},"image":{"@id":"https:\/\/mob.md\/ro\/#\/schema\/logo\/image\/"},"sameAs":["https:\/\/www.facebook.com\/Mob.md?locale=ru_RU","https:\/\/www.instagram.com\/mob.md.moldova\/"]}]}},"_links":{"self":[{"href":"https:\/\/mob.md\/ro\/wp-json\/wp\/v2\/product\/18586"}],"collection":[{"href":"https:\/\/mob.md\/ro\/wp-json\/wp\/v2\/product"}],"about":[{"href":"https:\/\/mob.md\/ro\/wp-json\/wp\/v2\/types\/product"}],"replies":[{"embeddable":true,"href":"https:\/\/mob.md\/ro\/wp-json\/wp\/v2\/comments?post=18586"}],"wp:featuredmedia":[{"embeddable":true,"href":"https:\/\/mob.md\/ro\/wp-json\/wp\/v2\/media\/25399"}],"wp:attachment":[{"href":"https:\/\/mob.md\/ro\/wp-json\/wp\/v2\/media?parent=18586"}],"wp:term":[{"taxonomy":"product_cat","embeddable":true,"href":"https:\/\/mob.md\/ro\/wp-json\/wp\/v2\/product_cat?post=18586"},{"taxonomy":"product_tag","embeddable":true,"href":"https:\/\/mob.md\/ro\/wp-json\/wp\/v2\/product_tag?post=18586"}],"curies":[{"name":"wp","href":"https:\/\/api.w.org\/{rel}","templated":true}]}}