{"id":19216,"date":"2019-05-06T19:53:23","date_gmt":"2019-05-06T17:56:44","guid":{"rendered":"https:\/\/mob.md\/product\/polita-n14\/"},"modified":"2021-04-07T16:59:44","modified_gmt":"2021-04-07T13:59:44","slug":"polita-n14","status":"publish","type":"product","link":"https:\/\/mob.md\/ro\/shop-ro\/polite-si-rafturi\/polite\/polita-n14\/","title":{"rendered":"Poli\u0163a N 14"},"content":{"rendered":"<ul>\r\n\t<li>\r\n<p>Pute\u0163i procura \u00een credit, un raft, p\u00e2n\u0103 la 36 luni sau \u00een rate cu 0% dob\u00e2nd\u0103 \u00een decurs de 6 luni. Livrare gratuit\u0103 \u00een toat\u0103 \u0163ara.<\/p>\r\n<p>Raft de perete \u2013 combina\u021bia perfect\u0103 dintre confort \u0219i elegan\u021b\u0103.<\/p>\r\n<p>\u00cen sortimentul nostru ve\u021bi g\u0103si rafturi de perete func\u021bionale din lemn. Rafturile de acest tip, din pin, sunt o modalitate fiabil\u0103 de ob\u021binere a spa\u021biului suplimentar\u00a0 pentru p\u0103strarea lucrurilor, \u0219i, \u00een acela\u0219i timp, sunt combinate frumos cu alte elemente de mobilier, mai mult, sunt \u0219i un plus atractiv pentru interior. Rafturile ag\u0103\u021bate de perete sunt ideale pentru living sau camera de mas\u0103, unde devin fundal pentru accesorii ne\u00e2nsemnante decorative, suvenire \u0219i fotografii familiale. Raftul de perete arat\u0103 de asemenea grozav \u00een buc\u0103t\u0103rie \u0219i \u00een sala de mese, unde se p\u0103streaz\u0103 vesela, ustensilele de buc\u0103t\u0103rie, recipiente cu condimente \u0219i tot ceea ce este util la prepararea sau servirea bucatelor.<\/p>\r\n<p>\u00cen camera sau dormitorul copiilor, rafturile de perete din lemn sunt folosite pentru a aranja juc\u0103rii, c\u0103r\u021bi \u0219i obiecte mici pe care dori\u021bi s\u0103 le ave\u021bi la \u00eendem\u00e2n\u0103. Raftul de perete din lemn men\u021bionat mai sus este \u00een perfect\u0103 armonie cu alt mobilier din pin: dulap, mas\u0103 sau pat, cre\u00e2nd o compozi\u021bie func\u021bional\u0103 \u0219i pl\u0103cut\u0103 pentru ochi.\u00a0 Mobilierul nostru din lemn, este, de asemenea, o metod\u0103 de a economisi spa\u021biu: aleg\u00e2nd rafturile de perete pentru col\u021buri, astfel, unghiurile greu accesibile din casa dvs. Vor fi un spa\u021biu suplimentar pentru p\u0103strarea obiectelor. O gam\u0103 larg\u0103 \u0219i variat\u0103 de produse, precum \u0219i posibilitatea de a alege culorile v\u0103 permit s\u0103 procura\u021bi rafturile de perete adaptate unui interior anume.<\/p>\r\n<p>Pinul din care este confec\u0163ionat raftul, are propriet\u0103\u0163i unice. Acesta elimin\u0103 substan\u0163e volatile, care lichideaz\u0103 to\u0163i mocrobii din locuin\u0163\u0103. Substan\u0163ele volatile cur\u0103\u0163\u0103 atmosfera din camer\u0103 \u015fi previne apari\u0163ia bolilor. Chiar \u015fi dup\u0103 prelucrarea mobilei din pin ea \u00ee\u015fi p\u0103streaz\u0103 propriet\u0103\u0163ile medicinale. Astfel c\u0103 mobila din pin este nu doar un element decorativ al casei dvs. dar \u015fi o garan\u0163ie a s\u0103n\u0103t\u0103\u0163ii.<\/p>\r\n<p>\u00cen pin persist\u0103 o cantitate imens\u0103 de r\u0103\u015fini, care sub influen\u0163a calit\u0103\u0163ilor sale puternice, previne apari\u0163ia mucegaiului \u015fi ciupercilor. Pinul, la fel, \u00eenl\u0103tur\u0103 parazi\u0163ii \u015fi stagneaz\u0103 procesul de putrefac\u0163ie.<strong> \u00a0\u00a0\u00a0\u00a0\u00a0\u00a0\u00a0\u00a0\u00a0\u00a0\u00a0\u00a0\u00a0\u00a0\u00a0\u00a0\u00a0\u00a0\u00a0\u00a0\u00a0\u00a0\u00a0\u00a0\u00a0\u00a0\u00a0\u00a0\u00a0\u00a0\u00a0\u00a0\u00a0\u00a0\u00a0\u00a0\u00a0\u00a0\u00a0\u00a0\u00a0\u00a0\u00a0\u00a0\u00a0\u00a0\u00a0\u00a0\u00a0\u00a0\u00a0\u00a0\u00a0\u00a0\u00a0\u00a0\u00a0\u00a0\u00a0\u00a0\u00a0\u00a0\u00a0\u00a0\u00a0\u00a0\u00a0\u00a0\u00a0\u00a0\u00a0\u00a0\u00a0\u00a0<\/strong><\/p>\r\n<\/li>\r\n<\/ul>","protected":false},"excerpt":{"rendered":"<p>Pute\u0163i procura \u00een credit, un raft, p\u00e2n\u0103 la 36 luni sau \u00een rate cu 0% dob\u00e2nd\u0103 \u00een decurs de 6 luni. Livrare gratuit\u0103 \u00een toat\u0103 \u0163ara. Raft de perete \u2013 combina\u021bia perfect\u0103 dintre confort \u0219i elegan\u021b\u0103. \u00cen sortimentul nostru ve\u021bi g\u0103si rafturi de perete func\u021bionale din lemn. Rafturile de acest tip, din pin, sunt o [&hellip;]<\/p>\n","protected":false},"featured_media":26999,"comment_status":"closed","ping_status":"closed","template":"","meta":[],"product_cat":[3241,3453,3298,3248],"product_tag":[],"yoast_head":"<!-- This site is optimized with the Yoast SEO plugin v20.8 - https:\/\/yoast.com\/wordpress\/plugins\/seo\/ -->\n<title>\u041a\u0443\u043f\u0438\u0442\u044c Poli\u0163a N 14 \u0432 \u041a\u0438\u0448\u0438\u043d\u0435\u0432\u0435 \u0441 \u0434\u043e\u0441\u0442\u0430\u0432\u043a\u043e\u0439 | Mob.MD<\/title>\n<meta name=\"robots\" content=\"index, follow, max-snippet:-1, max-image-preview:large, max-video-preview:-1\" \/>\n<link rel=\"canonical\" href=\"https:\/\/mob.md\/ro\/shop-ro\/polite-si-rafturi\/polite\/polita-n14\/\" \/>\n<meta property=\"og:locale\" content=\"ro_RO\" \/>\n<meta property=\"og:type\" content=\"article\" \/>\n<meta property=\"og:title\" content=\"\u041a\u0443\u043f\u0438\u0442\u044c Poli\u0163a N 14 \u0432 \u041a\u0438\u0448\u0438\u043d\u0435\u0432\u0435 \u0441 \u0434\u043e\u0441\u0442\u0430\u0432\u043a\u043e\u0439 | Mob.MD\" \/>\n<meta property=\"og:description\" content=\"Pute\u0163i procura \u00een credit, un raft, p\u00e2n\u0103 la 36 luni sau \u00een rate cu 0% dob\u00e2nd\u0103 \u00een decurs de 6 luni. Livrare gratuit\u0103 \u00een toat\u0103 \u0163ara. Raft de perete \u2013 combina\u021bia perfect\u0103 dintre confort \u0219i elegan\u021b\u0103. \u00cen sortimentul nostru ve\u021bi g\u0103si rafturi de perete func\u021bionale din lemn. Rafturile de acest tip, din pin, sunt o [&hellip;]\" \/>\n<meta property=\"og:url\" content=\"https:\/\/mob.md\/ro\/shop-ro\/polite-si-rafturi\/polite\/polita-n14\/\" \/>\n<meta property=\"og:site_name\" content=\"Mob.MD\" \/>\n<meta property=\"article:publisher\" content=\"https:\/\/www.facebook.com\/Mob.md?locale=ru_RU\" \/>\n<meta property=\"article:modified_time\" content=\"2021-04-07T13:59:44+00:00\" \/>\n<meta property=\"og:image\" content=\"https:\/\/mob.md\/wp-content\/uploads\/2019\/05\/Polkanr14sosna_.png\" \/>\n\t<meta property=\"og:image:width\" content=\"1200\" \/>\n\t<meta property=\"og:image:height\" content=\"800\" \/>\n\t<meta property=\"og:image:type\" content=\"image\/png\" \/>\n<meta name=\"twitter:card\" content=\"summary_large_image\" \/>\n<meta name=\"twitter:label1\" content=\"Timp estimat pentru citire\" \/>\n\t<meta name=\"twitter:data1\" content=\"2 minute\" \/>\n<script type=\"application\/ld+json\" class=\"yoast-schema-graph\">{\"@context\":\"https:\/\/schema.org\",\"@graph\":[{\"@type\":\"WebPage\",\"@id\":\"https:\/\/mob.md\/ro\/shop-ro\/polite-si-rafturi\/polite\/polita-n14\/\",\"url\":\"https:\/\/mob.md\/ro\/shop-ro\/polite-si-rafturi\/polite\/polita-n14\/\",\"name\":\"\u041a\u0443\u043f\u0438\u0442\u044c Poli\u0163a N 14 \u0432 \u041a\u0438\u0448\u0438\u043d\u0435\u0432\u0435 \u0441 \u0434\u043e\u0441\u0442\u0430\u0432\u043a\u043e\u0439 | Mob.MD\",\"isPartOf\":{\"@id\":\"https:\/\/mob.md\/ro\/#website\"},\"datePublished\":\"2019-05-06T17:56:44+00:00\",\"dateModified\":\"2021-04-07T13:59:44+00:00\",\"breadcrumb\":{\"@id\":\"https:\/\/mob.md\/ro\/shop-ro\/polite-si-rafturi\/polite\/polita-n14\/#breadcrumb\"},\"inLanguage\":\"ro-RO\",\"potentialAction\":[{\"@type\":\"ReadAction\",\"target\":[\"https:\/\/mob.md\/ro\/shop-ro\/polite-si-rafturi\/polite\/polita-n14\/\"]}]},{\"@type\":\"BreadcrumbList\",\"@id\":\"https:\/\/mob.md\/ro\/shop-ro\/polite-si-rafturi\/polite\/polita-n14\/#breadcrumb\",\"itemListElement\":[{\"@type\":\"ListItem\",\"position\":1,\"name\":\"\u0413\u043b\u0430\u0432\u043d\u0430\u044f \u0441\u0442\u0440\u0430\u043d\u0438\u0446\u0430\",\"item\":\"https:\/\/mob.md\/ro\/\"},{\"@type\":\"ListItem\",\"position\":2,\"name\":\"Catalog\",\"item\":\"https:\/\/mob.md\/ro\/shop-ro\/\"},{\"@type\":\"ListItem\",\"position\":3,\"name\":\"Poli\u0163a N 14\"}]},{\"@type\":\"WebSite\",\"@id\":\"https:\/\/mob.md\/ro\/#website\",\"url\":\"https:\/\/mob.md\/ro\/\",\"name\":\"Mob.MD\",\"description\":\"Mob.MD\",\"publisher\":{\"@id\":\"https:\/\/mob.md\/ro\/#organization\"},\"potentialAction\":[{\"@type\":\"SearchAction\",\"target\":{\"@type\":\"EntryPoint\",\"urlTemplate\":\"https:\/\/mob.md\/ro\/?s={search_term_string}\"},\"query-input\":\"required name=search_term_string\"}],\"inLanguage\":\"ro-RO\"},{\"@type\":\"Organization\",\"@id\":\"https:\/\/mob.md\/ro\/#organization\",\"name\":\"Mob.md\",\"url\":\"https:\/\/mob.md\/ro\/\",\"logo\":{\"@type\":\"ImageObject\",\"inLanguage\":\"ro-RO\",\"@id\":\"https:\/\/mob.md\/ro\/#\/schema\/logo\/image\/\",\"url\":\"https:\/\/mob.md\/wp-content\/uploads\/2021\/02\/logo-1.png\",\"contentUrl\":\"https:\/\/mob.md\/wp-content\/uploads\/2021\/02\/logo-1.png\",\"width\":324,\"height\":193,\"caption\":\"Mob.md\"},\"image\":{\"@id\":\"https:\/\/mob.md\/ro\/#\/schema\/logo\/image\/\"},\"sameAs\":[\"https:\/\/www.facebook.com\/Mob.md?locale=ru_RU\",\"https:\/\/www.instagram.com\/mob.md.moldova\/\"]}]}<\/script>\n<!-- \/ Yoast SEO plugin. -->","yoast_head_json":{"title":"\u041a\u0443\u043f\u0438\u0442\u044c Poli\u0163a N 14 \u0432 \u041a\u0438\u0448\u0438\u043d\u0435\u0432\u0435 \u0441 \u0434\u043e\u0441\u0442\u0430\u0432\u043a\u043e\u0439 | Mob.MD","robots":{"index":"index","follow":"follow","max-snippet":"max-snippet:-1","max-image-preview":"max-image-preview:large","max-video-preview":"max-video-preview:-1"},"canonical":"https:\/\/mob.md\/ro\/shop-ro\/polite-si-rafturi\/polite\/polita-n14\/","og_locale":"ro_RO","og_type":"article","og_title":"\u041a\u0443\u043f\u0438\u0442\u044c Poli\u0163a N 14 \u0432 \u041a\u0438\u0448\u0438\u043d\u0435\u0432\u0435 \u0441 \u0434\u043e\u0441\u0442\u0430\u0432\u043a\u043e\u0439 | Mob.MD","og_description":"Pute\u0163i procura \u00een credit, un raft, p\u00e2n\u0103 la 36 luni sau \u00een rate cu 0% dob\u00e2nd\u0103 \u00een decurs de 6 luni. Livrare gratuit\u0103 \u00een toat\u0103 \u0163ara. Raft de perete \u2013 combina\u021bia perfect\u0103 dintre confort \u0219i elegan\u021b\u0103. \u00cen sortimentul nostru ve\u021bi g\u0103si rafturi de perete func\u021bionale din lemn. Rafturile de acest tip, din pin, sunt o [&hellip;]","og_url":"https:\/\/mob.md\/ro\/shop-ro\/polite-si-rafturi\/polite\/polita-n14\/","og_site_name":"Mob.MD","article_publisher":"https:\/\/www.facebook.com\/Mob.md?locale=ru_RU","article_modified_time":"2021-04-07T13:59:44+00:00","og_image":[{"width":1200,"height":800,"url":"https:\/\/mob.md\/wp-content\/uploads\/2019\/05\/Polkanr14sosna_.png","type":"image\/png"}],"twitter_card":"summary_large_image","twitter_misc":{"Timp estimat pentru citire":"2 minute"},"schema":{"@context":"https:\/\/schema.org","@graph":[{"@type":"WebPage","@id":"https:\/\/mob.md\/ro\/shop-ro\/polite-si-rafturi\/polite\/polita-n14\/","url":"https:\/\/mob.md\/ro\/shop-ro\/polite-si-rafturi\/polite\/polita-n14\/","name":"\u041a\u0443\u043f\u0438\u0442\u044c Poli\u0163a N 14 \u0432 \u041a\u0438\u0448\u0438\u043d\u0435\u0432\u0435 \u0441 \u0434\u043e\u0441\u0442\u0430\u0432\u043a\u043e\u0439 | Mob.MD","isPartOf":{"@id":"https:\/\/mob.md\/ro\/#website"},"datePublished":"2019-05-06T17:56:44+00:00","dateModified":"2021-04-07T13:59:44+00:00","breadcrumb":{"@id":"https:\/\/mob.md\/ro\/shop-ro\/polite-si-rafturi\/polite\/polita-n14\/#breadcrumb"},"inLanguage":"ro-RO","potentialAction":[{"@type":"ReadAction","target":["https:\/\/mob.md\/ro\/shop-ro\/polite-si-rafturi\/polite\/polita-n14\/"]}]},{"@type":"BreadcrumbList","@id":"https:\/\/mob.md\/ro\/shop-ro\/polite-si-rafturi\/polite\/polita-n14\/#breadcrumb","itemListElement":[{"@type":"ListItem","position":1,"name":"\u0413\u043b\u0430\u0432\u043d\u0430\u044f \u0441\u0442\u0440\u0430\u043d\u0438\u0446\u0430","item":"https:\/\/mob.md\/ro\/"},{"@type":"ListItem","position":2,"name":"Catalog","item":"https:\/\/mob.md\/ro\/shop-ro\/"},{"@type":"ListItem","position":3,"name":"Poli\u0163a N 14"}]},{"@type":"WebSite","@id":"https:\/\/mob.md\/ro\/#website","url":"https:\/\/mob.md\/ro\/","name":"Mob.MD","description":"Mob.MD","publisher":{"@id":"https:\/\/mob.md\/ro\/#organization"},"potentialAction":[{"@type":"SearchAction","target":{"@type":"EntryPoint","urlTemplate":"https:\/\/mob.md\/ro\/?s={search_term_string}"},"query-input":"required name=search_term_string"}],"inLanguage":"ro-RO"},{"@type":"Organization","@id":"https:\/\/mob.md\/ro\/#organization","name":"Mob.md","url":"https:\/\/mob.md\/ro\/","logo":{"@type":"ImageObject","inLanguage":"ro-RO","@id":"https:\/\/mob.md\/ro\/#\/schema\/logo\/image\/","url":"https:\/\/mob.md\/wp-content\/uploads\/2021\/02\/logo-1.png","contentUrl":"https:\/\/mob.md\/wp-content\/uploads\/2021\/02\/logo-1.png","width":324,"height":193,"caption":"Mob.md"},"image":{"@id":"https:\/\/mob.md\/ro\/#\/schema\/logo\/image\/"},"sameAs":["https:\/\/www.facebook.com\/Mob.md?locale=ru_RU","https:\/\/www.instagram.com\/mob.md.moldova\/"]}]}},"_links":{"self":[{"href":"https:\/\/mob.md\/ro\/wp-json\/wp\/v2\/product\/19216"}],"collection":[{"href":"https:\/\/mob.md\/ro\/wp-json\/wp\/v2\/product"}],"about":[{"href":"https:\/\/mob.md\/ro\/wp-json\/wp\/v2\/types\/product"}],"replies":[{"embeddable":true,"href":"https:\/\/mob.md\/ro\/wp-json\/wp\/v2\/comments?post=19216"}],"wp:featuredmedia":[{"embeddable":true,"href":"https:\/\/mob.md\/ro\/wp-json\/wp\/v2\/media\/26999"}],"wp:attachment":[{"href":"https:\/\/mob.md\/ro\/wp-json\/wp\/v2\/media?parent=19216"}],"wp:term":[{"taxonomy":"product_cat","embeddable":true,"href":"https:\/\/mob.md\/ro\/wp-json\/wp\/v2\/product_cat?post=19216"},{"taxonomy":"product_tag","embeddable":true,"href":"https:\/\/mob.md\/ro\/wp-json\/wp\/v2\/product_tag?post=19216"}],"curies":[{"name":"wp","href":"https:\/\/api.w.org\/{rel}","templated":true}]}}