{"id":19410,"date":"2019-05-06T19:56:08","date_gmt":"2019-05-06T18:01:28","guid":{"rendered":"https:\/\/mob.md\/product\/tumba-de-incaltaminte-%e2%84%9610\/"},"modified":"2021-10-17T08:19:47","modified_gmt":"2021-10-17T05:19:47","slug":"tumba-de-incaltaminte-%e2%84%9610","status":"publish","type":"product","link":"https:\/\/mob.md\/ro\/shop-ro\/tumbe-si-noptiere\/tumbe-pentru-incaltaminte\/tumba-de-incaltaminte-%e2%84%9610\/","title":{"rendered":"Dulap pentru incaltaminte \u211610"},"content":{"rendered":"<ul>\r\n\t<li>\r\n<h4>Tumba de \u00eenc\u0103l\u021b\u0103minte datorit\u0103 designului func\u021bional va ajuta la men\u021binerea ordinii a incaltamintei depozitate. Mobilierul a fost realizat \u00een \u00eentregime din lemn de pin, ceea ce face ca constructia s\u0103 fie extrem de durabila \u0219i stabila. Forma definitiva a dulapului se potrive\u0219te perfect \u00een diferitele stiluri de decorare.<br \/>\r\nMobilierul este realizat din cel mai bun lemn de pin \u0219i trei straturi de vopsea cu lac ecologic. Lacurile pe care le folosim sunt certificate de Institutul European de Igien\u0103 \u0219i sunt utilizate \u00een fabricarea mobilierului pentru copii.<\/h4>\r\n<\/li>\r\n<\/ul>","protected":false},"excerpt":{"rendered":"<p>Tumba de \u00eenc\u0103l\u021b\u0103minte datorit\u0103 designului func\u021bional va ajuta la men\u021binerea ordinii a incaltamintei depozitate. Mobilierul a fost realizat \u00een \u00eentregime din lemn de pin, ceea ce face ca constructia s\u0103 fie extrem de durabila \u0219i stabila. Forma definitiva a dulapului se potrive\u0219te perfect \u00een diferitele stiluri de decorare. Mobilierul este realizat din cel mai bun [&hellip;]<\/p>\n","protected":false},"featured_media":27462,"comment_status":"closed","ping_status":"closed","template":"","meta":[],"product_cat":[3293,3290],"product_tag":[],"yoast_head":"<!-- This site is optimized with the Yoast SEO plugin v20.8 - https:\/\/yoast.com\/wordpress\/plugins\/seo\/ -->\n<title>\u041a\u0443\u043f\u0438\u0442\u044c Dulap pentru incaltaminte \u211610 \u0432 \u041a\u0438\u0448\u0438\u043d\u0435\u0432\u0435 \u0441 \u0434\u043e\u0441\u0442\u0430\u0432\u043a\u043e\u0439 | Mob.MD<\/title>\n<meta name=\"robots\" content=\"index, follow, max-snippet:-1, max-image-preview:large, max-video-preview:-1\" \/>\n<link rel=\"canonical\" href=\"https:\/\/mob.md\/ro\/shop-ro\/tumbe-si-noptiere\/tumbe-pentru-incaltaminte\/tumba-de-incaltaminte-%e2%84%9610\/\" \/>\n<meta property=\"og:locale\" content=\"ro_RO\" \/>\n<meta property=\"og:type\" content=\"article\" \/>\n<meta property=\"og:title\" content=\"\u041a\u0443\u043f\u0438\u0442\u044c Dulap pentru incaltaminte \u211610 \u0432 \u041a\u0438\u0448\u0438\u043d\u0435\u0432\u0435 \u0441 \u0434\u043e\u0441\u0442\u0430\u0432\u043a\u043e\u0439 | Mob.MD\" \/>\n<meta property=\"og:description\" content=\"Tumba de \u00eenc\u0103l\u021b\u0103minte datorit\u0103 designului func\u021bional va ajuta la men\u021binerea ordinii a incaltamintei depozitate. Mobilierul a fost realizat \u00een \u00eentregime din lemn de pin, ceea ce face ca constructia s\u0103 fie extrem de durabila \u0219i stabila. Forma definitiva a dulapului se potrive\u0219te perfect \u00een diferitele stiluri de decorare. Mobilierul este realizat din cel mai bun [&hellip;]\" \/>\n<meta property=\"og:url\" content=\"https:\/\/mob.md\/ro\/shop-ro\/tumbe-si-noptiere\/tumbe-pentru-incaltaminte\/tumba-de-incaltaminte-%e2%84%9610\/\" \/>\n<meta property=\"og:site_name\" content=\"Mob.MD\" \/>\n<meta property=\"article:publisher\" content=\"https:\/\/www.facebook.com\/Mob.md?locale=ru_RU\" \/>\n<meta property=\"article:modified_time\" content=\"2021-10-17T05:19:47+00:00\" \/>\n<meta property=\"og:image\" content=\"https:\/\/mob.md\/wp-content\/uploads\/2019\/05\/f2858c2349f3d2867c1a66b39aed9ac4_.png\" \/>\n\t<meta property=\"og:image:width\" content=\"1200\" \/>\n\t<meta property=\"og:image:height\" content=\"800\" \/>\n\t<meta property=\"og:image:type\" content=\"image\/png\" \/>\n<meta name=\"twitter:card\" content=\"summary_large_image\" \/>\n<script type=\"application\/ld+json\" class=\"yoast-schema-graph\">{\"@context\":\"https:\/\/schema.org\",\"@graph\":[{\"@type\":\"WebPage\",\"@id\":\"https:\/\/mob.md\/ro\/shop-ro\/tumbe-si-noptiere\/tumbe-pentru-incaltaminte\/tumba-de-incaltaminte-%e2%84%9610\/\",\"url\":\"https:\/\/mob.md\/ro\/shop-ro\/tumbe-si-noptiere\/tumbe-pentru-incaltaminte\/tumba-de-incaltaminte-%e2%84%9610\/\",\"name\":\"\u041a\u0443\u043f\u0438\u0442\u044c Dulap pentru incaltaminte \u211610 \u0432 \u041a\u0438\u0448\u0438\u043d\u0435\u0432\u0435 \u0441 \u0434\u043e\u0441\u0442\u0430\u0432\u043a\u043e\u0439 | Mob.MD\",\"isPartOf\":{\"@id\":\"https:\/\/mob.md\/ro\/#website\"},\"datePublished\":\"2019-05-06T18:01:28+00:00\",\"dateModified\":\"2021-10-17T05:19:47+00:00\",\"breadcrumb\":{\"@id\":\"https:\/\/mob.md\/ro\/shop-ro\/tumbe-si-noptiere\/tumbe-pentru-incaltaminte\/tumba-de-incaltaminte-%e2%84%9610\/#breadcrumb\"},\"inLanguage\":\"ro-RO\",\"potentialAction\":[{\"@type\":\"ReadAction\",\"target\":[\"https:\/\/mob.md\/ro\/shop-ro\/tumbe-si-noptiere\/tumbe-pentru-incaltaminte\/tumba-de-incaltaminte-%e2%84%9610\/\"]}]},{\"@type\":\"BreadcrumbList\",\"@id\":\"https:\/\/mob.md\/ro\/shop-ro\/tumbe-si-noptiere\/tumbe-pentru-incaltaminte\/tumba-de-incaltaminte-%e2%84%9610\/#breadcrumb\",\"itemListElement\":[{\"@type\":\"ListItem\",\"position\":1,\"name\":\"\u0413\u043b\u0430\u0432\u043d\u0430\u044f \u0441\u0442\u0440\u0430\u043d\u0438\u0446\u0430\",\"item\":\"https:\/\/mob.md\/ro\/\"},{\"@type\":\"ListItem\",\"position\":2,\"name\":\"Catalog\",\"item\":\"https:\/\/mob.md\/ro\/shop-ro\/\"},{\"@type\":\"ListItem\",\"position\":3,\"name\":\"Dulap pentru incaltaminte \u211610\"}]},{\"@type\":\"WebSite\",\"@id\":\"https:\/\/mob.md\/ro\/#website\",\"url\":\"https:\/\/mob.md\/ro\/\",\"name\":\"Mob.MD\",\"description\":\"Mob.MD\",\"publisher\":{\"@id\":\"https:\/\/mob.md\/ro\/#organization\"},\"potentialAction\":[{\"@type\":\"SearchAction\",\"target\":{\"@type\":\"EntryPoint\",\"urlTemplate\":\"https:\/\/mob.md\/ro\/?s={search_term_string}\"},\"query-input\":\"required name=search_term_string\"}],\"inLanguage\":\"ro-RO\"},{\"@type\":\"Organization\",\"@id\":\"https:\/\/mob.md\/ro\/#organization\",\"name\":\"Mob.md\",\"url\":\"https:\/\/mob.md\/ro\/\",\"logo\":{\"@type\":\"ImageObject\",\"inLanguage\":\"ro-RO\",\"@id\":\"https:\/\/mob.md\/ro\/#\/schema\/logo\/image\/\",\"url\":\"https:\/\/mob.md\/wp-content\/uploads\/2021\/02\/logo-1.png\",\"contentUrl\":\"https:\/\/mob.md\/wp-content\/uploads\/2021\/02\/logo-1.png\",\"width\":324,\"height\":193,\"caption\":\"Mob.md\"},\"image\":{\"@id\":\"https:\/\/mob.md\/ro\/#\/schema\/logo\/image\/\"},\"sameAs\":[\"https:\/\/www.facebook.com\/Mob.md?locale=ru_RU\",\"https:\/\/www.instagram.com\/mob.md.moldova\/\"]}]}<\/script>\n<!-- \/ Yoast SEO plugin. -->","yoast_head_json":{"title":"\u041a\u0443\u043f\u0438\u0442\u044c Dulap pentru incaltaminte \u211610 \u0432 \u041a\u0438\u0448\u0438\u043d\u0435\u0432\u0435 \u0441 \u0434\u043e\u0441\u0442\u0430\u0432\u043a\u043e\u0439 | Mob.MD","robots":{"index":"index","follow":"follow","max-snippet":"max-snippet:-1","max-image-preview":"max-image-preview:large","max-video-preview":"max-video-preview:-1"},"canonical":"https:\/\/mob.md\/ro\/shop-ro\/tumbe-si-noptiere\/tumbe-pentru-incaltaminte\/tumba-de-incaltaminte-%e2%84%9610\/","og_locale":"ro_RO","og_type":"article","og_title":"\u041a\u0443\u043f\u0438\u0442\u044c Dulap pentru incaltaminte \u211610 \u0432 \u041a\u0438\u0448\u0438\u043d\u0435\u0432\u0435 \u0441 \u0434\u043e\u0441\u0442\u0430\u0432\u043a\u043e\u0439 | Mob.MD","og_description":"Tumba de \u00eenc\u0103l\u021b\u0103minte datorit\u0103 designului func\u021bional va ajuta la men\u021binerea ordinii a incaltamintei depozitate. Mobilierul a fost realizat \u00een \u00eentregime din lemn de pin, ceea ce face ca constructia s\u0103 fie extrem de durabila \u0219i stabila. Forma definitiva a dulapului se potrive\u0219te perfect \u00een diferitele stiluri de decorare. Mobilierul este realizat din cel mai bun [&hellip;]","og_url":"https:\/\/mob.md\/ro\/shop-ro\/tumbe-si-noptiere\/tumbe-pentru-incaltaminte\/tumba-de-incaltaminte-%e2%84%9610\/","og_site_name":"Mob.MD","article_publisher":"https:\/\/www.facebook.com\/Mob.md?locale=ru_RU","article_modified_time":"2021-10-17T05:19:47+00:00","og_image":[{"width":1200,"height":800,"url":"https:\/\/mob.md\/wp-content\/uploads\/2019\/05\/f2858c2349f3d2867c1a66b39aed9ac4_.png","type":"image\/png"}],"twitter_card":"summary_large_image","schema":{"@context":"https:\/\/schema.org","@graph":[{"@type":"WebPage","@id":"https:\/\/mob.md\/ro\/shop-ro\/tumbe-si-noptiere\/tumbe-pentru-incaltaminte\/tumba-de-incaltaminte-%e2%84%9610\/","url":"https:\/\/mob.md\/ro\/shop-ro\/tumbe-si-noptiere\/tumbe-pentru-incaltaminte\/tumba-de-incaltaminte-%e2%84%9610\/","name":"\u041a\u0443\u043f\u0438\u0442\u044c Dulap pentru incaltaminte \u211610 \u0432 \u041a\u0438\u0448\u0438\u043d\u0435\u0432\u0435 \u0441 \u0434\u043e\u0441\u0442\u0430\u0432\u043a\u043e\u0439 | Mob.MD","isPartOf":{"@id":"https:\/\/mob.md\/ro\/#website"},"datePublished":"2019-05-06T18:01:28+00:00","dateModified":"2021-10-17T05:19:47+00:00","breadcrumb":{"@id":"https:\/\/mob.md\/ro\/shop-ro\/tumbe-si-noptiere\/tumbe-pentru-incaltaminte\/tumba-de-incaltaminte-%e2%84%9610\/#breadcrumb"},"inLanguage":"ro-RO","potentialAction":[{"@type":"ReadAction","target":["https:\/\/mob.md\/ro\/shop-ro\/tumbe-si-noptiere\/tumbe-pentru-incaltaminte\/tumba-de-incaltaminte-%e2%84%9610\/"]}]},{"@type":"BreadcrumbList","@id":"https:\/\/mob.md\/ro\/shop-ro\/tumbe-si-noptiere\/tumbe-pentru-incaltaminte\/tumba-de-incaltaminte-%e2%84%9610\/#breadcrumb","itemListElement":[{"@type":"ListItem","position":1,"name":"\u0413\u043b\u0430\u0432\u043d\u0430\u044f \u0441\u0442\u0440\u0430\u043d\u0438\u0446\u0430","item":"https:\/\/mob.md\/ro\/"},{"@type":"ListItem","position":2,"name":"Catalog","item":"https:\/\/mob.md\/ro\/shop-ro\/"},{"@type":"ListItem","position":3,"name":"Dulap pentru incaltaminte \u211610"}]},{"@type":"WebSite","@id":"https:\/\/mob.md\/ro\/#website","url":"https:\/\/mob.md\/ro\/","name":"Mob.MD","description":"Mob.MD","publisher":{"@id":"https:\/\/mob.md\/ro\/#organization"},"potentialAction":[{"@type":"SearchAction","target":{"@type":"EntryPoint","urlTemplate":"https:\/\/mob.md\/ro\/?s={search_term_string}"},"query-input":"required name=search_term_string"}],"inLanguage":"ro-RO"},{"@type":"Organization","@id":"https:\/\/mob.md\/ro\/#organization","name":"Mob.md","url":"https:\/\/mob.md\/ro\/","logo":{"@type":"ImageObject","inLanguage":"ro-RO","@id":"https:\/\/mob.md\/ro\/#\/schema\/logo\/image\/","url":"https:\/\/mob.md\/wp-content\/uploads\/2021\/02\/logo-1.png","contentUrl":"https:\/\/mob.md\/wp-content\/uploads\/2021\/02\/logo-1.png","width":324,"height":193,"caption":"Mob.md"},"image":{"@id":"https:\/\/mob.md\/ro\/#\/schema\/logo\/image\/"},"sameAs":["https:\/\/www.facebook.com\/Mob.md?locale=ru_RU","https:\/\/www.instagram.com\/mob.md.moldova\/"]}]}},"_links":{"self":[{"href":"https:\/\/mob.md\/ro\/wp-json\/wp\/v2\/product\/19410"}],"collection":[{"href":"https:\/\/mob.md\/ro\/wp-json\/wp\/v2\/product"}],"about":[{"href":"https:\/\/mob.md\/ro\/wp-json\/wp\/v2\/types\/product"}],"replies":[{"embeddable":true,"href":"https:\/\/mob.md\/ro\/wp-json\/wp\/v2\/comments?post=19410"}],"wp:featuredmedia":[{"embeddable":true,"href":"https:\/\/mob.md\/ro\/wp-json\/wp\/v2\/media\/27462"}],"wp:attachment":[{"href":"https:\/\/mob.md\/ro\/wp-json\/wp\/v2\/media?parent=19410"}],"wp:term":[{"taxonomy":"product_cat","embeddable":true,"href":"https:\/\/mob.md\/ro\/wp-json\/wp\/v2\/product_cat?post=19410"},{"taxonomy":"product_tag","embeddable":true,"href":"https:\/\/mob.md\/ro\/wp-json\/wp\/v2\/product_tag?post=19410"}],"curies":[{"name":"wp","href":"https:\/\/api.w.org\/{rel}","templated":true}]}}