{"id":19446,"date":"2019-05-06T19:56:40","date_gmt":"2019-05-06T18:02:24","guid":{"rendered":"https:\/\/mob.md\/product\/tumba-de-incaltaminte-%e2%84%9616\/"},"modified":"2021-10-17T08:11:18","modified_gmt":"2021-10-17T05:11:18","slug":"tumba-de-incaltaminte-%e2%84%9616","status":"publish","type":"product","link":"https:\/\/mob.md\/ro\/shop-ro\/tumbe-si-noptiere\/tumbe-pentru-incaltaminte\/tumba-de-incaltaminte-%e2%84%9616\/","title":{"rendered":"Dulap pentru incaltaminte \u211616"},"content":{"rendered":"<p>Pute\u0163i procura \u00een credit, o dulap pentru \u00eenc\u0103l\u0163\u0103minte, p\u00e2n\u0103 la 36 luni sau \u00een rate cu 0 % dob\u00e2nd\u0103 \u00een decurs de 6 luni. Livrare gratuit\u0103 \u00een toat\u0103 \u0163ara.<\/p>\r\n<p>Dulap pentru \u00eenc\u0103l\u0163\u0103minte este un element de mobil\u0103 important pentru orice locuin\u0163\u0103. Cu ajutorul ei pute\u0163i, cu u\u015furin\u0163\u0103, s\u0103 men\u0163ine\u0163i ordinea \u00een cas\u0103, iar mobilierul selectat corect va deveni un decor frumos al interiorului, major\u00e2ndu-i func\u0163ionalitatea. Mobila din lemn, se potrive\u015fte perfect cu oricare stil de interior, este o combina\u0163ie armonioas\u0103 \u00eentre practicitate, fiabilitate \u015fi confort.\u00a0<\/p>\r\n<p>Magazinul nostru, v\u0103 propune o gam\u0103 larg\u0103 de dulapuri pentru \u00eenc\u0103l\u0163\u0103minte, de diferite \u00een\u0103l\u0163imi, l\u0103\u0163imi \u015fi machete. Unicitatea dulapurilor pentru \u00eenc\u0103l\u0163\u0103minte const\u0103 \u00een func\u0163ionalitatea lor, le pute\u0163i folosi, nu doar pentru p\u0103strarea \u00eenc\u0103l\u0163\u0103mintei dar \u015fi multe alte accesorii, necesare la ie\u015firea din cas\u0103, precum: c\u0103ciuli, m\u0103nu\u015fi, fulare sau umbrele.<\/p>\r\n<p>Pinul din care este confec\u0163ionat dulapul pentru \u00eenc\u0103l\u0163\u0103minte are propriet\u0103\u0163i unice. Acesta elimin\u0103 substan\u0163e volatile, care lichideaz\u0103 to\u0163i mocrobii din locuin\u0163\u0103. Substan\u0163ele volatile cur\u0103\u0163\u0103 atmosfera din camer\u0103 \u015fi previne apari\u0163ia bolilor. Chiar \u015fi dup\u0103 prelucrarea mobilei din pin ea \u00ee\u015fi p\u0103streaz\u0103 propriet\u0103\u0163ile medicinale. Astfel c\u0103 mobila din pin este nu doar un element decorativ al casei dvs. dar \u015fi o garan\u0163ie a s\u0103n\u0103t\u0103\u0163ii.<\/p>","protected":false},"excerpt":{"rendered":"<p>Pute\u0163i procura \u00een credit, o dulap pentru \u00eenc\u0103l\u0163\u0103minte, p\u00e2n\u0103 la 36 luni sau \u00een rate cu 0 % dob\u00e2nd\u0103 \u00een decurs de 6 luni. Livrare gratuit\u0103 \u00een toat\u0103 \u0163ara. Dulap pentru \u00eenc\u0103l\u0163\u0103minte este un element de mobil\u0103 important pentru orice locuin\u0163\u0103. Cu ajutorul ei pute\u0163i, cu u\u015furin\u0163\u0103, s\u0103 men\u0163ine\u0163i ordinea \u00een cas\u0103, iar mobilierul selectat [&hellip;]<\/p>\n","protected":false},"featured_media":27314,"comment_status":"closed","ping_status":"closed","template":"","meta":[],"product_cat":[3248,3293,3290],"product_tag":[],"yoast_head":"<!-- This site is optimized with the Yoast SEO plugin v20.8 - https:\/\/yoast.com\/wordpress\/plugins\/seo\/ -->\n<title>\u041a\u0443\u043f\u0438\u0442\u044c Dulap pentru incaltaminte \u211616 \u0432 \u041a\u0438\u0448\u0438\u043d\u0435\u0432\u0435 \u0441 \u0434\u043e\u0441\u0442\u0430\u0432\u043a\u043e\u0439 | Mob.MD<\/title>\n<meta name=\"robots\" content=\"index, follow, max-snippet:-1, max-image-preview:large, max-video-preview:-1\" \/>\n<link rel=\"canonical\" href=\"https:\/\/mob.md\/ro\/shop-ro\/tumbe-si-noptiere\/tumbe-pentru-incaltaminte\/tumba-de-incaltaminte-%e2%84%9616\/\" \/>\n<meta property=\"og:locale\" content=\"ro_RO\" \/>\n<meta property=\"og:type\" content=\"article\" \/>\n<meta property=\"og:title\" content=\"\u041a\u0443\u043f\u0438\u0442\u044c Dulap pentru incaltaminte \u211616 \u0432 \u041a\u0438\u0448\u0438\u043d\u0435\u0432\u0435 \u0441 \u0434\u043e\u0441\u0442\u0430\u0432\u043a\u043e\u0439 | Mob.MD\" \/>\n<meta property=\"og:description\" content=\"Pute\u0163i procura \u00een credit, o dulap pentru \u00eenc\u0103l\u0163\u0103minte, p\u00e2n\u0103 la 36 luni sau \u00een rate cu 0 % dob\u00e2nd\u0103 \u00een decurs de 6 luni. Livrare gratuit\u0103 \u00een toat\u0103 \u0163ara. Dulap pentru \u00eenc\u0103l\u0163\u0103minte este un element de mobil\u0103 important pentru orice locuin\u0163\u0103. Cu ajutorul ei pute\u0163i, cu u\u015furin\u0163\u0103, s\u0103 men\u0163ine\u0163i ordinea \u00een cas\u0103, iar mobilierul selectat [&hellip;]\" \/>\n<meta property=\"og:url\" content=\"https:\/\/mob.md\/ro\/shop-ro\/tumbe-si-noptiere\/tumbe-pentru-incaltaminte\/tumba-de-incaltaminte-%e2%84%9616\/\" \/>\n<meta property=\"og:site_name\" content=\"Mob.MD\" \/>\n<meta property=\"article:publisher\" content=\"https:\/\/www.facebook.com\/Mob.md?locale=ru_RU\" \/>\n<meta property=\"article:modified_time\" content=\"2021-10-17T05:11:18+00:00\" \/>\n<meta property=\"og:image\" content=\"https:\/\/mob.md\/wp-content\/uploads\/2019\/05\/Szafkanabutynr16sosna_.png\" \/>\n\t<meta property=\"og:image:width\" content=\"1200\" \/>\n\t<meta property=\"og:image:height\" content=\"800\" \/>\n\t<meta property=\"og:image:type\" content=\"image\/png\" \/>\n<meta name=\"twitter:card\" content=\"summary_large_image\" \/>\n<meta name=\"twitter:label1\" content=\"Timp estimat pentru citire\" \/>\n\t<meta name=\"twitter:data1\" content=\"1 minut\" \/>\n<script type=\"application\/ld+json\" class=\"yoast-schema-graph\">{\"@context\":\"https:\/\/schema.org\",\"@graph\":[{\"@type\":\"WebPage\",\"@id\":\"https:\/\/mob.md\/ro\/shop-ro\/tumbe-si-noptiere\/tumbe-pentru-incaltaminte\/tumba-de-incaltaminte-%e2%84%9616\/\",\"url\":\"https:\/\/mob.md\/ro\/shop-ro\/tumbe-si-noptiere\/tumbe-pentru-incaltaminte\/tumba-de-incaltaminte-%e2%84%9616\/\",\"name\":\"\u041a\u0443\u043f\u0438\u0442\u044c Dulap pentru incaltaminte \u211616 \u0432 \u041a\u0438\u0448\u0438\u043d\u0435\u0432\u0435 \u0441 \u0434\u043e\u0441\u0442\u0430\u0432\u043a\u043e\u0439 | Mob.MD\",\"isPartOf\":{\"@id\":\"https:\/\/mob.md\/ro\/#website\"},\"datePublished\":\"2019-05-06T18:02:24+00:00\",\"dateModified\":\"2021-10-17T05:11:18+00:00\",\"breadcrumb\":{\"@id\":\"https:\/\/mob.md\/ro\/shop-ro\/tumbe-si-noptiere\/tumbe-pentru-incaltaminte\/tumba-de-incaltaminte-%e2%84%9616\/#breadcrumb\"},\"inLanguage\":\"ro-RO\",\"potentialAction\":[{\"@type\":\"ReadAction\",\"target\":[\"https:\/\/mob.md\/ro\/shop-ro\/tumbe-si-noptiere\/tumbe-pentru-incaltaminte\/tumba-de-incaltaminte-%e2%84%9616\/\"]}]},{\"@type\":\"BreadcrumbList\",\"@id\":\"https:\/\/mob.md\/ro\/shop-ro\/tumbe-si-noptiere\/tumbe-pentru-incaltaminte\/tumba-de-incaltaminte-%e2%84%9616\/#breadcrumb\",\"itemListElement\":[{\"@type\":\"ListItem\",\"position\":1,\"name\":\"\u0413\u043b\u0430\u0432\u043d\u0430\u044f \u0441\u0442\u0440\u0430\u043d\u0438\u0446\u0430\",\"item\":\"https:\/\/mob.md\/ro\/\"},{\"@type\":\"ListItem\",\"position\":2,\"name\":\"Catalog\",\"item\":\"https:\/\/mob.md\/ro\/shop-ro\/\"},{\"@type\":\"ListItem\",\"position\":3,\"name\":\"Dulap pentru incaltaminte \u211616\"}]},{\"@type\":\"WebSite\",\"@id\":\"https:\/\/mob.md\/ro\/#website\",\"url\":\"https:\/\/mob.md\/ro\/\",\"name\":\"Mob.MD\",\"description\":\"Mob.MD\",\"publisher\":{\"@id\":\"https:\/\/mob.md\/ro\/#organization\"},\"potentialAction\":[{\"@type\":\"SearchAction\",\"target\":{\"@type\":\"EntryPoint\",\"urlTemplate\":\"https:\/\/mob.md\/ro\/?s={search_term_string}\"},\"query-input\":\"required name=search_term_string\"}],\"inLanguage\":\"ro-RO\"},{\"@type\":\"Organization\",\"@id\":\"https:\/\/mob.md\/ro\/#organization\",\"name\":\"Mob.md\",\"url\":\"https:\/\/mob.md\/ro\/\",\"logo\":{\"@type\":\"ImageObject\",\"inLanguage\":\"ro-RO\",\"@id\":\"https:\/\/mob.md\/ro\/#\/schema\/logo\/image\/\",\"url\":\"https:\/\/mob.md\/wp-content\/uploads\/2021\/02\/logo-1.png\",\"contentUrl\":\"https:\/\/mob.md\/wp-content\/uploads\/2021\/02\/logo-1.png\",\"width\":324,\"height\":193,\"caption\":\"Mob.md\"},\"image\":{\"@id\":\"https:\/\/mob.md\/ro\/#\/schema\/logo\/image\/\"},\"sameAs\":[\"https:\/\/www.facebook.com\/Mob.md?locale=ru_RU\",\"https:\/\/www.instagram.com\/mob.md.moldova\/\"]}]}<\/script>\n<!-- \/ Yoast SEO plugin. -->","yoast_head_json":{"title":"\u041a\u0443\u043f\u0438\u0442\u044c Dulap pentru incaltaminte \u211616 \u0432 \u041a\u0438\u0448\u0438\u043d\u0435\u0432\u0435 \u0441 \u0434\u043e\u0441\u0442\u0430\u0432\u043a\u043e\u0439 | Mob.MD","robots":{"index":"index","follow":"follow","max-snippet":"max-snippet:-1","max-image-preview":"max-image-preview:large","max-video-preview":"max-video-preview:-1"},"canonical":"https:\/\/mob.md\/ro\/shop-ro\/tumbe-si-noptiere\/tumbe-pentru-incaltaminte\/tumba-de-incaltaminte-%e2%84%9616\/","og_locale":"ro_RO","og_type":"article","og_title":"\u041a\u0443\u043f\u0438\u0442\u044c Dulap pentru incaltaminte \u211616 \u0432 \u041a\u0438\u0448\u0438\u043d\u0435\u0432\u0435 \u0441 \u0434\u043e\u0441\u0442\u0430\u0432\u043a\u043e\u0439 | Mob.MD","og_description":"Pute\u0163i procura \u00een credit, o dulap pentru \u00eenc\u0103l\u0163\u0103minte, p\u00e2n\u0103 la 36 luni sau \u00een rate cu 0 % dob\u00e2nd\u0103 \u00een decurs de 6 luni. Livrare gratuit\u0103 \u00een toat\u0103 \u0163ara. Dulap pentru \u00eenc\u0103l\u0163\u0103minte este un element de mobil\u0103 important pentru orice locuin\u0163\u0103. Cu ajutorul ei pute\u0163i, cu u\u015furin\u0163\u0103, s\u0103 men\u0163ine\u0163i ordinea \u00een cas\u0103, iar mobilierul selectat [&hellip;]","og_url":"https:\/\/mob.md\/ro\/shop-ro\/tumbe-si-noptiere\/tumbe-pentru-incaltaminte\/tumba-de-incaltaminte-%e2%84%9616\/","og_site_name":"Mob.MD","article_publisher":"https:\/\/www.facebook.com\/Mob.md?locale=ru_RU","article_modified_time":"2021-10-17T05:11:18+00:00","og_image":[{"width":1200,"height":800,"url":"https:\/\/mob.md\/wp-content\/uploads\/2019\/05\/Szafkanabutynr16sosna_.png","type":"image\/png"}],"twitter_card":"summary_large_image","twitter_misc":{"Timp estimat pentru citire":"1 minut"},"schema":{"@context":"https:\/\/schema.org","@graph":[{"@type":"WebPage","@id":"https:\/\/mob.md\/ro\/shop-ro\/tumbe-si-noptiere\/tumbe-pentru-incaltaminte\/tumba-de-incaltaminte-%e2%84%9616\/","url":"https:\/\/mob.md\/ro\/shop-ro\/tumbe-si-noptiere\/tumbe-pentru-incaltaminte\/tumba-de-incaltaminte-%e2%84%9616\/","name":"\u041a\u0443\u043f\u0438\u0442\u044c Dulap pentru incaltaminte \u211616 \u0432 \u041a\u0438\u0448\u0438\u043d\u0435\u0432\u0435 \u0441 \u0434\u043e\u0441\u0442\u0430\u0432\u043a\u043e\u0439 | Mob.MD","isPartOf":{"@id":"https:\/\/mob.md\/ro\/#website"},"datePublished":"2019-05-06T18:02:24+00:00","dateModified":"2021-10-17T05:11:18+00:00","breadcrumb":{"@id":"https:\/\/mob.md\/ro\/shop-ro\/tumbe-si-noptiere\/tumbe-pentru-incaltaminte\/tumba-de-incaltaminte-%e2%84%9616\/#breadcrumb"},"inLanguage":"ro-RO","potentialAction":[{"@type":"ReadAction","target":["https:\/\/mob.md\/ro\/shop-ro\/tumbe-si-noptiere\/tumbe-pentru-incaltaminte\/tumba-de-incaltaminte-%e2%84%9616\/"]}]},{"@type":"BreadcrumbList","@id":"https:\/\/mob.md\/ro\/shop-ro\/tumbe-si-noptiere\/tumbe-pentru-incaltaminte\/tumba-de-incaltaminte-%e2%84%9616\/#breadcrumb","itemListElement":[{"@type":"ListItem","position":1,"name":"\u0413\u043b\u0430\u0432\u043d\u0430\u044f \u0441\u0442\u0440\u0430\u043d\u0438\u0446\u0430","item":"https:\/\/mob.md\/ro\/"},{"@type":"ListItem","position":2,"name":"Catalog","item":"https:\/\/mob.md\/ro\/shop-ro\/"},{"@type":"ListItem","position":3,"name":"Dulap pentru incaltaminte \u211616"}]},{"@type":"WebSite","@id":"https:\/\/mob.md\/ro\/#website","url":"https:\/\/mob.md\/ro\/","name":"Mob.MD","description":"Mob.MD","publisher":{"@id":"https:\/\/mob.md\/ro\/#organization"},"potentialAction":[{"@type":"SearchAction","target":{"@type":"EntryPoint","urlTemplate":"https:\/\/mob.md\/ro\/?s={search_term_string}"},"query-input":"required name=search_term_string"}],"inLanguage":"ro-RO"},{"@type":"Organization","@id":"https:\/\/mob.md\/ro\/#organization","name":"Mob.md","url":"https:\/\/mob.md\/ro\/","logo":{"@type":"ImageObject","inLanguage":"ro-RO","@id":"https:\/\/mob.md\/ro\/#\/schema\/logo\/image\/","url":"https:\/\/mob.md\/wp-content\/uploads\/2021\/02\/logo-1.png","contentUrl":"https:\/\/mob.md\/wp-content\/uploads\/2021\/02\/logo-1.png","width":324,"height":193,"caption":"Mob.md"},"image":{"@id":"https:\/\/mob.md\/ro\/#\/schema\/logo\/image\/"},"sameAs":["https:\/\/www.facebook.com\/Mob.md?locale=ru_RU","https:\/\/www.instagram.com\/mob.md.moldova\/"]}]}},"_links":{"self":[{"href":"https:\/\/mob.md\/ro\/wp-json\/wp\/v2\/product\/19446"}],"collection":[{"href":"https:\/\/mob.md\/ro\/wp-json\/wp\/v2\/product"}],"about":[{"href":"https:\/\/mob.md\/ro\/wp-json\/wp\/v2\/types\/product"}],"replies":[{"embeddable":true,"href":"https:\/\/mob.md\/ro\/wp-json\/wp\/v2\/comments?post=19446"}],"wp:featuredmedia":[{"embeddable":true,"href":"https:\/\/mob.md\/ro\/wp-json\/wp\/v2\/media\/27314"}],"wp:attachment":[{"href":"https:\/\/mob.md\/ro\/wp-json\/wp\/v2\/media?parent=19446"}],"wp:term":[{"taxonomy":"product_cat","embeddable":true,"href":"https:\/\/mob.md\/ro\/wp-json\/wp\/v2\/product_cat?post=19446"},{"taxonomy":"product_tag","embeddable":true,"href":"https:\/\/mob.md\/ro\/wp-json\/wp\/v2\/product_tag?post=19446"}],"curies":[{"name":"wp","href":"https:\/\/api.w.org\/{rel}","templated":true}]}}