{"id":19943,"date":"2019-05-06T20:03:15","date_gmt":"2019-05-06T18:13:09","guid":{"rendered":"https:\/\/mob.md\/product\/saltea-lux-ortopedic-24-100%d1%85200-cm\/"},"modified":"2024-11-08T10:42:19","modified_gmt":"2024-11-08T07:42:19","slug":"saltea-lux-ortopedic-24-100%d1%85200-cm","status":"publish","type":"product","link":"https:\/\/mob.md\/ro\/shop-ro\/saltele-ortopedice\/saltele-pentru-o-persoana\/saltea-lux-ortopedic-24-100%d1%85200-cm\/","title":{"rendered":"Saltea Luna Plus H=24 \u0441m"},"content":{"rendered":"<p>Luna Plus este o saltea bilateral\u0103, cu efect &#8220;iarn\u0103-var\u0103&#8221;, fabricat\u0103 \u00een Moldova. Baza saltelei este format\u0103 dintr-un bloc de arcuri de tip Bonnell, fabricat din o\u021bel carbon cu o grosime de 2,2 mm. Acest aliaj fier-carbon se caracterizeaz\u0103 prin rezisten\u021b\u0103 \u0219i elasticitate ridicat\u0103, ceea ce prelunge\u0219te durata vie\u021bii a saltelei. Suprafa\u021ba arcurilor este acoperit\u0103 cu un strat de termofelt, care protejaz\u0103 straturile anatomice.<\/p>\r\n<p>&nbsp;<\/p>\r\n<p>Materialul principal care ofer\u0103 propriet\u0103\u021bi ortopedice este o spum\u0103 special\u0103, de 4 cm pe fiecare parte. Acest material se adapteaz\u0103 la fiecare curb\u0103 a corpului, iar blocul de arcad\u0103 men\u021bine coloana vertebral\u0103 \u00een pozi\u021bia corect\u0103. G\u0103urile de ventila\u021bie din jurul perimetrului saltelei favorizeaz\u0103 circula\u021bia aerului, permi\u021b\u00e2nd umpluturii s\u0103 r\u0103m\u00e2n\u0103 mereu proasp\u0103t\u0103.<\/p>\r\n<p>Salteaua asigur\u0103 un somn confortabil, sus\u021bine pozi\u021bia corect\u0103 a coloanei vertebrale \u0219i are propriet\u0103\u021bi suplimentare care o fac potrivit\u0103 pentru utilizare \u00een orice perioad\u0103 a anului. \u00cen\u0103l\u021bimea saltelei este de 24 cm. Sarcina admisibil\u0103 pentru un loc de dormit este 100 kg. Gradul de fermitate este mediu. Garan\u021bie &#8211; 1 an.<\/p>\r\n<p>Pute\u021bi procura salteaua \u00een credit, pe termen p\u00e2n\u0103 la 36 de luni, sau \u00een rate la 0%, pe termen, p\u00e2n\u0103 la 10 luni. Livrarea este gratuit\u0103 \u00een municipiul Chi\u0219in\u0103u.<\/p>","protected":false},"excerpt":{"rendered":"<p>Luna Plus este o saltea bilateral\u0103, cu efect &#8220;iarn\u0103-var\u0103&#8221;, fabricat\u0103 \u00een Moldova. Baza saltelei este format\u0103 dintr-un bloc de arcuri de tip Bonnell, fabricat din o\u021bel carbon cu o grosime de 2,2 mm. Acest aliaj fier-carbon se caracterizeaz\u0103 prin rezisten\u021b\u0103 \u0219i elasticitate ridicat\u0103, ceea ce prelunge\u0219te durata vie\u021bii a saltelei. Suprafa\u021ba arcurilor este acoperit\u0103 cu [&hellip;]<\/p>\n","protected":false},"featured_media":0,"comment_status":"closed","ping_status":"closed","template":"","meta":[],"product_cat":[3332,3327,3328,3322,3321,3329,3275],"product_tag":[],"yoast_head":"<!-- This site is optimized with the Yoast SEO plugin v20.8 - https:\/\/yoast.com\/wordpress\/plugins\/seo\/ -->\n<title>\u041a\u0443\u043f\u0438\u0442\u044c Saltea Luna Plus H=24 \u0441m \u0432 \u041a\u0438\u0448\u0438\u043d\u0435\u0432\u0435 \u0441 \u0434\u043e\u0441\u0442\u0430\u0432\u043a\u043e\u0439 | Mob.MD<\/title>\n<meta name=\"robots\" content=\"index, follow, max-snippet:-1, max-image-preview:large, max-video-preview:-1\" \/>\n<link rel=\"canonical\" href=\"https:\/\/mob.md\/ro\/shop-ro\/saltele-ortopedice\/saltele-pentru-o-persoana\/saltea-lux-ortopedic-24-100%d1%85200-cm\/\" \/>\n<meta property=\"og:locale\" content=\"ro_RO\" \/>\n<meta property=\"og:type\" content=\"article\" \/>\n<meta property=\"og:title\" content=\"\u041a\u0443\u043f\u0438\u0442\u044c Saltea Luna Plus H=24 \u0441m \u0432 \u041a\u0438\u0448\u0438\u043d\u0435\u0432\u0435 \u0441 \u0434\u043e\u0441\u0442\u0430\u0432\u043a\u043e\u0439 | Mob.MD\" \/>\n<meta property=\"og:description\" content=\"Luna Plus este o saltea bilateral\u0103, cu efect &#8220;iarn\u0103-var\u0103&#8221;, fabricat\u0103 \u00een Moldova. Baza saltelei este format\u0103 dintr-un bloc de arcuri de tip Bonnell, fabricat din o\u021bel carbon cu o grosime de 2,2 mm. Acest aliaj fier-carbon se caracterizeaz\u0103 prin rezisten\u021b\u0103 \u0219i elasticitate ridicat\u0103, ceea ce prelunge\u0219te durata vie\u021bii a saltelei. Suprafa\u021ba arcurilor este acoperit\u0103 cu [&hellip;]\" \/>\n<meta property=\"og:url\" content=\"https:\/\/mob.md\/ro\/shop-ro\/saltele-ortopedice\/saltele-pentru-o-persoana\/saltea-lux-ortopedic-24-100%d1%85200-cm\/\" \/>\n<meta property=\"og:site_name\" content=\"Mob.MD\" \/>\n<meta property=\"article:publisher\" content=\"https:\/\/www.facebook.com\/Mob.md?locale=ru_RU\" \/>\n<meta property=\"article:modified_time\" content=\"2024-11-08T07:42:19+00:00\" \/>\n<meta property=\"og:image\" content=\"https:\/\/mob.md\/wp-content\/uploads\/2020\/12\/cropped-\u0438\u0437\u043e\u0431\u0440\u0430\u0436\u0435\u043d\u0438\u0435_viber_2020-12-22_17-15-24.png\" \/>\n\t<meta property=\"og:image:width\" content=\"512\" \/>\n\t<meta property=\"og:image:height\" content=\"512\" \/>\n\t<meta property=\"og:image:type\" content=\"image\/png\" \/>\n<meta name=\"twitter:card\" content=\"summary_large_image\" \/>\n<meta name=\"twitter:label1\" content=\"Timp estimat pentru citire\" \/>\n\t<meta name=\"twitter:data1\" content=\"2 minute\" \/>\n<script type=\"application\/ld+json\" class=\"yoast-schema-graph\">{\"@context\":\"https:\/\/schema.org\",\"@graph\":[{\"@type\":\"WebPage\",\"@id\":\"https:\/\/mob.md\/ro\/shop-ro\/saltele-ortopedice\/saltele-pentru-o-persoana\/saltea-lux-ortopedic-24-100%d1%85200-cm\/\",\"url\":\"https:\/\/mob.md\/ro\/shop-ro\/saltele-ortopedice\/saltele-pentru-o-persoana\/saltea-lux-ortopedic-24-100%d1%85200-cm\/\",\"name\":\"\u041a\u0443\u043f\u0438\u0442\u044c Saltea Luna Plus H=24 \u0441m \u0432 \u041a\u0438\u0448\u0438\u043d\u0435\u0432\u0435 \u0441 \u0434\u043e\u0441\u0442\u0430\u0432\u043a\u043e\u0439 | Mob.MD\",\"isPartOf\":{\"@id\":\"https:\/\/mob.md\/ro\/#website\"},\"datePublished\":\"2019-05-06T18:13:09+00:00\",\"dateModified\":\"2024-11-08T07:42:19+00:00\",\"breadcrumb\":{\"@id\":\"https:\/\/mob.md\/ro\/shop-ro\/saltele-ortopedice\/saltele-pentru-o-persoana\/saltea-lux-ortopedic-24-100%d1%85200-cm\/#breadcrumb\"},\"inLanguage\":\"ro-RO\",\"potentialAction\":[{\"@type\":\"ReadAction\",\"target\":[\"https:\/\/mob.md\/ro\/shop-ro\/saltele-ortopedice\/saltele-pentru-o-persoana\/saltea-lux-ortopedic-24-100%d1%85200-cm\/\"]}]},{\"@type\":\"BreadcrumbList\",\"@id\":\"https:\/\/mob.md\/ro\/shop-ro\/saltele-ortopedice\/saltele-pentru-o-persoana\/saltea-lux-ortopedic-24-100%d1%85200-cm\/#breadcrumb\",\"itemListElement\":[{\"@type\":\"ListItem\",\"position\":1,\"name\":\"\u0413\u043b\u0430\u0432\u043d\u0430\u044f \u0441\u0442\u0440\u0430\u043d\u0438\u0446\u0430\",\"item\":\"https:\/\/mob.md\/ro\/\"},{\"@type\":\"ListItem\",\"position\":2,\"name\":\"Catalog\",\"item\":\"https:\/\/mob.md\/ro\/shop-ro\/\"},{\"@type\":\"ListItem\",\"position\":3,\"name\":\"Saltea Luna Plus H=24 \u0441m\"}]},{\"@type\":\"WebSite\",\"@id\":\"https:\/\/mob.md\/ro\/#website\",\"url\":\"https:\/\/mob.md\/ro\/\",\"name\":\"Mob.MD\",\"description\":\"Mob.MD\",\"publisher\":{\"@id\":\"https:\/\/mob.md\/ro\/#organization\"},\"potentialAction\":[{\"@type\":\"SearchAction\",\"target\":{\"@type\":\"EntryPoint\",\"urlTemplate\":\"https:\/\/mob.md\/ro\/?s={search_term_string}\"},\"query-input\":\"required name=search_term_string\"}],\"inLanguage\":\"ro-RO\"},{\"@type\":\"Organization\",\"@id\":\"https:\/\/mob.md\/ro\/#organization\",\"name\":\"Mob.md\",\"url\":\"https:\/\/mob.md\/ro\/\",\"logo\":{\"@type\":\"ImageObject\",\"inLanguage\":\"ro-RO\",\"@id\":\"https:\/\/mob.md\/ro\/#\/schema\/logo\/image\/\",\"url\":\"https:\/\/mob.md\/wp-content\/uploads\/2021\/02\/logo-1.png\",\"contentUrl\":\"https:\/\/mob.md\/wp-content\/uploads\/2021\/02\/logo-1.png\",\"width\":324,\"height\":193,\"caption\":\"Mob.md\"},\"image\":{\"@id\":\"https:\/\/mob.md\/ro\/#\/schema\/logo\/image\/\"},\"sameAs\":[\"https:\/\/www.facebook.com\/Mob.md?locale=ru_RU\",\"https:\/\/www.instagram.com\/mob.md.moldova\/\"]}]}<\/script>\n<!-- \/ Yoast SEO plugin. -->","yoast_head_json":{"title":"\u041a\u0443\u043f\u0438\u0442\u044c Saltea Luna Plus H=24 \u0441m \u0432 \u041a\u0438\u0448\u0438\u043d\u0435\u0432\u0435 \u0441 \u0434\u043e\u0441\u0442\u0430\u0432\u043a\u043e\u0439 | Mob.MD","robots":{"index":"index","follow":"follow","max-snippet":"max-snippet:-1","max-image-preview":"max-image-preview:large","max-video-preview":"max-video-preview:-1"},"canonical":"https:\/\/mob.md\/ro\/shop-ro\/saltele-ortopedice\/saltele-pentru-o-persoana\/saltea-lux-ortopedic-24-100%d1%85200-cm\/","og_locale":"ro_RO","og_type":"article","og_title":"\u041a\u0443\u043f\u0438\u0442\u044c Saltea Luna Plus H=24 \u0441m \u0432 \u041a\u0438\u0448\u0438\u043d\u0435\u0432\u0435 \u0441 \u0434\u043e\u0441\u0442\u0430\u0432\u043a\u043e\u0439 | Mob.MD","og_description":"Luna Plus este o saltea bilateral\u0103, cu efect &#8220;iarn\u0103-var\u0103&#8221;, fabricat\u0103 \u00een Moldova. Baza saltelei este format\u0103 dintr-un bloc de arcuri de tip Bonnell, fabricat din o\u021bel carbon cu o grosime de 2,2 mm. Acest aliaj fier-carbon se caracterizeaz\u0103 prin rezisten\u021b\u0103 \u0219i elasticitate ridicat\u0103, ceea ce prelunge\u0219te durata vie\u021bii a saltelei. Suprafa\u021ba arcurilor este acoperit\u0103 cu [&hellip;]","og_url":"https:\/\/mob.md\/ro\/shop-ro\/saltele-ortopedice\/saltele-pentru-o-persoana\/saltea-lux-ortopedic-24-100%d1%85200-cm\/","og_site_name":"Mob.MD","article_publisher":"https:\/\/www.facebook.com\/Mob.md?locale=ru_RU","article_modified_time":"2024-11-08T07:42:19+00:00","og_image":[{"width":512,"height":512,"url":"https:\/\/mob.md\/wp-content\/uploads\/2020\/12\/cropped-\u0438\u0437\u043e\u0431\u0440\u0430\u0436\u0435\u043d\u0438\u0435_viber_2020-12-22_17-15-24.png","type":"image\/png"}],"twitter_card":"summary_large_image","twitter_misc":{"Timp estimat pentru citire":"2 minute"},"schema":{"@context":"https:\/\/schema.org","@graph":[{"@type":"WebPage","@id":"https:\/\/mob.md\/ro\/shop-ro\/saltele-ortopedice\/saltele-pentru-o-persoana\/saltea-lux-ortopedic-24-100%d1%85200-cm\/","url":"https:\/\/mob.md\/ro\/shop-ro\/saltele-ortopedice\/saltele-pentru-o-persoana\/saltea-lux-ortopedic-24-100%d1%85200-cm\/","name":"\u041a\u0443\u043f\u0438\u0442\u044c Saltea Luna Plus H=24 \u0441m \u0432 \u041a\u0438\u0448\u0438\u043d\u0435\u0432\u0435 \u0441 \u0434\u043e\u0441\u0442\u0430\u0432\u043a\u043e\u0439 | Mob.MD","isPartOf":{"@id":"https:\/\/mob.md\/ro\/#website"},"datePublished":"2019-05-06T18:13:09+00:00","dateModified":"2024-11-08T07:42:19+00:00","breadcrumb":{"@id":"https:\/\/mob.md\/ro\/shop-ro\/saltele-ortopedice\/saltele-pentru-o-persoana\/saltea-lux-ortopedic-24-100%d1%85200-cm\/#breadcrumb"},"inLanguage":"ro-RO","potentialAction":[{"@type":"ReadAction","target":["https:\/\/mob.md\/ro\/shop-ro\/saltele-ortopedice\/saltele-pentru-o-persoana\/saltea-lux-ortopedic-24-100%d1%85200-cm\/"]}]},{"@type":"BreadcrumbList","@id":"https:\/\/mob.md\/ro\/shop-ro\/saltele-ortopedice\/saltele-pentru-o-persoana\/saltea-lux-ortopedic-24-100%d1%85200-cm\/#breadcrumb","itemListElement":[{"@type":"ListItem","position":1,"name":"\u0413\u043b\u0430\u0432\u043d\u0430\u044f \u0441\u0442\u0440\u0430\u043d\u0438\u0446\u0430","item":"https:\/\/mob.md\/ro\/"},{"@type":"ListItem","position":2,"name":"Catalog","item":"https:\/\/mob.md\/ro\/shop-ro\/"},{"@type":"ListItem","position":3,"name":"Saltea Luna Plus H=24 \u0441m"}]},{"@type":"WebSite","@id":"https:\/\/mob.md\/ro\/#website","url":"https:\/\/mob.md\/ro\/","name":"Mob.MD","description":"Mob.MD","publisher":{"@id":"https:\/\/mob.md\/ro\/#organization"},"potentialAction":[{"@type":"SearchAction","target":{"@type":"EntryPoint","urlTemplate":"https:\/\/mob.md\/ro\/?s={search_term_string}"},"query-input":"required name=search_term_string"}],"inLanguage":"ro-RO"},{"@type":"Organization","@id":"https:\/\/mob.md\/ro\/#organization","name":"Mob.md","url":"https:\/\/mob.md\/ro\/","logo":{"@type":"ImageObject","inLanguage":"ro-RO","@id":"https:\/\/mob.md\/ro\/#\/schema\/logo\/image\/","url":"https:\/\/mob.md\/wp-content\/uploads\/2021\/02\/logo-1.png","contentUrl":"https:\/\/mob.md\/wp-content\/uploads\/2021\/02\/logo-1.png","width":324,"height":193,"caption":"Mob.md"},"image":{"@id":"https:\/\/mob.md\/ro\/#\/schema\/logo\/image\/"},"sameAs":["https:\/\/www.facebook.com\/Mob.md?locale=ru_RU","https:\/\/www.instagram.com\/mob.md.moldova\/"]}]}},"_links":{"self":[{"href":"https:\/\/mob.md\/ro\/wp-json\/wp\/v2\/product\/19943"}],"collection":[{"href":"https:\/\/mob.md\/ro\/wp-json\/wp\/v2\/product"}],"about":[{"href":"https:\/\/mob.md\/ro\/wp-json\/wp\/v2\/types\/product"}],"replies":[{"embeddable":true,"href":"https:\/\/mob.md\/ro\/wp-json\/wp\/v2\/comments?post=19943"}],"wp:attachment":[{"href":"https:\/\/mob.md\/ro\/wp-json\/wp\/v2\/media?parent=19943"}],"wp:term":[{"taxonomy":"product_cat","embeddable":true,"href":"https:\/\/mob.md\/ro\/wp-json\/wp\/v2\/product_cat?post=19943"},{"taxonomy":"product_tag","embeddable":true,"href":"https:\/\/mob.md\/ro\/wp-json\/wp\/v2\/product_tag?post=19943"}],"curies":[{"name":"wp","href":"https:\/\/api.w.org\/{rel}","templated":true}]}}