{"id":19991,"date":"2019-05-06T20:03:38","date_gmt":"2019-05-06T18:14:10","guid":{"rendered":"https:\/\/mob.md\/product\/saltea-cocos-140x190-cm\/"},"modified":"2024-02-08T12:39:22","modified_gmt":"2024-02-08T09:39:22","slug":"saltea-cocos-140x190-cm","status":"publish","type":"product","link":"https:\/\/mob.md\/ro\/shop-ro\/saltele-ortopedice\/saltele-pentru-doua-persone\/saltea-cocos-140x190-cm\/","title":{"rendered":"Saltea Luna Cocos H=19 \u0441m"},"content":{"rendered":"<h4>Luna Cocos este o saltea bilateral\u0103, cu efect \u201ciarn\u0103-var\u0103\u201d, fabricat\u0103 \u00een Moldova.<br \/>\r\nSalteaua asigur\u0103 un somn confortabil, sus\u021bine pozi\u021bia corect\u0103 a coloanei vertebrale \u0219i are propriet\u0103\u021bi suplimentare care o fac potrivit\u0103 pentru utilizare \u00een orice perioad\u0103 a anului.<br \/>\r\nO parte a saltelei este echipata cu un strat de fibra de cocos hipoalergenica, conferind mai mult\u0103 fermitate \u0219i rigiditate. Acest model este potrivit pentru cei care prefer\u0103 saltele mai ferme. Saltea poate fi fabricat\u0103 \u00een dou\u0103 variante de \u00een\u0103l\u021bime &#8211; 19 \u0219i 23 cm. Sarcina admisibil\u0103 pentru un loc de dormit &#8211; 120 kg. Nivelurile de duritate a saltelei &#8211; mediu\/tare. Garan\u021bia &#8211; 1 an.<\/h4>\r\n<h4>Pute\u0163i procura o saltea \u00een credit, pe termen p\u00e2n\u0103 la 36 luni sau \u00een rate cu 0% dob\u00e2nd\u0103 \u00een decurs de 6 luni. Livrarea este gratuit\u0103 \u00een toat\u0103 \u0163ara.<\/h4>\r\n<h4>\u00a0<\/h4>","protected":false},"excerpt":{"rendered":"<p>Luna Cocos este o saltea bilateral\u0103, cu efect \u201ciarn\u0103-var\u0103\u201d, fabricat\u0103 \u00een Moldova. Salteaua asigur\u0103 un somn confortabil, sus\u021bine pozi\u021bia corect\u0103 a coloanei vertebrale \u0219i are propriet\u0103\u021bi suplimentare care o fac potrivit\u0103 pentru utilizare \u00een orice perioad\u0103 a anului. O parte a saltelei este echipata cu un strat de fibra de cocos hipoalergenica, conferind mai mult\u0103 [&hellip;]<\/p>\n","protected":false},"featured_media":24495,"comment_status":"closed","ping_status":"closed","template":"","meta":[],"product_cat":[3331,3332,3322,3329,3275],"product_tag":[],"yoast_head":"<!-- This site is optimized with the Yoast SEO plugin v20.8 - https:\/\/yoast.com\/wordpress\/plugins\/seo\/ -->\n<title>\u041a\u0443\u043f\u0438\u0442\u044c Saltea Luna Cocos H=19 \u0441m \u0432 \u041a\u0438\u0448\u0438\u043d\u0435\u0432\u0435 \u0441 \u0434\u043e\u0441\u0442\u0430\u0432\u043a\u043e\u0439 | Mob.MD<\/title>\n<meta name=\"robots\" content=\"index, follow, max-snippet:-1, max-image-preview:large, max-video-preview:-1\" \/>\n<link rel=\"canonical\" href=\"https:\/\/mob.md\/ro\/shop-ro\/saltele-ortopedice\/saltele-pentru-doua-persone\/saltea-cocos-140x190-cm\/\" \/>\n<meta property=\"og:locale\" content=\"ro_RO\" \/>\n<meta property=\"og:type\" content=\"article\" \/>\n<meta property=\"og:title\" content=\"\u041a\u0443\u043f\u0438\u0442\u044c Saltea Luna Cocos H=19 \u0441m \u0432 \u041a\u0438\u0448\u0438\u043d\u0435\u0432\u0435 \u0441 \u0434\u043e\u0441\u0442\u0430\u0432\u043a\u043e\u0439 | Mob.MD\" \/>\n<meta property=\"og:description\" content=\"Luna Cocos este o saltea bilateral\u0103, cu efect \u201ciarn\u0103-var\u0103\u201d, fabricat\u0103 \u00een Moldova. Salteaua asigur\u0103 un somn confortabil, sus\u021bine pozi\u021bia corect\u0103 a coloanei vertebrale \u0219i are propriet\u0103\u021bi suplimentare care o fac potrivit\u0103 pentru utilizare \u00een orice perioad\u0103 a anului. O parte a saltelei este echipata cu un strat de fibra de cocos hipoalergenica, conferind mai mult\u0103 [&hellip;]\" \/>\n<meta property=\"og:url\" content=\"https:\/\/mob.md\/ro\/shop-ro\/saltele-ortopedice\/saltele-pentru-doua-persone\/saltea-cocos-140x190-cm\/\" \/>\n<meta property=\"og:site_name\" content=\"Mob.MD\" \/>\n<meta property=\"article:publisher\" content=\"https:\/\/www.facebook.com\/Mob.md?locale=ru_RU\" \/>\n<meta property=\"article:modified_time\" content=\"2024-02-08T09:39:22+00:00\" \/>\n<meta property=\"og:image\" content=\"https:\/\/mob.md\/wp-content\/uploads\/2019\/05\/\u043a\u043e\u043a\u043e\u0441.png\" \/>\n\t<meta property=\"og:image:width\" content=\"662\" \/>\n\t<meta property=\"og:image:height\" content=\"435\" \/>\n\t<meta property=\"og:image:type\" content=\"image\/png\" \/>\n<meta name=\"twitter:card\" content=\"summary_large_image\" \/>\n<meta name=\"twitter:label1\" content=\"Timp estimat pentru citire\" \/>\n\t<meta name=\"twitter:data1\" content=\"1 minut\" \/>\n<script type=\"application\/ld+json\" class=\"yoast-schema-graph\">{\"@context\":\"https:\/\/schema.org\",\"@graph\":[{\"@type\":\"WebPage\",\"@id\":\"https:\/\/mob.md\/ro\/shop-ro\/saltele-ortopedice\/saltele-pentru-doua-persone\/saltea-cocos-140x190-cm\/\",\"url\":\"https:\/\/mob.md\/ro\/shop-ro\/saltele-ortopedice\/saltele-pentru-doua-persone\/saltea-cocos-140x190-cm\/\",\"name\":\"\u041a\u0443\u043f\u0438\u0442\u044c Saltea Luna Cocos H=19 \u0441m \u0432 \u041a\u0438\u0448\u0438\u043d\u0435\u0432\u0435 \u0441 \u0434\u043e\u0441\u0442\u0430\u0432\u043a\u043e\u0439 | Mob.MD\",\"isPartOf\":{\"@id\":\"https:\/\/mob.md\/ro\/#website\"},\"datePublished\":\"2019-05-06T18:14:10+00:00\",\"dateModified\":\"2024-02-08T09:39:22+00:00\",\"breadcrumb\":{\"@id\":\"https:\/\/mob.md\/ro\/shop-ro\/saltele-ortopedice\/saltele-pentru-doua-persone\/saltea-cocos-140x190-cm\/#breadcrumb\"},\"inLanguage\":\"ro-RO\",\"potentialAction\":[{\"@type\":\"ReadAction\",\"target\":[\"https:\/\/mob.md\/ro\/shop-ro\/saltele-ortopedice\/saltele-pentru-doua-persone\/saltea-cocos-140x190-cm\/\"]}]},{\"@type\":\"BreadcrumbList\",\"@id\":\"https:\/\/mob.md\/ro\/shop-ro\/saltele-ortopedice\/saltele-pentru-doua-persone\/saltea-cocos-140x190-cm\/#breadcrumb\",\"itemListElement\":[{\"@type\":\"ListItem\",\"position\":1,\"name\":\"\u0413\u043b\u0430\u0432\u043d\u0430\u044f \u0441\u0442\u0440\u0430\u043d\u0438\u0446\u0430\",\"item\":\"https:\/\/mob.md\/ro\/\"},{\"@type\":\"ListItem\",\"position\":2,\"name\":\"Catalog\",\"item\":\"https:\/\/mob.md\/ro\/shop-ro\/\"},{\"@type\":\"ListItem\",\"position\":3,\"name\":\"Saltea Luna Cocos H=19 \u0441m\"}]},{\"@type\":\"WebSite\",\"@id\":\"https:\/\/mob.md\/ro\/#website\",\"url\":\"https:\/\/mob.md\/ro\/\",\"name\":\"Mob.MD\",\"description\":\"Mob.MD\",\"publisher\":{\"@id\":\"https:\/\/mob.md\/ro\/#organization\"},\"potentialAction\":[{\"@type\":\"SearchAction\",\"target\":{\"@type\":\"EntryPoint\",\"urlTemplate\":\"https:\/\/mob.md\/ro\/?s={search_term_string}\"},\"query-input\":\"required name=search_term_string\"}],\"inLanguage\":\"ro-RO\"},{\"@type\":\"Organization\",\"@id\":\"https:\/\/mob.md\/ro\/#organization\",\"name\":\"Mob.md\",\"url\":\"https:\/\/mob.md\/ro\/\",\"logo\":{\"@type\":\"ImageObject\",\"inLanguage\":\"ro-RO\",\"@id\":\"https:\/\/mob.md\/ro\/#\/schema\/logo\/image\/\",\"url\":\"https:\/\/mob.md\/wp-content\/uploads\/2021\/02\/logo-1.png\",\"contentUrl\":\"https:\/\/mob.md\/wp-content\/uploads\/2021\/02\/logo-1.png\",\"width\":324,\"height\":193,\"caption\":\"Mob.md\"},\"image\":{\"@id\":\"https:\/\/mob.md\/ro\/#\/schema\/logo\/image\/\"},\"sameAs\":[\"https:\/\/www.facebook.com\/Mob.md?locale=ru_RU\",\"https:\/\/www.instagram.com\/mob.md.moldova\/\"]}]}<\/script>\n<!-- \/ Yoast SEO plugin. -->","yoast_head_json":{"title":"\u041a\u0443\u043f\u0438\u0442\u044c Saltea Luna Cocos H=19 \u0441m \u0432 \u041a\u0438\u0448\u0438\u043d\u0435\u0432\u0435 \u0441 \u0434\u043e\u0441\u0442\u0430\u0432\u043a\u043e\u0439 | Mob.MD","robots":{"index":"index","follow":"follow","max-snippet":"max-snippet:-1","max-image-preview":"max-image-preview:large","max-video-preview":"max-video-preview:-1"},"canonical":"https:\/\/mob.md\/ro\/shop-ro\/saltele-ortopedice\/saltele-pentru-doua-persone\/saltea-cocos-140x190-cm\/","og_locale":"ro_RO","og_type":"article","og_title":"\u041a\u0443\u043f\u0438\u0442\u044c Saltea Luna Cocos H=19 \u0441m \u0432 \u041a\u0438\u0448\u0438\u043d\u0435\u0432\u0435 \u0441 \u0434\u043e\u0441\u0442\u0430\u0432\u043a\u043e\u0439 | Mob.MD","og_description":"Luna Cocos este o saltea bilateral\u0103, cu efect \u201ciarn\u0103-var\u0103\u201d, fabricat\u0103 \u00een Moldova. Salteaua asigur\u0103 un somn confortabil, sus\u021bine pozi\u021bia corect\u0103 a coloanei vertebrale \u0219i are propriet\u0103\u021bi suplimentare care o fac potrivit\u0103 pentru utilizare \u00een orice perioad\u0103 a anului. O parte a saltelei este echipata cu un strat de fibra de cocos hipoalergenica, conferind mai mult\u0103 [&hellip;]","og_url":"https:\/\/mob.md\/ro\/shop-ro\/saltele-ortopedice\/saltele-pentru-doua-persone\/saltea-cocos-140x190-cm\/","og_site_name":"Mob.MD","article_publisher":"https:\/\/www.facebook.com\/Mob.md?locale=ru_RU","article_modified_time":"2024-02-08T09:39:22+00:00","og_image":[{"width":662,"height":435,"url":"https:\/\/mob.md\/wp-content\/uploads\/2019\/05\/\u043a\u043e\u043a\u043e\u0441.png","type":"image\/png"}],"twitter_card":"summary_large_image","twitter_misc":{"Timp estimat pentru citire":"1 minut"},"schema":{"@context":"https:\/\/schema.org","@graph":[{"@type":"WebPage","@id":"https:\/\/mob.md\/ro\/shop-ro\/saltele-ortopedice\/saltele-pentru-doua-persone\/saltea-cocos-140x190-cm\/","url":"https:\/\/mob.md\/ro\/shop-ro\/saltele-ortopedice\/saltele-pentru-doua-persone\/saltea-cocos-140x190-cm\/","name":"\u041a\u0443\u043f\u0438\u0442\u044c Saltea Luna Cocos H=19 \u0441m \u0432 \u041a\u0438\u0448\u0438\u043d\u0435\u0432\u0435 \u0441 \u0434\u043e\u0441\u0442\u0430\u0432\u043a\u043e\u0439 | Mob.MD","isPartOf":{"@id":"https:\/\/mob.md\/ro\/#website"},"datePublished":"2019-05-06T18:14:10+00:00","dateModified":"2024-02-08T09:39:22+00:00","breadcrumb":{"@id":"https:\/\/mob.md\/ro\/shop-ro\/saltele-ortopedice\/saltele-pentru-doua-persone\/saltea-cocos-140x190-cm\/#breadcrumb"},"inLanguage":"ro-RO","potentialAction":[{"@type":"ReadAction","target":["https:\/\/mob.md\/ro\/shop-ro\/saltele-ortopedice\/saltele-pentru-doua-persone\/saltea-cocos-140x190-cm\/"]}]},{"@type":"BreadcrumbList","@id":"https:\/\/mob.md\/ro\/shop-ro\/saltele-ortopedice\/saltele-pentru-doua-persone\/saltea-cocos-140x190-cm\/#breadcrumb","itemListElement":[{"@type":"ListItem","position":1,"name":"\u0413\u043b\u0430\u0432\u043d\u0430\u044f \u0441\u0442\u0440\u0430\u043d\u0438\u0446\u0430","item":"https:\/\/mob.md\/ro\/"},{"@type":"ListItem","position":2,"name":"Catalog","item":"https:\/\/mob.md\/ro\/shop-ro\/"},{"@type":"ListItem","position":3,"name":"Saltea Luna Cocos H=19 \u0441m"}]},{"@type":"WebSite","@id":"https:\/\/mob.md\/ro\/#website","url":"https:\/\/mob.md\/ro\/","name":"Mob.MD","description":"Mob.MD","publisher":{"@id":"https:\/\/mob.md\/ro\/#organization"},"potentialAction":[{"@type":"SearchAction","target":{"@type":"EntryPoint","urlTemplate":"https:\/\/mob.md\/ro\/?s={search_term_string}"},"query-input":"required name=search_term_string"}],"inLanguage":"ro-RO"},{"@type":"Organization","@id":"https:\/\/mob.md\/ro\/#organization","name":"Mob.md","url":"https:\/\/mob.md\/ro\/","logo":{"@type":"ImageObject","inLanguage":"ro-RO","@id":"https:\/\/mob.md\/ro\/#\/schema\/logo\/image\/","url":"https:\/\/mob.md\/wp-content\/uploads\/2021\/02\/logo-1.png","contentUrl":"https:\/\/mob.md\/wp-content\/uploads\/2021\/02\/logo-1.png","width":324,"height":193,"caption":"Mob.md"},"image":{"@id":"https:\/\/mob.md\/ro\/#\/schema\/logo\/image\/"},"sameAs":["https:\/\/www.facebook.com\/Mob.md?locale=ru_RU","https:\/\/www.instagram.com\/mob.md.moldova\/"]}]}},"_links":{"self":[{"href":"https:\/\/mob.md\/ro\/wp-json\/wp\/v2\/product\/19991"}],"collection":[{"href":"https:\/\/mob.md\/ro\/wp-json\/wp\/v2\/product"}],"about":[{"href":"https:\/\/mob.md\/ro\/wp-json\/wp\/v2\/types\/product"}],"replies":[{"embeddable":true,"href":"https:\/\/mob.md\/ro\/wp-json\/wp\/v2\/comments?post=19991"}],"wp:featuredmedia":[{"embeddable":true,"href":"https:\/\/mob.md\/ro\/wp-json\/wp\/v2\/media\/24495"}],"wp:attachment":[{"href":"https:\/\/mob.md\/ro\/wp-json\/wp\/v2\/media?parent=19991"}],"wp:term":[{"taxonomy":"product_cat","embeddable":true,"href":"https:\/\/mob.md\/ro\/wp-json\/wp\/v2\/product_cat?post=19991"},{"taxonomy":"product_tag","embeddable":true,"href":"https:\/\/mob.md\/ro\/wp-json\/wp\/v2\/product_tag?post=19991"}],"curies":[{"name":"wp","href":"https:\/\/api.w.org\/{rel}","templated":true}]}}