{"id":20024,"date":"2019-05-06T20:04:04","date_gmt":"2019-05-06T18:14:49","guid":{"rendered":"https:\/\/mob.md\/product\/saltea-pocket-spring-60%d1%85120-%d1%81m\/"},"modified":"2024-10-29T11:47:37","modified_gmt":"2024-10-29T08:47:37","slug":"saltea-pocket-spring-60%d1%85120-%d1%81m","status":"publish","type":"product","link":"https:\/\/mob.md\/ro\/shop-ro\/saltele-ortopedice\/saltele-pentru-o-persoana\/saltea-pocket-spring-60%d1%85120-%d1%81m\/","title":{"rendered":"Saltea Aster H=23 cm"},"content":{"rendered":"<h4>Pute\u0163i procura o saltea \u00een credit, pe termen p\u00e2n\u0103 la 36 luni sau \u00een rate cu 0% dob\u00e2nd\u0103 \u00een decurs de 6 luni. Livrarea este gratuit\u0103 \u00een toat\u0103 \u0163ara.<\/h4>\r\n<h4>\u201eAster\u201c &#8211; este o saltea modern\u0103, bilateral\u0103 \u0219i ortopedic\u0103, cu duritate medie, \u0219i efect \u201eiarn\u0103-var\u0103\u201c. Baza saltelei &#8211; bloc de \u201carcuri independente\u201d, 300 buc \/ m2. Acesta este un bloc modern cu propriet\u0103\u021bi ortopedice \u00eenalte. \u00a0Fiecare arc al saltelei se afl\u0103 \u00een hus\u0103 proprie \u0219i lucreaz\u0103 ca un element \u201eindependent\u201c, ce \u00eei permite s\u0103 se adapteze confortabil la toat\u0103 neuniformitatea corpului \u0219i ajut\u0103 la men\u021binerea coloanei vertebrale \u00een pozi\u021bia \u00a0corect\u0103 \u201eanatomica\u201c. Diminea\u021ba, dup\u0103 somn pe aceast\u0103 saltea, nu ve-ti avea dureri, migrene \u0219i alte boli asociate cu coloana vertebral\u0103. Un alt bonus al acestei saltele este faptul c\u0103 nu ve-\u021bi sim\u021bi mi\u0219c\u0103rile persoanei situat\u0103 alaturi, chiar dac\u0103 el se ridica din pat \u2013 este o tr\u0103s\u0103tur\u0103 distinctiv\u0103 a blocului \u201earcuri independente.\u201c Aceast\u0103 saltea este perfect\u0103 chiar \u0219i pentru persoanele \u00een v\u00e2rst\u0103 care sufer\u0103 de probleme cu coloana vertebral\u0103, restric\u021bie fiind doar \u00een greutatea admisibil\u0103 pe locul de dormit. Greutatea admis\u0103 pe un loc de dormit \u2013 p\u00e2n\u0103 la 120 kg. Garan\u021bia pe saltea este 1 an .<\/h4>","protected":false},"excerpt":{"rendered":"<p>Pute\u0163i procura o saltea \u00een credit, pe termen p\u00e2n\u0103 la 36 luni sau \u00een rate cu 0% dob\u00e2nd\u0103 \u00een decurs de 6 luni. Livrarea este gratuit\u0103 \u00een toat\u0103 \u0163ara. \u201eAster\u201c &#8211; este o saltea modern\u0103, bilateral\u0103 \u0219i ortopedic\u0103, cu duritate medie, \u0219i efect \u201eiarn\u0103-var\u0103\u201c. Baza saltelei &#8211; bloc de \u201carcuri independente\u201d, 300 buc \/ m2. [&hellip;]<\/p>\n","protected":false},"featured_media":29238,"comment_status":"closed","ping_status":"closed","template":"","meta":[],"product_cat":[3332,3327,3324,3328,3322,3321,3329,3250,3275],"product_tag":[],"yoast_head":"<!-- This site is optimized with the Yoast SEO plugin v20.8 - https:\/\/yoast.com\/wordpress\/plugins\/seo\/ -->\n<title>\u041a\u0443\u043f\u0438\u0442\u044c Saltea Aster H=23 cm \u0432 \u041a\u0438\u0448\u0438\u043d\u0435\u0432\u0435 \u0441 \u0434\u043e\u0441\u0442\u0430\u0432\u043a\u043e\u0439 | Mob.MD<\/title>\n<meta name=\"description\" content=\"\u041e\u0440\u0442\u043e\u043f\u0435\u0434\u0438\u0447\u0435\u0441\u043a\u0438\u0439 \u043c\u0430\u0442\u0440\u0430\u0441 \u0441 \u0433\u0430\u0440\u0430\u043d\u0442\u0438\u0435\u0439 \u043a\u0430\u0447\u0435\u0441\u0442\u0432\u0430 \u043a\u0443\u043f\u0438\u0442\u044c \u0432 \u041c\u043e\u043b\u0434\u043e\u0432\u0435 \u0432 \u043c\u0430\u0433\u0430\u0437\u0438\u043d\u0435 \u043c\u0430\u0442\u0440\u0430\u0441\u043e\u0432 mob.md \u0441 \u0431\u0435\u0441\u043f\u043b\u0430\u0442\u043d\u043e\u0439 \u0434\u043e\u0441\u0442\u0430\u0432\u043a\u043e\u0439 \u043f\u043e \u0432\u0441\u0435\u0439 \u0441\u0442\u0440\u0430\u043d\u0435. \u0420\u0430\u0441\u0441\u0440\u043e\u0447\u043a\u0430 0%!\" \/>\n<meta name=\"robots\" content=\"index, follow, max-snippet:-1, max-image-preview:large, max-video-preview:-1\" \/>\n<link rel=\"canonical\" href=\"https:\/\/mob.md\/ro\/shop-ro\/saltele-ortopedice\/saltele-pentru-o-persoana\/saltea-pocket-spring-60%d1%85120-%d1%81m\/\" \/>\n<meta property=\"og:locale\" content=\"ro_RO\" \/>\n<meta property=\"og:type\" content=\"article\" \/>\n<meta property=\"og:title\" content=\"\u041a\u0443\u043f\u0438\u0442\u044c Saltea Aster H=23 cm \u0432 \u041a\u0438\u0448\u0438\u043d\u0435\u0432\u0435 \u0441 \u0434\u043e\u0441\u0442\u0430\u0432\u043a\u043e\u0439 | Mob.MD\" \/>\n<meta property=\"og:description\" content=\"\u041e\u0440\u0442\u043e\u043f\u0435\u0434\u0438\u0447\u0435\u0441\u043a\u0438\u0439 \u043c\u0430\u0442\u0440\u0430\u0441 \u0441 \u0433\u0430\u0440\u0430\u043d\u0442\u0438\u0435\u0439 \u043a\u0430\u0447\u0435\u0441\u0442\u0432\u0430 \u043a\u0443\u043f\u0438\u0442\u044c \u0432 \u041c\u043e\u043b\u0434\u043e\u0432\u0435 \u0432 \u043c\u0430\u0433\u0430\u0437\u0438\u043d\u0435 \u043c\u0430\u0442\u0440\u0430\u0441\u043e\u0432 mob.md \u0441 \u0431\u0435\u0441\u043f\u043b\u0430\u0442\u043d\u043e\u0439 \u0434\u043e\u0441\u0442\u0430\u0432\u043a\u043e\u0439 \u043f\u043e \u0432\u0441\u0435\u0439 \u0441\u0442\u0440\u0430\u043d\u0435. \u0420\u0430\u0441\u0441\u0440\u043e\u0447\u043a\u0430 0%!\" \/>\n<meta property=\"og:url\" content=\"https:\/\/mob.md\/ro\/shop-ro\/saltele-ortopedice\/saltele-pentru-o-persoana\/saltea-pocket-spring-60%d1%85120-%d1%81m\/\" \/>\n<meta property=\"og:site_name\" content=\"Mob.MD\" \/>\n<meta property=\"article:publisher\" content=\"https:\/\/www.facebook.com\/Mob.md?locale=ru_RU\" \/>\n<meta property=\"article:modified_time\" content=\"2024-10-29T08:47:37+00:00\" \/>\n<meta property=\"og:image\" content=\"https:\/\/mob.md\/wp-content\/uploads\/2019\/05\/viber_image_2021-01-28_10-36-22.png\" \/>\n\t<meta property=\"og:image:width\" content=\"1200\" \/>\n\t<meta property=\"og:image:height\" content=\"800\" \/>\n\t<meta property=\"og:image:type\" content=\"image\/png\" \/>\n<meta name=\"twitter:card\" content=\"summary_large_image\" \/>\n<meta name=\"twitter:label1\" content=\"Timp estimat pentru citire\" \/>\n\t<meta name=\"twitter:data1\" content=\"2 minute\" \/>\n<script type=\"application\/ld+json\" class=\"yoast-schema-graph\">{\"@context\":\"https:\/\/schema.org\",\"@graph\":[{\"@type\":\"WebPage\",\"@id\":\"https:\/\/mob.md\/ro\/shop-ro\/saltele-ortopedice\/saltele-pentru-o-persoana\/saltea-pocket-spring-60%d1%85120-%d1%81m\/\",\"url\":\"https:\/\/mob.md\/ro\/shop-ro\/saltele-ortopedice\/saltele-pentru-o-persoana\/saltea-pocket-spring-60%d1%85120-%d1%81m\/\",\"name\":\"\u041a\u0443\u043f\u0438\u0442\u044c Saltea Aster H=23 cm \u0432 \u041a\u0438\u0448\u0438\u043d\u0435\u0432\u0435 \u0441 \u0434\u043e\u0441\u0442\u0430\u0432\u043a\u043e\u0439 | Mob.MD\",\"isPartOf\":{\"@id\":\"https:\/\/mob.md\/ro\/#website\"},\"datePublished\":\"2019-05-06T18:14:49+00:00\",\"dateModified\":\"2024-10-29T08:47:37+00:00\",\"description\":\"\u041e\u0440\u0442\u043e\u043f\u0435\u0434\u0438\u0447\u0435\u0441\u043a\u0438\u0439 \u043c\u0430\u0442\u0440\u0430\u0441 \u0441 \u0433\u0430\u0440\u0430\u043d\u0442\u0438\u0435\u0439 \u043a\u0430\u0447\u0435\u0441\u0442\u0432\u0430 \u043a\u0443\u043f\u0438\u0442\u044c \u0432 \u041c\u043e\u043b\u0434\u043e\u0432\u0435 \u0432 \u043c\u0430\u0433\u0430\u0437\u0438\u043d\u0435 \u043c\u0430\u0442\u0440\u0430\u0441\u043e\u0432 mob.md \u0441 \u0431\u0435\u0441\u043f\u043b\u0430\u0442\u043d\u043e\u0439 \u0434\u043e\u0441\u0442\u0430\u0432\u043a\u043e\u0439 \u043f\u043e \u0432\u0441\u0435\u0439 \u0441\u0442\u0440\u0430\u043d\u0435. \u0420\u0430\u0441\u0441\u0440\u043e\u0447\u043a\u0430 0%!\",\"breadcrumb\":{\"@id\":\"https:\/\/mob.md\/ro\/shop-ro\/saltele-ortopedice\/saltele-pentru-o-persoana\/saltea-pocket-spring-60%d1%85120-%d1%81m\/#breadcrumb\"},\"inLanguage\":\"ro-RO\",\"potentialAction\":[{\"@type\":\"ReadAction\",\"target\":[\"https:\/\/mob.md\/ro\/shop-ro\/saltele-ortopedice\/saltele-pentru-o-persoana\/saltea-pocket-spring-60%d1%85120-%d1%81m\/\"]}]},{\"@type\":\"BreadcrumbList\",\"@id\":\"https:\/\/mob.md\/ro\/shop-ro\/saltele-ortopedice\/saltele-pentru-o-persoana\/saltea-pocket-spring-60%d1%85120-%d1%81m\/#breadcrumb\",\"itemListElement\":[{\"@type\":\"ListItem\",\"position\":1,\"name\":\"\u0413\u043b\u0430\u0432\u043d\u0430\u044f \u0441\u0442\u0440\u0430\u043d\u0438\u0446\u0430\",\"item\":\"https:\/\/mob.md\/ro\/\"},{\"@type\":\"ListItem\",\"position\":2,\"name\":\"Catalog\",\"item\":\"https:\/\/mob.md\/ro\/shop-ro\/\"},{\"@type\":\"ListItem\",\"position\":3,\"name\":\"Saltea Aster H=23 cm\"}]},{\"@type\":\"WebSite\",\"@id\":\"https:\/\/mob.md\/ro\/#website\",\"url\":\"https:\/\/mob.md\/ro\/\",\"name\":\"Mob.MD\",\"description\":\"Mob.MD\",\"publisher\":{\"@id\":\"https:\/\/mob.md\/ro\/#organization\"},\"potentialAction\":[{\"@type\":\"SearchAction\",\"target\":{\"@type\":\"EntryPoint\",\"urlTemplate\":\"https:\/\/mob.md\/ro\/?s={search_term_string}\"},\"query-input\":\"required name=search_term_string\"}],\"inLanguage\":\"ro-RO\"},{\"@type\":\"Organization\",\"@id\":\"https:\/\/mob.md\/ro\/#organization\",\"name\":\"Mob.md\",\"url\":\"https:\/\/mob.md\/ro\/\",\"logo\":{\"@type\":\"ImageObject\",\"inLanguage\":\"ro-RO\",\"@id\":\"https:\/\/mob.md\/ro\/#\/schema\/logo\/image\/\",\"url\":\"https:\/\/mob.md\/wp-content\/uploads\/2021\/02\/logo-1.png\",\"contentUrl\":\"https:\/\/mob.md\/wp-content\/uploads\/2021\/02\/logo-1.png\",\"width\":324,\"height\":193,\"caption\":\"Mob.md\"},\"image\":{\"@id\":\"https:\/\/mob.md\/ro\/#\/schema\/logo\/image\/\"},\"sameAs\":[\"https:\/\/www.facebook.com\/Mob.md?locale=ru_RU\",\"https:\/\/www.instagram.com\/mob.md.moldova\/\"]}]}<\/script>\n<!-- \/ Yoast SEO plugin. -->","yoast_head_json":{"title":"\u041a\u0443\u043f\u0438\u0442\u044c Saltea Aster H=23 cm \u0432 \u041a\u0438\u0448\u0438\u043d\u0435\u0432\u0435 \u0441 \u0434\u043e\u0441\u0442\u0430\u0432\u043a\u043e\u0439 | Mob.MD","description":"\u041e\u0440\u0442\u043e\u043f\u0435\u0434\u0438\u0447\u0435\u0441\u043a\u0438\u0439 \u043c\u0430\u0442\u0440\u0430\u0441 \u0441 \u0433\u0430\u0440\u0430\u043d\u0442\u0438\u0435\u0439 \u043a\u0430\u0447\u0435\u0441\u0442\u0432\u0430 \u043a\u0443\u043f\u0438\u0442\u044c \u0432 \u041c\u043e\u043b\u0434\u043e\u0432\u0435 \u0432 \u043c\u0430\u0433\u0430\u0437\u0438\u043d\u0435 \u043c\u0430\u0442\u0440\u0430\u0441\u043e\u0432 mob.md \u0441 \u0431\u0435\u0441\u043f\u043b\u0430\u0442\u043d\u043e\u0439 \u0434\u043e\u0441\u0442\u0430\u0432\u043a\u043e\u0439 \u043f\u043e \u0432\u0441\u0435\u0439 \u0441\u0442\u0440\u0430\u043d\u0435. \u0420\u0430\u0441\u0441\u0440\u043e\u0447\u043a\u0430 0%!","robots":{"index":"index","follow":"follow","max-snippet":"max-snippet:-1","max-image-preview":"max-image-preview:large","max-video-preview":"max-video-preview:-1"},"canonical":"https:\/\/mob.md\/ro\/shop-ro\/saltele-ortopedice\/saltele-pentru-o-persoana\/saltea-pocket-spring-60%d1%85120-%d1%81m\/","og_locale":"ro_RO","og_type":"article","og_title":"\u041a\u0443\u043f\u0438\u0442\u044c Saltea Aster H=23 cm \u0432 \u041a\u0438\u0448\u0438\u043d\u0435\u0432\u0435 \u0441 \u0434\u043e\u0441\u0442\u0430\u0432\u043a\u043e\u0439 | Mob.MD","og_description":"\u041e\u0440\u0442\u043e\u043f\u0435\u0434\u0438\u0447\u0435\u0441\u043a\u0438\u0439 \u043c\u0430\u0442\u0440\u0430\u0441 \u0441 \u0433\u0430\u0440\u0430\u043d\u0442\u0438\u0435\u0439 \u043a\u0430\u0447\u0435\u0441\u0442\u0432\u0430 \u043a\u0443\u043f\u0438\u0442\u044c \u0432 \u041c\u043e\u043b\u0434\u043e\u0432\u0435 \u0432 \u043c\u0430\u0433\u0430\u0437\u0438\u043d\u0435 \u043c\u0430\u0442\u0440\u0430\u0441\u043e\u0432 mob.md \u0441 \u0431\u0435\u0441\u043f\u043b\u0430\u0442\u043d\u043e\u0439 \u0434\u043e\u0441\u0442\u0430\u0432\u043a\u043e\u0439 \u043f\u043e \u0432\u0441\u0435\u0439 \u0441\u0442\u0440\u0430\u043d\u0435. \u0420\u0430\u0441\u0441\u0440\u043e\u0447\u043a\u0430 0%!","og_url":"https:\/\/mob.md\/ro\/shop-ro\/saltele-ortopedice\/saltele-pentru-o-persoana\/saltea-pocket-spring-60%d1%85120-%d1%81m\/","og_site_name":"Mob.MD","article_publisher":"https:\/\/www.facebook.com\/Mob.md?locale=ru_RU","article_modified_time":"2024-10-29T08:47:37+00:00","og_image":[{"width":1200,"height":800,"url":"https:\/\/mob.md\/wp-content\/uploads\/2019\/05\/viber_image_2021-01-28_10-36-22.png","type":"image\/png"}],"twitter_card":"summary_large_image","twitter_misc":{"Timp estimat pentru citire":"2 minute"},"schema":{"@context":"https:\/\/schema.org","@graph":[{"@type":"WebPage","@id":"https:\/\/mob.md\/ro\/shop-ro\/saltele-ortopedice\/saltele-pentru-o-persoana\/saltea-pocket-spring-60%d1%85120-%d1%81m\/","url":"https:\/\/mob.md\/ro\/shop-ro\/saltele-ortopedice\/saltele-pentru-o-persoana\/saltea-pocket-spring-60%d1%85120-%d1%81m\/","name":"\u041a\u0443\u043f\u0438\u0442\u044c Saltea Aster H=23 cm \u0432 \u041a\u0438\u0448\u0438\u043d\u0435\u0432\u0435 \u0441 \u0434\u043e\u0441\u0442\u0430\u0432\u043a\u043e\u0439 | Mob.MD","isPartOf":{"@id":"https:\/\/mob.md\/ro\/#website"},"datePublished":"2019-05-06T18:14:49+00:00","dateModified":"2024-10-29T08:47:37+00:00","description":"\u041e\u0440\u0442\u043e\u043f\u0435\u0434\u0438\u0447\u0435\u0441\u043a\u0438\u0439 \u043c\u0430\u0442\u0440\u0430\u0441 \u0441 \u0433\u0430\u0440\u0430\u043d\u0442\u0438\u0435\u0439 \u043a\u0430\u0447\u0435\u0441\u0442\u0432\u0430 \u043a\u0443\u043f\u0438\u0442\u044c \u0432 \u041c\u043e\u043b\u0434\u043e\u0432\u0435 \u0432 \u043c\u0430\u0433\u0430\u0437\u0438\u043d\u0435 \u043c\u0430\u0442\u0440\u0430\u0441\u043e\u0432 mob.md \u0441 \u0431\u0435\u0441\u043f\u043b\u0430\u0442\u043d\u043e\u0439 \u0434\u043e\u0441\u0442\u0430\u0432\u043a\u043e\u0439 \u043f\u043e \u0432\u0441\u0435\u0439 \u0441\u0442\u0440\u0430\u043d\u0435. \u0420\u0430\u0441\u0441\u0440\u043e\u0447\u043a\u0430 0%!","breadcrumb":{"@id":"https:\/\/mob.md\/ro\/shop-ro\/saltele-ortopedice\/saltele-pentru-o-persoana\/saltea-pocket-spring-60%d1%85120-%d1%81m\/#breadcrumb"},"inLanguage":"ro-RO","potentialAction":[{"@type":"ReadAction","target":["https:\/\/mob.md\/ro\/shop-ro\/saltele-ortopedice\/saltele-pentru-o-persoana\/saltea-pocket-spring-60%d1%85120-%d1%81m\/"]}]},{"@type":"BreadcrumbList","@id":"https:\/\/mob.md\/ro\/shop-ro\/saltele-ortopedice\/saltele-pentru-o-persoana\/saltea-pocket-spring-60%d1%85120-%d1%81m\/#breadcrumb","itemListElement":[{"@type":"ListItem","position":1,"name":"\u0413\u043b\u0430\u0432\u043d\u0430\u044f \u0441\u0442\u0440\u0430\u043d\u0438\u0446\u0430","item":"https:\/\/mob.md\/ro\/"},{"@type":"ListItem","position":2,"name":"Catalog","item":"https:\/\/mob.md\/ro\/shop-ro\/"},{"@type":"ListItem","position":3,"name":"Saltea Aster H=23 cm"}]},{"@type":"WebSite","@id":"https:\/\/mob.md\/ro\/#website","url":"https:\/\/mob.md\/ro\/","name":"Mob.MD","description":"Mob.MD","publisher":{"@id":"https:\/\/mob.md\/ro\/#organization"},"potentialAction":[{"@type":"SearchAction","target":{"@type":"EntryPoint","urlTemplate":"https:\/\/mob.md\/ro\/?s={search_term_string}"},"query-input":"required name=search_term_string"}],"inLanguage":"ro-RO"},{"@type":"Organization","@id":"https:\/\/mob.md\/ro\/#organization","name":"Mob.md","url":"https:\/\/mob.md\/ro\/","logo":{"@type":"ImageObject","inLanguage":"ro-RO","@id":"https:\/\/mob.md\/ro\/#\/schema\/logo\/image\/","url":"https:\/\/mob.md\/wp-content\/uploads\/2021\/02\/logo-1.png","contentUrl":"https:\/\/mob.md\/wp-content\/uploads\/2021\/02\/logo-1.png","width":324,"height":193,"caption":"Mob.md"},"image":{"@id":"https:\/\/mob.md\/ro\/#\/schema\/logo\/image\/"},"sameAs":["https:\/\/www.facebook.com\/Mob.md?locale=ru_RU","https:\/\/www.instagram.com\/mob.md.moldova\/"]}]}},"_links":{"self":[{"href":"https:\/\/mob.md\/ro\/wp-json\/wp\/v2\/product\/20024"}],"collection":[{"href":"https:\/\/mob.md\/ro\/wp-json\/wp\/v2\/product"}],"about":[{"href":"https:\/\/mob.md\/ro\/wp-json\/wp\/v2\/types\/product"}],"replies":[{"embeddable":true,"href":"https:\/\/mob.md\/ro\/wp-json\/wp\/v2\/comments?post=20024"}],"wp:featuredmedia":[{"embeddable":true,"href":"https:\/\/mob.md\/ro\/wp-json\/wp\/v2\/media\/29238"}],"wp:attachment":[{"href":"https:\/\/mob.md\/ro\/wp-json\/wp\/v2\/media?parent=20024"}],"wp:term":[{"taxonomy":"product_cat","embeddable":true,"href":"https:\/\/mob.md\/ro\/wp-json\/wp\/v2\/product_cat?post=20024"},{"taxonomy":"product_tag","embeddable":true,"href":"https:\/\/mob.md\/ro\/wp-json\/wp\/v2\/product_tag?post=20024"}],"curies":[{"name":"wp","href":"https:\/\/api.w.org\/{rel}","templated":true}]}}