{"id":20377,"date":"2019-05-06T20:08:35","date_gmt":"2019-05-06T18:22:28","guid":{"rendered":"https:\/\/mob.md\/product\/lamele-ortopedice-classic-70%d1%85200-cm\/"},"modified":"2021-06-04T13:06:32","modified_gmt":"2021-06-04T10:06:32","slug":"lamele-ortopedice-classic-70%d1%85200-cm","status":"publish","type":"product","link":"https:\/\/mob.md\/ro\/shop-ro\/produse-suplimentare\/lamele-ortopedice\/lamele-ortopedice-classic-70%d1%85200-cm\/","title":{"rendered":"Lamele ortopedice &#8220;Comfort&#8221;"},"content":{"rendered":"<h4>Lamelele ortopedice sunt produse \u00een Slovacia, reprezint\u0103 pl\u0103ci arcuite din lemn de mesteac\u0103n, ce au trecut c\u00eeteva etape de l\u0103cuire \u0219i lustruire. Au elasticitate \u0219i flexibilitate bun\u0103, asigur\u0103 ventilarea saltelei. Num\u0103rul de lamele din varianta pentru o persoana este 28 buc., \u00een versiunea dubl\u0103 &#8211; 56 buc. Potrivite pentru orice tip de saltea.<br \/>\r\nNimeni nu are nici o \u00eendoial\u0103 c\u0103 un somn s\u0103n\u0103tos \u0219i util poate fi asigurat numai in pozi\u021bia anatomic\u0103 corect\u0103 a corpului.<br \/>\r\n\u00cen acela\u0219i timp, lamelele ortopedice nu doar completeaz\u0103 efectul ortopedic al saltelei, dar \u0219i il consolid\u0103, contribuind la reducerea sarcinei. Ce asigur\u0103 o via\u021b\u0103 mai lung\u0103 a saltelei, \u0219i pastrarea propriet\u0103\u021bilor ortopedice.<\/h4>","protected":false},"excerpt":{"rendered":"<p>Lamelele ortopedice sunt produse \u00een Slovacia, reprezint\u0103 pl\u0103ci arcuite din lemn de mesteac\u0103n, ce au trecut c\u00eeteva etape de l\u0103cuire \u0219i lustruire. Au elasticitate \u0219i flexibilitate bun\u0103, asigur\u0103 ventilarea saltelei. Num\u0103rul de lamele din varianta pentru o persoana este 28 buc., \u00een versiunea dubl\u0103 &#8211; 56 buc. Potrivite pentru orice tip de saltea. Nimeni nu [&hellip;]<\/p>\n","protected":false},"featured_media":25512,"comment_status":"closed","ping_status":"closed","template":"","meta":[],"product_cat":[3244],"product_tag":[],"yoast_head":"<!-- This site is optimized with the Yoast SEO plugin v20.8 - https:\/\/yoast.com\/wordpress\/plugins\/seo\/ -->\n<title>\u041a\u0443\u043f\u0438\u0442\u044c Lamele ortopedice &quot;Comfort&quot; \u0432 \u041a\u0438\u0448\u0438\u043d\u0435\u0432\u0435 \u0441 \u0434\u043e\u0441\u0442\u0430\u0432\u043a\u043e\u0439 | Mob.MD<\/title>\n<meta name=\"robots\" content=\"index, follow, max-snippet:-1, max-image-preview:large, max-video-preview:-1\" \/>\n<link rel=\"canonical\" href=\"https:\/\/mob.md\/ro\/shop-ro\/produse-suplimentare\/lamele-ortopedice\/lamele-ortopedice-classic-70%d1%85200-cm\/\" \/>\n<meta property=\"og:locale\" content=\"ro_RO\" \/>\n<meta property=\"og:type\" content=\"article\" \/>\n<meta property=\"og:title\" content=\"\u041a\u0443\u043f\u0438\u0442\u044c Lamele ortopedice &quot;Comfort&quot; \u0432 \u041a\u0438\u0448\u0438\u043d\u0435\u0432\u0435 \u0441 \u0434\u043e\u0441\u0442\u0430\u0432\u043a\u043e\u0439 | Mob.MD\" \/>\n<meta property=\"og:description\" content=\"Lamelele ortopedice sunt produse \u00een Slovacia, reprezint\u0103 pl\u0103ci arcuite din lemn de mesteac\u0103n, ce au trecut c\u00eeteva etape de l\u0103cuire \u0219i lustruire. Au elasticitate \u0219i flexibilitate bun\u0103, asigur\u0103 ventilarea saltelei. Num\u0103rul de lamele din varianta pentru o persoana este 28 buc., \u00een versiunea dubl\u0103 &#8211; 56 buc. Potrivite pentru orice tip de saltea. Nimeni nu [&hellip;]\" \/>\n<meta property=\"og:url\" content=\"https:\/\/mob.md\/ro\/shop-ro\/produse-suplimentare\/lamele-ortopedice\/lamele-ortopedice-classic-70%d1%85200-cm\/\" \/>\n<meta property=\"og:site_name\" content=\"Mob.MD\" \/>\n<meta property=\"article:publisher\" content=\"https:\/\/www.facebook.com\/Mob.md?locale=ru_RU\" \/>\n<meta property=\"article:modified_time\" content=\"2021-06-04T10:06:32+00:00\" \/>\n<meta property=\"og:image\" content=\"https:\/\/mob.md\/wp-content\/uploads\/2019\/05\/\u041b\u0430\u043c\u0435\u043b\u0438-\u043e\u0440\u0442\u043e\u043f\u0435\u0434\u0438\u0447\u0435\u0441\u043a\u0438\u0435-\u00ab\u041a\u043b\u0430\u0441\u0441\u0438\u043a\u00bb.png\" \/>\n\t<meta property=\"og:image:width\" content=\"1200\" \/>\n\t<meta property=\"og:image:height\" content=\"800\" \/>\n\t<meta property=\"og:image:type\" content=\"image\/png\" \/>\n<meta name=\"twitter:card\" content=\"summary_large_image\" \/>\n<meta name=\"twitter:label1\" content=\"Timp estimat pentru citire\" \/>\n\t<meta name=\"twitter:data1\" content=\"1 minut\" \/>\n<script type=\"application\/ld+json\" class=\"yoast-schema-graph\">{\"@context\":\"https:\/\/schema.org\",\"@graph\":[{\"@type\":\"WebPage\",\"@id\":\"https:\/\/mob.md\/ro\/shop-ro\/produse-suplimentare\/lamele-ortopedice\/lamele-ortopedice-classic-70%d1%85200-cm\/\",\"url\":\"https:\/\/mob.md\/ro\/shop-ro\/produse-suplimentare\/lamele-ortopedice\/lamele-ortopedice-classic-70%d1%85200-cm\/\",\"name\":\"\u041a\u0443\u043f\u0438\u0442\u044c Lamele ortopedice \\\"Comfort\\\" \u0432 \u041a\u0438\u0448\u0438\u043d\u0435\u0432\u0435 \u0441 \u0434\u043e\u0441\u0442\u0430\u0432\u043a\u043e\u0439 | Mob.MD\",\"isPartOf\":{\"@id\":\"https:\/\/mob.md\/ro\/#website\"},\"datePublished\":\"2019-05-06T18:22:28+00:00\",\"dateModified\":\"2021-06-04T10:06:32+00:00\",\"breadcrumb\":{\"@id\":\"https:\/\/mob.md\/ro\/shop-ro\/produse-suplimentare\/lamele-ortopedice\/lamele-ortopedice-classic-70%d1%85200-cm\/#breadcrumb\"},\"inLanguage\":\"ro-RO\",\"potentialAction\":[{\"@type\":\"ReadAction\",\"target\":[\"https:\/\/mob.md\/ro\/shop-ro\/produse-suplimentare\/lamele-ortopedice\/lamele-ortopedice-classic-70%d1%85200-cm\/\"]}]},{\"@type\":\"BreadcrumbList\",\"@id\":\"https:\/\/mob.md\/ro\/shop-ro\/produse-suplimentare\/lamele-ortopedice\/lamele-ortopedice-classic-70%d1%85200-cm\/#breadcrumb\",\"itemListElement\":[{\"@type\":\"ListItem\",\"position\":1,\"name\":\"\u0413\u043b\u0430\u0432\u043d\u0430\u044f \u0441\u0442\u0440\u0430\u043d\u0438\u0446\u0430\",\"item\":\"https:\/\/mob.md\/ro\/\"},{\"@type\":\"ListItem\",\"position\":2,\"name\":\"Catalog\",\"item\":\"https:\/\/mob.md\/ro\/shop-ro\/\"},{\"@type\":\"ListItem\",\"position\":3,\"name\":\"Lamele ortopedice &#8220;Comfort&#8221;\"}]},{\"@type\":\"WebSite\",\"@id\":\"https:\/\/mob.md\/ro\/#website\",\"url\":\"https:\/\/mob.md\/ro\/\",\"name\":\"Mob.MD\",\"description\":\"Mob.MD\",\"publisher\":{\"@id\":\"https:\/\/mob.md\/ro\/#organization\"},\"potentialAction\":[{\"@type\":\"SearchAction\",\"target\":{\"@type\":\"EntryPoint\",\"urlTemplate\":\"https:\/\/mob.md\/ro\/?s={search_term_string}\"},\"query-input\":\"required name=search_term_string\"}],\"inLanguage\":\"ro-RO\"},{\"@type\":\"Organization\",\"@id\":\"https:\/\/mob.md\/ro\/#organization\",\"name\":\"Mob.md\",\"url\":\"https:\/\/mob.md\/ro\/\",\"logo\":{\"@type\":\"ImageObject\",\"inLanguage\":\"ro-RO\",\"@id\":\"https:\/\/mob.md\/ro\/#\/schema\/logo\/image\/\",\"url\":\"https:\/\/mob.md\/wp-content\/uploads\/2021\/02\/logo-1.png\",\"contentUrl\":\"https:\/\/mob.md\/wp-content\/uploads\/2021\/02\/logo-1.png\",\"width\":324,\"height\":193,\"caption\":\"Mob.md\"},\"image\":{\"@id\":\"https:\/\/mob.md\/ro\/#\/schema\/logo\/image\/\"},\"sameAs\":[\"https:\/\/www.facebook.com\/Mob.md?locale=ru_RU\",\"https:\/\/www.instagram.com\/mob.md.moldova\/\"]}]}<\/script>\n<!-- \/ Yoast SEO plugin. -->","yoast_head_json":{"title":"\u041a\u0443\u043f\u0438\u0442\u044c Lamele ortopedice \"Comfort\" \u0432 \u041a\u0438\u0448\u0438\u043d\u0435\u0432\u0435 \u0441 \u0434\u043e\u0441\u0442\u0430\u0432\u043a\u043e\u0439 | Mob.MD","robots":{"index":"index","follow":"follow","max-snippet":"max-snippet:-1","max-image-preview":"max-image-preview:large","max-video-preview":"max-video-preview:-1"},"canonical":"https:\/\/mob.md\/ro\/shop-ro\/produse-suplimentare\/lamele-ortopedice\/lamele-ortopedice-classic-70%d1%85200-cm\/","og_locale":"ro_RO","og_type":"article","og_title":"\u041a\u0443\u043f\u0438\u0442\u044c Lamele ortopedice \"Comfort\" \u0432 \u041a\u0438\u0448\u0438\u043d\u0435\u0432\u0435 \u0441 \u0434\u043e\u0441\u0442\u0430\u0432\u043a\u043e\u0439 | Mob.MD","og_description":"Lamelele ortopedice sunt produse \u00een Slovacia, reprezint\u0103 pl\u0103ci arcuite din lemn de mesteac\u0103n, ce au trecut c\u00eeteva etape de l\u0103cuire \u0219i lustruire. Au elasticitate \u0219i flexibilitate bun\u0103, asigur\u0103 ventilarea saltelei. Num\u0103rul de lamele din varianta pentru o persoana este 28 buc., \u00een versiunea dubl\u0103 &#8211; 56 buc. Potrivite pentru orice tip de saltea. Nimeni nu [&hellip;]","og_url":"https:\/\/mob.md\/ro\/shop-ro\/produse-suplimentare\/lamele-ortopedice\/lamele-ortopedice-classic-70%d1%85200-cm\/","og_site_name":"Mob.MD","article_publisher":"https:\/\/www.facebook.com\/Mob.md?locale=ru_RU","article_modified_time":"2021-06-04T10:06:32+00:00","og_image":[{"width":1200,"height":800,"url":"https:\/\/mob.md\/wp-content\/uploads\/2019\/05\/\u041b\u0430\u043c\u0435\u043b\u0438-\u043e\u0440\u0442\u043e\u043f\u0435\u0434\u0438\u0447\u0435\u0441\u043a\u0438\u0435-\u00ab\u041a\u043b\u0430\u0441\u0441\u0438\u043a\u00bb.png","type":"image\/png"}],"twitter_card":"summary_large_image","twitter_misc":{"Timp estimat pentru citire":"1 minut"},"schema":{"@context":"https:\/\/schema.org","@graph":[{"@type":"WebPage","@id":"https:\/\/mob.md\/ro\/shop-ro\/produse-suplimentare\/lamele-ortopedice\/lamele-ortopedice-classic-70%d1%85200-cm\/","url":"https:\/\/mob.md\/ro\/shop-ro\/produse-suplimentare\/lamele-ortopedice\/lamele-ortopedice-classic-70%d1%85200-cm\/","name":"\u041a\u0443\u043f\u0438\u0442\u044c Lamele ortopedice \"Comfort\" \u0432 \u041a\u0438\u0448\u0438\u043d\u0435\u0432\u0435 \u0441 \u0434\u043e\u0441\u0442\u0430\u0432\u043a\u043e\u0439 | Mob.MD","isPartOf":{"@id":"https:\/\/mob.md\/ro\/#website"},"datePublished":"2019-05-06T18:22:28+00:00","dateModified":"2021-06-04T10:06:32+00:00","breadcrumb":{"@id":"https:\/\/mob.md\/ro\/shop-ro\/produse-suplimentare\/lamele-ortopedice\/lamele-ortopedice-classic-70%d1%85200-cm\/#breadcrumb"},"inLanguage":"ro-RO","potentialAction":[{"@type":"ReadAction","target":["https:\/\/mob.md\/ro\/shop-ro\/produse-suplimentare\/lamele-ortopedice\/lamele-ortopedice-classic-70%d1%85200-cm\/"]}]},{"@type":"BreadcrumbList","@id":"https:\/\/mob.md\/ro\/shop-ro\/produse-suplimentare\/lamele-ortopedice\/lamele-ortopedice-classic-70%d1%85200-cm\/#breadcrumb","itemListElement":[{"@type":"ListItem","position":1,"name":"\u0413\u043b\u0430\u0432\u043d\u0430\u044f \u0441\u0442\u0440\u0430\u043d\u0438\u0446\u0430","item":"https:\/\/mob.md\/ro\/"},{"@type":"ListItem","position":2,"name":"Catalog","item":"https:\/\/mob.md\/ro\/shop-ro\/"},{"@type":"ListItem","position":3,"name":"Lamele ortopedice &#8220;Comfort&#8221;"}]},{"@type":"WebSite","@id":"https:\/\/mob.md\/ro\/#website","url":"https:\/\/mob.md\/ro\/","name":"Mob.MD","description":"Mob.MD","publisher":{"@id":"https:\/\/mob.md\/ro\/#organization"},"potentialAction":[{"@type":"SearchAction","target":{"@type":"EntryPoint","urlTemplate":"https:\/\/mob.md\/ro\/?s={search_term_string}"},"query-input":"required name=search_term_string"}],"inLanguage":"ro-RO"},{"@type":"Organization","@id":"https:\/\/mob.md\/ro\/#organization","name":"Mob.md","url":"https:\/\/mob.md\/ro\/","logo":{"@type":"ImageObject","inLanguage":"ro-RO","@id":"https:\/\/mob.md\/ro\/#\/schema\/logo\/image\/","url":"https:\/\/mob.md\/wp-content\/uploads\/2021\/02\/logo-1.png","contentUrl":"https:\/\/mob.md\/wp-content\/uploads\/2021\/02\/logo-1.png","width":324,"height":193,"caption":"Mob.md"},"image":{"@id":"https:\/\/mob.md\/ro\/#\/schema\/logo\/image\/"},"sameAs":["https:\/\/www.facebook.com\/Mob.md?locale=ru_RU","https:\/\/www.instagram.com\/mob.md.moldova\/"]}]}},"_links":{"self":[{"href":"https:\/\/mob.md\/ro\/wp-json\/wp\/v2\/product\/20377"}],"collection":[{"href":"https:\/\/mob.md\/ro\/wp-json\/wp\/v2\/product"}],"about":[{"href":"https:\/\/mob.md\/ro\/wp-json\/wp\/v2\/types\/product"}],"replies":[{"embeddable":true,"href":"https:\/\/mob.md\/ro\/wp-json\/wp\/v2\/comments?post=20377"}],"wp:featuredmedia":[{"embeddable":true,"href":"https:\/\/mob.md\/ro\/wp-json\/wp\/v2\/media\/25512"}],"wp:attachment":[{"href":"https:\/\/mob.md\/ro\/wp-json\/wp\/v2\/media?parent=20377"}],"wp:term":[{"taxonomy":"product_cat","embeddable":true,"href":"https:\/\/mob.md\/ro\/wp-json\/wp\/v2\/product_cat?post=20377"},{"taxonomy":"product_tag","embeddable":true,"href":"https:\/\/mob.md\/ro\/wp-json\/wp\/v2\/product_tag?post=20377"}],"curies":[{"name":"wp","href":"https:\/\/api.w.org\/{rel}","templated":true}]}}