{"id":20471,"date":"2019-05-06T20:10:01","date_gmt":"2019-05-06T18:24:54","guid":{"rendered":"https:\/\/mob.md\/product\/saltea-junior-relax-160x200-cm\/"},"modified":"2024-04-12T12:12:07","modified_gmt":"2024-04-12T09:12:07","slug":"saltea-junior-relax-160x200-cm","status":"publish","type":"product","link":"https:\/\/mob.md\/ro\/shop-ro\/saltele-ortopedice\/saltele-pentru-o-persoana\/saltea-junior-relax-160x200-cm\/","title":{"rendered":"Saltea Junior Relax H=16cm"},"content":{"rendered":"<p>Junior Relax este unul dintre cele mai populare modele pentru copii \u0219i adolescen\u021bi. Acest model are dou\u0103 tipuri de rigiditate &#8211; moale\/dur\u0103. Datorit\u0103 perfora\u021biei pe o parte, salteaua se adapteaz\u0103 cu u\u0219urin\u021b\u0103 la curbele corpului, distribuind uniform sarcina \u0219i amelior\u00e2nd tensiunea de la articula\u021bii \u0219i coloana vertebral\u0103, ceea ce are un efect benefic asupra calit\u0103\u021bii somnului \u0219i asupra corpului \u00een cre\u0219tere al unui copil sau adolescent. Spuma de \u00eenalt\u0103 calitate folosit\u0103 la acest model nu se va l\u0103sa nici m\u0103car \u00een timp.Husa deta\u0219abil\u0103 este extrem de convenabil\u0103, ceea ce va asigura cur\u0103\u021barea la timp, iar salteaua va fi mereu curat\u0103 \u0219i proasp\u0103t\u0103. Brandul MATERASSO \u0219i-a c\u00e2\u0219tigat locul de onoare \u00een produc\u021bia de saltele din \u00eentreaga lume \u0219i a l\u0103sat sute de clien\u021bi mul\u021bumi\u021bi. S\u0103n\u0103tatea copiilor dvs. depinde de alegerea saltelei; prin urmare, nu ar trebui s\u0103 economisi\u021bi pe o saltea; este mai bine s\u0103 cump\u0103ra\u021bi o saltea bun\u0103 o dat\u0103 dec\u00e2t s\u0103 pl\u0103ti\u021bi \u00een viitor pentru un tratament costisitor pentru o coloan\u0103 curbat\u0103 \u0219i deformat\u0103.<\/p>\r\n<ul>\r\n\t<li>\r\n<h4><strong>Baza: spuma ELIOCELL <\/strong><\/h4>\r\n<\/li>\r\n\t<li>\r\n<h4><strong>Husa deta\u015fabil\u0103 <\/strong><strong>DRYFAST<\/strong><\/h4>\r\n<\/li>\r\n\t<li>\r\n<h4><strong>Potrivit pentru copii<\/strong><\/h4>\r\n<\/li>\r\n\t<li>\r\n<h4>Garan\u0163ie 2 ani<\/h4>\r\n<\/li>\r\n<\/ul>","protected":false},"excerpt":{"rendered":"<p>Junior Relax este unul dintre cele mai populare modele pentru copii \u0219i adolescen\u021bi. Acest model are dou\u0103 tipuri de rigiditate &#8211; moale\/dur\u0103. Datorit\u0103 perfora\u021biei pe o parte, salteaua se adapteaz\u0103 cu u\u0219urin\u021b\u0103 la curbele corpului, distribuind uniform sarcina \u0219i amelior\u00e2nd tensiunea de la articula\u021bii \u0219i coloana vertebral\u0103, ceea ce are un efect benefic asupra calit\u0103\u021bii [&hellip;]<\/p>\n","protected":false},"featured_media":24483,"comment_status":"closed","ping_status":"closed","template":"","meta":[],"product_cat":[3359,3332,3420,3327,3328,3322,3321,3329,3250,3275],"product_tag":[],"yoast_head":"<!-- This site is optimized with the Yoast SEO plugin v20.8 - https:\/\/yoast.com\/wordpress\/plugins\/seo\/ -->\n<title>\u041a\u0443\u043f\u0438\u0442\u044c Saltea Junior Relax H=16cm \u0432 \u041a\u0438\u0448\u0438\u043d\u0435\u0432\u0435 \u0441 \u0434\u043e\u0441\u0442\u0430\u0432\u043a\u043e\u0439 | Mob.MD<\/title>\n<meta name=\"robots\" content=\"index, follow, max-snippet:-1, max-image-preview:large, max-video-preview:-1\" \/>\n<link rel=\"canonical\" href=\"https:\/\/mob.md\/ro\/shop-ro\/saltele-ortopedice\/saltele-pentru-o-persoana\/saltea-junior-relax-160x200-cm\/\" \/>\n<meta property=\"og:locale\" content=\"ro_RO\" \/>\n<meta property=\"og:type\" content=\"article\" \/>\n<meta property=\"og:title\" content=\"\u041a\u0443\u043f\u0438\u0442\u044c Saltea Junior Relax H=16cm \u0432 \u041a\u0438\u0448\u0438\u043d\u0435\u0432\u0435 \u0441 \u0434\u043e\u0441\u0442\u0430\u0432\u043a\u043e\u0439 | Mob.MD\" \/>\n<meta property=\"og:description\" content=\"Junior Relax este unul dintre cele mai populare modele pentru copii \u0219i adolescen\u021bi. Acest model are dou\u0103 tipuri de rigiditate &#8211; moale\/dur\u0103. Datorit\u0103 perfora\u021biei pe o parte, salteaua se adapteaz\u0103 cu u\u0219urin\u021b\u0103 la curbele corpului, distribuind uniform sarcina \u0219i amelior\u00e2nd tensiunea de la articula\u021bii \u0219i coloana vertebral\u0103, ceea ce are un efect benefic asupra calit\u0103\u021bii [&hellip;]\" \/>\n<meta property=\"og:url\" content=\"https:\/\/mob.md\/ro\/shop-ro\/saltele-ortopedice\/saltele-pentru-o-persoana\/saltea-junior-relax-160x200-cm\/\" \/>\n<meta property=\"og:site_name\" content=\"Mob.MD\" \/>\n<meta property=\"article:publisher\" content=\"https:\/\/www.facebook.com\/Mob.md?locale=ru_RU\" \/>\n<meta property=\"article:modified_time\" content=\"2024-04-12T09:12:07+00:00\" \/>\n<meta property=\"og:image\" content=\"https:\/\/mob.md\/wp-content\/uploads\/2019\/05\/Junior-Relax.png\" \/>\n\t<meta property=\"og:image:width\" content=\"1042\" \/>\n\t<meta property=\"og:image:height\" content=\"608\" \/>\n\t<meta property=\"og:image:type\" content=\"image\/png\" \/>\n<meta name=\"twitter:card\" content=\"summary_large_image\" \/>\n<meta name=\"twitter:label1\" content=\"Timp estimat pentru citire\" \/>\n\t<meta name=\"twitter:data1\" content=\"1 minut\" \/>\n<script type=\"application\/ld+json\" class=\"yoast-schema-graph\">{\"@context\":\"https:\/\/schema.org\",\"@graph\":[{\"@type\":\"WebPage\",\"@id\":\"https:\/\/mob.md\/ro\/shop-ro\/saltele-ortopedice\/saltele-pentru-o-persoana\/saltea-junior-relax-160x200-cm\/\",\"url\":\"https:\/\/mob.md\/ro\/shop-ro\/saltele-ortopedice\/saltele-pentru-o-persoana\/saltea-junior-relax-160x200-cm\/\",\"name\":\"\u041a\u0443\u043f\u0438\u0442\u044c Saltea Junior Relax H=16cm \u0432 \u041a\u0438\u0448\u0438\u043d\u0435\u0432\u0435 \u0441 \u0434\u043e\u0441\u0442\u0430\u0432\u043a\u043e\u0439 | Mob.MD\",\"isPartOf\":{\"@id\":\"https:\/\/mob.md\/ro\/#website\"},\"datePublished\":\"2019-05-06T18:24:54+00:00\",\"dateModified\":\"2024-04-12T09:12:07+00:00\",\"breadcrumb\":{\"@id\":\"https:\/\/mob.md\/ro\/shop-ro\/saltele-ortopedice\/saltele-pentru-o-persoana\/saltea-junior-relax-160x200-cm\/#breadcrumb\"},\"inLanguage\":\"ro-RO\",\"potentialAction\":[{\"@type\":\"ReadAction\",\"target\":[\"https:\/\/mob.md\/ro\/shop-ro\/saltele-ortopedice\/saltele-pentru-o-persoana\/saltea-junior-relax-160x200-cm\/\"]}]},{\"@type\":\"BreadcrumbList\",\"@id\":\"https:\/\/mob.md\/ro\/shop-ro\/saltele-ortopedice\/saltele-pentru-o-persoana\/saltea-junior-relax-160x200-cm\/#breadcrumb\",\"itemListElement\":[{\"@type\":\"ListItem\",\"position\":1,\"name\":\"\u0413\u043b\u0430\u0432\u043d\u0430\u044f \u0441\u0442\u0440\u0430\u043d\u0438\u0446\u0430\",\"item\":\"https:\/\/mob.md\/ro\/\"},{\"@type\":\"ListItem\",\"position\":2,\"name\":\"Catalog\",\"item\":\"https:\/\/mob.md\/ro\/shop-ro\/\"},{\"@type\":\"ListItem\",\"position\":3,\"name\":\"Saltea Junior Relax H=16cm\"}]},{\"@type\":\"WebSite\",\"@id\":\"https:\/\/mob.md\/ro\/#website\",\"url\":\"https:\/\/mob.md\/ro\/\",\"name\":\"Mob.MD\",\"description\":\"Mob.MD\",\"publisher\":{\"@id\":\"https:\/\/mob.md\/ro\/#organization\"},\"potentialAction\":[{\"@type\":\"SearchAction\",\"target\":{\"@type\":\"EntryPoint\",\"urlTemplate\":\"https:\/\/mob.md\/ro\/?s={search_term_string}\"},\"query-input\":\"required name=search_term_string\"}],\"inLanguage\":\"ro-RO\"},{\"@type\":\"Organization\",\"@id\":\"https:\/\/mob.md\/ro\/#organization\",\"name\":\"Mob.md\",\"url\":\"https:\/\/mob.md\/ro\/\",\"logo\":{\"@type\":\"ImageObject\",\"inLanguage\":\"ro-RO\",\"@id\":\"https:\/\/mob.md\/ro\/#\/schema\/logo\/image\/\",\"url\":\"https:\/\/mob.md\/wp-content\/uploads\/2021\/02\/logo-1.png\",\"contentUrl\":\"https:\/\/mob.md\/wp-content\/uploads\/2021\/02\/logo-1.png\",\"width\":324,\"height\":193,\"caption\":\"Mob.md\"},\"image\":{\"@id\":\"https:\/\/mob.md\/ro\/#\/schema\/logo\/image\/\"},\"sameAs\":[\"https:\/\/www.facebook.com\/Mob.md?locale=ru_RU\",\"https:\/\/www.instagram.com\/mob.md.moldova\/\"]}]}<\/script>\n<!-- \/ Yoast SEO plugin. -->","yoast_head_json":{"title":"\u041a\u0443\u043f\u0438\u0442\u044c Saltea Junior Relax H=16cm \u0432 \u041a\u0438\u0448\u0438\u043d\u0435\u0432\u0435 \u0441 \u0434\u043e\u0441\u0442\u0430\u0432\u043a\u043e\u0439 | Mob.MD","robots":{"index":"index","follow":"follow","max-snippet":"max-snippet:-1","max-image-preview":"max-image-preview:large","max-video-preview":"max-video-preview:-1"},"canonical":"https:\/\/mob.md\/ro\/shop-ro\/saltele-ortopedice\/saltele-pentru-o-persoana\/saltea-junior-relax-160x200-cm\/","og_locale":"ro_RO","og_type":"article","og_title":"\u041a\u0443\u043f\u0438\u0442\u044c Saltea Junior Relax H=16cm \u0432 \u041a\u0438\u0448\u0438\u043d\u0435\u0432\u0435 \u0441 \u0434\u043e\u0441\u0442\u0430\u0432\u043a\u043e\u0439 | Mob.MD","og_description":"Junior Relax este unul dintre cele mai populare modele pentru copii \u0219i adolescen\u021bi. Acest model are dou\u0103 tipuri de rigiditate &#8211; moale\/dur\u0103. Datorit\u0103 perfora\u021biei pe o parte, salteaua se adapteaz\u0103 cu u\u0219urin\u021b\u0103 la curbele corpului, distribuind uniform sarcina \u0219i amelior\u00e2nd tensiunea de la articula\u021bii \u0219i coloana vertebral\u0103, ceea ce are un efect benefic asupra calit\u0103\u021bii [&hellip;]","og_url":"https:\/\/mob.md\/ro\/shop-ro\/saltele-ortopedice\/saltele-pentru-o-persoana\/saltea-junior-relax-160x200-cm\/","og_site_name":"Mob.MD","article_publisher":"https:\/\/www.facebook.com\/Mob.md?locale=ru_RU","article_modified_time":"2024-04-12T09:12:07+00:00","og_image":[{"width":1042,"height":608,"url":"https:\/\/mob.md\/wp-content\/uploads\/2019\/05\/Junior-Relax.png","type":"image\/png"}],"twitter_card":"summary_large_image","twitter_misc":{"Timp estimat pentru citire":"1 minut"},"schema":{"@context":"https:\/\/schema.org","@graph":[{"@type":"WebPage","@id":"https:\/\/mob.md\/ro\/shop-ro\/saltele-ortopedice\/saltele-pentru-o-persoana\/saltea-junior-relax-160x200-cm\/","url":"https:\/\/mob.md\/ro\/shop-ro\/saltele-ortopedice\/saltele-pentru-o-persoana\/saltea-junior-relax-160x200-cm\/","name":"\u041a\u0443\u043f\u0438\u0442\u044c Saltea Junior Relax H=16cm \u0432 \u041a\u0438\u0448\u0438\u043d\u0435\u0432\u0435 \u0441 \u0434\u043e\u0441\u0442\u0430\u0432\u043a\u043e\u0439 | Mob.MD","isPartOf":{"@id":"https:\/\/mob.md\/ro\/#website"},"datePublished":"2019-05-06T18:24:54+00:00","dateModified":"2024-04-12T09:12:07+00:00","breadcrumb":{"@id":"https:\/\/mob.md\/ro\/shop-ro\/saltele-ortopedice\/saltele-pentru-o-persoana\/saltea-junior-relax-160x200-cm\/#breadcrumb"},"inLanguage":"ro-RO","potentialAction":[{"@type":"ReadAction","target":["https:\/\/mob.md\/ro\/shop-ro\/saltele-ortopedice\/saltele-pentru-o-persoana\/saltea-junior-relax-160x200-cm\/"]}]},{"@type":"BreadcrumbList","@id":"https:\/\/mob.md\/ro\/shop-ro\/saltele-ortopedice\/saltele-pentru-o-persoana\/saltea-junior-relax-160x200-cm\/#breadcrumb","itemListElement":[{"@type":"ListItem","position":1,"name":"\u0413\u043b\u0430\u0432\u043d\u0430\u044f \u0441\u0442\u0440\u0430\u043d\u0438\u0446\u0430","item":"https:\/\/mob.md\/ro\/"},{"@type":"ListItem","position":2,"name":"Catalog","item":"https:\/\/mob.md\/ro\/shop-ro\/"},{"@type":"ListItem","position":3,"name":"Saltea Junior Relax H=16cm"}]},{"@type":"WebSite","@id":"https:\/\/mob.md\/ro\/#website","url":"https:\/\/mob.md\/ro\/","name":"Mob.MD","description":"Mob.MD","publisher":{"@id":"https:\/\/mob.md\/ro\/#organization"},"potentialAction":[{"@type":"SearchAction","target":{"@type":"EntryPoint","urlTemplate":"https:\/\/mob.md\/ro\/?s={search_term_string}"},"query-input":"required name=search_term_string"}],"inLanguage":"ro-RO"},{"@type":"Organization","@id":"https:\/\/mob.md\/ro\/#organization","name":"Mob.md","url":"https:\/\/mob.md\/ro\/","logo":{"@type":"ImageObject","inLanguage":"ro-RO","@id":"https:\/\/mob.md\/ro\/#\/schema\/logo\/image\/","url":"https:\/\/mob.md\/wp-content\/uploads\/2021\/02\/logo-1.png","contentUrl":"https:\/\/mob.md\/wp-content\/uploads\/2021\/02\/logo-1.png","width":324,"height":193,"caption":"Mob.md"},"image":{"@id":"https:\/\/mob.md\/ro\/#\/schema\/logo\/image\/"},"sameAs":["https:\/\/www.facebook.com\/Mob.md?locale=ru_RU","https:\/\/www.instagram.com\/mob.md.moldova\/"]}]}},"_links":{"self":[{"href":"https:\/\/mob.md\/ro\/wp-json\/wp\/v2\/product\/20471"}],"collection":[{"href":"https:\/\/mob.md\/ro\/wp-json\/wp\/v2\/product"}],"about":[{"href":"https:\/\/mob.md\/ro\/wp-json\/wp\/v2\/types\/product"}],"replies":[{"embeddable":true,"href":"https:\/\/mob.md\/ro\/wp-json\/wp\/v2\/comments?post=20471"}],"wp:featuredmedia":[{"embeddable":true,"href":"https:\/\/mob.md\/ro\/wp-json\/wp\/v2\/media\/24483"}],"wp:attachment":[{"href":"https:\/\/mob.md\/ro\/wp-json\/wp\/v2\/media?parent=20471"}],"wp:term":[{"taxonomy":"product_cat","embeddable":true,"href":"https:\/\/mob.md\/ro\/wp-json\/wp\/v2\/product_cat?post=20471"},{"taxonomy":"product_tag","embeddable":true,"href":"https:\/\/mob.md\/ro\/wp-json\/wp\/v2\/product_tag?post=20471"}],"curies":[{"name":"wp","href":"https:\/\/api.w.org\/{rel}","templated":true}]}}