{"id":31831,"date":"2021-07-29T14:43:20","date_gmt":"2021-07-29T11:46:45","guid":{"rendered":"https:\/\/mob.md\/?post_type=product&#038;p=31831"},"modified":"2021-11-02T15:19:48","modified_gmt":"2021-11-02T12:19:48","slug":"bariera-de-siguranta-lk149","status":"publish","type":"product","link":"https:\/\/mob.md\/ro\/shop-ro\/lazi-pentru-albituri\/bariera-de-siguranta\/bariera-de-siguranta-lk149\/","title":{"rendered":"Bariera de siguran\u0163\u0103 LK149"},"content":{"rendered":"<p>Pute\u0163i procura \u00een credit, o barier\u0103 de siguran\u021b\u0103, p\u00e2n\u0103 la 36 luni sau \u00een rate cu 0% dob\u00e2nd\u0103 \u00een decurs de 6 luni. Livrare gratuit\u0103 \u00een toat\u0103 \u0163ara.<\/p>\r\n<p>Bariera de siguran\u021b\u0103 este confec\u021bionat\u0103 din pin natural, rezistent, ceea ce garanteaz\u0103 durabilitatea elementului dat. Asamblarea simpl\u0103 \u00eenseamn\u0103 c\u0103 poate fi instalat\u0103 \u0219i \u00eendep\u0103rtat\u0103 foarte rapid. Mobilierul este realizat, folosind cele mai bune specii de pin \u0219i tehnologia de vopsire tripl\u0103, cu lac ecologic. \u00cen produc\u021bie folosim lacuri certificate de Institutul Na\u021bional de Igien\u0103 din Polonia. Lacul pe care \u00eel folosim noi, pute\u021bi cu \u00eencredere\u00a0 s\u0103-l aplica\u021bi pe obiectele de care se ating copiii.<\/p>\r\n<p>Pinul din care este confec\u0163ionat\u0103 bariera are propriet\u0103\u0163i unice. Acesta elimin\u0103 substan\u0163e volatile, care lichideaz\u0103 to\u0163i mocrobii din locuin\u0163\u0103. Substan\u0163ele volatile cur\u0103\u0163\u0103 atmosfera din camer\u0103 \u015fi previne apari\u0163ia bolilor. Chiar \u015fi dup\u0103 prelucrarea mobilei din pin ea \u00ee\u015fi p\u0103streaz\u0103 propriet\u0103\u0163ile medicinale. Astfel c\u0103 mobila din pin este nu doar un element decorativ al casei dvs. dar \u015fi o garan\u0163ie a s\u0103n\u0103t\u0103\u0163ii.<\/p>\r\n<p>\u00cen pin persist\u0103 o cantitate imens\u0103 de r\u0103\u015fini, care sub influen\u0163a calit\u0103\u0163ilor sale puternice, previne apari\u0163ia mucegaiului \u015fi ciupercilor. Pinul, la fel, \u00eenl\u0103tur\u0103 parazi\u0163ii \u015fi stagneaz\u0103 procesul de putrefac\u0163ie.\u00a0\u00a0\u00a0\u00a0<\/p>","protected":false},"excerpt":{"rendered":"<p>Pute\u0163i procura \u00een credit, o barier\u0103 de siguran\u021b\u0103, p\u00e2n\u0103 la 36 luni sau \u00een rate cu 0% dob\u00e2nd\u0103 \u00een decurs de 6 luni. Livrare gratuit\u0103 \u00een toat\u0103 \u0163ara. Bariera de siguran\u021b\u0103 este confec\u021bionat\u0103 din pin natural, rezistent, ceea ce garanteaz\u0103 durabilitatea elementului dat. Asamblarea simpl\u0103 \u00eenseamn\u0103 c\u0103 poate fi instalat\u0103 \u0219i \u00eendep\u0103rtat\u0103 foarte rapid. Mobilierul [&hellip;]<\/p>\n","protected":false},"featured_media":31826,"comment_status":"open","ping_status":"closed","template":"","meta":[],"product_cat":[3574,3239],"product_tag":[],"yoast_head":"<!-- This site is optimized with the Yoast SEO plugin v20.8 - https:\/\/yoast.com\/wordpress\/plugins\/seo\/ -->\n<title>\u041a\u0443\u043f\u0438\u0442\u044c Bariera de siguran\u0163\u0103 LK149 \u0432 \u041a\u0438\u0448\u0438\u043d\u0435\u0432\u0435 \u0441 \u0434\u043e\u0441\u0442\u0430\u0432\u043a\u043e\u0439 | Mob.MD<\/title>\n<meta name=\"robots\" content=\"index, follow, max-snippet:-1, max-image-preview:large, max-video-preview:-1\" \/>\n<link rel=\"canonical\" href=\"https:\/\/mob.md\/ro\/shop-ro\/lazi-pentru-albituri\/bariera-de-siguranta\/bariera-de-siguranta-lk149\/\" \/>\n<meta property=\"og:locale\" content=\"ro_RO\" \/>\n<meta property=\"og:type\" content=\"article\" \/>\n<meta property=\"og:title\" content=\"\u041a\u0443\u043f\u0438\u0442\u044c Bariera de siguran\u0163\u0103 LK149 \u0432 \u041a\u0438\u0448\u0438\u043d\u0435\u0432\u0435 \u0441 \u0434\u043e\u0441\u0442\u0430\u0432\u043a\u043e\u0439 | Mob.MD\" \/>\n<meta property=\"og:description\" content=\"Pute\u0163i procura \u00een credit, o barier\u0103 de siguran\u021b\u0103, p\u00e2n\u0103 la 36 luni sau \u00een rate cu 0% dob\u00e2nd\u0103 \u00een decurs de 6 luni. Livrare gratuit\u0103 \u00een toat\u0103 \u0163ara. Bariera de siguran\u021b\u0103 este confec\u021bionat\u0103 din pin natural, rezistent, ceea ce garanteaz\u0103 durabilitatea elementului dat. Asamblarea simpl\u0103 \u00eenseamn\u0103 c\u0103 poate fi instalat\u0103 \u0219i \u00eendep\u0103rtat\u0103 foarte rapid. Mobilierul [&hellip;]\" \/>\n<meta property=\"og:url\" content=\"https:\/\/mob.md\/ro\/shop-ro\/lazi-pentru-albituri\/bariera-de-siguranta\/bariera-de-siguranta-lk149\/\" \/>\n<meta property=\"og:site_name\" content=\"Mob.MD\" \/>\n<meta property=\"article:publisher\" content=\"https:\/\/www.facebook.com\/Mob.md?locale=ru_RU\" \/>\n<meta property=\"article:modified_time\" content=\"2021-11-02T12:19:48+00:00\" \/>\n<meta property=\"og:image\" content=\"https:\/\/mob.md\/wp-content\/uploads\/2021\/07\/lozko-lk149.png\" \/>\n\t<meta property=\"og:image:width\" content=\"421\" \/>\n\t<meta property=\"og:image:height\" content=\"378\" \/>\n\t<meta property=\"og:image:type\" content=\"image\/png\" \/>\n<meta name=\"twitter:card\" content=\"summary_large_image\" \/>\n<meta name=\"twitter:label1\" content=\"Timp estimat pentru citire\" \/>\n\t<meta name=\"twitter:data1\" content=\"1 minut\" \/>\n<script type=\"application\/ld+json\" class=\"yoast-schema-graph\">{\"@context\":\"https:\/\/schema.org\",\"@graph\":[{\"@type\":\"WebPage\",\"@id\":\"https:\/\/mob.md\/ro\/shop-ro\/lazi-pentru-albituri\/bariera-de-siguranta\/bariera-de-siguranta-lk149\/\",\"url\":\"https:\/\/mob.md\/ro\/shop-ro\/lazi-pentru-albituri\/bariera-de-siguranta\/bariera-de-siguranta-lk149\/\",\"name\":\"\u041a\u0443\u043f\u0438\u0442\u044c Bariera de siguran\u0163\u0103 LK149 \u0432 \u041a\u0438\u0448\u0438\u043d\u0435\u0432\u0435 \u0441 \u0434\u043e\u0441\u0442\u0430\u0432\u043a\u043e\u0439 | Mob.MD\",\"isPartOf\":{\"@id\":\"https:\/\/mob.md\/ro\/#website\"},\"datePublished\":\"2021-07-29T11:46:45+00:00\",\"dateModified\":\"2021-11-02T12:19:48+00:00\",\"breadcrumb\":{\"@id\":\"https:\/\/mob.md\/ro\/shop-ro\/lazi-pentru-albituri\/bariera-de-siguranta\/bariera-de-siguranta-lk149\/#breadcrumb\"},\"inLanguage\":\"ro-RO\",\"potentialAction\":[{\"@type\":\"ReadAction\",\"target\":[\"https:\/\/mob.md\/ro\/shop-ro\/lazi-pentru-albituri\/bariera-de-siguranta\/bariera-de-siguranta-lk149\/\"]}]},{\"@type\":\"BreadcrumbList\",\"@id\":\"https:\/\/mob.md\/ro\/shop-ro\/lazi-pentru-albituri\/bariera-de-siguranta\/bariera-de-siguranta-lk149\/#breadcrumb\",\"itemListElement\":[{\"@type\":\"ListItem\",\"position\":1,\"name\":\"\u0413\u043b\u0430\u0432\u043d\u0430\u044f \u0441\u0442\u0440\u0430\u043d\u0438\u0446\u0430\",\"item\":\"https:\/\/mob.md\/ro\/\"},{\"@type\":\"ListItem\",\"position\":2,\"name\":\"Catalog\",\"item\":\"https:\/\/mob.md\/ro\/shop-ro\/\"},{\"@type\":\"ListItem\",\"position\":3,\"name\":\"Bariera de siguran\u0163\u0103 LK149\"}]},{\"@type\":\"WebSite\",\"@id\":\"https:\/\/mob.md\/ro\/#website\",\"url\":\"https:\/\/mob.md\/ro\/\",\"name\":\"Mob.MD\",\"description\":\"Mob.MD\",\"publisher\":{\"@id\":\"https:\/\/mob.md\/ro\/#organization\"},\"potentialAction\":[{\"@type\":\"SearchAction\",\"target\":{\"@type\":\"EntryPoint\",\"urlTemplate\":\"https:\/\/mob.md\/ro\/?s={search_term_string}\"},\"query-input\":\"required name=search_term_string\"}],\"inLanguage\":\"ro-RO\"},{\"@type\":\"Organization\",\"@id\":\"https:\/\/mob.md\/ro\/#organization\",\"name\":\"Mob.md\",\"url\":\"https:\/\/mob.md\/ro\/\",\"logo\":{\"@type\":\"ImageObject\",\"inLanguage\":\"ro-RO\",\"@id\":\"https:\/\/mob.md\/ro\/#\/schema\/logo\/image\/\",\"url\":\"https:\/\/mob.md\/wp-content\/uploads\/2021\/02\/logo-1.png\",\"contentUrl\":\"https:\/\/mob.md\/wp-content\/uploads\/2021\/02\/logo-1.png\",\"width\":324,\"height\":193,\"caption\":\"Mob.md\"},\"image\":{\"@id\":\"https:\/\/mob.md\/ro\/#\/schema\/logo\/image\/\"},\"sameAs\":[\"https:\/\/www.facebook.com\/Mob.md?locale=ru_RU\",\"https:\/\/www.instagram.com\/mob.md.moldova\/\"]}]}<\/script>\n<!-- \/ Yoast SEO plugin. -->","yoast_head_json":{"title":"\u041a\u0443\u043f\u0438\u0442\u044c Bariera de siguran\u0163\u0103 LK149 \u0432 \u041a\u0438\u0448\u0438\u043d\u0435\u0432\u0435 \u0441 \u0434\u043e\u0441\u0442\u0430\u0432\u043a\u043e\u0439 | Mob.MD","robots":{"index":"index","follow":"follow","max-snippet":"max-snippet:-1","max-image-preview":"max-image-preview:large","max-video-preview":"max-video-preview:-1"},"canonical":"https:\/\/mob.md\/ro\/shop-ro\/lazi-pentru-albituri\/bariera-de-siguranta\/bariera-de-siguranta-lk149\/","og_locale":"ro_RO","og_type":"article","og_title":"\u041a\u0443\u043f\u0438\u0442\u044c Bariera de siguran\u0163\u0103 LK149 \u0432 \u041a\u0438\u0448\u0438\u043d\u0435\u0432\u0435 \u0441 \u0434\u043e\u0441\u0442\u0430\u0432\u043a\u043e\u0439 | Mob.MD","og_description":"Pute\u0163i procura \u00een credit, o barier\u0103 de siguran\u021b\u0103, p\u00e2n\u0103 la 36 luni sau \u00een rate cu 0% dob\u00e2nd\u0103 \u00een decurs de 6 luni. Livrare gratuit\u0103 \u00een toat\u0103 \u0163ara. Bariera de siguran\u021b\u0103 este confec\u021bionat\u0103 din pin natural, rezistent, ceea ce garanteaz\u0103 durabilitatea elementului dat. Asamblarea simpl\u0103 \u00eenseamn\u0103 c\u0103 poate fi instalat\u0103 \u0219i \u00eendep\u0103rtat\u0103 foarte rapid. Mobilierul [&hellip;]","og_url":"https:\/\/mob.md\/ro\/shop-ro\/lazi-pentru-albituri\/bariera-de-siguranta\/bariera-de-siguranta-lk149\/","og_site_name":"Mob.MD","article_publisher":"https:\/\/www.facebook.com\/Mob.md?locale=ru_RU","article_modified_time":"2021-11-02T12:19:48+00:00","og_image":[{"width":421,"height":378,"url":"https:\/\/mob.md\/wp-content\/uploads\/2021\/07\/lozko-lk149.png","type":"image\/png"}],"twitter_card":"summary_large_image","twitter_misc":{"Timp estimat pentru citire":"1 minut"},"schema":{"@context":"https:\/\/schema.org","@graph":[{"@type":"WebPage","@id":"https:\/\/mob.md\/ro\/shop-ro\/lazi-pentru-albituri\/bariera-de-siguranta\/bariera-de-siguranta-lk149\/","url":"https:\/\/mob.md\/ro\/shop-ro\/lazi-pentru-albituri\/bariera-de-siguranta\/bariera-de-siguranta-lk149\/","name":"\u041a\u0443\u043f\u0438\u0442\u044c Bariera de siguran\u0163\u0103 LK149 \u0432 \u041a\u0438\u0448\u0438\u043d\u0435\u0432\u0435 \u0441 \u0434\u043e\u0441\u0442\u0430\u0432\u043a\u043e\u0439 | Mob.MD","isPartOf":{"@id":"https:\/\/mob.md\/ro\/#website"},"datePublished":"2021-07-29T11:46:45+00:00","dateModified":"2021-11-02T12:19:48+00:00","breadcrumb":{"@id":"https:\/\/mob.md\/ro\/shop-ro\/lazi-pentru-albituri\/bariera-de-siguranta\/bariera-de-siguranta-lk149\/#breadcrumb"},"inLanguage":"ro-RO","potentialAction":[{"@type":"ReadAction","target":["https:\/\/mob.md\/ro\/shop-ro\/lazi-pentru-albituri\/bariera-de-siguranta\/bariera-de-siguranta-lk149\/"]}]},{"@type":"BreadcrumbList","@id":"https:\/\/mob.md\/ro\/shop-ro\/lazi-pentru-albituri\/bariera-de-siguranta\/bariera-de-siguranta-lk149\/#breadcrumb","itemListElement":[{"@type":"ListItem","position":1,"name":"\u0413\u043b\u0430\u0432\u043d\u0430\u044f \u0441\u0442\u0440\u0430\u043d\u0438\u0446\u0430","item":"https:\/\/mob.md\/ro\/"},{"@type":"ListItem","position":2,"name":"Catalog","item":"https:\/\/mob.md\/ro\/shop-ro\/"},{"@type":"ListItem","position":3,"name":"Bariera de siguran\u0163\u0103 LK149"}]},{"@type":"WebSite","@id":"https:\/\/mob.md\/ro\/#website","url":"https:\/\/mob.md\/ro\/","name":"Mob.MD","description":"Mob.MD","publisher":{"@id":"https:\/\/mob.md\/ro\/#organization"},"potentialAction":[{"@type":"SearchAction","target":{"@type":"EntryPoint","urlTemplate":"https:\/\/mob.md\/ro\/?s={search_term_string}"},"query-input":"required name=search_term_string"}],"inLanguage":"ro-RO"},{"@type":"Organization","@id":"https:\/\/mob.md\/ro\/#organization","name":"Mob.md","url":"https:\/\/mob.md\/ro\/","logo":{"@type":"ImageObject","inLanguage":"ro-RO","@id":"https:\/\/mob.md\/ro\/#\/schema\/logo\/image\/","url":"https:\/\/mob.md\/wp-content\/uploads\/2021\/02\/logo-1.png","contentUrl":"https:\/\/mob.md\/wp-content\/uploads\/2021\/02\/logo-1.png","width":324,"height":193,"caption":"Mob.md"},"image":{"@id":"https:\/\/mob.md\/ro\/#\/schema\/logo\/image\/"},"sameAs":["https:\/\/www.facebook.com\/Mob.md?locale=ru_RU","https:\/\/www.instagram.com\/mob.md.moldova\/"]}]}},"_links":{"self":[{"href":"https:\/\/mob.md\/ro\/wp-json\/wp\/v2\/product\/31831"}],"collection":[{"href":"https:\/\/mob.md\/ro\/wp-json\/wp\/v2\/product"}],"about":[{"href":"https:\/\/mob.md\/ro\/wp-json\/wp\/v2\/types\/product"}],"replies":[{"embeddable":true,"href":"https:\/\/mob.md\/ro\/wp-json\/wp\/v2\/comments?post=31831"}],"wp:featuredmedia":[{"embeddable":true,"href":"https:\/\/mob.md\/ro\/wp-json\/wp\/v2\/media\/31826"}],"wp:attachment":[{"href":"https:\/\/mob.md\/ro\/wp-json\/wp\/v2\/media?parent=31831"}],"wp:term":[{"taxonomy":"product_cat","embeddable":true,"href":"https:\/\/mob.md\/ro\/wp-json\/wp\/v2\/product_cat?post=31831"},{"taxonomy":"product_tag","embeddable":true,"href":"https:\/\/mob.md\/ro\/wp-json\/wp\/v2\/product_tag?post=31831"}],"curies":[{"name":"wp","href":"https:\/\/api.w.org\/{rel}","templated":true}]}}