{"id":31844,"date":"2021-07-29T14:59:17","date_gmt":"2021-07-29T12:05:02","guid":{"rendered":"https:\/\/mob.md\/?post_type=product&#038;p=31844"},"modified":"2021-11-02T15:32:56","modified_gmt":"2021-11-02T12:32:56","slug":"lada-ks104","status":"publish","type":"product","link":"https:\/\/mob.md\/ro\/shop-ro\/lazi-pentru-albituri\/alte-lazi\/lada-ks104\/","title":{"rendered":"Lad\u0103 KS104"},"content":{"rendered":"<ul>\r\n\t<li>\r\n<h4>Lad\u0103 mare a fost realizata din lemn natural de pin, ce garanteaz\u0103 o durabilitate ridicat\u0103 a produsului. G\u0103urile profilate special, usureaza mi\u0219carea mobilierului. Designul minimalist v\u0103 permite s\u0103 utiliza\u021bi lada universal. Mobilierul din lemn este ideal pentru men\u021binerea ordinii atunci c\u00e2nd depozitati diverse obiecte.<br \/>\r\nMobilierul este realizat din cel mai bun lemn de pin, cu ajutorul tehnologiei de vopsire cu trei straturi, cu utilizarea de lacuri ecologice. Lacurile pe care le folosim sunt certificate de Institutul European de Igien\u0103 \u0219i sunt utilizate \u00een fabricarea mobilierului pentru copii.<\/h4>\r\n<\/li>\r\n<\/ul>","protected":false},"excerpt":{"rendered":"<p>Lad\u0103 mare a fost realizata din lemn natural de pin, ce garanteaz\u0103 o durabilitate ridicat\u0103 a produsului. G\u0103urile profilate special, usureaza mi\u0219carea mobilierului. Designul minimalist v\u0103 permite s\u0103 utiliza\u021bi lada universal. Mobilierul din lemn este ideal pentru men\u021binerea ordinii atunci c\u00e2nd depozitati diverse obiecte. Mobilierul este realizat din cel mai bun lemn de pin, cu [&hellip;]<\/p>\n","protected":false},"featured_media":31839,"comment_status":"open","ping_status":"closed","template":"","meta":[],"product_cat":[3255,3302],"product_tag":[],"yoast_head":"<!-- This site is optimized with the Yoast SEO plugin v20.8 - https:\/\/yoast.com\/wordpress\/plugins\/seo\/ -->\n<title>\u041a\u0443\u043f\u0438\u0442\u044c Lad\u0103 KS104 \u0432 \u041a\u0438\u0448\u0438\u043d\u0435\u0432\u0435 \u0441 \u0434\u043e\u0441\u0442\u0430\u0432\u043a\u043e\u0439 | Mob.MD<\/title>\n<meta name=\"robots\" content=\"index, follow, max-snippet:-1, max-image-preview:large, max-video-preview:-1\" \/>\n<link rel=\"canonical\" href=\"https:\/\/mob.md\/ro\/shop-ro\/lazi-pentru-albituri\/alte-lazi\/lada-ks104\/\" \/>\n<meta property=\"og:locale\" content=\"ro_RO\" \/>\n<meta property=\"og:type\" content=\"article\" \/>\n<meta property=\"og:title\" content=\"\u041a\u0443\u043f\u0438\u0442\u044c Lad\u0103 KS104 \u0432 \u041a\u0438\u0448\u0438\u043d\u0435\u0432\u0435 \u0441 \u0434\u043e\u0441\u0442\u0430\u0432\u043a\u043e\u0439 | Mob.MD\" \/>\n<meta property=\"og:description\" content=\"Lad\u0103 mare a fost realizata din lemn natural de pin, ce garanteaz\u0103 o durabilitate ridicat\u0103 a produsului. G\u0103urile profilate special, usureaza mi\u0219carea mobilierului. Designul minimalist v\u0103 permite s\u0103 utiliza\u021bi lada universal. Mobilierul din lemn este ideal pentru men\u021binerea ordinii atunci c\u00e2nd depozitati diverse obiecte. Mobilierul este realizat din cel mai bun lemn de pin, cu [&hellip;]\" \/>\n<meta property=\"og:url\" content=\"https:\/\/mob.md\/ro\/shop-ro\/lazi-pentru-albituri\/alte-lazi\/lada-ks104\/\" \/>\n<meta property=\"og:site_name\" content=\"Mob.MD\" \/>\n<meta property=\"article:publisher\" content=\"https:\/\/www.facebook.com\/Mob.md?locale=ru_RU\" \/>\n<meta property=\"article:modified_time\" content=\"2021-11-02T12:32:56+00:00\" \/>\n<meta property=\"og:image\" content=\"https:\/\/mob.md\/wp-content\/uploads\/2021\/07\/skrzynia-ks104.png\" \/>\n\t<meta property=\"og:image:width\" content=\"400\" \/>\n\t<meta property=\"og:image:height\" content=\"400\" \/>\n\t<meta property=\"og:image:type\" content=\"image\/png\" \/>\n<meta name=\"twitter:card\" content=\"summary_large_image\" \/>\n<meta name=\"twitter:label1\" content=\"Timp estimat pentru citire\" \/>\n\t<meta name=\"twitter:data1\" content=\"1 minut\" \/>\n<script type=\"application\/ld+json\" class=\"yoast-schema-graph\">{\"@context\":\"https:\/\/schema.org\",\"@graph\":[{\"@type\":\"WebPage\",\"@id\":\"https:\/\/mob.md\/ro\/shop-ro\/lazi-pentru-albituri\/alte-lazi\/lada-ks104\/\",\"url\":\"https:\/\/mob.md\/ro\/shop-ro\/lazi-pentru-albituri\/alte-lazi\/lada-ks104\/\",\"name\":\"\u041a\u0443\u043f\u0438\u0442\u044c Lad\u0103 KS104 \u0432 \u041a\u0438\u0448\u0438\u043d\u0435\u0432\u0435 \u0441 \u0434\u043e\u0441\u0442\u0430\u0432\u043a\u043e\u0439 | Mob.MD\",\"isPartOf\":{\"@id\":\"https:\/\/mob.md\/ro\/#website\"},\"datePublished\":\"2021-07-29T12:05:02+00:00\",\"dateModified\":\"2021-11-02T12:32:56+00:00\",\"breadcrumb\":{\"@id\":\"https:\/\/mob.md\/ro\/shop-ro\/lazi-pentru-albituri\/alte-lazi\/lada-ks104\/#breadcrumb\"},\"inLanguage\":\"ro-RO\",\"potentialAction\":[{\"@type\":\"ReadAction\",\"target\":[\"https:\/\/mob.md\/ro\/shop-ro\/lazi-pentru-albituri\/alte-lazi\/lada-ks104\/\"]}]},{\"@type\":\"BreadcrumbList\",\"@id\":\"https:\/\/mob.md\/ro\/shop-ro\/lazi-pentru-albituri\/alte-lazi\/lada-ks104\/#breadcrumb\",\"itemListElement\":[{\"@type\":\"ListItem\",\"position\":1,\"name\":\"\u0413\u043b\u0430\u0432\u043d\u0430\u044f \u0441\u0442\u0440\u0430\u043d\u0438\u0446\u0430\",\"item\":\"https:\/\/mob.md\/ro\/\"},{\"@type\":\"ListItem\",\"position\":2,\"name\":\"Catalog\",\"item\":\"https:\/\/mob.md\/ro\/shop-ro\/\"},{\"@type\":\"ListItem\",\"position\":3,\"name\":\"Lad\u0103 KS104\"}]},{\"@type\":\"WebSite\",\"@id\":\"https:\/\/mob.md\/ro\/#website\",\"url\":\"https:\/\/mob.md\/ro\/\",\"name\":\"Mob.MD\",\"description\":\"Mob.MD\",\"publisher\":{\"@id\":\"https:\/\/mob.md\/ro\/#organization\"},\"potentialAction\":[{\"@type\":\"SearchAction\",\"target\":{\"@type\":\"EntryPoint\",\"urlTemplate\":\"https:\/\/mob.md\/ro\/?s={search_term_string}\"},\"query-input\":\"required name=search_term_string\"}],\"inLanguage\":\"ro-RO\"},{\"@type\":\"Organization\",\"@id\":\"https:\/\/mob.md\/ro\/#organization\",\"name\":\"Mob.md\",\"url\":\"https:\/\/mob.md\/ro\/\",\"logo\":{\"@type\":\"ImageObject\",\"inLanguage\":\"ro-RO\",\"@id\":\"https:\/\/mob.md\/ro\/#\/schema\/logo\/image\/\",\"url\":\"https:\/\/mob.md\/wp-content\/uploads\/2021\/02\/logo-1.png\",\"contentUrl\":\"https:\/\/mob.md\/wp-content\/uploads\/2021\/02\/logo-1.png\",\"width\":324,\"height\":193,\"caption\":\"Mob.md\"},\"image\":{\"@id\":\"https:\/\/mob.md\/ro\/#\/schema\/logo\/image\/\"},\"sameAs\":[\"https:\/\/www.facebook.com\/Mob.md?locale=ru_RU\",\"https:\/\/www.instagram.com\/mob.md.moldova\/\"]}]}<\/script>\n<!-- \/ Yoast SEO plugin. -->","yoast_head_json":{"title":"\u041a\u0443\u043f\u0438\u0442\u044c Lad\u0103 KS104 \u0432 \u041a\u0438\u0448\u0438\u043d\u0435\u0432\u0435 \u0441 \u0434\u043e\u0441\u0442\u0430\u0432\u043a\u043e\u0439 | Mob.MD","robots":{"index":"index","follow":"follow","max-snippet":"max-snippet:-1","max-image-preview":"max-image-preview:large","max-video-preview":"max-video-preview:-1"},"canonical":"https:\/\/mob.md\/ro\/shop-ro\/lazi-pentru-albituri\/alte-lazi\/lada-ks104\/","og_locale":"ro_RO","og_type":"article","og_title":"\u041a\u0443\u043f\u0438\u0442\u044c Lad\u0103 KS104 \u0432 \u041a\u0438\u0448\u0438\u043d\u0435\u0432\u0435 \u0441 \u0434\u043e\u0441\u0442\u0430\u0432\u043a\u043e\u0439 | Mob.MD","og_description":"Lad\u0103 mare a fost realizata din lemn natural de pin, ce garanteaz\u0103 o durabilitate ridicat\u0103 a produsului. G\u0103urile profilate special, usureaza mi\u0219carea mobilierului. Designul minimalist v\u0103 permite s\u0103 utiliza\u021bi lada universal. Mobilierul din lemn este ideal pentru men\u021binerea ordinii atunci c\u00e2nd depozitati diverse obiecte. Mobilierul este realizat din cel mai bun lemn de pin, cu [&hellip;]","og_url":"https:\/\/mob.md\/ro\/shop-ro\/lazi-pentru-albituri\/alte-lazi\/lada-ks104\/","og_site_name":"Mob.MD","article_publisher":"https:\/\/www.facebook.com\/Mob.md?locale=ru_RU","article_modified_time":"2021-11-02T12:32:56+00:00","og_image":[{"width":400,"height":400,"url":"https:\/\/mob.md\/wp-content\/uploads\/2021\/07\/skrzynia-ks104.png","type":"image\/png"}],"twitter_card":"summary_large_image","twitter_misc":{"Timp estimat pentru citire":"1 minut"},"schema":{"@context":"https:\/\/schema.org","@graph":[{"@type":"WebPage","@id":"https:\/\/mob.md\/ro\/shop-ro\/lazi-pentru-albituri\/alte-lazi\/lada-ks104\/","url":"https:\/\/mob.md\/ro\/shop-ro\/lazi-pentru-albituri\/alte-lazi\/lada-ks104\/","name":"\u041a\u0443\u043f\u0438\u0442\u044c Lad\u0103 KS104 \u0432 \u041a\u0438\u0448\u0438\u043d\u0435\u0432\u0435 \u0441 \u0434\u043e\u0441\u0442\u0430\u0432\u043a\u043e\u0439 | Mob.MD","isPartOf":{"@id":"https:\/\/mob.md\/ro\/#website"},"datePublished":"2021-07-29T12:05:02+00:00","dateModified":"2021-11-02T12:32:56+00:00","breadcrumb":{"@id":"https:\/\/mob.md\/ro\/shop-ro\/lazi-pentru-albituri\/alte-lazi\/lada-ks104\/#breadcrumb"},"inLanguage":"ro-RO","potentialAction":[{"@type":"ReadAction","target":["https:\/\/mob.md\/ro\/shop-ro\/lazi-pentru-albituri\/alte-lazi\/lada-ks104\/"]}]},{"@type":"BreadcrumbList","@id":"https:\/\/mob.md\/ro\/shop-ro\/lazi-pentru-albituri\/alte-lazi\/lada-ks104\/#breadcrumb","itemListElement":[{"@type":"ListItem","position":1,"name":"\u0413\u043b\u0430\u0432\u043d\u0430\u044f \u0441\u0442\u0440\u0430\u043d\u0438\u0446\u0430","item":"https:\/\/mob.md\/ro\/"},{"@type":"ListItem","position":2,"name":"Catalog","item":"https:\/\/mob.md\/ro\/shop-ro\/"},{"@type":"ListItem","position":3,"name":"Lad\u0103 KS104"}]},{"@type":"WebSite","@id":"https:\/\/mob.md\/ro\/#website","url":"https:\/\/mob.md\/ro\/","name":"Mob.MD","description":"Mob.MD","publisher":{"@id":"https:\/\/mob.md\/ro\/#organization"},"potentialAction":[{"@type":"SearchAction","target":{"@type":"EntryPoint","urlTemplate":"https:\/\/mob.md\/ro\/?s={search_term_string}"},"query-input":"required name=search_term_string"}],"inLanguage":"ro-RO"},{"@type":"Organization","@id":"https:\/\/mob.md\/ro\/#organization","name":"Mob.md","url":"https:\/\/mob.md\/ro\/","logo":{"@type":"ImageObject","inLanguage":"ro-RO","@id":"https:\/\/mob.md\/ro\/#\/schema\/logo\/image\/","url":"https:\/\/mob.md\/wp-content\/uploads\/2021\/02\/logo-1.png","contentUrl":"https:\/\/mob.md\/wp-content\/uploads\/2021\/02\/logo-1.png","width":324,"height":193,"caption":"Mob.md"},"image":{"@id":"https:\/\/mob.md\/ro\/#\/schema\/logo\/image\/"},"sameAs":["https:\/\/www.facebook.com\/Mob.md?locale=ru_RU","https:\/\/www.instagram.com\/mob.md.moldova\/"]}]}},"_links":{"self":[{"href":"https:\/\/mob.md\/ro\/wp-json\/wp\/v2\/product\/31844"}],"collection":[{"href":"https:\/\/mob.md\/ro\/wp-json\/wp\/v2\/product"}],"about":[{"href":"https:\/\/mob.md\/ro\/wp-json\/wp\/v2\/types\/product"}],"replies":[{"embeddable":true,"href":"https:\/\/mob.md\/ro\/wp-json\/wp\/v2\/comments?post=31844"}],"wp:featuredmedia":[{"embeddable":true,"href":"https:\/\/mob.md\/ro\/wp-json\/wp\/v2\/media\/31839"}],"wp:attachment":[{"href":"https:\/\/mob.md\/ro\/wp-json\/wp\/v2\/media?parent=31844"}],"wp:term":[{"taxonomy":"product_cat","embeddable":true,"href":"https:\/\/mob.md\/ro\/wp-json\/wp\/v2\/product_cat?post=31844"},{"taxonomy":"product_tag","embeddable":true,"href":"https:\/\/mob.md\/ro\/wp-json\/wp\/v2\/product_tag?post=31844"}],"curies":[{"name":"wp","href":"https:\/\/api.w.org\/{rel}","templated":true}]}}