{"id":33841,"date":"2022-03-23T11:38:10","date_gmt":"2022-03-23T08:38:11","guid":{"rendered":"https:\/\/mob.md\/?post_type=product&#038;p=33841"},"modified":"2025-04-30T15:28:20","modified_gmt":"2025-04-30T12:28:20","slug":"lamele-ortopedice-2","status":"publish","type":"product","link":"https:\/\/mob.md\/ro\/shop-ro\/produse-suplimentare\/lamele-ortopedice\/lamele-ortopedice-2\/","title":{"rendered":"Lamele ortopedice (set 20 buc)"},"content":{"rendered":"<p><span class=\"aNeGP0gI0B9AV8JaHPyH\" data-src-align=\"0:36\">Lamelele sunt realizate din pin masiv.<\/span> <span class=\"aNeGP0gI0B9AV8JaHPyH\" data-src-align=\"37:21\">Produc\u0103tor Polonia.<\/span> <span class=\"aNeGP0gI0B9AV8JaHPyH\" data-src-align=\"59:125\">Setul este format din 20 de lamele cu grosimea de 18 mm (cu o distan\u021b\u0103 de 5 cm \u00eentre lamele), interconectate printr-o band\u0103 de tapi\u021berie.<\/span> <span class=\"aNeGP0gI0B9AV8JaHPyH\" data-src-align=\"185:98\">Acestea sunt \u0219lefuite \u0219i rotungite la margini pentru a preveni deteriorarea suprafe\u021bei husei saltelei.<\/span> <span class=\"aNeGP0gI0B9AV8JaHPyH\" data-src-align=\"284:131\">Datorit\u0103 distan\u021bei corecte dintre lamele, acestea asigur\u0103 saltelei circula\u021bia necesar\u0103 a aerului \u0219i o zon\u0103 de sprijin suficient\u0103.<\/span> <span class=\"aNeGP0gI0B9AV8JaHPyH\" data-src-align=\"416:75\">Disponibile \u00een dimensiuni: 80&#215;200, 90&#215;200, 100&#215;200, 120&#215;200, 140&#215;200, 160&#215;200 cm.<\/span><\/p>\r\n<h4>\u00a0<\/h4>","protected":false},"excerpt":{"rendered":"<p>Lamelele sunt realizate din pin masiv. Produc\u0103tor Polonia. Setul este format din 20 de lamele cu grosimea de 18 mm (cu o distan\u021b\u0103 de 5 cm \u00eentre lamele), interconectate printr-o band\u0103 de tapi\u021berie. Acestea sunt \u0219lefuite \u0219i rotungite la margini pentru a preveni deteriorarea suprafe\u021bei husei saltelei. Datorit\u0103 distan\u021bei corecte dintre lamele, acestea asigur\u0103 saltelei [&hellip;]<\/p>\n","protected":false},"featured_media":34713,"comment_status":"closed","ping_status":"closed","template":"","meta":[],"product_cat":[3244],"product_tag":[],"yoast_head":"<!-- This site is optimized with the Yoast SEO plugin v20.8 - https:\/\/yoast.com\/wordpress\/plugins\/seo\/ -->\n<title>\u041a\u0443\u043f\u0438\u0442\u044c Lamele ortopedice (set 20 buc) \u0432 \u041a\u0438\u0448\u0438\u043d\u0435\u0432\u0435 \u0441 \u0434\u043e\u0441\u0442\u0430\u0432\u043a\u043e\u0439 | Mob.MD<\/title>\n<meta name=\"robots\" content=\"index, follow, max-snippet:-1, max-image-preview:large, max-video-preview:-1\" \/>\n<link rel=\"canonical\" href=\"https:\/\/mob.md\/ro\/shop-ro\/produse-suplimentare\/lamele-ortopedice\/lamele-ortopedice-2\/\" \/>\n<meta property=\"og:locale\" content=\"ro_RO\" \/>\n<meta property=\"og:type\" content=\"article\" \/>\n<meta property=\"og:title\" content=\"\u041a\u0443\u043f\u0438\u0442\u044c Lamele ortopedice (set 20 buc) \u0432 \u041a\u0438\u0448\u0438\u043d\u0435\u0432\u0435 \u0441 \u0434\u043e\u0441\u0442\u0430\u0432\u043a\u043e\u0439 | Mob.MD\" \/>\n<meta property=\"og:description\" content=\"Lamelele sunt realizate din pin masiv. Produc\u0103tor Polonia. Setul este format din 20 de lamele cu grosimea de 18 mm (cu o distan\u021b\u0103 de 5 cm \u00eentre lamele), interconectate printr-o band\u0103 de tapi\u021berie. Acestea sunt \u0219lefuite \u0219i rotungite la margini pentru a preveni deteriorarea suprafe\u021bei husei saltelei. Datorit\u0103 distan\u021bei corecte dintre lamele, acestea asigur\u0103 saltelei [&hellip;]\" \/>\n<meta property=\"og:url\" content=\"https:\/\/mob.md\/ro\/shop-ro\/produse-suplimentare\/lamele-ortopedice\/lamele-ortopedice-2\/\" \/>\n<meta property=\"og:site_name\" content=\"Mob.MD\" \/>\n<meta property=\"article:publisher\" content=\"https:\/\/www.facebook.com\/Mob.md?locale=ru_RU\" \/>\n<meta property=\"article:modified_time\" content=\"2025-04-30T12:28:20+00:00\" \/>\n<meta property=\"og:image\" content=\"https:\/\/mob.md\/wp-content\/uploads\/2022\/03\/333333.png\" \/>\n\t<meta property=\"og:image:width\" content=\"300\" \/>\n\t<meta property=\"og:image:height\" content=\"300\" \/>\n\t<meta property=\"og:image:type\" content=\"image\/png\" \/>\n<meta name=\"twitter:card\" content=\"summary_large_image\" \/>\n<meta name=\"twitter:label1\" content=\"Timp estimat pentru citire\" \/>\n\t<meta name=\"twitter:data1\" content=\"1 minut\" \/>\n<script type=\"application\/ld+json\" class=\"yoast-schema-graph\">{\"@context\":\"https:\/\/schema.org\",\"@graph\":[{\"@type\":\"WebPage\",\"@id\":\"https:\/\/mob.md\/ro\/shop-ro\/produse-suplimentare\/lamele-ortopedice\/lamele-ortopedice-2\/\",\"url\":\"https:\/\/mob.md\/ro\/shop-ro\/produse-suplimentare\/lamele-ortopedice\/lamele-ortopedice-2\/\",\"name\":\"\u041a\u0443\u043f\u0438\u0442\u044c Lamele ortopedice (set 20 buc) \u0432 \u041a\u0438\u0448\u0438\u043d\u0435\u0432\u0435 \u0441 \u0434\u043e\u0441\u0442\u0430\u0432\u043a\u043e\u0439 | Mob.MD\",\"isPartOf\":{\"@id\":\"https:\/\/mob.md\/ro\/#website\"},\"datePublished\":\"2022-03-23T08:38:11+00:00\",\"dateModified\":\"2025-04-30T12:28:20+00:00\",\"breadcrumb\":{\"@id\":\"https:\/\/mob.md\/ro\/shop-ro\/produse-suplimentare\/lamele-ortopedice\/lamele-ortopedice-2\/#breadcrumb\"},\"inLanguage\":\"ro-RO\",\"potentialAction\":[{\"@type\":\"ReadAction\",\"target\":[\"https:\/\/mob.md\/ro\/shop-ro\/produse-suplimentare\/lamele-ortopedice\/lamele-ortopedice-2\/\"]}]},{\"@type\":\"BreadcrumbList\",\"@id\":\"https:\/\/mob.md\/ro\/shop-ro\/produse-suplimentare\/lamele-ortopedice\/lamele-ortopedice-2\/#breadcrumb\",\"itemListElement\":[{\"@type\":\"ListItem\",\"position\":1,\"name\":\"\u0413\u043b\u0430\u0432\u043d\u0430\u044f \u0441\u0442\u0440\u0430\u043d\u0438\u0446\u0430\",\"item\":\"https:\/\/mob.md\/ro\/\"},{\"@type\":\"ListItem\",\"position\":2,\"name\":\"Catalog\",\"item\":\"https:\/\/mob.md\/ro\/shop-ro\/\"},{\"@type\":\"ListItem\",\"position\":3,\"name\":\"Lamele ortopedice (set 20 buc)\"}]},{\"@type\":\"WebSite\",\"@id\":\"https:\/\/mob.md\/ro\/#website\",\"url\":\"https:\/\/mob.md\/ro\/\",\"name\":\"Mob.MD\",\"description\":\"Mob.MD\",\"publisher\":{\"@id\":\"https:\/\/mob.md\/ro\/#organization\"},\"potentialAction\":[{\"@type\":\"SearchAction\",\"target\":{\"@type\":\"EntryPoint\",\"urlTemplate\":\"https:\/\/mob.md\/ro\/?s={search_term_string}\"},\"query-input\":\"required name=search_term_string\"}],\"inLanguage\":\"ro-RO\"},{\"@type\":\"Organization\",\"@id\":\"https:\/\/mob.md\/ro\/#organization\",\"name\":\"Mob.md\",\"url\":\"https:\/\/mob.md\/ro\/\",\"logo\":{\"@type\":\"ImageObject\",\"inLanguage\":\"ro-RO\",\"@id\":\"https:\/\/mob.md\/ro\/#\/schema\/logo\/image\/\",\"url\":\"https:\/\/mob.md\/wp-content\/uploads\/2021\/02\/logo-1.png\",\"contentUrl\":\"https:\/\/mob.md\/wp-content\/uploads\/2021\/02\/logo-1.png\",\"width\":324,\"height\":193,\"caption\":\"Mob.md\"},\"image\":{\"@id\":\"https:\/\/mob.md\/ro\/#\/schema\/logo\/image\/\"},\"sameAs\":[\"https:\/\/www.facebook.com\/Mob.md?locale=ru_RU\",\"https:\/\/www.instagram.com\/mob.md.moldova\/\"]}]}<\/script>\n<!-- \/ Yoast SEO plugin. -->","yoast_head_json":{"title":"\u041a\u0443\u043f\u0438\u0442\u044c Lamele ortopedice (set 20 buc) \u0432 \u041a\u0438\u0448\u0438\u043d\u0435\u0432\u0435 \u0441 \u0434\u043e\u0441\u0442\u0430\u0432\u043a\u043e\u0439 | Mob.MD","robots":{"index":"index","follow":"follow","max-snippet":"max-snippet:-1","max-image-preview":"max-image-preview:large","max-video-preview":"max-video-preview:-1"},"canonical":"https:\/\/mob.md\/ro\/shop-ro\/produse-suplimentare\/lamele-ortopedice\/lamele-ortopedice-2\/","og_locale":"ro_RO","og_type":"article","og_title":"\u041a\u0443\u043f\u0438\u0442\u044c Lamele ortopedice (set 20 buc) \u0432 \u041a\u0438\u0448\u0438\u043d\u0435\u0432\u0435 \u0441 \u0434\u043e\u0441\u0442\u0430\u0432\u043a\u043e\u0439 | Mob.MD","og_description":"Lamelele sunt realizate din pin masiv. Produc\u0103tor Polonia. Setul este format din 20 de lamele cu grosimea de 18 mm (cu o distan\u021b\u0103 de 5 cm \u00eentre lamele), interconectate printr-o band\u0103 de tapi\u021berie. Acestea sunt \u0219lefuite \u0219i rotungite la margini pentru a preveni deteriorarea suprafe\u021bei husei saltelei. Datorit\u0103 distan\u021bei corecte dintre lamele, acestea asigur\u0103 saltelei [&hellip;]","og_url":"https:\/\/mob.md\/ro\/shop-ro\/produse-suplimentare\/lamele-ortopedice\/lamele-ortopedice-2\/","og_site_name":"Mob.MD","article_publisher":"https:\/\/www.facebook.com\/Mob.md?locale=ru_RU","article_modified_time":"2025-04-30T12:28:20+00:00","og_image":[{"width":300,"height":300,"url":"https:\/\/mob.md\/wp-content\/uploads\/2022\/03\/333333.png","type":"image\/png"}],"twitter_card":"summary_large_image","twitter_misc":{"Timp estimat pentru citire":"1 minut"},"schema":{"@context":"https:\/\/schema.org","@graph":[{"@type":"WebPage","@id":"https:\/\/mob.md\/ro\/shop-ro\/produse-suplimentare\/lamele-ortopedice\/lamele-ortopedice-2\/","url":"https:\/\/mob.md\/ro\/shop-ro\/produse-suplimentare\/lamele-ortopedice\/lamele-ortopedice-2\/","name":"\u041a\u0443\u043f\u0438\u0442\u044c Lamele ortopedice (set 20 buc) \u0432 \u041a\u0438\u0448\u0438\u043d\u0435\u0432\u0435 \u0441 \u0434\u043e\u0441\u0442\u0430\u0432\u043a\u043e\u0439 | Mob.MD","isPartOf":{"@id":"https:\/\/mob.md\/ro\/#website"},"datePublished":"2022-03-23T08:38:11+00:00","dateModified":"2025-04-30T12:28:20+00:00","breadcrumb":{"@id":"https:\/\/mob.md\/ro\/shop-ro\/produse-suplimentare\/lamele-ortopedice\/lamele-ortopedice-2\/#breadcrumb"},"inLanguage":"ro-RO","potentialAction":[{"@type":"ReadAction","target":["https:\/\/mob.md\/ro\/shop-ro\/produse-suplimentare\/lamele-ortopedice\/lamele-ortopedice-2\/"]}]},{"@type":"BreadcrumbList","@id":"https:\/\/mob.md\/ro\/shop-ro\/produse-suplimentare\/lamele-ortopedice\/lamele-ortopedice-2\/#breadcrumb","itemListElement":[{"@type":"ListItem","position":1,"name":"\u0413\u043b\u0430\u0432\u043d\u0430\u044f \u0441\u0442\u0440\u0430\u043d\u0438\u0446\u0430","item":"https:\/\/mob.md\/ro\/"},{"@type":"ListItem","position":2,"name":"Catalog","item":"https:\/\/mob.md\/ro\/shop-ro\/"},{"@type":"ListItem","position":3,"name":"Lamele ortopedice (set 20 buc)"}]},{"@type":"WebSite","@id":"https:\/\/mob.md\/ro\/#website","url":"https:\/\/mob.md\/ro\/","name":"Mob.MD","description":"Mob.MD","publisher":{"@id":"https:\/\/mob.md\/ro\/#organization"},"potentialAction":[{"@type":"SearchAction","target":{"@type":"EntryPoint","urlTemplate":"https:\/\/mob.md\/ro\/?s={search_term_string}"},"query-input":"required name=search_term_string"}],"inLanguage":"ro-RO"},{"@type":"Organization","@id":"https:\/\/mob.md\/ro\/#organization","name":"Mob.md","url":"https:\/\/mob.md\/ro\/","logo":{"@type":"ImageObject","inLanguage":"ro-RO","@id":"https:\/\/mob.md\/ro\/#\/schema\/logo\/image\/","url":"https:\/\/mob.md\/wp-content\/uploads\/2021\/02\/logo-1.png","contentUrl":"https:\/\/mob.md\/wp-content\/uploads\/2021\/02\/logo-1.png","width":324,"height":193,"caption":"Mob.md"},"image":{"@id":"https:\/\/mob.md\/ro\/#\/schema\/logo\/image\/"},"sameAs":["https:\/\/www.facebook.com\/Mob.md?locale=ru_RU","https:\/\/www.instagram.com\/mob.md.moldova\/"]}]}},"_links":{"self":[{"href":"https:\/\/mob.md\/ro\/wp-json\/wp\/v2\/product\/33841"}],"collection":[{"href":"https:\/\/mob.md\/ro\/wp-json\/wp\/v2\/product"}],"about":[{"href":"https:\/\/mob.md\/ro\/wp-json\/wp\/v2\/types\/product"}],"replies":[{"embeddable":true,"href":"https:\/\/mob.md\/ro\/wp-json\/wp\/v2\/comments?post=33841"}],"wp:featuredmedia":[{"embeddable":true,"href":"https:\/\/mob.md\/ro\/wp-json\/wp\/v2\/media\/34713"}],"wp:attachment":[{"href":"https:\/\/mob.md\/ro\/wp-json\/wp\/v2\/media?parent=33841"}],"wp:term":[{"taxonomy":"product_cat","embeddable":true,"href":"https:\/\/mob.md\/ro\/wp-json\/wp\/v2\/product_cat?post=33841"},{"taxonomy":"product_tag","embeddable":true,"href":"https:\/\/mob.md\/ro\/wp-json\/wp\/v2\/product_tag?post=33841"}],"curies":[{"name":"wp","href":"https:\/\/api.w.org\/{rel}","templated":true}]}}