{"id":33914,"date":"2022-03-26T10:34:45","date_gmt":"2022-03-26T07:34:46","guid":{"rendered":"https:\/\/mob.md\/?post_type=product&#038;p=33914"},"modified":"2025-11-18T12:52:00","modified_gmt":"2025-11-18T09:52:00","slug":"masa-p-u-calculator-br-403-%d0%ba%d0%be%d0%bf%d0%b8%d1%80%d0%be%d0%b2%d0%b0%d1%82%d1%8c","status":"publish","type":"product","link":"https:\/\/mob.md\/ro\/shop-ro\/mese-scaune\/mese-pentru-calculator-de-lucru\/masa-p-u-calculator-br-403-%d0%ba%d0%be%d0%bf%d0%b8%d1%80%d0%be%d0%b2%d0%b0%d1%82%d1%8c\/","title":{"rendered":"Masa p\/u calculator  Cezar BR 107"},"content":{"rendered":"Pute\u0163i procura \u00een credit, o mas\u0103 pentru calculator, p\u00e2n\u0103 la 36 luni sau \u00een rate cu 0% dob\u00e2nd\u0103 \u00een decurs de 6 luni. Livrare gratuit\u0103 \u00een toat\u0103 \u0163ara.\r\n\r\nMas\u0103 pentru calculator- este un element indispensabil a oric\u0103rei companii sau birou de acas\u0103, deoarece anume aici se desf\u0103\u0219oar\u0103 munca creativ\u0103. Mesele noastre se disting printr-o clas\u0103 excep\u021bional\u0103 de materiale, func\u021bionalitate \u0219i acoperirea cu lac securizat. Avem o selec\u021bie vast\u0103 de dimensiuni \u0219i modele de mese din pin, astfel \u00eenc\u00e2t s\u0103 pute\u021bi potrivi perfect produsul cu dimensiunea camerei.\r\n\r\nMasa confec\u021bionat\u0103 din lemn de pin  arat\u0103 excelent, plus, este din material ecologic, fiabil \u0219i rezistent la deterior\u0103rile mecanice \u0219i chimice. Masa clasic\u0103 din pin este suficient de universal\u0103 pentru a se potrivi cu oricare stil de interior, precum modern, minimalism \u0219i retro. Mesele din lemn de pin se caracterizeaz\u0103 prin rezisten\u021b\u0103 ridicat\u0103 \u0219i pre\u021b relativ redus.\r\n\r\n\u00cen procesul de producere a mesei, a fost utilizat\u0103 tehnologia tripl\u0103 de l\u0103cuire, cu lacuri netoxice \u0219i inovatoare, aprobate de Institutul Na\u021bional de Igien\u0103. Datorit\u0103 acestui fapt, pute\u021bi fi siguri c\u0103 at\u00e2t copiii c\u00e2t \u0219i persoanele cu alergii pot folosi mobilierul nostru f\u0103r\u0103 pericol pentru s\u0103n\u0103tatea lor.","protected":false},"excerpt":{"rendered":"<p>Pute\u0163i procura \u00een credit, o mas\u0103 pentru calculator, p\u00e2n\u0103 la 36 luni sau \u00een rate cu 0% dob\u00e2nd\u0103 \u00een decurs de 6 luni. Livrare gratuit\u0103 \u00een toat\u0103 \u0163ara. Mas\u0103 pentru calculator- este un element indispensabil a oric\u0103rei companii sau birou de acas\u0103, deoarece anume aici se desf\u0103\u0219oar\u0103 munca creativ\u0103. Mesele noastre se disting printr-o clas\u0103 [&hellip;]<\/p>\n","protected":false},"featured_media":33971,"comment_status":"open","ping_status":"closed","template":"","meta":[],"product_cat":[3461,3258,3294,3248],"product_tag":[],"yoast_head":"<!-- This site is optimized with the Yoast SEO plugin v20.8 - https:\/\/yoast.com\/wordpress\/plugins\/seo\/ -->\n<title>\u041a\u0443\u043f\u0438\u0442\u044c Masa p\/u calculator Cezar BR 107 \u0432 \u041a\u0438\u0448\u0438\u043d\u0435\u0432\u0435 \u0441 \u0434\u043e\u0441\u0442\u0430\u0432\u043a\u043e\u0439 | Mob.MD<\/title>\n<meta name=\"robots\" content=\"index, follow, max-snippet:-1, max-image-preview:large, max-video-preview:-1\" \/>\n<link rel=\"canonical\" href=\"https:\/\/mob.md\/ro\/shop-ro\/mese-scaune\/mese-pentru-calculator-de-lucru\/masa-p-u-calculator-br-403-%d0%ba%d0%be%d0%bf%d0%b8%d1%80%d0%be%d0%b2%d0%b0%d1%82%d1%8c\/\" \/>\n<meta property=\"og:locale\" content=\"ro_RO\" \/>\n<meta property=\"og:type\" content=\"article\" \/>\n<meta property=\"og:title\" content=\"\u041a\u0443\u043f\u0438\u0442\u044c Masa p\/u calculator Cezar BR 107 \u0432 \u041a\u0438\u0448\u0438\u043d\u0435\u0432\u0435 \u0441 \u0434\u043e\u0441\u0442\u0430\u0432\u043a\u043e\u0439 | Mob.MD\" \/>\n<meta property=\"og:description\" content=\"Pute\u0163i procura \u00een credit, o mas\u0103 pentru calculator, p\u00e2n\u0103 la 36 luni sau \u00een rate cu 0% dob\u00e2nd\u0103 \u00een decurs de 6 luni. Livrare gratuit\u0103 \u00een toat\u0103 \u0163ara. Mas\u0103 pentru calculator- este un element indispensabil a oric\u0103rei companii sau birou de acas\u0103, deoarece anume aici se desf\u0103\u0219oar\u0103 munca creativ\u0103. Mesele noastre se disting printr-o clas\u0103 [&hellip;]\" \/>\n<meta property=\"og:url\" content=\"https:\/\/mob.md\/ro\/shop-ro\/mese-scaune\/mese-pentru-calculator-de-lucru\/masa-p-u-calculator-br-403-%d0%ba%d0%be%d0%bf%d0%b8%d1%80%d0%be%d0%b2%d0%b0%d1%82%d1%8c\/\" \/>\n<meta property=\"og:site_name\" content=\"Mob.MD\" \/>\n<meta property=\"article:publisher\" content=\"https:\/\/www.facebook.com\/Mob.md?locale=ru_RU\" \/>\n<meta property=\"article:modified_time\" content=\"2025-11-18T09:52:00+00:00\" \/>\n<meta property=\"og:image\" content=\"https:\/\/mob.md\/wp-content\/uploads\/2022\/03\/99-e1649241997633.png\" \/>\n\t<meta property=\"og:image:width\" content=\"600\" \/>\n\t<meta property=\"og:image:height\" content=\"600\" \/>\n\t<meta property=\"og:image:type\" content=\"image\/png\" \/>\n<meta name=\"twitter:card\" content=\"summary_large_image\" \/>\n<meta name=\"twitter:label1\" content=\"Timp estimat pentru citire\" \/>\n\t<meta name=\"twitter:data1\" content=\"2 minute\" \/>\n<script type=\"application\/ld+json\" class=\"yoast-schema-graph\">{\"@context\":\"https:\/\/schema.org\",\"@graph\":[{\"@type\":\"WebPage\",\"@id\":\"https:\/\/mob.md\/ro\/shop-ro\/mese-scaune\/mese-pentru-calculator-de-lucru\/masa-p-u-calculator-br-403-%d0%ba%d0%be%d0%bf%d0%b8%d1%80%d0%be%d0%b2%d0%b0%d1%82%d1%8c\/\",\"url\":\"https:\/\/mob.md\/ro\/shop-ro\/mese-scaune\/mese-pentru-calculator-de-lucru\/masa-p-u-calculator-br-403-%d0%ba%d0%be%d0%bf%d0%b8%d1%80%d0%be%d0%b2%d0%b0%d1%82%d1%8c\/\",\"name\":\"\u041a\u0443\u043f\u0438\u0442\u044c Masa p\/u calculator Cezar BR 107 \u0432 \u041a\u0438\u0448\u0438\u043d\u0435\u0432\u0435 \u0441 \u0434\u043e\u0441\u0442\u0430\u0432\u043a\u043e\u0439 | Mob.MD\",\"isPartOf\":{\"@id\":\"https:\/\/mob.md\/ro\/#website\"},\"datePublished\":\"2022-03-26T07:34:46+00:00\",\"dateModified\":\"2025-11-18T09:52:00+00:00\",\"breadcrumb\":{\"@id\":\"https:\/\/mob.md\/ro\/shop-ro\/mese-scaune\/mese-pentru-calculator-de-lucru\/masa-p-u-calculator-br-403-%d0%ba%d0%be%d0%bf%d0%b8%d1%80%d0%be%d0%b2%d0%b0%d1%82%d1%8c\/#breadcrumb\"},\"inLanguage\":\"ro-RO\",\"potentialAction\":[{\"@type\":\"ReadAction\",\"target\":[\"https:\/\/mob.md\/ro\/shop-ro\/mese-scaune\/mese-pentru-calculator-de-lucru\/masa-p-u-calculator-br-403-%d0%ba%d0%be%d0%bf%d0%b8%d1%80%d0%be%d0%b2%d0%b0%d1%82%d1%8c\/\"]}]},{\"@type\":\"BreadcrumbList\",\"@id\":\"https:\/\/mob.md\/ro\/shop-ro\/mese-scaune\/mese-pentru-calculator-de-lucru\/masa-p-u-calculator-br-403-%d0%ba%d0%be%d0%bf%d0%b8%d1%80%d0%be%d0%b2%d0%b0%d1%82%d1%8c\/#breadcrumb\",\"itemListElement\":[{\"@type\":\"ListItem\",\"position\":1,\"name\":\"\u0413\u043b\u0430\u0432\u043d\u0430\u044f \u0441\u0442\u0440\u0430\u043d\u0438\u0446\u0430\",\"item\":\"https:\/\/mob.md\/ro\/\"},{\"@type\":\"ListItem\",\"position\":2,\"name\":\"Catalog\",\"item\":\"https:\/\/mob.md\/ro\/shop-ro\/\"},{\"@type\":\"ListItem\",\"position\":3,\"name\":\"Masa p\/u calculator Cezar BR 107\"}]},{\"@type\":\"WebSite\",\"@id\":\"https:\/\/mob.md\/ro\/#website\",\"url\":\"https:\/\/mob.md\/ro\/\",\"name\":\"Mob.MD\",\"description\":\"Mob.MD\",\"publisher\":{\"@id\":\"https:\/\/mob.md\/ro\/#organization\"},\"potentialAction\":[{\"@type\":\"SearchAction\",\"target\":{\"@type\":\"EntryPoint\",\"urlTemplate\":\"https:\/\/mob.md\/ro\/?s={search_term_string}\"},\"query-input\":\"required name=search_term_string\"}],\"inLanguage\":\"ro-RO\"},{\"@type\":\"Organization\",\"@id\":\"https:\/\/mob.md\/ro\/#organization\",\"name\":\"Mob.md\",\"url\":\"https:\/\/mob.md\/ro\/\",\"logo\":{\"@type\":\"ImageObject\",\"inLanguage\":\"ro-RO\",\"@id\":\"https:\/\/mob.md\/ro\/#\/schema\/logo\/image\/\",\"url\":\"https:\/\/mob.md\/wp-content\/uploads\/2021\/02\/logo-1.png\",\"contentUrl\":\"https:\/\/mob.md\/wp-content\/uploads\/2021\/02\/logo-1.png\",\"width\":324,\"height\":193,\"caption\":\"Mob.md\"},\"image\":{\"@id\":\"https:\/\/mob.md\/ro\/#\/schema\/logo\/image\/\"},\"sameAs\":[\"https:\/\/www.facebook.com\/Mob.md?locale=ru_RU\",\"https:\/\/www.instagram.com\/mob.md.moldova\/\"]}]}<\/script>\n<!-- \/ Yoast SEO plugin. -->","yoast_head_json":{"title":"\u041a\u0443\u043f\u0438\u0442\u044c Masa p\/u calculator Cezar BR 107 \u0432 \u041a\u0438\u0448\u0438\u043d\u0435\u0432\u0435 \u0441 \u0434\u043e\u0441\u0442\u0430\u0432\u043a\u043e\u0439 | Mob.MD","robots":{"index":"index","follow":"follow","max-snippet":"max-snippet:-1","max-image-preview":"max-image-preview:large","max-video-preview":"max-video-preview:-1"},"canonical":"https:\/\/mob.md\/ro\/shop-ro\/mese-scaune\/mese-pentru-calculator-de-lucru\/masa-p-u-calculator-br-403-%d0%ba%d0%be%d0%bf%d0%b8%d1%80%d0%be%d0%b2%d0%b0%d1%82%d1%8c\/","og_locale":"ro_RO","og_type":"article","og_title":"\u041a\u0443\u043f\u0438\u0442\u044c Masa p\/u calculator Cezar BR 107 \u0432 \u041a\u0438\u0448\u0438\u043d\u0435\u0432\u0435 \u0441 \u0434\u043e\u0441\u0442\u0430\u0432\u043a\u043e\u0439 | Mob.MD","og_description":"Pute\u0163i procura \u00een credit, o mas\u0103 pentru calculator, p\u00e2n\u0103 la 36 luni sau \u00een rate cu 0% dob\u00e2nd\u0103 \u00een decurs de 6 luni. Livrare gratuit\u0103 \u00een toat\u0103 \u0163ara. Mas\u0103 pentru calculator- este un element indispensabil a oric\u0103rei companii sau birou de acas\u0103, deoarece anume aici se desf\u0103\u0219oar\u0103 munca creativ\u0103. Mesele noastre se disting printr-o clas\u0103 [&hellip;]","og_url":"https:\/\/mob.md\/ro\/shop-ro\/mese-scaune\/mese-pentru-calculator-de-lucru\/masa-p-u-calculator-br-403-%d0%ba%d0%be%d0%bf%d0%b8%d1%80%d0%be%d0%b2%d0%b0%d1%82%d1%8c\/","og_site_name":"Mob.MD","article_publisher":"https:\/\/www.facebook.com\/Mob.md?locale=ru_RU","article_modified_time":"2025-11-18T09:52:00+00:00","og_image":[{"width":600,"height":600,"url":"https:\/\/mob.md\/wp-content\/uploads\/2022\/03\/99-e1649241997633.png","type":"image\/png"}],"twitter_card":"summary_large_image","twitter_misc":{"Timp estimat pentru citire":"2 minute"},"schema":{"@context":"https:\/\/schema.org","@graph":[{"@type":"WebPage","@id":"https:\/\/mob.md\/ro\/shop-ro\/mese-scaune\/mese-pentru-calculator-de-lucru\/masa-p-u-calculator-br-403-%d0%ba%d0%be%d0%bf%d0%b8%d1%80%d0%be%d0%b2%d0%b0%d1%82%d1%8c\/","url":"https:\/\/mob.md\/ro\/shop-ro\/mese-scaune\/mese-pentru-calculator-de-lucru\/masa-p-u-calculator-br-403-%d0%ba%d0%be%d0%bf%d0%b8%d1%80%d0%be%d0%b2%d0%b0%d1%82%d1%8c\/","name":"\u041a\u0443\u043f\u0438\u0442\u044c Masa p\/u calculator Cezar BR 107 \u0432 \u041a\u0438\u0448\u0438\u043d\u0435\u0432\u0435 \u0441 \u0434\u043e\u0441\u0442\u0430\u0432\u043a\u043e\u0439 | Mob.MD","isPartOf":{"@id":"https:\/\/mob.md\/ro\/#website"},"datePublished":"2022-03-26T07:34:46+00:00","dateModified":"2025-11-18T09:52:00+00:00","breadcrumb":{"@id":"https:\/\/mob.md\/ro\/shop-ro\/mese-scaune\/mese-pentru-calculator-de-lucru\/masa-p-u-calculator-br-403-%d0%ba%d0%be%d0%bf%d0%b8%d1%80%d0%be%d0%b2%d0%b0%d1%82%d1%8c\/#breadcrumb"},"inLanguage":"ro-RO","potentialAction":[{"@type":"ReadAction","target":["https:\/\/mob.md\/ro\/shop-ro\/mese-scaune\/mese-pentru-calculator-de-lucru\/masa-p-u-calculator-br-403-%d0%ba%d0%be%d0%bf%d0%b8%d1%80%d0%be%d0%b2%d0%b0%d1%82%d1%8c\/"]}]},{"@type":"BreadcrumbList","@id":"https:\/\/mob.md\/ro\/shop-ro\/mese-scaune\/mese-pentru-calculator-de-lucru\/masa-p-u-calculator-br-403-%d0%ba%d0%be%d0%bf%d0%b8%d1%80%d0%be%d0%b2%d0%b0%d1%82%d1%8c\/#breadcrumb","itemListElement":[{"@type":"ListItem","position":1,"name":"\u0413\u043b\u0430\u0432\u043d\u0430\u044f \u0441\u0442\u0440\u0430\u043d\u0438\u0446\u0430","item":"https:\/\/mob.md\/ro\/"},{"@type":"ListItem","position":2,"name":"Catalog","item":"https:\/\/mob.md\/ro\/shop-ro\/"},{"@type":"ListItem","position":3,"name":"Masa p\/u calculator Cezar BR 107"}]},{"@type":"WebSite","@id":"https:\/\/mob.md\/ro\/#website","url":"https:\/\/mob.md\/ro\/","name":"Mob.MD","description":"Mob.MD","publisher":{"@id":"https:\/\/mob.md\/ro\/#organization"},"potentialAction":[{"@type":"SearchAction","target":{"@type":"EntryPoint","urlTemplate":"https:\/\/mob.md\/ro\/?s={search_term_string}"},"query-input":"required name=search_term_string"}],"inLanguage":"ro-RO"},{"@type":"Organization","@id":"https:\/\/mob.md\/ro\/#organization","name":"Mob.md","url":"https:\/\/mob.md\/ro\/","logo":{"@type":"ImageObject","inLanguage":"ro-RO","@id":"https:\/\/mob.md\/ro\/#\/schema\/logo\/image\/","url":"https:\/\/mob.md\/wp-content\/uploads\/2021\/02\/logo-1.png","contentUrl":"https:\/\/mob.md\/wp-content\/uploads\/2021\/02\/logo-1.png","width":324,"height":193,"caption":"Mob.md"},"image":{"@id":"https:\/\/mob.md\/ro\/#\/schema\/logo\/image\/"},"sameAs":["https:\/\/www.facebook.com\/Mob.md?locale=ru_RU","https:\/\/www.instagram.com\/mob.md.moldova\/"]}]}},"_links":{"self":[{"href":"https:\/\/mob.md\/ro\/wp-json\/wp\/v2\/product\/33914"}],"collection":[{"href":"https:\/\/mob.md\/ro\/wp-json\/wp\/v2\/product"}],"about":[{"href":"https:\/\/mob.md\/ro\/wp-json\/wp\/v2\/types\/product"}],"replies":[{"embeddable":true,"href":"https:\/\/mob.md\/ro\/wp-json\/wp\/v2\/comments?post=33914"}],"wp:featuredmedia":[{"embeddable":true,"href":"https:\/\/mob.md\/ro\/wp-json\/wp\/v2\/media\/33971"}],"wp:attachment":[{"href":"https:\/\/mob.md\/ro\/wp-json\/wp\/v2\/media?parent=33914"}],"wp:term":[{"taxonomy":"product_cat","embeddable":true,"href":"https:\/\/mob.md\/ro\/wp-json\/wp\/v2\/product_cat?post=33914"},{"taxonomy":"product_tag","embeddable":true,"href":"https:\/\/mob.md\/ro\/wp-json\/wp\/v2\/product_tag?post=33914"}],"curies":[{"name":"wp","href":"https:\/\/api.w.org\/{rel}","templated":true}]}}