{"id":34626,"date":"2022-05-26T09:52:53","date_gmt":"2022-05-26T06:52:54","guid":{"rendered":"https:\/\/mob.md\/?post_type=product&#038;p=34626"},"modified":"2023-06-06T16:55:26","modified_gmt":"2023-06-06T13:55:26","slug":"lada-ks106-%d0%ba%d0%be%d0%bf%d0%b8%d1%80%d0%be%d0%b2%d0%b0%d1%82%d1%8c","status":"publish","type":"product","link":"https:\/\/mob.md\/ro\/shop-ro\/lazi-pentru-albituri\/alte-lazi\/lada-ks106-%d0%ba%d0%be%d0%bf%d0%b8%d1%80%d0%be%d0%b2%d0%b0%d1%82%d1%8c\/","title":{"rendered":"Lad\u0103 KS101"},"content":{"rendered":"<p>De secole, un cuf\u0103r a servit ca loc suplimentar pentru depozitarea diverselor ustensile (lucruri, juc\u0103rii etc.) Acest atribut este \u00eentotdeauna asociat cu vremurile pira\u021bilor (cuf\u0103r cu aur), a\u0219a c\u0103 dac\u0103 a\u021bi dorit de mult s\u0103 ad\u0103uga\u021bi un element neobi\u0219nuit \u0219i func\u021bional pentru interiorul dvs., atunci acest articol v\u0103 va ajuta \u00een acest sens.Va decora at\u00e2t dormitorul, c\u00e2t \u0219i camera copiilor, unde pute\u021bi crea un interior neobi\u0219nuit pentru copilul dvs., care este plin de multe pove\u0219ti cu pira\u021bi \u0219i elemente de joc. , un copil care cre\u0219te \u00eentr-o astfel de atmosfer\u0103 va fi \u00eentotdeauna \u00eembog\u0103\u021bit cultural \u0219i istoric.Pinul , din care este f\u0103cut lada are propriet\u0103\u021bi unice. Elibereaz\u0103 substan\u021be volatile care au efect bactericid. Phytoncides purific\u0103 atmosfera din camer\u0103 \u0219i previn dezvoltarea bolilor. Chiar \u0219i dup\u0103 prelucrare, mobilierul din pin \u00ee\u0219i p\u0103streaz\u0103 propriet\u0103\u021bile curative. Astfel, mobilierul din lemn de pin nu este doar un decor, ci \u0219i o garan\u021bie a bun\u0103st\u0103rii \u0219i s\u0103n\u0103t\u0103\u021bii tale.<\/p>","protected":false},"excerpt":{"rendered":"<p>De secole, un cuf\u0103r a servit ca loc suplimentar pentru depozitarea diverselor ustensile (lucruri, juc\u0103rii etc.) Acest atribut este \u00eentotdeauna asociat cu vremurile pira\u021bilor (cuf\u0103r cu aur), a\u0219a c\u0103 dac\u0103 a\u021bi dorit de mult s\u0103 ad\u0103uga\u021bi un element neobi\u0219nuit \u0219i func\u021bional pentru interiorul dvs., atunci acest articol v\u0103 va ajuta \u00een acest sens.Va decora at\u00e2t [&hellip;]<\/p>\n","protected":false},"featured_media":42768,"comment_status":"open","ping_status":"closed","template":"","meta":[],"product_cat":[3255,3302],"product_tag":[],"yoast_head":"<!-- This site is optimized with the Yoast SEO plugin v20.8 - https:\/\/yoast.com\/wordpress\/plugins\/seo\/ -->\n<title>\u041a\u0443\u043f\u0438\u0442\u044c Lad\u0103 KS101 \u0432 \u041a\u0438\u0448\u0438\u043d\u0435\u0432\u0435 \u0441 \u0434\u043e\u0441\u0442\u0430\u0432\u043a\u043e\u0439 | Mob.MD<\/title>\n<meta name=\"robots\" content=\"index, follow, max-snippet:-1, max-image-preview:large, max-video-preview:-1\" \/>\n<link rel=\"canonical\" href=\"https:\/\/mob.md\/ro\/shop-ro\/lazi-pentru-albituri\/alte-lazi\/lada-ks106-%d0%ba%d0%be%d0%bf%d0%b8%d1%80%d0%be%d0%b2%d0%b0%d1%82%d1%8c\/\" \/>\n<meta property=\"og:locale\" content=\"ro_RO\" \/>\n<meta property=\"og:type\" content=\"article\" \/>\n<meta property=\"og:title\" content=\"\u041a\u0443\u043f\u0438\u0442\u044c Lad\u0103 KS101 \u0432 \u041a\u0438\u0448\u0438\u043d\u0435\u0432\u0435 \u0441 \u0434\u043e\u0441\u0442\u0430\u0432\u043a\u043e\u0439 | Mob.MD\" \/>\n<meta property=\"og:description\" content=\"De secole, un cuf\u0103r a servit ca loc suplimentar pentru depozitarea diverselor ustensile (lucruri, juc\u0103rii etc.) Acest atribut este \u00eentotdeauna asociat cu vremurile pira\u021bilor (cuf\u0103r cu aur), a\u0219a c\u0103 dac\u0103 a\u021bi dorit de mult s\u0103 ad\u0103uga\u021bi un element neobi\u0219nuit \u0219i func\u021bional pentru interiorul dvs., atunci acest articol v\u0103 va ajuta \u00een acest sens.Va decora at\u00e2t [&hellip;]\" \/>\n<meta property=\"og:url\" content=\"https:\/\/mob.md\/ro\/shop-ro\/lazi-pentru-albituri\/alte-lazi\/lada-ks106-%d0%ba%d0%be%d0%bf%d0%b8%d1%80%d0%be%d0%b2%d0%b0%d1%82%d1%8c\/\" \/>\n<meta property=\"og:site_name\" content=\"Mob.MD\" \/>\n<meta property=\"article:publisher\" content=\"https:\/\/www.facebook.com\/Mob.md?locale=ru_RU\" \/>\n<meta property=\"article:modified_time\" content=\"2023-06-06T13:55:26+00:00\" \/>\n<meta property=\"og:image\" content=\"https:\/\/mob.md\/wp-content\/uploads\/2022\/05\/bez-fona.png\" \/>\n\t<meta property=\"og:image:width\" content=\"600\" \/>\n\t<meta property=\"og:image:height\" content=\"600\" \/>\n\t<meta property=\"og:image:type\" content=\"image\/png\" \/>\n<meta name=\"twitter:card\" content=\"summary_large_image\" \/>\n<meta name=\"twitter:label1\" content=\"Timp estimat pentru citire\" \/>\n\t<meta name=\"twitter:data1\" content=\"1 minut\" \/>\n<script type=\"application\/ld+json\" class=\"yoast-schema-graph\">{\"@context\":\"https:\/\/schema.org\",\"@graph\":[{\"@type\":\"WebPage\",\"@id\":\"https:\/\/mob.md\/ro\/shop-ro\/lazi-pentru-albituri\/alte-lazi\/lada-ks106-%d0%ba%d0%be%d0%bf%d0%b8%d1%80%d0%be%d0%b2%d0%b0%d1%82%d1%8c\/\",\"url\":\"https:\/\/mob.md\/ro\/shop-ro\/lazi-pentru-albituri\/alte-lazi\/lada-ks106-%d0%ba%d0%be%d0%bf%d0%b8%d1%80%d0%be%d0%b2%d0%b0%d1%82%d1%8c\/\",\"name\":\"\u041a\u0443\u043f\u0438\u0442\u044c Lad\u0103 KS101 \u0432 \u041a\u0438\u0448\u0438\u043d\u0435\u0432\u0435 \u0441 \u0434\u043e\u0441\u0442\u0430\u0432\u043a\u043e\u0439 | Mob.MD\",\"isPartOf\":{\"@id\":\"https:\/\/mob.md\/ro\/#website\"},\"datePublished\":\"2022-05-26T06:52:54+00:00\",\"dateModified\":\"2023-06-06T13:55:26+00:00\",\"breadcrumb\":{\"@id\":\"https:\/\/mob.md\/ro\/shop-ro\/lazi-pentru-albituri\/alte-lazi\/lada-ks106-%d0%ba%d0%be%d0%bf%d0%b8%d1%80%d0%be%d0%b2%d0%b0%d1%82%d1%8c\/#breadcrumb\"},\"inLanguage\":\"ro-RO\",\"potentialAction\":[{\"@type\":\"ReadAction\",\"target\":[\"https:\/\/mob.md\/ro\/shop-ro\/lazi-pentru-albituri\/alte-lazi\/lada-ks106-%d0%ba%d0%be%d0%bf%d0%b8%d1%80%d0%be%d0%b2%d0%b0%d1%82%d1%8c\/\"]}]},{\"@type\":\"BreadcrumbList\",\"@id\":\"https:\/\/mob.md\/ro\/shop-ro\/lazi-pentru-albituri\/alte-lazi\/lada-ks106-%d0%ba%d0%be%d0%bf%d0%b8%d1%80%d0%be%d0%b2%d0%b0%d1%82%d1%8c\/#breadcrumb\",\"itemListElement\":[{\"@type\":\"ListItem\",\"position\":1,\"name\":\"\u0413\u043b\u0430\u0432\u043d\u0430\u044f \u0441\u0442\u0440\u0430\u043d\u0438\u0446\u0430\",\"item\":\"https:\/\/mob.md\/ro\/\"},{\"@type\":\"ListItem\",\"position\":2,\"name\":\"Catalog\",\"item\":\"https:\/\/mob.md\/ro\/shop-ro\/\"},{\"@type\":\"ListItem\",\"position\":3,\"name\":\"Lad\u0103 KS101\"}]},{\"@type\":\"WebSite\",\"@id\":\"https:\/\/mob.md\/ro\/#website\",\"url\":\"https:\/\/mob.md\/ro\/\",\"name\":\"Mob.MD\",\"description\":\"Mob.MD\",\"publisher\":{\"@id\":\"https:\/\/mob.md\/ro\/#organization\"},\"potentialAction\":[{\"@type\":\"SearchAction\",\"target\":{\"@type\":\"EntryPoint\",\"urlTemplate\":\"https:\/\/mob.md\/ro\/?s={search_term_string}\"},\"query-input\":\"required name=search_term_string\"}],\"inLanguage\":\"ro-RO\"},{\"@type\":\"Organization\",\"@id\":\"https:\/\/mob.md\/ro\/#organization\",\"name\":\"Mob.md\",\"url\":\"https:\/\/mob.md\/ro\/\",\"logo\":{\"@type\":\"ImageObject\",\"inLanguage\":\"ro-RO\",\"@id\":\"https:\/\/mob.md\/ro\/#\/schema\/logo\/image\/\",\"url\":\"https:\/\/mob.md\/wp-content\/uploads\/2021\/02\/logo-1.png\",\"contentUrl\":\"https:\/\/mob.md\/wp-content\/uploads\/2021\/02\/logo-1.png\",\"width\":324,\"height\":193,\"caption\":\"Mob.md\"},\"image\":{\"@id\":\"https:\/\/mob.md\/ro\/#\/schema\/logo\/image\/\"},\"sameAs\":[\"https:\/\/www.facebook.com\/Mob.md?locale=ru_RU\",\"https:\/\/www.instagram.com\/mob.md.moldova\/\"]}]}<\/script>\n<!-- \/ Yoast SEO plugin. -->","yoast_head_json":{"title":"\u041a\u0443\u043f\u0438\u0442\u044c Lad\u0103 KS101 \u0432 \u041a\u0438\u0448\u0438\u043d\u0435\u0432\u0435 \u0441 \u0434\u043e\u0441\u0442\u0430\u0432\u043a\u043e\u0439 | Mob.MD","robots":{"index":"index","follow":"follow","max-snippet":"max-snippet:-1","max-image-preview":"max-image-preview:large","max-video-preview":"max-video-preview:-1"},"canonical":"https:\/\/mob.md\/ro\/shop-ro\/lazi-pentru-albituri\/alte-lazi\/lada-ks106-%d0%ba%d0%be%d0%bf%d0%b8%d1%80%d0%be%d0%b2%d0%b0%d1%82%d1%8c\/","og_locale":"ro_RO","og_type":"article","og_title":"\u041a\u0443\u043f\u0438\u0442\u044c Lad\u0103 KS101 \u0432 \u041a\u0438\u0448\u0438\u043d\u0435\u0432\u0435 \u0441 \u0434\u043e\u0441\u0442\u0430\u0432\u043a\u043e\u0439 | Mob.MD","og_description":"De secole, un cuf\u0103r a servit ca loc suplimentar pentru depozitarea diverselor ustensile (lucruri, juc\u0103rii etc.) Acest atribut este \u00eentotdeauna asociat cu vremurile pira\u021bilor (cuf\u0103r cu aur), a\u0219a c\u0103 dac\u0103 a\u021bi dorit de mult s\u0103 ad\u0103uga\u021bi un element neobi\u0219nuit \u0219i func\u021bional pentru interiorul dvs., atunci acest articol v\u0103 va ajuta \u00een acest sens.Va decora at\u00e2t [&hellip;]","og_url":"https:\/\/mob.md\/ro\/shop-ro\/lazi-pentru-albituri\/alte-lazi\/lada-ks106-%d0%ba%d0%be%d0%bf%d0%b8%d1%80%d0%be%d0%b2%d0%b0%d1%82%d1%8c\/","og_site_name":"Mob.MD","article_publisher":"https:\/\/www.facebook.com\/Mob.md?locale=ru_RU","article_modified_time":"2023-06-06T13:55:26+00:00","og_image":[{"width":600,"height":600,"url":"https:\/\/mob.md\/wp-content\/uploads\/2022\/05\/bez-fona.png","type":"image\/png"}],"twitter_card":"summary_large_image","twitter_misc":{"Timp estimat pentru citire":"1 minut"},"schema":{"@context":"https:\/\/schema.org","@graph":[{"@type":"WebPage","@id":"https:\/\/mob.md\/ro\/shop-ro\/lazi-pentru-albituri\/alte-lazi\/lada-ks106-%d0%ba%d0%be%d0%bf%d0%b8%d1%80%d0%be%d0%b2%d0%b0%d1%82%d1%8c\/","url":"https:\/\/mob.md\/ro\/shop-ro\/lazi-pentru-albituri\/alte-lazi\/lada-ks106-%d0%ba%d0%be%d0%bf%d0%b8%d1%80%d0%be%d0%b2%d0%b0%d1%82%d1%8c\/","name":"\u041a\u0443\u043f\u0438\u0442\u044c Lad\u0103 KS101 \u0432 \u041a\u0438\u0448\u0438\u043d\u0435\u0432\u0435 \u0441 \u0434\u043e\u0441\u0442\u0430\u0432\u043a\u043e\u0439 | Mob.MD","isPartOf":{"@id":"https:\/\/mob.md\/ro\/#website"},"datePublished":"2022-05-26T06:52:54+00:00","dateModified":"2023-06-06T13:55:26+00:00","breadcrumb":{"@id":"https:\/\/mob.md\/ro\/shop-ro\/lazi-pentru-albituri\/alte-lazi\/lada-ks106-%d0%ba%d0%be%d0%bf%d0%b8%d1%80%d0%be%d0%b2%d0%b0%d1%82%d1%8c\/#breadcrumb"},"inLanguage":"ro-RO","potentialAction":[{"@type":"ReadAction","target":["https:\/\/mob.md\/ro\/shop-ro\/lazi-pentru-albituri\/alte-lazi\/lada-ks106-%d0%ba%d0%be%d0%bf%d0%b8%d1%80%d0%be%d0%b2%d0%b0%d1%82%d1%8c\/"]}]},{"@type":"BreadcrumbList","@id":"https:\/\/mob.md\/ro\/shop-ro\/lazi-pentru-albituri\/alte-lazi\/lada-ks106-%d0%ba%d0%be%d0%bf%d0%b8%d1%80%d0%be%d0%b2%d0%b0%d1%82%d1%8c\/#breadcrumb","itemListElement":[{"@type":"ListItem","position":1,"name":"\u0413\u043b\u0430\u0432\u043d\u0430\u044f \u0441\u0442\u0440\u0430\u043d\u0438\u0446\u0430","item":"https:\/\/mob.md\/ro\/"},{"@type":"ListItem","position":2,"name":"Catalog","item":"https:\/\/mob.md\/ro\/shop-ro\/"},{"@type":"ListItem","position":3,"name":"Lad\u0103 KS101"}]},{"@type":"WebSite","@id":"https:\/\/mob.md\/ro\/#website","url":"https:\/\/mob.md\/ro\/","name":"Mob.MD","description":"Mob.MD","publisher":{"@id":"https:\/\/mob.md\/ro\/#organization"},"potentialAction":[{"@type":"SearchAction","target":{"@type":"EntryPoint","urlTemplate":"https:\/\/mob.md\/ro\/?s={search_term_string}"},"query-input":"required name=search_term_string"}],"inLanguage":"ro-RO"},{"@type":"Organization","@id":"https:\/\/mob.md\/ro\/#organization","name":"Mob.md","url":"https:\/\/mob.md\/ro\/","logo":{"@type":"ImageObject","inLanguage":"ro-RO","@id":"https:\/\/mob.md\/ro\/#\/schema\/logo\/image\/","url":"https:\/\/mob.md\/wp-content\/uploads\/2021\/02\/logo-1.png","contentUrl":"https:\/\/mob.md\/wp-content\/uploads\/2021\/02\/logo-1.png","width":324,"height":193,"caption":"Mob.md"},"image":{"@id":"https:\/\/mob.md\/ro\/#\/schema\/logo\/image\/"},"sameAs":["https:\/\/www.facebook.com\/Mob.md?locale=ru_RU","https:\/\/www.instagram.com\/mob.md.moldova\/"]}]}},"_links":{"self":[{"href":"https:\/\/mob.md\/ro\/wp-json\/wp\/v2\/product\/34626"}],"collection":[{"href":"https:\/\/mob.md\/ro\/wp-json\/wp\/v2\/product"}],"about":[{"href":"https:\/\/mob.md\/ro\/wp-json\/wp\/v2\/types\/product"}],"replies":[{"embeddable":true,"href":"https:\/\/mob.md\/ro\/wp-json\/wp\/v2\/comments?post=34626"}],"wp:featuredmedia":[{"embeddable":true,"href":"https:\/\/mob.md\/ro\/wp-json\/wp\/v2\/media\/42768"}],"wp:attachment":[{"href":"https:\/\/mob.md\/ro\/wp-json\/wp\/v2\/media?parent=34626"}],"wp:term":[{"taxonomy":"product_cat","embeddable":true,"href":"https:\/\/mob.md\/ro\/wp-json\/wp\/v2\/product_cat?post=34626"},{"taxonomy":"product_tag","embeddable":true,"href":"https:\/\/mob.md\/ro\/wp-json\/wp\/v2\/product_tag?post=34626"}],"curies":[{"name":"wp","href":"https:\/\/api.w.org\/{rel}","templated":true}]}}