{"id":35485,"date":"2022-09-16T14:52:25","date_gmt":"2022-09-16T11:52:26","guid":{"rendered":"https:\/\/mob.md\/?post_type=product&#038;p=35485"},"modified":"2024-10-22T16:56:31","modified_gmt":"2024-10-22T13:56:31","slug":"saltea-oxigen-motion","status":"publish","type":"product","link":"https:\/\/mob.md\/ro\/shop-ro\/saltele-ortopedice\/saltele-pentru-o-persoana\/saltea-oxigen-motion\/","title":{"rendered":"Oxigen Motion"},"content":{"rendered":"<p>Produc\u0103tor Slovacia marca MATERASSO. Saltelele concepute pentru o greutate maxima de 150 kg sunt ideale pentru persoanele care iubesc confortul si pretuiesc somnul lor pretios, aceste saltele imbina perfect toate straturile care vizeaza confortul maxim la somn.Unul dintre straturi este spuma de LAVANDA ce contine ulei esential cu extracte de lavanda. au un efect calmant \u0219i fac somnul profund \u0219i s\u0103n\u0103tos. &#8211; Hus\u0103 deta\u0219abil\u0103 ALOE VERA. Husa este dotat\u0103 cu un strat de spum\u0103 MEMMORY, cu grosimea stratului de 3 cm.<br \/>\r\n-Oxigenul este o spum\u0103 rece de ultim\u0103 genera\u021bie, care este foarte respirabil\u0103, elastic\u0103 \u0219i elastic\u0103. Datorit\u0103 spum\u0103rii cu oxigen, am ob\u021binut o spum\u0103 cu o structur\u0103 unic\u0103 de microelemente deschise, care asigur\u0103 circula\u021bia liber\u0103 a aerului \u00eentre ele. Microelementele interac\u021bioneaz\u0103 \u00eentre ele, rezult\u00e2nd o saltea care este elastic\u0103, care aminte\u0219te de cele mai fine arcuri multistrat \u0219i flexibil\u0103, comparabil\u0103 cu cea mai fin\u0103 spum\u0103 termoelastic\u0103.\u00cen acela\u0219i timp, spuma de oxigen reduce presiunea inutil\u0103 asupra corpului, cresc\u00e2nd senza\u021bia de confort \u0219i permi\u021b\u00e2ndu-v\u0103 s\u0103 adormi\u021bi mai repede \u0219i s\u0103 dormi\u021bi mai ad\u00e2nc \u0219i mai odihnitor. Salteaua Thermo Active are o hus\u0103 deta\u0219abil\u0103 de aloe vera cu o fibr\u0103 matlasat\u0103 modern\u0103 de 300 g\/m\u00b2, c\u0103ptu\u0219eal\u0103 din plas\u0103 3D \u0219i partea lateral\u0103 a saltelei, datorit\u0103 c\u0103reia avem un flux de aer excelent pentru a men\u021bine igiena maxim\u0103 \u00een utilizarea saltelei, inclusiv doar s\u0103 ne sim\u021bim proasp\u0103t \u00een interior. timpul de culcare.<\/p>","protected":false},"excerpt":{"rendered":"<p>Produc\u0103tor Slovacia marca MATERASSO. Saltelele concepute pentru o greutate maxima de 150 kg sunt ideale pentru persoanele care iubesc confortul si pretuiesc somnul lor pretios, aceste saltele imbina perfect toate straturile care vizeaza confortul maxim la somn.Unul dintre straturi este spuma de LAVANDA ce contine ulei esential cu extracte de lavanda. au un efect calmant [&hellip;]<\/p>\n","protected":false},"featured_media":40369,"comment_status":"closed","ping_status":"closed","template":"","meta":[],"product_cat":[3359,3332,3422,3420,3328,3322,3321,3329,3250,3275],"product_tag":[],"yoast_head":"<!-- This site is optimized with the Yoast SEO plugin v20.8 - https:\/\/yoast.com\/wordpress\/plugins\/seo\/ -->\n<title>\u041a\u0443\u043f\u0438\u0442\u044c Oxigen Motion \u0432 \u041a\u0438\u0448\u0438\u043d\u0435\u0432\u0435 \u0441 \u0434\u043e\u0441\u0442\u0430\u0432\u043a\u043e\u0439 | Mob.MD<\/title>\n<meta name=\"robots\" content=\"index, follow, max-snippet:-1, max-image-preview:large, max-video-preview:-1\" \/>\n<link rel=\"canonical\" href=\"https:\/\/mob.md\/ro\/shop-ro\/saltele-ortopedice\/saltele-pentru-o-persoana\/saltea-oxigen-motion\/\" \/>\n<meta property=\"og:locale\" content=\"ro_RO\" \/>\n<meta property=\"og:type\" content=\"article\" \/>\n<meta property=\"og:title\" content=\"\u041a\u0443\u043f\u0438\u0442\u044c Oxigen Motion \u0432 \u041a\u0438\u0448\u0438\u043d\u0435\u0432\u0435 \u0441 \u0434\u043e\u0441\u0442\u0430\u0432\u043a\u043e\u0439 | Mob.MD\" \/>\n<meta property=\"og:description\" content=\"Produc\u0103tor Slovacia marca MATERASSO. Saltelele concepute pentru o greutate maxima de 150 kg sunt ideale pentru persoanele care iubesc confortul si pretuiesc somnul lor pretios, aceste saltele imbina perfect toate straturile care vizeaza confortul maxim la somn.Unul dintre straturi este spuma de LAVANDA ce contine ulei esential cu extracte de lavanda. au un efect calmant [&hellip;]\" \/>\n<meta property=\"og:url\" content=\"https:\/\/mob.md\/ro\/shop-ro\/saltele-ortopedice\/saltele-pentru-o-persoana\/saltea-oxigen-motion\/\" \/>\n<meta property=\"og:site_name\" content=\"Mob.MD\" \/>\n<meta property=\"article:publisher\" content=\"https:\/\/www.facebook.com\/Mob.md?locale=ru_RU\" \/>\n<meta property=\"article:modified_time\" content=\"2024-10-22T13:56:31+00:00\" \/>\n<meta property=\"og:image\" content=\"https:\/\/mob.md\/wp-content\/uploads\/2022\/09\/oxygen_motion_aloe_vera_pl_2022-removebg-preview-1.png\" \/>\n\t<meta property=\"og:image:width\" content=\"675\" \/>\n\t<meta property=\"og:image:height\" content=\"369\" \/>\n\t<meta property=\"og:image:type\" content=\"image\/png\" \/>\n<meta name=\"twitter:card\" content=\"summary_large_image\" \/>\n<meta name=\"twitter:label1\" content=\"Timp estimat pentru citire\" \/>\n\t<meta name=\"twitter:data1\" content=\"2 minute\" \/>\n<script type=\"application\/ld+json\" class=\"yoast-schema-graph\">{\"@context\":\"https:\/\/schema.org\",\"@graph\":[{\"@type\":\"WebPage\",\"@id\":\"https:\/\/mob.md\/ro\/shop-ro\/saltele-ortopedice\/saltele-pentru-o-persoana\/saltea-oxigen-motion\/\",\"url\":\"https:\/\/mob.md\/ro\/shop-ro\/saltele-ortopedice\/saltele-pentru-o-persoana\/saltea-oxigen-motion\/\",\"name\":\"\u041a\u0443\u043f\u0438\u0442\u044c Oxigen Motion \u0432 \u041a\u0438\u0448\u0438\u043d\u0435\u0432\u0435 \u0441 \u0434\u043e\u0441\u0442\u0430\u0432\u043a\u043e\u0439 | Mob.MD\",\"isPartOf\":{\"@id\":\"https:\/\/mob.md\/ro\/#website\"},\"datePublished\":\"2022-09-16T11:52:26+00:00\",\"dateModified\":\"2024-10-22T13:56:31+00:00\",\"breadcrumb\":{\"@id\":\"https:\/\/mob.md\/ro\/shop-ro\/saltele-ortopedice\/saltele-pentru-o-persoana\/saltea-oxigen-motion\/#breadcrumb\"},\"inLanguage\":\"ro-RO\",\"potentialAction\":[{\"@type\":\"ReadAction\",\"target\":[\"https:\/\/mob.md\/ro\/shop-ro\/saltele-ortopedice\/saltele-pentru-o-persoana\/saltea-oxigen-motion\/\"]}]},{\"@type\":\"BreadcrumbList\",\"@id\":\"https:\/\/mob.md\/ro\/shop-ro\/saltele-ortopedice\/saltele-pentru-o-persoana\/saltea-oxigen-motion\/#breadcrumb\",\"itemListElement\":[{\"@type\":\"ListItem\",\"position\":1,\"name\":\"\u0413\u043b\u0430\u0432\u043d\u0430\u044f \u0441\u0442\u0440\u0430\u043d\u0438\u0446\u0430\",\"item\":\"https:\/\/mob.md\/ro\/\"},{\"@type\":\"ListItem\",\"position\":2,\"name\":\"Catalog\",\"item\":\"https:\/\/mob.md\/ro\/shop-ro\/\"},{\"@type\":\"ListItem\",\"position\":3,\"name\":\"Oxigen Motion\"}]},{\"@type\":\"WebSite\",\"@id\":\"https:\/\/mob.md\/ro\/#website\",\"url\":\"https:\/\/mob.md\/ro\/\",\"name\":\"Mob.MD\",\"description\":\"Mob.MD\",\"publisher\":{\"@id\":\"https:\/\/mob.md\/ro\/#organization\"},\"potentialAction\":[{\"@type\":\"SearchAction\",\"target\":{\"@type\":\"EntryPoint\",\"urlTemplate\":\"https:\/\/mob.md\/ro\/?s={search_term_string}\"},\"query-input\":\"required name=search_term_string\"}],\"inLanguage\":\"ro-RO\"},{\"@type\":\"Organization\",\"@id\":\"https:\/\/mob.md\/ro\/#organization\",\"name\":\"Mob.md\",\"url\":\"https:\/\/mob.md\/ro\/\",\"logo\":{\"@type\":\"ImageObject\",\"inLanguage\":\"ro-RO\",\"@id\":\"https:\/\/mob.md\/ro\/#\/schema\/logo\/image\/\",\"url\":\"https:\/\/mob.md\/wp-content\/uploads\/2021\/02\/logo-1.png\",\"contentUrl\":\"https:\/\/mob.md\/wp-content\/uploads\/2021\/02\/logo-1.png\",\"width\":324,\"height\":193,\"caption\":\"Mob.md\"},\"image\":{\"@id\":\"https:\/\/mob.md\/ro\/#\/schema\/logo\/image\/\"},\"sameAs\":[\"https:\/\/www.facebook.com\/Mob.md?locale=ru_RU\",\"https:\/\/www.instagram.com\/mob.md.moldova\/\"]}]}<\/script>\n<!-- \/ Yoast SEO plugin. -->","yoast_head_json":{"title":"\u041a\u0443\u043f\u0438\u0442\u044c Oxigen Motion \u0432 \u041a\u0438\u0448\u0438\u043d\u0435\u0432\u0435 \u0441 \u0434\u043e\u0441\u0442\u0430\u0432\u043a\u043e\u0439 | Mob.MD","robots":{"index":"index","follow":"follow","max-snippet":"max-snippet:-1","max-image-preview":"max-image-preview:large","max-video-preview":"max-video-preview:-1"},"canonical":"https:\/\/mob.md\/ro\/shop-ro\/saltele-ortopedice\/saltele-pentru-o-persoana\/saltea-oxigen-motion\/","og_locale":"ro_RO","og_type":"article","og_title":"\u041a\u0443\u043f\u0438\u0442\u044c Oxigen Motion \u0432 \u041a\u0438\u0448\u0438\u043d\u0435\u0432\u0435 \u0441 \u0434\u043e\u0441\u0442\u0430\u0432\u043a\u043e\u0439 | Mob.MD","og_description":"Produc\u0103tor Slovacia marca MATERASSO. Saltelele concepute pentru o greutate maxima de 150 kg sunt ideale pentru persoanele care iubesc confortul si pretuiesc somnul lor pretios, aceste saltele imbina perfect toate straturile care vizeaza confortul maxim la somn.Unul dintre straturi este spuma de LAVANDA ce contine ulei esential cu extracte de lavanda. au un efect calmant [&hellip;]","og_url":"https:\/\/mob.md\/ro\/shop-ro\/saltele-ortopedice\/saltele-pentru-o-persoana\/saltea-oxigen-motion\/","og_site_name":"Mob.MD","article_publisher":"https:\/\/www.facebook.com\/Mob.md?locale=ru_RU","article_modified_time":"2024-10-22T13:56:31+00:00","og_image":[{"width":675,"height":369,"url":"https:\/\/mob.md\/wp-content\/uploads\/2022\/09\/oxygen_motion_aloe_vera_pl_2022-removebg-preview-1.png","type":"image\/png"}],"twitter_card":"summary_large_image","twitter_misc":{"Timp estimat pentru citire":"2 minute"},"schema":{"@context":"https:\/\/schema.org","@graph":[{"@type":"WebPage","@id":"https:\/\/mob.md\/ro\/shop-ro\/saltele-ortopedice\/saltele-pentru-o-persoana\/saltea-oxigen-motion\/","url":"https:\/\/mob.md\/ro\/shop-ro\/saltele-ortopedice\/saltele-pentru-o-persoana\/saltea-oxigen-motion\/","name":"\u041a\u0443\u043f\u0438\u0442\u044c Oxigen Motion \u0432 \u041a\u0438\u0448\u0438\u043d\u0435\u0432\u0435 \u0441 \u0434\u043e\u0441\u0442\u0430\u0432\u043a\u043e\u0439 | Mob.MD","isPartOf":{"@id":"https:\/\/mob.md\/ro\/#website"},"datePublished":"2022-09-16T11:52:26+00:00","dateModified":"2024-10-22T13:56:31+00:00","breadcrumb":{"@id":"https:\/\/mob.md\/ro\/shop-ro\/saltele-ortopedice\/saltele-pentru-o-persoana\/saltea-oxigen-motion\/#breadcrumb"},"inLanguage":"ro-RO","potentialAction":[{"@type":"ReadAction","target":["https:\/\/mob.md\/ro\/shop-ro\/saltele-ortopedice\/saltele-pentru-o-persoana\/saltea-oxigen-motion\/"]}]},{"@type":"BreadcrumbList","@id":"https:\/\/mob.md\/ro\/shop-ro\/saltele-ortopedice\/saltele-pentru-o-persoana\/saltea-oxigen-motion\/#breadcrumb","itemListElement":[{"@type":"ListItem","position":1,"name":"\u0413\u043b\u0430\u0432\u043d\u0430\u044f \u0441\u0442\u0440\u0430\u043d\u0438\u0446\u0430","item":"https:\/\/mob.md\/ro\/"},{"@type":"ListItem","position":2,"name":"Catalog","item":"https:\/\/mob.md\/ro\/shop-ro\/"},{"@type":"ListItem","position":3,"name":"Oxigen Motion"}]},{"@type":"WebSite","@id":"https:\/\/mob.md\/ro\/#website","url":"https:\/\/mob.md\/ro\/","name":"Mob.MD","description":"Mob.MD","publisher":{"@id":"https:\/\/mob.md\/ro\/#organization"},"potentialAction":[{"@type":"SearchAction","target":{"@type":"EntryPoint","urlTemplate":"https:\/\/mob.md\/ro\/?s={search_term_string}"},"query-input":"required name=search_term_string"}],"inLanguage":"ro-RO"},{"@type":"Organization","@id":"https:\/\/mob.md\/ro\/#organization","name":"Mob.md","url":"https:\/\/mob.md\/ro\/","logo":{"@type":"ImageObject","inLanguage":"ro-RO","@id":"https:\/\/mob.md\/ro\/#\/schema\/logo\/image\/","url":"https:\/\/mob.md\/wp-content\/uploads\/2021\/02\/logo-1.png","contentUrl":"https:\/\/mob.md\/wp-content\/uploads\/2021\/02\/logo-1.png","width":324,"height":193,"caption":"Mob.md"},"image":{"@id":"https:\/\/mob.md\/ro\/#\/schema\/logo\/image\/"},"sameAs":["https:\/\/www.facebook.com\/Mob.md?locale=ru_RU","https:\/\/www.instagram.com\/mob.md.moldova\/"]}]}},"_links":{"self":[{"href":"https:\/\/mob.md\/ro\/wp-json\/wp\/v2\/product\/35485"}],"collection":[{"href":"https:\/\/mob.md\/ro\/wp-json\/wp\/v2\/product"}],"about":[{"href":"https:\/\/mob.md\/ro\/wp-json\/wp\/v2\/types\/product"}],"replies":[{"embeddable":true,"href":"https:\/\/mob.md\/ro\/wp-json\/wp\/v2\/comments?post=35485"}],"wp:featuredmedia":[{"embeddable":true,"href":"https:\/\/mob.md\/ro\/wp-json\/wp\/v2\/media\/40369"}],"wp:attachment":[{"href":"https:\/\/mob.md\/ro\/wp-json\/wp\/v2\/media?parent=35485"}],"wp:term":[{"taxonomy":"product_cat","embeddable":true,"href":"https:\/\/mob.md\/ro\/wp-json\/wp\/v2\/product_cat?post=35485"},{"taxonomy":"product_tag","embeddable":true,"href":"https:\/\/mob.md\/ro\/wp-json\/wp\/v2\/product_tag?post=35485"}],"curies":[{"name":"wp","href":"https:\/\/api.w.org\/{rel}","templated":true}]}}