{"id":36958,"date":"2023-01-13T14:03:08","date_gmt":"2023-01-13T11:03:18","guid":{"rendered":"https:\/\/mob.md\/?post_type=product&#038;p=36958"},"modified":"2023-10-17T10:34:30","modified_gmt":"2023-10-17T07:34:30","slug":"saltea-luna-plus-h24-%d1%81m-%d0%ba%d0%be%d0%bf%d0%b8%d1%80%d0%be%d0%b2%d0%b0%d1%82%d1%8c","status":"publish","type":"product","link":"https:\/\/mob.md\/ro\/shop-ro\/saltele-ortopedice\/saltele-pentru-o-persoana\/saltea-luna-plus-h24-%d1%81m-%d0%ba%d0%be%d0%bf%d0%b8%d1%80%d0%be%d0%b2%d0%b0%d1%82%d1%8c\/","title":{"rendered":"Saltea Luna Memory H=27 \u0441m"},"content":{"rendered":" \r\n\r\nSalteaua  Memory, este o saltea destinat\u0103 persoanelor ce doresc un suport ferm \u015fi confortabil (datorit\u0103 stratului de 5 cm de MemoryFoam).\r\n\r\nAceasta este realizat\u0103 dintr-o plas\u0103 de arcuri bitronconice de tip HERCULE, cu diametrul de 72 mm, din s\u00e2rm\u0103 de o\u0163el-carbon, cu grosimea de 2,2 mm. S\u00e2rma de o\u0163el-carbon este realizat\u0103 prin tratare termic\u0103 la curen\u0163i de \u00eenalt\u0103 frecven\u0163\u0103, pentru ai conferi o \u00eendelungat\u0103 rezisten\u0163\u0103 \u015fi elasticitate.\r\n\r\nR\u00e2ndurile de arcuri sunt legate \u00eentre ele cu o s\u00e2rm\u0103 elicoidal\u0103, cu grosimea de 1,4 mm, pentru a avea o bun\u0103 rezisten\u0163\u0103 la mi\u015fc\u0103ri \u015fi pentru a crea o ridigizare a saltelei.\r\n\r\nPerimetral pe marginea plasei de arc se pune o margine antilasare din spum\u0103 poliuretanic\u0103 de \u00eenalt\u0103 densitate SISTEM BOX.\r\n\r\nPeste plasa de arcuri se a\u015feaz\u0103 (pe ambele fe\u0163e) 2 straturi de plas\u0103 thermofelt cu densitatea de 1000 g\/m2, apoi un strat de plac\u0103 poliuretanic\u0103 cu densitatea de 28 kg\/m3 cu o grosimea de 2 cm, pentru a crea o zona de suport eficient\u0103.\r\n\r\nPeste acest strat este asezat\u0103 o placa de MemoryFoam cu densitatea de 45 kg\/ m3 \u015fi grosimea de   5 cm. Astfel confortul este asigurat de cei 5 cm de MemoryFoam, ce preiau amprenta corpului \u015fi egalizeaza punctele de presiune, sus\u0163in\u00e2nd \u00een mod natural coloana vertebral\u0103. Spuma vascoelastic\u0103 fiind un material ce r\u0103spunde nu numai greut\u0103\u0163ii corpului ci \u015fi c\u0103ldurii emise de acesta, fiind \u015fi termoreglabil, totodata, va putea &#8220;amprenta&#8221; foarte eficient forma corpului, indiferent daca ave\u0163i obiceiul sa dormi\u0163i pe burt\u0103, spate sau pe lateral.\r\n\r\nMaterialul exterior este realizat din 3 straturi, triplu matlasat, complet din bumbac, peste care se insereaz\u0103 un strat de vatelin\u0103 cu densitatea de 200 g\/m \u015fi TNT 12 g\/m2. \u00centre r\u00e2ndurile de arcuri sunt montate benzi din spum\u0103 poliuretanic\u0103 pentru a atenua efectul de val (transniterea mi\u015fc\u0103rilor \u00een corpul saltelei) \u015fi pentru a reduce indicele de elasticitate.\r\n\r\nSalteaua are fa\u0163\u0103 vara\/iarna, \u015fi este prev\u0103zut\u0103 cu band\u0103 de aerisire.\r\n\r\n \r\n\r\nStructura tehnic\u0103:\r\n1. Material triplu matlasat din bumbac \u015fi strat de vatelin\u0103 200 g\/m \u015fi TNT 12 g\/m2; \r\n2. Placa poliuretanic\u0103 cu grosimea de 2 cm \u015fi densitatea de 28 kg\/m3 pentru zona de sus\u0163inere; \r\n3. Strat de thermofelt cu densitate de 1000 g\/m2; \r\n4. Plasa de arcuri bitronconice tip HERCULE cu diametru de 72 mm; \r\n5. Benzi de polioretan a\u015fezate \u00eentre r\u0103ndurile de arcuri; \r\n6. Strat de thermofelt cu densitate de 1000g\/m2; \r\n7. Placa poliuretanic\u0103 cu grosimea de 2 cm \u015fi densitatea de 28 kg\/m3 pentru zona de sus\u0163inere; \r\n8. Placa de MemoryFoam cu densitate de 45 kg\/ m3 \u015fi grosimea de 5 cm pentru zona de confort; \r\n9. Material triplu matlasat din bumbac si strat de vatelina 200 g\/m TNT 12 g\/m2;\r\n\r\n \r\n\r\nGrosime saltea: 27 cm\r\nGaran\u0163ie saltea: 1 an","protected":false},"excerpt":{"rendered":"<p>Salteaua Memory, este o saltea destinat\u0103 persoanelor ce doresc un suport ferm \u015fi confortabil (datorit\u0103 stratului de 5 cm de MemoryFoam). Aceasta este realizat\u0103 dintr-o plas\u0103 de arcuri bitronconice de tip HERCULE, cu diametrul de 72 mm, din s\u00e2rm\u0103 de o\u0163el-carbon, cu grosimea de 2,2 mm. S\u00e2rma de o\u0163el-carbon este realizat\u0103 prin tratare termic\u0103 la [&hellip;]<\/p>\n","protected":false},"featured_media":40045,"comment_status":"closed","ping_status":"closed","template":"","meta":[],"product_cat":[3332,3327,3328,3322,3321,3329,3275],"product_tag":[],"yoast_head":"<!-- This site is optimized with the Yoast SEO plugin v20.8 - https:\/\/yoast.com\/wordpress\/plugins\/seo\/ -->\n<title>\u041a\u0443\u043f\u0438\u0442\u044c Saltea Luna Memory H=27 \u0441m \u0432 \u041a\u0438\u0448\u0438\u043d\u0435\u0432\u0435 \u0441 \u0434\u043e\u0441\u0442\u0430\u0432\u043a\u043e\u0439 | Mob.MD<\/title>\n<meta name=\"robots\" content=\"index, follow, max-snippet:-1, max-image-preview:large, max-video-preview:-1\" \/>\n<link rel=\"canonical\" href=\"https:\/\/mob.md\/ro\/shop-ro\/saltele-ortopedice\/saltele-pentru-o-persoana\/saltea-luna-plus-h24-%d1%81m-%d0%ba%d0%be%d0%bf%d0%b8%d1%80%d0%be%d0%b2%d0%b0%d1%82%d1%8c\/\" \/>\n<meta property=\"og:locale\" content=\"ro_RO\" \/>\n<meta property=\"og:type\" content=\"article\" \/>\n<meta property=\"og:title\" content=\"\u041a\u0443\u043f\u0438\u0442\u044c Saltea Luna Memory H=27 \u0441m \u0432 \u041a\u0438\u0448\u0438\u043d\u0435\u0432\u0435 \u0441 \u0434\u043e\u0441\u0442\u0430\u0432\u043a\u043e\u0439 | Mob.MD\" \/>\n<meta property=\"og:description\" content=\"Salteaua Memory, este o saltea destinat\u0103 persoanelor ce doresc un suport ferm \u015fi confortabil (datorit\u0103 stratului de 5 cm de MemoryFoam). Aceasta este realizat\u0103 dintr-o plas\u0103 de arcuri bitronconice de tip HERCULE, cu diametrul de 72 mm, din s\u00e2rm\u0103 de o\u0163el-carbon, cu grosimea de 2,2 mm. S\u00e2rma de o\u0163el-carbon este realizat\u0103 prin tratare termic\u0103 la [&hellip;]\" \/>\n<meta property=\"og:url\" content=\"https:\/\/mob.md\/ro\/shop-ro\/saltele-ortopedice\/saltele-pentru-o-persoana\/saltea-luna-plus-h24-%d1%81m-%d0%ba%d0%be%d0%bf%d0%b8%d1%80%d0%be%d0%b2%d0%b0%d1%82%d1%8c\/\" \/>\n<meta property=\"og:site_name\" content=\"Mob.MD\" \/>\n<meta property=\"article:publisher\" content=\"https:\/\/www.facebook.com\/Mob.md?locale=ru_RU\" \/>\n<meta property=\"article:modified_time\" content=\"2023-10-17T07:34:30+00:00\" \/>\n<meta property=\"og:image\" content=\"https:\/\/mob.md\/wp-content\/uploads\/2023\/01\/luna0.png\" \/>\n\t<meta property=\"og:image:width\" content=\"300\" \/>\n\t<meta property=\"og:image:height\" content=\"300\" \/>\n\t<meta property=\"og:image:type\" content=\"image\/png\" \/>\n<meta name=\"twitter:card\" content=\"summary_large_image\" \/>\n<meta name=\"twitter:label1\" content=\"Timp estimat pentru citire\" \/>\n\t<meta name=\"twitter:data1\" content=\"3 minute\" \/>\n<script type=\"application\/ld+json\" class=\"yoast-schema-graph\">{\"@context\":\"https:\/\/schema.org\",\"@graph\":[{\"@type\":\"WebPage\",\"@id\":\"https:\/\/mob.md\/ro\/shop-ro\/saltele-ortopedice\/saltele-pentru-o-persoana\/saltea-luna-plus-h24-%d1%81m-%d0%ba%d0%be%d0%bf%d0%b8%d1%80%d0%be%d0%b2%d0%b0%d1%82%d1%8c\/\",\"url\":\"https:\/\/mob.md\/ro\/shop-ro\/saltele-ortopedice\/saltele-pentru-o-persoana\/saltea-luna-plus-h24-%d1%81m-%d0%ba%d0%be%d0%bf%d0%b8%d1%80%d0%be%d0%b2%d0%b0%d1%82%d1%8c\/\",\"name\":\"\u041a\u0443\u043f\u0438\u0442\u044c Saltea Luna Memory H=27 \u0441m \u0432 \u041a\u0438\u0448\u0438\u043d\u0435\u0432\u0435 \u0441 \u0434\u043e\u0441\u0442\u0430\u0432\u043a\u043e\u0439 | Mob.MD\",\"isPartOf\":{\"@id\":\"https:\/\/mob.md\/ro\/#website\"},\"datePublished\":\"2023-01-13T11:03:18+00:00\",\"dateModified\":\"2023-10-17T07:34:30+00:00\",\"breadcrumb\":{\"@id\":\"https:\/\/mob.md\/ro\/shop-ro\/saltele-ortopedice\/saltele-pentru-o-persoana\/saltea-luna-plus-h24-%d1%81m-%d0%ba%d0%be%d0%bf%d0%b8%d1%80%d0%be%d0%b2%d0%b0%d1%82%d1%8c\/#breadcrumb\"},\"inLanguage\":\"ro-RO\",\"potentialAction\":[{\"@type\":\"ReadAction\",\"target\":[\"https:\/\/mob.md\/ro\/shop-ro\/saltele-ortopedice\/saltele-pentru-o-persoana\/saltea-luna-plus-h24-%d1%81m-%d0%ba%d0%be%d0%bf%d0%b8%d1%80%d0%be%d0%b2%d0%b0%d1%82%d1%8c\/\"]}]},{\"@type\":\"BreadcrumbList\",\"@id\":\"https:\/\/mob.md\/ro\/shop-ro\/saltele-ortopedice\/saltele-pentru-o-persoana\/saltea-luna-plus-h24-%d1%81m-%d0%ba%d0%be%d0%bf%d0%b8%d1%80%d0%be%d0%b2%d0%b0%d1%82%d1%8c\/#breadcrumb\",\"itemListElement\":[{\"@type\":\"ListItem\",\"position\":1,\"name\":\"\u0413\u043b\u0430\u0432\u043d\u0430\u044f \u0441\u0442\u0440\u0430\u043d\u0438\u0446\u0430\",\"item\":\"https:\/\/mob.md\/ro\/\"},{\"@type\":\"ListItem\",\"position\":2,\"name\":\"Catalog\",\"item\":\"https:\/\/mob.md\/ro\/shop-ro\/\"},{\"@type\":\"ListItem\",\"position\":3,\"name\":\"Saltea Luna Memory H=27 \u0441m\"}]},{\"@type\":\"WebSite\",\"@id\":\"https:\/\/mob.md\/ro\/#website\",\"url\":\"https:\/\/mob.md\/ro\/\",\"name\":\"Mob.MD\",\"description\":\"Mob.MD\",\"publisher\":{\"@id\":\"https:\/\/mob.md\/ro\/#organization\"},\"potentialAction\":[{\"@type\":\"SearchAction\",\"target\":{\"@type\":\"EntryPoint\",\"urlTemplate\":\"https:\/\/mob.md\/ro\/?s={search_term_string}\"},\"query-input\":\"required name=search_term_string\"}],\"inLanguage\":\"ro-RO\"},{\"@type\":\"Organization\",\"@id\":\"https:\/\/mob.md\/ro\/#organization\",\"name\":\"Mob.md\",\"url\":\"https:\/\/mob.md\/ro\/\",\"logo\":{\"@type\":\"ImageObject\",\"inLanguage\":\"ro-RO\",\"@id\":\"https:\/\/mob.md\/ro\/#\/schema\/logo\/image\/\",\"url\":\"https:\/\/mob.md\/wp-content\/uploads\/2021\/02\/logo-1.png\",\"contentUrl\":\"https:\/\/mob.md\/wp-content\/uploads\/2021\/02\/logo-1.png\",\"width\":324,\"height\":193,\"caption\":\"Mob.md\"},\"image\":{\"@id\":\"https:\/\/mob.md\/ro\/#\/schema\/logo\/image\/\"},\"sameAs\":[\"https:\/\/www.facebook.com\/Mob.md?locale=ru_RU\",\"https:\/\/www.instagram.com\/mob.md.moldova\/\"]}]}<\/script>\n<!-- \/ Yoast SEO plugin. -->","yoast_head_json":{"title":"\u041a\u0443\u043f\u0438\u0442\u044c Saltea Luna Memory H=27 \u0441m \u0432 \u041a\u0438\u0448\u0438\u043d\u0435\u0432\u0435 \u0441 \u0434\u043e\u0441\u0442\u0430\u0432\u043a\u043e\u0439 | Mob.MD","robots":{"index":"index","follow":"follow","max-snippet":"max-snippet:-1","max-image-preview":"max-image-preview:large","max-video-preview":"max-video-preview:-1"},"canonical":"https:\/\/mob.md\/ro\/shop-ro\/saltele-ortopedice\/saltele-pentru-o-persoana\/saltea-luna-plus-h24-%d1%81m-%d0%ba%d0%be%d0%bf%d0%b8%d1%80%d0%be%d0%b2%d0%b0%d1%82%d1%8c\/","og_locale":"ro_RO","og_type":"article","og_title":"\u041a\u0443\u043f\u0438\u0442\u044c Saltea Luna Memory H=27 \u0441m \u0432 \u041a\u0438\u0448\u0438\u043d\u0435\u0432\u0435 \u0441 \u0434\u043e\u0441\u0442\u0430\u0432\u043a\u043e\u0439 | Mob.MD","og_description":"Salteaua Memory, este o saltea destinat\u0103 persoanelor ce doresc un suport ferm \u015fi confortabil (datorit\u0103 stratului de 5 cm de MemoryFoam). Aceasta este realizat\u0103 dintr-o plas\u0103 de arcuri bitronconice de tip HERCULE, cu diametrul de 72 mm, din s\u00e2rm\u0103 de o\u0163el-carbon, cu grosimea de 2,2 mm. S\u00e2rma de o\u0163el-carbon este realizat\u0103 prin tratare termic\u0103 la [&hellip;]","og_url":"https:\/\/mob.md\/ro\/shop-ro\/saltele-ortopedice\/saltele-pentru-o-persoana\/saltea-luna-plus-h24-%d1%81m-%d0%ba%d0%be%d0%bf%d0%b8%d1%80%d0%be%d0%b2%d0%b0%d1%82%d1%8c\/","og_site_name":"Mob.MD","article_publisher":"https:\/\/www.facebook.com\/Mob.md?locale=ru_RU","article_modified_time":"2023-10-17T07:34:30+00:00","og_image":[{"width":300,"height":300,"url":"https:\/\/mob.md\/wp-content\/uploads\/2023\/01\/luna0.png","type":"image\/png"}],"twitter_card":"summary_large_image","twitter_misc":{"Timp estimat pentru citire":"3 minute"},"schema":{"@context":"https:\/\/schema.org","@graph":[{"@type":"WebPage","@id":"https:\/\/mob.md\/ro\/shop-ro\/saltele-ortopedice\/saltele-pentru-o-persoana\/saltea-luna-plus-h24-%d1%81m-%d0%ba%d0%be%d0%bf%d0%b8%d1%80%d0%be%d0%b2%d0%b0%d1%82%d1%8c\/","url":"https:\/\/mob.md\/ro\/shop-ro\/saltele-ortopedice\/saltele-pentru-o-persoana\/saltea-luna-plus-h24-%d1%81m-%d0%ba%d0%be%d0%bf%d0%b8%d1%80%d0%be%d0%b2%d0%b0%d1%82%d1%8c\/","name":"\u041a\u0443\u043f\u0438\u0442\u044c Saltea Luna Memory H=27 \u0441m \u0432 \u041a\u0438\u0448\u0438\u043d\u0435\u0432\u0435 \u0441 \u0434\u043e\u0441\u0442\u0430\u0432\u043a\u043e\u0439 | Mob.MD","isPartOf":{"@id":"https:\/\/mob.md\/ro\/#website"},"datePublished":"2023-01-13T11:03:18+00:00","dateModified":"2023-10-17T07:34:30+00:00","breadcrumb":{"@id":"https:\/\/mob.md\/ro\/shop-ro\/saltele-ortopedice\/saltele-pentru-o-persoana\/saltea-luna-plus-h24-%d1%81m-%d0%ba%d0%be%d0%bf%d0%b8%d1%80%d0%be%d0%b2%d0%b0%d1%82%d1%8c\/#breadcrumb"},"inLanguage":"ro-RO","potentialAction":[{"@type":"ReadAction","target":["https:\/\/mob.md\/ro\/shop-ro\/saltele-ortopedice\/saltele-pentru-o-persoana\/saltea-luna-plus-h24-%d1%81m-%d0%ba%d0%be%d0%bf%d0%b8%d1%80%d0%be%d0%b2%d0%b0%d1%82%d1%8c\/"]}]},{"@type":"BreadcrumbList","@id":"https:\/\/mob.md\/ro\/shop-ro\/saltele-ortopedice\/saltele-pentru-o-persoana\/saltea-luna-plus-h24-%d1%81m-%d0%ba%d0%be%d0%bf%d0%b8%d1%80%d0%be%d0%b2%d0%b0%d1%82%d1%8c\/#breadcrumb","itemListElement":[{"@type":"ListItem","position":1,"name":"\u0413\u043b\u0430\u0432\u043d\u0430\u044f \u0441\u0442\u0440\u0430\u043d\u0438\u0446\u0430","item":"https:\/\/mob.md\/ro\/"},{"@type":"ListItem","position":2,"name":"Catalog","item":"https:\/\/mob.md\/ro\/shop-ro\/"},{"@type":"ListItem","position":3,"name":"Saltea Luna Memory H=27 \u0441m"}]},{"@type":"WebSite","@id":"https:\/\/mob.md\/ro\/#website","url":"https:\/\/mob.md\/ro\/","name":"Mob.MD","description":"Mob.MD","publisher":{"@id":"https:\/\/mob.md\/ro\/#organization"},"potentialAction":[{"@type":"SearchAction","target":{"@type":"EntryPoint","urlTemplate":"https:\/\/mob.md\/ro\/?s={search_term_string}"},"query-input":"required name=search_term_string"}],"inLanguage":"ro-RO"},{"@type":"Organization","@id":"https:\/\/mob.md\/ro\/#organization","name":"Mob.md","url":"https:\/\/mob.md\/ro\/","logo":{"@type":"ImageObject","inLanguage":"ro-RO","@id":"https:\/\/mob.md\/ro\/#\/schema\/logo\/image\/","url":"https:\/\/mob.md\/wp-content\/uploads\/2021\/02\/logo-1.png","contentUrl":"https:\/\/mob.md\/wp-content\/uploads\/2021\/02\/logo-1.png","width":324,"height":193,"caption":"Mob.md"},"image":{"@id":"https:\/\/mob.md\/ro\/#\/schema\/logo\/image\/"},"sameAs":["https:\/\/www.facebook.com\/Mob.md?locale=ru_RU","https:\/\/www.instagram.com\/mob.md.moldova\/"]}]}},"_links":{"self":[{"href":"https:\/\/mob.md\/ro\/wp-json\/wp\/v2\/product\/36958"}],"collection":[{"href":"https:\/\/mob.md\/ro\/wp-json\/wp\/v2\/product"}],"about":[{"href":"https:\/\/mob.md\/ro\/wp-json\/wp\/v2\/types\/product"}],"replies":[{"embeddable":true,"href":"https:\/\/mob.md\/ro\/wp-json\/wp\/v2\/comments?post=36958"}],"wp:featuredmedia":[{"embeddable":true,"href":"https:\/\/mob.md\/ro\/wp-json\/wp\/v2\/media\/40045"}],"wp:attachment":[{"href":"https:\/\/mob.md\/ro\/wp-json\/wp\/v2\/media?parent=36958"}],"wp:term":[{"taxonomy":"product_cat","embeddable":true,"href":"https:\/\/mob.md\/ro\/wp-json\/wp\/v2\/product_cat?post=36958"},{"taxonomy":"product_tag","embeddable":true,"href":"https:\/\/mob.md\/ro\/wp-json\/wp\/v2\/product_tag?post=36958"}],"curies":[{"name":"wp","href":"https:\/\/api.w.org\/{rel}","templated":true}]}}