{"id":37806,"date":"2023-07-31T17:20:11","date_gmt":"2023-07-31T14:20:25","guid":{"rendered":"https:\/\/mob.md\/?post_type=product&#038;p=37806"},"modified":"2023-10-17T11:23:41","modified_gmt":"2023-10-17T08:23:41","slug":"saltea-top-waterflex-h5cm-%d0%ba%d0%be%d0%bf%d0%b8%d1%80%d0%be%d0%b2%d0%b0%d1%82%d1%8c","status":"publish","type":"product","link":"https:\/\/mob.md\/ro\/shop-ro\/saltele-ortopedice\/saltele-pentru-o-persoana\/saltea-top-waterflex-h5cm-%d0%ba%d0%be%d0%bf%d0%b8%d1%80%d0%be%d0%b2%d0%b0%d1%82%d1%8c\/","title":{"rendered":"Saltea Top Waterflex CocosH=7cm"},"content":{"rendered":"<p><strong>Pute\u021bi cump\u0103ra o saltea in credit p\u00e2n\u0103 la 36 de luni sau \u00een rate la 0% p\u00e2n\u0103 la 6 luni. Transportul este gratuit \u00een toat\u0103 \u021bara.<\/strong><\/p>\r\n<h4>Top Waterflex este o saltea modern\u0103, ortopedic\u0103, cu dou\u0103 fe\u021be, f\u0103r\u0103 arcuri, cu doua duritati diferite- medie si dura, cu efect de \u201eIarn\u0103-Vara\u201d. Producator &#8211; Moldova. Baza este un bloc solid de spum\u0103 elastic\u0103 de \u00eenalt\u0103 densitate cu propriet\u0103\u021bi anatomice ridicate si un strat de fibra de cocos 1 cm.Spuma este capabil\u0103 s\u0103 se adapteze la denivel\u0103rile corpului, distribuind uniform greutatea \u0219i amelior\u00e2nd stresul. Aceast\u0103 saltea este potrivit\u0103 pentru cei care doresc s\u0103 \u00eembun\u0103t\u0103\u021beasc\u0103 confortul patului , (canapea veche, tare, sau saltea). Se poate rula cu u\u0219urin\u021b\u0103 \u0219i nu ocup\u0103 mult spa\u021biu, a\u0219a c\u0103 poate fi folosit\u0103 ca saltea cu drepturi depline atunci c\u00e2nd c\u0103l\u0103tore\u0219ti \u00een natur\u0103 sau ca rezerv\u0103 pentru cas\u0103 \u00een cazul \u00een care sosesc oaspe\u021bii. Inaltimea saltelei este de 7 cm.Gradul de rigiditate este mediu\/dur. Garantie &#8211; 1 an.<\/h4>","protected":false},"excerpt":{"rendered":"<p>Pute\u021bi cump\u0103ra o saltea in credit p\u00e2n\u0103 la 36 de luni sau \u00een rate la 0% p\u00e2n\u0103 la 6 luni. Transportul este gratuit \u00een toat\u0103 \u021bara. Top Waterflex este o saltea modern\u0103, ortopedic\u0103, cu dou\u0103 fe\u021be, f\u0103r\u0103 arcuri, cu doua duritati diferite- medie si dura, cu efect de \u201eIarn\u0103-Vara\u201d. Producator &#8211; Moldova. Baza este un [&hellip;]<\/p>\n","protected":false},"featured_media":40378,"comment_status":"closed","ping_status":"closed","template":"","meta":[],"product_cat":[3332,3420,3322,3321,3275,3330],"product_tag":[],"yoast_head":"<!-- This site is optimized with the Yoast SEO plugin v20.8 - https:\/\/yoast.com\/wordpress\/plugins\/seo\/ -->\n<title>\u041a\u0443\u043f\u0438\u0442\u044c Saltea Top Waterflex CocosH=7cm \u0432 \u041a\u0438\u0448\u0438\u043d\u0435\u0432\u0435 \u0441 \u0434\u043e\u0441\u0442\u0430\u0432\u043a\u043e\u0439 | Mob.MD<\/title>\n<meta name=\"robots\" content=\"index, follow, max-snippet:-1, max-image-preview:large, max-video-preview:-1\" \/>\n<link rel=\"canonical\" href=\"https:\/\/mob.md\/ro\/shop-ro\/saltele-ortopedice\/saltele-pentru-o-persoana\/saltea-top-waterflex-h5cm-%d0%ba%d0%be%d0%bf%d0%b8%d1%80%d0%be%d0%b2%d0%b0%d1%82%d1%8c\/\" \/>\n<meta property=\"og:locale\" content=\"ro_RO\" \/>\n<meta property=\"og:type\" content=\"article\" \/>\n<meta property=\"og:title\" content=\"\u041a\u0443\u043f\u0438\u0442\u044c Saltea Top Waterflex CocosH=7cm \u0432 \u041a\u0438\u0448\u0438\u043d\u0435\u0432\u0435 \u0441 \u0434\u043e\u0441\u0442\u0430\u0432\u043a\u043e\u0439 | Mob.MD\" \/>\n<meta property=\"og:description\" content=\"Pute\u021bi cump\u0103ra o saltea in credit p\u00e2n\u0103 la 36 de luni sau \u00een rate la 0% p\u00e2n\u0103 la 6 luni. Transportul este gratuit \u00een toat\u0103 \u021bara. Top Waterflex este o saltea modern\u0103, ortopedic\u0103, cu dou\u0103 fe\u021be, f\u0103r\u0103 arcuri, cu doua duritati diferite- medie si dura, cu efect de \u201eIarn\u0103-Vara\u201d. Producator &#8211; Moldova. Baza este un [&hellip;]\" \/>\n<meta property=\"og:url\" content=\"https:\/\/mob.md\/ro\/shop-ro\/saltele-ortopedice\/saltele-pentru-o-persoana\/saltea-top-waterflex-h5cm-%d0%ba%d0%be%d0%bf%d0%b8%d1%80%d0%be%d0%b2%d0%b0%d1%82%d1%8c\/\" \/>\n<meta property=\"og:site_name\" content=\"Mob.MD\" \/>\n<meta property=\"article:publisher\" content=\"https:\/\/www.facebook.com\/Mob.md?locale=ru_RU\" \/>\n<meta property=\"article:modified_time\" content=\"2023-10-17T08:23:41+00:00\" \/>\n<meta property=\"og:image\" content=\"https:\/\/mob.md\/wp-content\/uploads\/2023\/07\/cocos.png\" \/>\n\t<meta property=\"og:image:width\" content=\"300\" \/>\n\t<meta property=\"og:image:height\" content=\"300\" \/>\n\t<meta property=\"og:image:type\" content=\"image\/png\" \/>\n<meta name=\"twitter:card\" content=\"summary_large_image\" \/>\n<meta name=\"twitter:label1\" content=\"Timp estimat pentru citire\" \/>\n\t<meta name=\"twitter:data1\" content=\"1 minut\" \/>\n<script type=\"application\/ld+json\" class=\"yoast-schema-graph\">{\"@context\":\"https:\/\/schema.org\",\"@graph\":[{\"@type\":\"WebPage\",\"@id\":\"https:\/\/mob.md\/ro\/shop-ro\/saltele-ortopedice\/saltele-pentru-o-persoana\/saltea-top-waterflex-h5cm-%d0%ba%d0%be%d0%bf%d0%b8%d1%80%d0%be%d0%b2%d0%b0%d1%82%d1%8c\/\",\"url\":\"https:\/\/mob.md\/ro\/shop-ro\/saltele-ortopedice\/saltele-pentru-o-persoana\/saltea-top-waterflex-h5cm-%d0%ba%d0%be%d0%bf%d0%b8%d1%80%d0%be%d0%b2%d0%b0%d1%82%d1%8c\/\",\"name\":\"\u041a\u0443\u043f\u0438\u0442\u044c Saltea Top Waterflex CocosH=7cm \u0432 \u041a\u0438\u0448\u0438\u043d\u0435\u0432\u0435 \u0441 \u0434\u043e\u0441\u0442\u0430\u0432\u043a\u043e\u0439 | Mob.MD\",\"isPartOf\":{\"@id\":\"https:\/\/mob.md\/ro\/#website\"},\"datePublished\":\"2023-07-31T14:20:25+00:00\",\"dateModified\":\"2023-10-17T08:23:41+00:00\",\"breadcrumb\":{\"@id\":\"https:\/\/mob.md\/ro\/shop-ro\/saltele-ortopedice\/saltele-pentru-o-persoana\/saltea-top-waterflex-h5cm-%d0%ba%d0%be%d0%bf%d0%b8%d1%80%d0%be%d0%b2%d0%b0%d1%82%d1%8c\/#breadcrumb\"},\"inLanguage\":\"ro-RO\",\"potentialAction\":[{\"@type\":\"ReadAction\",\"target\":[\"https:\/\/mob.md\/ro\/shop-ro\/saltele-ortopedice\/saltele-pentru-o-persoana\/saltea-top-waterflex-h5cm-%d0%ba%d0%be%d0%bf%d0%b8%d1%80%d0%be%d0%b2%d0%b0%d1%82%d1%8c\/\"]}]},{\"@type\":\"BreadcrumbList\",\"@id\":\"https:\/\/mob.md\/ro\/shop-ro\/saltele-ortopedice\/saltele-pentru-o-persoana\/saltea-top-waterflex-h5cm-%d0%ba%d0%be%d0%bf%d0%b8%d1%80%d0%be%d0%b2%d0%b0%d1%82%d1%8c\/#breadcrumb\",\"itemListElement\":[{\"@type\":\"ListItem\",\"position\":1,\"name\":\"\u0413\u043b\u0430\u0432\u043d\u0430\u044f \u0441\u0442\u0440\u0430\u043d\u0438\u0446\u0430\",\"item\":\"https:\/\/mob.md\/ro\/\"},{\"@type\":\"ListItem\",\"position\":2,\"name\":\"Catalog\",\"item\":\"https:\/\/mob.md\/ro\/shop-ro\/\"},{\"@type\":\"ListItem\",\"position\":3,\"name\":\"Saltea Top Waterflex CocosH=7cm\"}]},{\"@type\":\"WebSite\",\"@id\":\"https:\/\/mob.md\/ro\/#website\",\"url\":\"https:\/\/mob.md\/ro\/\",\"name\":\"Mob.MD\",\"description\":\"Mob.MD\",\"publisher\":{\"@id\":\"https:\/\/mob.md\/ro\/#organization\"},\"potentialAction\":[{\"@type\":\"SearchAction\",\"target\":{\"@type\":\"EntryPoint\",\"urlTemplate\":\"https:\/\/mob.md\/ro\/?s={search_term_string}\"},\"query-input\":\"required name=search_term_string\"}],\"inLanguage\":\"ro-RO\"},{\"@type\":\"Organization\",\"@id\":\"https:\/\/mob.md\/ro\/#organization\",\"name\":\"Mob.md\",\"url\":\"https:\/\/mob.md\/ro\/\",\"logo\":{\"@type\":\"ImageObject\",\"inLanguage\":\"ro-RO\",\"@id\":\"https:\/\/mob.md\/ro\/#\/schema\/logo\/image\/\",\"url\":\"https:\/\/mob.md\/wp-content\/uploads\/2021\/02\/logo-1.png\",\"contentUrl\":\"https:\/\/mob.md\/wp-content\/uploads\/2021\/02\/logo-1.png\",\"width\":324,\"height\":193,\"caption\":\"Mob.md\"},\"image\":{\"@id\":\"https:\/\/mob.md\/ro\/#\/schema\/logo\/image\/\"},\"sameAs\":[\"https:\/\/www.facebook.com\/Mob.md?locale=ru_RU\",\"https:\/\/www.instagram.com\/mob.md.moldova\/\"]}]}<\/script>\n<!-- \/ Yoast SEO plugin. -->","yoast_head_json":{"title":"\u041a\u0443\u043f\u0438\u0442\u044c Saltea Top Waterflex CocosH=7cm \u0432 \u041a\u0438\u0448\u0438\u043d\u0435\u0432\u0435 \u0441 \u0434\u043e\u0441\u0442\u0430\u0432\u043a\u043e\u0439 | Mob.MD","robots":{"index":"index","follow":"follow","max-snippet":"max-snippet:-1","max-image-preview":"max-image-preview:large","max-video-preview":"max-video-preview:-1"},"canonical":"https:\/\/mob.md\/ro\/shop-ro\/saltele-ortopedice\/saltele-pentru-o-persoana\/saltea-top-waterflex-h5cm-%d0%ba%d0%be%d0%bf%d0%b8%d1%80%d0%be%d0%b2%d0%b0%d1%82%d1%8c\/","og_locale":"ro_RO","og_type":"article","og_title":"\u041a\u0443\u043f\u0438\u0442\u044c Saltea Top Waterflex CocosH=7cm \u0432 \u041a\u0438\u0448\u0438\u043d\u0435\u0432\u0435 \u0441 \u0434\u043e\u0441\u0442\u0430\u0432\u043a\u043e\u0439 | Mob.MD","og_description":"Pute\u021bi cump\u0103ra o saltea in credit p\u00e2n\u0103 la 36 de luni sau \u00een rate la 0% p\u00e2n\u0103 la 6 luni. Transportul este gratuit \u00een toat\u0103 \u021bara. Top Waterflex este o saltea modern\u0103, ortopedic\u0103, cu dou\u0103 fe\u021be, f\u0103r\u0103 arcuri, cu doua duritati diferite- medie si dura, cu efect de \u201eIarn\u0103-Vara\u201d. Producator &#8211; Moldova. Baza este un [&hellip;]","og_url":"https:\/\/mob.md\/ro\/shop-ro\/saltele-ortopedice\/saltele-pentru-o-persoana\/saltea-top-waterflex-h5cm-%d0%ba%d0%be%d0%bf%d0%b8%d1%80%d0%be%d0%b2%d0%b0%d1%82%d1%8c\/","og_site_name":"Mob.MD","article_publisher":"https:\/\/www.facebook.com\/Mob.md?locale=ru_RU","article_modified_time":"2023-10-17T08:23:41+00:00","og_image":[{"width":300,"height":300,"url":"https:\/\/mob.md\/wp-content\/uploads\/2023\/07\/cocos.png","type":"image\/png"}],"twitter_card":"summary_large_image","twitter_misc":{"Timp estimat pentru citire":"1 minut"},"schema":{"@context":"https:\/\/schema.org","@graph":[{"@type":"WebPage","@id":"https:\/\/mob.md\/ro\/shop-ro\/saltele-ortopedice\/saltele-pentru-o-persoana\/saltea-top-waterflex-h5cm-%d0%ba%d0%be%d0%bf%d0%b8%d1%80%d0%be%d0%b2%d0%b0%d1%82%d1%8c\/","url":"https:\/\/mob.md\/ro\/shop-ro\/saltele-ortopedice\/saltele-pentru-o-persoana\/saltea-top-waterflex-h5cm-%d0%ba%d0%be%d0%bf%d0%b8%d1%80%d0%be%d0%b2%d0%b0%d1%82%d1%8c\/","name":"\u041a\u0443\u043f\u0438\u0442\u044c Saltea Top Waterflex CocosH=7cm \u0432 \u041a\u0438\u0448\u0438\u043d\u0435\u0432\u0435 \u0441 \u0434\u043e\u0441\u0442\u0430\u0432\u043a\u043e\u0439 | Mob.MD","isPartOf":{"@id":"https:\/\/mob.md\/ro\/#website"},"datePublished":"2023-07-31T14:20:25+00:00","dateModified":"2023-10-17T08:23:41+00:00","breadcrumb":{"@id":"https:\/\/mob.md\/ro\/shop-ro\/saltele-ortopedice\/saltele-pentru-o-persoana\/saltea-top-waterflex-h5cm-%d0%ba%d0%be%d0%bf%d0%b8%d1%80%d0%be%d0%b2%d0%b0%d1%82%d1%8c\/#breadcrumb"},"inLanguage":"ro-RO","potentialAction":[{"@type":"ReadAction","target":["https:\/\/mob.md\/ro\/shop-ro\/saltele-ortopedice\/saltele-pentru-o-persoana\/saltea-top-waterflex-h5cm-%d0%ba%d0%be%d0%bf%d0%b8%d1%80%d0%be%d0%b2%d0%b0%d1%82%d1%8c\/"]}]},{"@type":"BreadcrumbList","@id":"https:\/\/mob.md\/ro\/shop-ro\/saltele-ortopedice\/saltele-pentru-o-persoana\/saltea-top-waterflex-h5cm-%d0%ba%d0%be%d0%bf%d0%b8%d1%80%d0%be%d0%b2%d0%b0%d1%82%d1%8c\/#breadcrumb","itemListElement":[{"@type":"ListItem","position":1,"name":"\u0413\u043b\u0430\u0432\u043d\u0430\u044f \u0441\u0442\u0440\u0430\u043d\u0438\u0446\u0430","item":"https:\/\/mob.md\/ro\/"},{"@type":"ListItem","position":2,"name":"Catalog","item":"https:\/\/mob.md\/ro\/shop-ro\/"},{"@type":"ListItem","position":3,"name":"Saltea Top Waterflex CocosH=7cm"}]},{"@type":"WebSite","@id":"https:\/\/mob.md\/ro\/#website","url":"https:\/\/mob.md\/ro\/","name":"Mob.MD","description":"Mob.MD","publisher":{"@id":"https:\/\/mob.md\/ro\/#organization"},"potentialAction":[{"@type":"SearchAction","target":{"@type":"EntryPoint","urlTemplate":"https:\/\/mob.md\/ro\/?s={search_term_string}"},"query-input":"required name=search_term_string"}],"inLanguage":"ro-RO"},{"@type":"Organization","@id":"https:\/\/mob.md\/ro\/#organization","name":"Mob.md","url":"https:\/\/mob.md\/ro\/","logo":{"@type":"ImageObject","inLanguage":"ro-RO","@id":"https:\/\/mob.md\/ro\/#\/schema\/logo\/image\/","url":"https:\/\/mob.md\/wp-content\/uploads\/2021\/02\/logo-1.png","contentUrl":"https:\/\/mob.md\/wp-content\/uploads\/2021\/02\/logo-1.png","width":324,"height":193,"caption":"Mob.md"},"image":{"@id":"https:\/\/mob.md\/ro\/#\/schema\/logo\/image\/"},"sameAs":["https:\/\/www.facebook.com\/Mob.md?locale=ru_RU","https:\/\/www.instagram.com\/mob.md.moldova\/"]}]}},"_links":{"self":[{"href":"https:\/\/mob.md\/ro\/wp-json\/wp\/v2\/product\/37806"}],"collection":[{"href":"https:\/\/mob.md\/ro\/wp-json\/wp\/v2\/product"}],"about":[{"href":"https:\/\/mob.md\/ro\/wp-json\/wp\/v2\/types\/product"}],"replies":[{"embeddable":true,"href":"https:\/\/mob.md\/ro\/wp-json\/wp\/v2\/comments?post=37806"}],"wp:featuredmedia":[{"embeddable":true,"href":"https:\/\/mob.md\/ro\/wp-json\/wp\/v2\/media\/40378"}],"wp:attachment":[{"href":"https:\/\/mob.md\/ro\/wp-json\/wp\/v2\/media?parent=37806"}],"wp:term":[{"taxonomy":"product_cat","embeddable":true,"href":"https:\/\/mob.md\/ro\/wp-json\/wp\/v2\/product_cat?post=37806"},{"taxonomy":"product_tag","embeddable":true,"href":"https:\/\/mob.md\/ro\/wp-json\/wp\/v2\/product_tag?post=37806"}],"curies":[{"name":"wp","href":"https:\/\/api.w.org\/{rel}","templated":true}]}}