{"id":39232,"date":"2023-11-24T12:40:28","date_gmt":"2023-11-24T09:40:32","guid":{"rendered":"https:\/\/mob.md\/?post_type=product&#038;p=39232"},"modified":"2023-11-24T13:39:37","modified_gmt":"2023-11-24T10:39:37","slug":"masa-st109-%d0%ba%d0%be%d0%bf%d0%b8%d1%80%d0%be%d0%b2%d0%b0%d1%82%d1%8c","status":"publish","type":"product","link":"https:\/\/mob.md\/ro\/shop-ro\/mese-scaune\/mese-pentru-bucatarie\/masa-st109-%d0%ba%d0%be%d0%bf%d0%b8%d1%80%d0%be%d0%b2%d0%b0%d1%82%d1%8c\/","title":{"rendered":"Masa ST113"},"content":{"rendered":"<p>Pute\u021bi cump\u0103ra o mas\u0103 in credit p\u00e2n\u0103 la 36 de luni sau \u00een rate la 0% p\u00e2n\u0103 la 6 luni. Livrarea este gratuit\u0103 \u00een toat\u0103 \u021bara.<\/p>\r\n<p>Func\u021bionalitate \u00een buc\u0103t\u0103rie \u0219i sufragerie<br \/>\r\nEste imposibil s\u0103-\u021bi imaginezi o cas\u0103 f\u0103r\u0103 mas\u0103. Nu este doar o pies\u0103 de mobilier pe care se m\u0103n\u00e2nc\u0103 mesele de zi cu zi, ci \u0219i un loc \u00een care este centrat\u0103 via\u021ba de familie. \u00cen asortimentul nostru ve\u021bi g\u0103si mese func\u021bionale din pin, caracterizate prin durabilitate \u0219i estetic\u0103. O mas\u0103 din lemn este folosit\u0103 oriunde membrii familiei m\u0103n\u00e2nc\u0103 (buc\u0103t\u0103rie, sufragerie), beau cafea, primesc oaspe\u021bi sau lucreaz\u0103. Mesele sunt disponibile \u00een diferite dimensiuni \u0219i forme, permi\u021b\u00e2ndu-v\u0103 s\u0103 alege\u021bi un model care s\u0103 se potriveasc\u0103 oric\u0103rei cereri.<br \/>\r\nGama noastr\u0103 include modele de mese rotunde, elipse \u0219i populare p\u0103trate. Producem mese din lemn pentru sufragerie si bucatarii. Poti gasi si modele potrivite pentru living sau terasa.<\/p>\r\n<p>Pinul din care este fabricat suportul are, de asemenea, caracteristicile sale unice. Elibereaz\u0103 fitoncide, care elimin\u0103 microbii din cas\u0103. Phytoncides cur\u0103\u021b\u0103 atmosfera din camer\u0103 \u0219i previn dezvoltarea bolilor. Chiar \u0219i dup\u0103 prelucrare, mobilierul din pin \u00ee\u0219i p\u0103streaz\u0103 propriet\u0103\u021bile curative. Astfel, mobilierul din lemn din pin este nu doar un decor, ci \u0219i o garan\u021bie a bun\u0103st\u0103rii \u0219i a s\u0103n\u0103t\u0103\u021bii.<br \/>\r\nPinul con\u021bine o cantitate imens\u0103 de r\u0103\u0219ini, care, datorit\u0103 propriet\u0103\u021bilor lor, \u00eempiedic\u0103 dezvoltarea mucegaiului \u0219i a ciupercilor \u00een cas\u0103. Pinul este, de asemenea, capabil s\u0103 distrug\u0103 parazi\u021bii \u0219i s\u0103 opreasc\u0103 procesele de degradare.<\/p>","protected":false},"excerpt":{"rendered":"<p>Pute\u021bi cump\u0103ra o mas\u0103 in credit p\u00e2n\u0103 la 36 de luni sau \u00een rate la 0% p\u00e2n\u0103 la 6 luni. Livrarea este gratuit\u0103 \u00een toat\u0103 \u021bara. Func\u021bionalitate \u00een buc\u0103t\u0103rie \u0219i sufragerie Este imposibil s\u0103-\u021bi imaginezi o cas\u0103 f\u0103r\u0103 mas\u0103. Nu este doar o pies\u0103 de mobilier pe care se m\u0103n\u00e2nc\u0103 mesele de zi cu zi, [&hellip;]<\/p>\n","protected":false},"featured_media":39239,"comment_status":"closed","ping_status":"closed","template":"","meta":[],"product_cat":[3226,3294],"product_tag":[],"yoast_head":"<!-- This site is optimized with the Yoast SEO plugin v20.8 - https:\/\/yoast.com\/wordpress\/plugins\/seo\/ -->\n<title>\u041a\u0443\u043f\u0438\u0442\u044c Masa ST113 \u0432 \u041a\u0438\u0448\u0438\u043d\u0435\u0432\u0435 \u0441 \u0434\u043e\u0441\u0442\u0430\u0432\u043a\u043e\u0439 | Mob.MD<\/title>\n<meta name=\"robots\" content=\"index, follow, max-snippet:-1, max-image-preview:large, max-video-preview:-1\" \/>\n<link rel=\"canonical\" href=\"https:\/\/mob.md\/ro\/shop-ro\/mese-scaune\/mese-pentru-bucatarie\/masa-st109-%d0%ba%d0%be%d0%bf%d0%b8%d1%80%d0%be%d0%b2%d0%b0%d1%82%d1%8c\/\" \/>\n<meta property=\"og:locale\" content=\"ro_RO\" \/>\n<meta property=\"og:type\" content=\"article\" \/>\n<meta property=\"og:title\" content=\"\u041a\u0443\u043f\u0438\u0442\u044c Masa ST113 \u0432 \u041a\u0438\u0448\u0438\u043d\u0435\u0432\u0435 \u0441 \u0434\u043e\u0441\u0442\u0430\u0432\u043a\u043e\u0439 | Mob.MD\" \/>\n<meta property=\"og:description\" content=\"Pute\u021bi cump\u0103ra o mas\u0103 in credit p\u00e2n\u0103 la 36 de luni sau \u00een rate la 0% p\u00e2n\u0103 la 6 luni. Livrarea este gratuit\u0103 \u00een toat\u0103 \u021bara. Func\u021bionalitate \u00een buc\u0103t\u0103rie \u0219i sufragerie Este imposibil s\u0103-\u021bi imaginezi o cas\u0103 f\u0103r\u0103 mas\u0103. Nu este doar o pies\u0103 de mobilier pe care se m\u0103n\u00e2nc\u0103 mesele de zi cu zi, [&hellip;]\" \/>\n<meta property=\"og:url\" content=\"https:\/\/mob.md\/ro\/shop-ro\/mese-scaune\/mese-pentru-bucatarie\/masa-st109-%d0%ba%d0%be%d0%bf%d0%b8%d1%80%d0%be%d0%b2%d0%b0%d1%82%d1%8c\/\" \/>\n<meta property=\"og:site_name\" content=\"Mob.MD\" \/>\n<meta property=\"article:publisher\" content=\"https:\/\/www.facebook.com\/Mob.md?locale=ru_RU\" \/>\n<meta property=\"article:modified_time\" content=\"2023-11-24T10:39:37+00:00\" \/>\n<meta property=\"og:image\" content=\"https:\/\/mob.md\/wp-content\/uploads\/2023\/11\/114st.png\" \/>\n\t<meta property=\"og:image:width\" content=\"600\" \/>\n\t<meta property=\"og:image:height\" content=\"600\" \/>\n\t<meta property=\"og:image:type\" content=\"image\/png\" \/>\n<meta name=\"twitter:card\" content=\"summary_large_image\" \/>\n<meta name=\"twitter:label1\" content=\"Timp estimat pentru citire\" \/>\n\t<meta name=\"twitter:data1\" content=\"2 minute\" \/>\n<script type=\"application\/ld+json\" class=\"yoast-schema-graph\">{\"@context\":\"https:\/\/schema.org\",\"@graph\":[{\"@type\":\"WebPage\",\"@id\":\"https:\/\/mob.md\/ro\/shop-ro\/mese-scaune\/mese-pentru-bucatarie\/masa-st109-%d0%ba%d0%be%d0%bf%d0%b8%d1%80%d0%be%d0%b2%d0%b0%d1%82%d1%8c\/\",\"url\":\"https:\/\/mob.md\/ro\/shop-ro\/mese-scaune\/mese-pentru-bucatarie\/masa-st109-%d0%ba%d0%be%d0%bf%d0%b8%d1%80%d0%be%d0%b2%d0%b0%d1%82%d1%8c\/\",\"name\":\"\u041a\u0443\u043f\u0438\u0442\u044c Masa ST113 \u0432 \u041a\u0438\u0448\u0438\u043d\u0435\u0432\u0435 \u0441 \u0434\u043e\u0441\u0442\u0430\u0432\u043a\u043e\u0439 | Mob.MD\",\"isPartOf\":{\"@id\":\"https:\/\/mob.md\/ro\/#website\"},\"datePublished\":\"2023-11-24T09:40:32+00:00\",\"dateModified\":\"2023-11-24T10:39:37+00:00\",\"breadcrumb\":{\"@id\":\"https:\/\/mob.md\/ro\/shop-ro\/mese-scaune\/mese-pentru-bucatarie\/masa-st109-%d0%ba%d0%be%d0%bf%d0%b8%d1%80%d0%be%d0%b2%d0%b0%d1%82%d1%8c\/#breadcrumb\"},\"inLanguage\":\"ro-RO\",\"potentialAction\":[{\"@type\":\"ReadAction\",\"target\":[\"https:\/\/mob.md\/ro\/shop-ro\/mese-scaune\/mese-pentru-bucatarie\/masa-st109-%d0%ba%d0%be%d0%bf%d0%b8%d1%80%d0%be%d0%b2%d0%b0%d1%82%d1%8c\/\"]}]},{\"@type\":\"BreadcrumbList\",\"@id\":\"https:\/\/mob.md\/ro\/shop-ro\/mese-scaune\/mese-pentru-bucatarie\/masa-st109-%d0%ba%d0%be%d0%bf%d0%b8%d1%80%d0%be%d0%b2%d0%b0%d1%82%d1%8c\/#breadcrumb\",\"itemListElement\":[{\"@type\":\"ListItem\",\"position\":1,\"name\":\"\u0413\u043b\u0430\u0432\u043d\u0430\u044f \u0441\u0442\u0440\u0430\u043d\u0438\u0446\u0430\",\"item\":\"https:\/\/mob.md\/ro\/\"},{\"@type\":\"ListItem\",\"position\":2,\"name\":\"Catalog\",\"item\":\"https:\/\/mob.md\/ro\/shop-ro\/\"},{\"@type\":\"ListItem\",\"position\":3,\"name\":\"Masa ST113\"}]},{\"@type\":\"WebSite\",\"@id\":\"https:\/\/mob.md\/ro\/#website\",\"url\":\"https:\/\/mob.md\/ro\/\",\"name\":\"Mob.MD\",\"description\":\"Mob.MD\",\"publisher\":{\"@id\":\"https:\/\/mob.md\/ro\/#organization\"},\"potentialAction\":[{\"@type\":\"SearchAction\",\"target\":{\"@type\":\"EntryPoint\",\"urlTemplate\":\"https:\/\/mob.md\/ro\/?s={search_term_string}\"},\"query-input\":\"required name=search_term_string\"}],\"inLanguage\":\"ro-RO\"},{\"@type\":\"Organization\",\"@id\":\"https:\/\/mob.md\/ro\/#organization\",\"name\":\"Mob.md\",\"url\":\"https:\/\/mob.md\/ro\/\",\"logo\":{\"@type\":\"ImageObject\",\"inLanguage\":\"ro-RO\",\"@id\":\"https:\/\/mob.md\/ro\/#\/schema\/logo\/image\/\",\"url\":\"https:\/\/mob.md\/wp-content\/uploads\/2021\/02\/logo-1.png\",\"contentUrl\":\"https:\/\/mob.md\/wp-content\/uploads\/2021\/02\/logo-1.png\",\"width\":324,\"height\":193,\"caption\":\"Mob.md\"},\"image\":{\"@id\":\"https:\/\/mob.md\/ro\/#\/schema\/logo\/image\/\"},\"sameAs\":[\"https:\/\/www.facebook.com\/Mob.md?locale=ru_RU\",\"https:\/\/www.instagram.com\/mob.md.moldova\/\"]}]}<\/script>\n<!-- \/ Yoast SEO plugin. -->","yoast_head_json":{"title":"\u041a\u0443\u043f\u0438\u0442\u044c Masa ST113 \u0432 \u041a\u0438\u0448\u0438\u043d\u0435\u0432\u0435 \u0441 \u0434\u043e\u0441\u0442\u0430\u0432\u043a\u043e\u0439 | Mob.MD","robots":{"index":"index","follow":"follow","max-snippet":"max-snippet:-1","max-image-preview":"max-image-preview:large","max-video-preview":"max-video-preview:-1"},"canonical":"https:\/\/mob.md\/ro\/shop-ro\/mese-scaune\/mese-pentru-bucatarie\/masa-st109-%d0%ba%d0%be%d0%bf%d0%b8%d1%80%d0%be%d0%b2%d0%b0%d1%82%d1%8c\/","og_locale":"ro_RO","og_type":"article","og_title":"\u041a\u0443\u043f\u0438\u0442\u044c Masa ST113 \u0432 \u041a\u0438\u0448\u0438\u043d\u0435\u0432\u0435 \u0441 \u0434\u043e\u0441\u0442\u0430\u0432\u043a\u043e\u0439 | Mob.MD","og_description":"Pute\u021bi cump\u0103ra o mas\u0103 in credit p\u00e2n\u0103 la 36 de luni sau \u00een rate la 0% p\u00e2n\u0103 la 6 luni. Livrarea este gratuit\u0103 \u00een toat\u0103 \u021bara. Func\u021bionalitate \u00een buc\u0103t\u0103rie \u0219i sufragerie Este imposibil s\u0103-\u021bi imaginezi o cas\u0103 f\u0103r\u0103 mas\u0103. Nu este doar o pies\u0103 de mobilier pe care se m\u0103n\u00e2nc\u0103 mesele de zi cu zi, [&hellip;]","og_url":"https:\/\/mob.md\/ro\/shop-ro\/mese-scaune\/mese-pentru-bucatarie\/masa-st109-%d0%ba%d0%be%d0%bf%d0%b8%d1%80%d0%be%d0%b2%d0%b0%d1%82%d1%8c\/","og_site_name":"Mob.MD","article_publisher":"https:\/\/www.facebook.com\/Mob.md?locale=ru_RU","article_modified_time":"2023-11-24T10:39:37+00:00","og_image":[{"width":600,"height":600,"url":"https:\/\/mob.md\/wp-content\/uploads\/2023\/11\/114st.png","type":"image\/png"}],"twitter_card":"summary_large_image","twitter_misc":{"Timp estimat pentru citire":"2 minute"},"schema":{"@context":"https:\/\/schema.org","@graph":[{"@type":"WebPage","@id":"https:\/\/mob.md\/ro\/shop-ro\/mese-scaune\/mese-pentru-bucatarie\/masa-st109-%d0%ba%d0%be%d0%bf%d0%b8%d1%80%d0%be%d0%b2%d0%b0%d1%82%d1%8c\/","url":"https:\/\/mob.md\/ro\/shop-ro\/mese-scaune\/mese-pentru-bucatarie\/masa-st109-%d0%ba%d0%be%d0%bf%d0%b8%d1%80%d0%be%d0%b2%d0%b0%d1%82%d1%8c\/","name":"\u041a\u0443\u043f\u0438\u0442\u044c Masa ST113 \u0432 \u041a\u0438\u0448\u0438\u043d\u0435\u0432\u0435 \u0441 \u0434\u043e\u0441\u0442\u0430\u0432\u043a\u043e\u0439 | Mob.MD","isPartOf":{"@id":"https:\/\/mob.md\/ro\/#website"},"datePublished":"2023-11-24T09:40:32+00:00","dateModified":"2023-11-24T10:39:37+00:00","breadcrumb":{"@id":"https:\/\/mob.md\/ro\/shop-ro\/mese-scaune\/mese-pentru-bucatarie\/masa-st109-%d0%ba%d0%be%d0%bf%d0%b8%d1%80%d0%be%d0%b2%d0%b0%d1%82%d1%8c\/#breadcrumb"},"inLanguage":"ro-RO","potentialAction":[{"@type":"ReadAction","target":["https:\/\/mob.md\/ro\/shop-ro\/mese-scaune\/mese-pentru-bucatarie\/masa-st109-%d0%ba%d0%be%d0%bf%d0%b8%d1%80%d0%be%d0%b2%d0%b0%d1%82%d1%8c\/"]}]},{"@type":"BreadcrumbList","@id":"https:\/\/mob.md\/ro\/shop-ro\/mese-scaune\/mese-pentru-bucatarie\/masa-st109-%d0%ba%d0%be%d0%bf%d0%b8%d1%80%d0%be%d0%b2%d0%b0%d1%82%d1%8c\/#breadcrumb","itemListElement":[{"@type":"ListItem","position":1,"name":"\u0413\u043b\u0430\u0432\u043d\u0430\u044f \u0441\u0442\u0440\u0430\u043d\u0438\u0446\u0430","item":"https:\/\/mob.md\/ro\/"},{"@type":"ListItem","position":2,"name":"Catalog","item":"https:\/\/mob.md\/ro\/shop-ro\/"},{"@type":"ListItem","position":3,"name":"Masa ST113"}]},{"@type":"WebSite","@id":"https:\/\/mob.md\/ro\/#website","url":"https:\/\/mob.md\/ro\/","name":"Mob.MD","description":"Mob.MD","publisher":{"@id":"https:\/\/mob.md\/ro\/#organization"},"potentialAction":[{"@type":"SearchAction","target":{"@type":"EntryPoint","urlTemplate":"https:\/\/mob.md\/ro\/?s={search_term_string}"},"query-input":"required name=search_term_string"}],"inLanguage":"ro-RO"},{"@type":"Organization","@id":"https:\/\/mob.md\/ro\/#organization","name":"Mob.md","url":"https:\/\/mob.md\/ro\/","logo":{"@type":"ImageObject","inLanguage":"ro-RO","@id":"https:\/\/mob.md\/ro\/#\/schema\/logo\/image\/","url":"https:\/\/mob.md\/wp-content\/uploads\/2021\/02\/logo-1.png","contentUrl":"https:\/\/mob.md\/wp-content\/uploads\/2021\/02\/logo-1.png","width":324,"height":193,"caption":"Mob.md"},"image":{"@id":"https:\/\/mob.md\/ro\/#\/schema\/logo\/image\/"},"sameAs":["https:\/\/www.facebook.com\/Mob.md?locale=ru_RU","https:\/\/www.instagram.com\/mob.md.moldova\/"]}]}},"_links":{"self":[{"href":"https:\/\/mob.md\/ro\/wp-json\/wp\/v2\/product\/39232"}],"collection":[{"href":"https:\/\/mob.md\/ro\/wp-json\/wp\/v2\/product"}],"about":[{"href":"https:\/\/mob.md\/ro\/wp-json\/wp\/v2\/types\/product"}],"replies":[{"embeddable":true,"href":"https:\/\/mob.md\/ro\/wp-json\/wp\/v2\/comments?post=39232"}],"wp:featuredmedia":[{"embeddable":true,"href":"https:\/\/mob.md\/ro\/wp-json\/wp\/v2\/media\/39239"}],"wp:attachment":[{"href":"https:\/\/mob.md\/ro\/wp-json\/wp\/v2\/media?parent=39232"}],"wp:term":[{"taxonomy":"product_cat","embeddable":true,"href":"https:\/\/mob.md\/ro\/wp-json\/wp\/v2\/product_cat?post=39232"},{"taxonomy":"product_tag","embeddable":true,"href":"https:\/\/mob.md\/ro\/wp-json\/wp\/v2\/product_tag?post=39232"}],"curies":[{"name":"wp","href":"https:\/\/api.w.org\/{rel}","templated":true}]}}