{"id":39441,"date":"2023-11-15T17:31:56","date_gmt":"2023-11-29T13:39:32","guid":{"rendered":"https:\/\/mob.md\/?post_type=product&#038;p=39441"},"modified":"2023-11-29T16:39:56","modified_gmt":"2023-11-29T13:39:56","slug":"scaun-kt110","status":"publish","type":"product","link":"https:\/\/mob.md\/ro\/shop-ro\/mese-scaune\/scaune\/scaun-kt110\/","title":{"rendered":"Scaun KT110"},"content":{"rendered":"<p>Pute\u021bi cump\u0103ra un scaun din lemn pe credit timp de 36 de luni sau \u00een rate p\u00e2n\u0103 la 6 luni. Livrarea este gratuit\u0103 \u00een toat\u0103 \u021bara.<\/p>\r\n<p>Toate mobilierul din lemn natural se distinge prin calitate, caracter practic \u0219i durabilitate. Unul dintre cele mai tradi\u021bionale produse din lemn este un scaun cunoscut de fiecare genera\u021bie. Acesta este un atribut integral \u0219i de ne\u00eenlocuit \u00een orice cas\u0103.<\/p>\r\n<p>Pinul din care este realizat scaunul este unul dintre cele mai populare tipuri de lemn folosite pentru mobilier. Scaunele de pin prezentate \u00een magazinul nostru nu sunt doar foarte pl\u0103cute din punct de vedere estetic, ci \u0219i durabile, iar textura unic\u0103 a lemnului de pin \u0219i culoarea sa cald\u0103 vor crea o atmosfer\u0103 confortabil\u0103 \u0219i un farmec aparte.<\/p>","protected":false},"excerpt":{"rendered":"<p>Pute\u021bi cump\u0103ra un scaun din lemn pe credit timp de 36 de luni sau \u00een rate p\u00e2n\u0103 la 6 luni. Livrarea este gratuit\u0103 \u00een toat\u0103 \u021bara. Toate mobilierul din lemn natural se distinge prin calitate, caracter practic \u0219i durabilitate. Unul dintre cele mai tradi\u021bionale produse din lemn este un scaun cunoscut de fiecare genera\u021bie. Acesta [&hellip;]<\/p>\n","protected":false},"featured_media":39442,"comment_status":"closed","ping_status":"closed","template":"","meta":[],"product_cat":[3294,3263],"product_tag":[],"yoast_head":"<!-- This site is optimized with the Yoast SEO plugin v20.8 - https:\/\/yoast.com\/wordpress\/plugins\/seo\/ -->\n<title>\u041a\u0443\u043f\u0438\u0442\u044c Scaun KT110 \u0432 \u041a\u0438\u0448\u0438\u043d\u0435\u0432\u0435 \u0441 \u0434\u043e\u0441\u0442\u0430\u0432\u043a\u043e\u0439 | Mob.MD<\/title>\n<meta name=\"robots\" content=\"index, follow, max-snippet:-1, max-image-preview:large, max-video-preview:-1\" \/>\n<link rel=\"canonical\" href=\"https:\/\/mob.md\/ro\/shop-ro\/mese-scaune\/scaune\/scaun-kt110\/\" \/>\n<meta property=\"og:locale\" content=\"ro_RO\" \/>\n<meta property=\"og:type\" content=\"article\" \/>\n<meta property=\"og:title\" content=\"\u041a\u0443\u043f\u0438\u0442\u044c Scaun KT110 \u0432 \u041a\u0438\u0448\u0438\u043d\u0435\u0432\u0435 \u0441 \u0434\u043e\u0441\u0442\u0430\u0432\u043a\u043e\u0439 | Mob.MD\" \/>\n<meta property=\"og:description\" content=\"Pute\u021bi cump\u0103ra un scaun din lemn pe credit timp de 36 de luni sau \u00een rate p\u00e2n\u0103 la 6 luni. Livrarea este gratuit\u0103 \u00een toat\u0103 \u021bara. Toate mobilierul din lemn natural se distinge prin calitate, caracter practic \u0219i durabilitate. Unul dintre cele mai tradi\u021bionale produse din lemn este un scaun cunoscut de fiecare genera\u021bie. Acesta [&hellip;]\" \/>\n<meta property=\"og:url\" content=\"https:\/\/mob.md\/ro\/shop-ro\/mese-scaune\/scaune\/scaun-kt110\/\" \/>\n<meta property=\"og:site_name\" content=\"Mob.MD\" \/>\n<meta property=\"article:publisher\" content=\"https:\/\/www.facebook.com\/Mob.md?locale=ru_RU\" \/>\n<meta property=\"article:modified_time\" content=\"2023-11-29T13:39:56+00:00\" \/>\n<meta property=\"og:image\" content=\"https:\/\/mob.md\/wp-content\/uploads\/2023\/11\/110kt.png\" \/>\n\t<meta property=\"og:image:width\" content=\"600\" \/>\n\t<meta property=\"og:image:height\" content=\"600\" \/>\n\t<meta property=\"og:image:type\" content=\"image\/png\" \/>\n<meta name=\"twitter:card\" content=\"summary_large_image\" \/>\n<meta name=\"twitter:label1\" content=\"Timp estimat pentru citire\" \/>\n\t<meta name=\"twitter:data1\" content=\"1 minut\" \/>\n<script type=\"application\/ld+json\" class=\"yoast-schema-graph\">{\"@context\":\"https:\/\/schema.org\",\"@graph\":[{\"@type\":\"WebPage\",\"@id\":\"https:\/\/mob.md\/ro\/shop-ro\/mese-scaune\/scaune\/scaun-kt110\/\",\"url\":\"https:\/\/mob.md\/ro\/shop-ro\/mese-scaune\/scaune\/scaun-kt110\/\",\"name\":\"\u041a\u0443\u043f\u0438\u0442\u044c Scaun KT110 \u0432 \u041a\u0438\u0448\u0438\u043d\u0435\u0432\u0435 \u0441 \u0434\u043e\u0441\u0442\u0430\u0432\u043a\u043e\u0439 | Mob.MD\",\"isPartOf\":{\"@id\":\"https:\/\/mob.md\/ro\/#website\"},\"datePublished\":\"2023-11-29T13:39:32+00:00\",\"dateModified\":\"2023-11-29T13:39:56+00:00\",\"breadcrumb\":{\"@id\":\"https:\/\/mob.md\/ro\/shop-ro\/mese-scaune\/scaune\/scaun-kt110\/#breadcrumb\"},\"inLanguage\":\"ro-RO\",\"potentialAction\":[{\"@type\":\"ReadAction\",\"target\":[\"https:\/\/mob.md\/ro\/shop-ro\/mese-scaune\/scaune\/scaun-kt110\/\"]}]},{\"@type\":\"BreadcrumbList\",\"@id\":\"https:\/\/mob.md\/ro\/shop-ro\/mese-scaune\/scaune\/scaun-kt110\/#breadcrumb\",\"itemListElement\":[{\"@type\":\"ListItem\",\"position\":1,\"name\":\"\u0413\u043b\u0430\u0432\u043d\u0430\u044f \u0441\u0442\u0440\u0430\u043d\u0438\u0446\u0430\",\"item\":\"https:\/\/mob.md\/ro\/\"},{\"@type\":\"ListItem\",\"position\":2,\"name\":\"Catalog\",\"item\":\"https:\/\/mob.md\/ro\/shop-ro\/\"},{\"@type\":\"ListItem\",\"position\":3,\"name\":\"Scaun KT110\"}]},{\"@type\":\"WebSite\",\"@id\":\"https:\/\/mob.md\/ro\/#website\",\"url\":\"https:\/\/mob.md\/ro\/\",\"name\":\"Mob.MD\",\"description\":\"Mob.MD\",\"publisher\":{\"@id\":\"https:\/\/mob.md\/ro\/#organization\"},\"potentialAction\":[{\"@type\":\"SearchAction\",\"target\":{\"@type\":\"EntryPoint\",\"urlTemplate\":\"https:\/\/mob.md\/ro\/?s={search_term_string}\"},\"query-input\":\"required name=search_term_string\"}],\"inLanguage\":\"ro-RO\"},{\"@type\":\"Organization\",\"@id\":\"https:\/\/mob.md\/ro\/#organization\",\"name\":\"Mob.md\",\"url\":\"https:\/\/mob.md\/ro\/\",\"logo\":{\"@type\":\"ImageObject\",\"inLanguage\":\"ro-RO\",\"@id\":\"https:\/\/mob.md\/ro\/#\/schema\/logo\/image\/\",\"url\":\"https:\/\/mob.md\/wp-content\/uploads\/2021\/02\/logo-1.png\",\"contentUrl\":\"https:\/\/mob.md\/wp-content\/uploads\/2021\/02\/logo-1.png\",\"width\":324,\"height\":193,\"caption\":\"Mob.md\"},\"image\":{\"@id\":\"https:\/\/mob.md\/ro\/#\/schema\/logo\/image\/\"},\"sameAs\":[\"https:\/\/www.facebook.com\/Mob.md?locale=ru_RU\",\"https:\/\/www.instagram.com\/mob.md.moldova\/\"]}]}<\/script>\n<!-- \/ Yoast SEO plugin. -->","yoast_head_json":{"title":"\u041a\u0443\u043f\u0438\u0442\u044c Scaun KT110 \u0432 \u041a\u0438\u0448\u0438\u043d\u0435\u0432\u0435 \u0441 \u0434\u043e\u0441\u0442\u0430\u0432\u043a\u043e\u0439 | Mob.MD","robots":{"index":"index","follow":"follow","max-snippet":"max-snippet:-1","max-image-preview":"max-image-preview:large","max-video-preview":"max-video-preview:-1"},"canonical":"https:\/\/mob.md\/ro\/shop-ro\/mese-scaune\/scaune\/scaun-kt110\/","og_locale":"ro_RO","og_type":"article","og_title":"\u041a\u0443\u043f\u0438\u0442\u044c Scaun KT110 \u0432 \u041a\u0438\u0448\u0438\u043d\u0435\u0432\u0435 \u0441 \u0434\u043e\u0441\u0442\u0430\u0432\u043a\u043e\u0439 | Mob.MD","og_description":"Pute\u021bi cump\u0103ra un scaun din lemn pe credit timp de 36 de luni sau \u00een rate p\u00e2n\u0103 la 6 luni. Livrarea este gratuit\u0103 \u00een toat\u0103 \u021bara. Toate mobilierul din lemn natural se distinge prin calitate, caracter practic \u0219i durabilitate. Unul dintre cele mai tradi\u021bionale produse din lemn este un scaun cunoscut de fiecare genera\u021bie. Acesta [&hellip;]","og_url":"https:\/\/mob.md\/ro\/shop-ro\/mese-scaune\/scaune\/scaun-kt110\/","og_site_name":"Mob.MD","article_publisher":"https:\/\/www.facebook.com\/Mob.md?locale=ru_RU","article_modified_time":"2023-11-29T13:39:56+00:00","og_image":[{"width":600,"height":600,"url":"https:\/\/mob.md\/wp-content\/uploads\/2023\/11\/110kt.png","type":"image\/png"}],"twitter_card":"summary_large_image","twitter_misc":{"Timp estimat pentru citire":"1 minut"},"schema":{"@context":"https:\/\/schema.org","@graph":[{"@type":"WebPage","@id":"https:\/\/mob.md\/ro\/shop-ro\/mese-scaune\/scaune\/scaun-kt110\/","url":"https:\/\/mob.md\/ro\/shop-ro\/mese-scaune\/scaune\/scaun-kt110\/","name":"\u041a\u0443\u043f\u0438\u0442\u044c Scaun KT110 \u0432 \u041a\u0438\u0448\u0438\u043d\u0435\u0432\u0435 \u0441 \u0434\u043e\u0441\u0442\u0430\u0432\u043a\u043e\u0439 | Mob.MD","isPartOf":{"@id":"https:\/\/mob.md\/ro\/#website"},"datePublished":"2023-11-29T13:39:32+00:00","dateModified":"2023-11-29T13:39:56+00:00","breadcrumb":{"@id":"https:\/\/mob.md\/ro\/shop-ro\/mese-scaune\/scaune\/scaun-kt110\/#breadcrumb"},"inLanguage":"ro-RO","potentialAction":[{"@type":"ReadAction","target":["https:\/\/mob.md\/ro\/shop-ro\/mese-scaune\/scaune\/scaun-kt110\/"]}]},{"@type":"BreadcrumbList","@id":"https:\/\/mob.md\/ro\/shop-ro\/mese-scaune\/scaune\/scaun-kt110\/#breadcrumb","itemListElement":[{"@type":"ListItem","position":1,"name":"\u0413\u043b\u0430\u0432\u043d\u0430\u044f \u0441\u0442\u0440\u0430\u043d\u0438\u0446\u0430","item":"https:\/\/mob.md\/ro\/"},{"@type":"ListItem","position":2,"name":"Catalog","item":"https:\/\/mob.md\/ro\/shop-ro\/"},{"@type":"ListItem","position":3,"name":"Scaun KT110"}]},{"@type":"WebSite","@id":"https:\/\/mob.md\/ro\/#website","url":"https:\/\/mob.md\/ro\/","name":"Mob.MD","description":"Mob.MD","publisher":{"@id":"https:\/\/mob.md\/ro\/#organization"},"potentialAction":[{"@type":"SearchAction","target":{"@type":"EntryPoint","urlTemplate":"https:\/\/mob.md\/ro\/?s={search_term_string}"},"query-input":"required name=search_term_string"}],"inLanguage":"ro-RO"},{"@type":"Organization","@id":"https:\/\/mob.md\/ro\/#organization","name":"Mob.md","url":"https:\/\/mob.md\/ro\/","logo":{"@type":"ImageObject","inLanguage":"ro-RO","@id":"https:\/\/mob.md\/ro\/#\/schema\/logo\/image\/","url":"https:\/\/mob.md\/wp-content\/uploads\/2021\/02\/logo-1.png","contentUrl":"https:\/\/mob.md\/wp-content\/uploads\/2021\/02\/logo-1.png","width":324,"height":193,"caption":"Mob.md"},"image":{"@id":"https:\/\/mob.md\/ro\/#\/schema\/logo\/image\/"},"sameAs":["https:\/\/www.facebook.com\/Mob.md?locale=ru_RU","https:\/\/www.instagram.com\/mob.md.moldova\/"]}]}},"_links":{"self":[{"href":"https:\/\/mob.md\/ro\/wp-json\/wp\/v2\/product\/39441"}],"collection":[{"href":"https:\/\/mob.md\/ro\/wp-json\/wp\/v2\/product"}],"about":[{"href":"https:\/\/mob.md\/ro\/wp-json\/wp\/v2\/types\/product"}],"replies":[{"embeddable":true,"href":"https:\/\/mob.md\/ro\/wp-json\/wp\/v2\/comments?post=39441"}],"wp:featuredmedia":[{"embeddable":true,"href":"https:\/\/mob.md\/ro\/wp-json\/wp\/v2\/media\/39442"}],"wp:attachment":[{"href":"https:\/\/mob.md\/ro\/wp-json\/wp\/v2\/media?parent=39441"}],"wp:term":[{"taxonomy":"product_cat","embeddable":true,"href":"https:\/\/mob.md\/ro\/wp-json\/wp\/v2\/product_cat?post=39441"},{"taxonomy":"product_tag","embeddable":true,"href":"https:\/\/mob.md\/ro\/wp-json\/wp\/v2\/product_tag?post=39441"}],"curies":[{"name":"wp","href":"https:\/\/api.w.org\/{rel}","templated":true}]}}