{"id":40845,"date":"2024-10-30T16:53:50","date_gmt":"2024-10-30T13:53:50","guid":{"rendered":"https:\/\/mob.md\/shop\/fara-categorie\/set-lazi-pentru-albituri\/"},"modified":"2025-03-19T16:26:34","modified_gmt":"2025-03-19T13:26:34","slug":"set-lazi-pentru-albituri","status":"publish","type":"product","link":"https:\/\/mob.md\/ro\/shop-ro\/lazi-pentru-albituri\/lazi-p-u-albituri\/set-lazi-pentru-albituri\/","title":{"rendered":"Set (2 buc.) lad\u0103 pentru albituri"},"content":{"rendered":"<p>Pute\u0163i procura \u00een credit, sertar pentru lenjerie, p\u00e2n\u0103 la 36 luni sau \u00een rate cu 0% dob\u00e2nd\u0103 \u00een decurs de 6 luni. Livrare gratuit\u0103 \u00een toat\u0103 \u0163ara.<\/p>\r\n<p>Sertar din lemn pentru lenjerie \u2013 este un accesoriu util pentru amenajarea spa\u021biului sub pat, ceea ce v\u0103 permite s\u0103 ob\u021bine\u021bi spa\u021biu suplimentar pentru lucruri utile. De\u0219i, sertarele din lemn sunt utilizate mai mult pentru p\u0103strarea a\u0219ternuturilor, de fapt, au multe alte utiliz\u0103ri, inclusiv, depozitarea diverselor lucruri micu\u021be.<\/p>\r\n<p>Datorit\u0103 ro\u021bilor instalate, acestea pot fi mutate f\u0103r\u0103 a deteriora podeaua. Sertarul pentru\u00a0 paturile copiilor sau pentru un pat de dimensiuni mari, se potrive\u0219te pentru camerele mici, unde fiecare centimetru de spa\u021biu este important, dar, func\u021bioneaz\u0103 destul de bine \u0219i \u00een cele mari. Devine u\u0219or s\u0103 aranja\u021bi patul \u0219i s\u0103 men\u021bine\u021bi aspectul \u00eengrijit al camerei. \u00cen camera copiilor m\u0103ricei, sertarul pentru pat este locul ideal pentru depozitarea juc\u0103riilor, echipamentului sportiv \u0219i alte articole folosite \u00een timpul jocurilor.<\/p>\r\n<p>Pinul din care este confec\u0163ionat sertarul pentru lenjerie are propriet\u0103\u0163i unice. Acesta elimin\u0103 substan\u0163e volatile, care lichideaz\u0103 to\u0163i mocrobii din locuin\u0163\u0103. Substan\u0163ele volatile cur\u0103\u0163\u0103 atmosfera din camer\u0103 \u015fi previne apari\u0163ia bolilor. Chiar \u015fi dup\u0103 prelucrarea mobilei din pin ea \u00ee\u015fi p\u0103streaz\u0103 propriet\u0103\u0163ile medicinale. Astfel c\u0103 mobila din pin este nu doar un element decorativ al casei dvs. dar \u015fi o garan\u0163ie a s\u0103n\u0103t\u0103\u0163ii.<\/p>\r\n<p>\u00cen pin persist\u0103 o cantitate imens\u0103 de r\u0103\u015fini, care sub influen\u0163a calit\u0103\u0163ilor sale puternice, previne apari\u0163ia mucegaiului \u015fi ciupercilor. Pinul, la fel, \u00eenl\u0103tur\u0103 parazi\u0163ii \u015fi stagneaz\u0103 procesul de putrefac\u0163ie.<\/p>","protected":false},"excerpt":{"rendered":"<p>Pute\u0163i procura \u00een credit, sertar pentru lenjerie, p\u00e2n\u0103 la 36 luni sau \u00een rate cu 0% dob\u00e2nd\u0103 \u00een decurs de 6 luni. Livrare gratuit\u0103 \u00een toat\u0103 \u0163ara. Sertar din lemn pentru lenjerie \u2013 este un accesoriu util pentru amenajarea spa\u021biului sub pat, ceea ce v\u0103 permite s\u0103 ob\u021bine\u021bi spa\u021biu suplimentar pentru lucruri utile. De\u0219i, sertarele [&hellip;]<\/p>\n","protected":false},"featured_media":40806,"comment_status":"open","ping_status":"closed","template":"","meta":[],"product_cat":[3568],"product_tag":[],"yoast_head":"<!-- This site is optimized with the Yoast SEO plugin v20.8 - https:\/\/yoast.com\/wordpress\/plugins\/seo\/ -->\n<title>\u041a\u0443\u043f\u0438\u0442\u044c Set (2 buc.) lad\u0103 pentru albituri \u0432 \u041a\u0438\u0448\u0438\u043d\u0435\u0432\u0435 \u0441 \u0434\u043e\u0441\u0442\u0430\u0432\u043a\u043e\u0439 | Mob.MD<\/title>\n<meta name=\"robots\" content=\"index, follow, max-snippet:-1, max-image-preview:large, max-video-preview:-1\" \/>\n<link rel=\"canonical\" href=\"https:\/\/mob.md\/ro\/shop-ro\/lazi-pentru-albituri\/lazi-p-u-albituri\/set-lazi-pentru-albituri\/\" \/>\n<meta property=\"og:locale\" content=\"ro_RO\" \/>\n<meta property=\"og:type\" content=\"article\" \/>\n<meta property=\"og:title\" content=\"\u041a\u0443\u043f\u0438\u0442\u044c Set (2 buc.) lad\u0103 pentru albituri \u0432 \u041a\u0438\u0448\u0438\u043d\u0435\u0432\u0435 \u0441 \u0434\u043e\u0441\u0442\u0430\u0432\u043a\u043e\u0439 | Mob.MD\" \/>\n<meta property=\"og:description\" content=\"Pute\u0163i procura \u00een credit, sertar pentru lenjerie, p\u00e2n\u0103 la 36 luni sau \u00een rate cu 0% dob\u00e2nd\u0103 \u00een decurs de 6 luni. Livrare gratuit\u0103 \u00een toat\u0103 \u0163ara. Sertar din lemn pentru lenjerie \u2013 este un accesoriu util pentru amenajarea spa\u021biului sub pat, ceea ce v\u0103 permite s\u0103 ob\u021bine\u021bi spa\u021biu suplimentar pentru lucruri utile. De\u0219i, sertarele [&hellip;]\" \/>\n<meta property=\"og:url\" content=\"https:\/\/mob.md\/ro\/shop-ro\/lazi-pentru-albituri\/lazi-p-u-albituri\/set-lazi-pentru-albituri\/\" \/>\n<meta property=\"og:site_name\" content=\"Mob.MD\" \/>\n<meta property=\"article:publisher\" content=\"https:\/\/www.facebook.com\/Mob.md?locale=ru_RU\" \/>\n<meta property=\"article:modified_time\" content=\"2025-03-19T13:26:34+00:00\" \/>\n<meta property=\"og:image\" content=\"https:\/\/mob.md\/wp-content\/uploads\/2024\/10\/chikago-litl-2.png\" \/>\n\t<meta property=\"og:image:width\" content=\"2800\" \/>\n\t<meta property=\"og:image:height\" content=\"2040\" \/>\n\t<meta property=\"og:image:type\" content=\"image\/png\" \/>\n<meta name=\"twitter:card\" content=\"summary_large_image\" \/>\n<meta name=\"twitter:label1\" content=\"Timp estimat pentru citire\" \/>\n\t<meta name=\"twitter:data1\" content=\"2 minute\" \/>\n<script type=\"application\/ld+json\" class=\"yoast-schema-graph\">{\"@context\":\"https:\/\/schema.org\",\"@graph\":[{\"@type\":\"WebPage\",\"@id\":\"https:\/\/mob.md\/ro\/shop-ro\/lazi-pentru-albituri\/lazi-p-u-albituri\/set-lazi-pentru-albituri\/\",\"url\":\"https:\/\/mob.md\/ro\/shop-ro\/lazi-pentru-albituri\/lazi-p-u-albituri\/set-lazi-pentru-albituri\/\",\"name\":\"\u041a\u0443\u043f\u0438\u0442\u044c Set (2 buc.) lad\u0103 pentru albituri \u0432 \u041a\u0438\u0448\u0438\u043d\u0435\u0432\u0435 \u0441 \u0434\u043e\u0441\u0442\u0430\u0432\u043a\u043e\u0439 | Mob.MD\",\"isPartOf\":{\"@id\":\"https:\/\/mob.md\/ro\/#website\"},\"datePublished\":\"2024-10-30T13:53:50+00:00\",\"dateModified\":\"2025-03-19T13:26:34+00:00\",\"breadcrumb\":{\"@id\":\"https:\/\/mob.md\/ro\/shop-ro\/lazi-pentru-albituri\/lazi-p-u-albituri\/set-lazi-pentru-albituri\/#breadcrumb\"},\"inLanguage\":\"ro-RO\",\"potentialAction\":[{\"@type\":\"ReadAction\",\"target\":[\"https:\/\/mob.md\/ro\/shop-ro\/lazi-pentru-albituri\/lazi-p-u-albituri\/set-lazi-pentru-albituri\/\"]}]},{\"@type\":\"BreadcrumbList\",\"@id\":\"https:\/\/mob.md\/ro\/shop-ro\/lazi-pentru-albituri\/lazi-p-u-albituri\/set-lazi-pentru-albituri\/#breadcrumb\",\"itemListElement\":[{\"@type\":\"ListItem\",\"position\":1,\"name\":\"\u0413\u043b\u0430\u0432\u043d\u0430\u044f \u0441\u0442\u0440\u0430\u043d\u0438\u0446\u0430\",\"item\":\"https:\/\/mob.md\/ro\/\"},{\"@type\":\"ListItem\",\"position\":2,\"name\":\"Catalog\",\"item\":\"https:\/\/mob.md\/ro\/shop-ro\/\"},{\"@type\":\"ListItem\",\"position\":3,\"name\":\"Set (2 buc.) lad\u0103 pentru albituri\"}]},{\"@type\":\"WebSite\",\"@id\":\"https:\/\/mob.md\/ro\/#website\",\"url\":\"https:\/\/mob.md\/ro\/\",\"name\":\"Mob.MD\",\"description\":\"Mob.MD\",\"publisher\":{\"@id\":\"https:\/\/mob.md\/ro\/#organization\"},\"potentialAction\":[{\"@type\":\"SearchAction\",\"target\":{\"@type\":\"EntryPoint\",\"urlTemplate\":\"https:\/\/mob.md\/ro\/?s={search_term_string}\"},\"query-input\":\"required name=search_term_string\"}],\"inLanguage\":\"ro-RO\"},{\"@type\":\"Organization\",\"@id\":\"https:\/\/mob.md\/ro\/#organization\",\"name\":\"Mob.md\",\"url\":\"https:\/\/mob.md\/ro\/\",\"logo\":{\"@type\":\"ImageObject\",\"inLanguage\":\"ro-RO\",\"@id\":\"https:\/\/mob.md\/ro\/#\/schema\/logo\/image\/\",\"url\":\"https:\/\/mob.md\/wp-content\/uploads\/2021\/02\/logo-1.png\",\"contentUrl\":\"https:\/\/mob.md\/wp-content\/uploads\/2021\/02\/logo-1.png\",\"width\":324,\"height\":193,\"caption\":\"Mob.md\"},\"image\":{\"@id\":\"https:\/\/mob.md\/ro\/#\/schema\/logo\/image\/\"},\"sameAs\":[\"https:\/\/www.facebook.com\/Mob.md?locale=ru_RU\",\"https:\/\/www.instagram.com\/mob.md.moldova\/\"]}]}<\/script>\n<!-- \/ Yoast SEO plugin. -->","yoast_head_json":{"title":"\u041a\u0443\u043f\u0438\u0442\u044c Set (2 buc.) lad\u0103 pentru albituri \u0432 \u041a\u0438\u0448\u0438\u043d\u0435\u0432\u0435 \u0441 \u0434\u043e\u0441\u0442\u0430\u0432\u043a\u043e\u0439 | Mob.MD","robots":{"index":"index","follow":"follow","max-snippet":"max-snippet:-1","max-image-preview":"max-image-preview:large","max-video-preview":"max-video-preview:-1"},"canonical":"https:\/\/mob.md\/ro\/shop-ro\/lazi-pentru-albituri\/lazi-p-u-albituri\/set-lazi-pentru-albituri\/","og_locale":"ro_RO","og_type":"article","og_title":"\u041a\u0443\u043f\u0438\u0442\u044c Set (2 buc.) lad\u0103 pentru albituri \u0432 \u041a\u0438\u0448\u0438\u043d\u0435\u0432\u0435 \u0441 \u0434\u043e\u0441\u0442\u0430\u0432\u043a\u043e\u0439 | Mob.MD","og_description":"Pute\u0163i procura \u00een credit, sertar pentru lenjerie, p\u00e2n\u0103 la 36 luni sau \u00een rate cu 0% dob\u00e2nd\u0103 \u00een decurs de 6 luni. Livrare gratuit\u0103 \u00een toat\u0103 \u0163ara. Sertar din lemn pentru lenjerie \u2013 este un accesoriu util pentru amenajarea spa\u021biului sub pat, ceea ce v\u0103 permite s\u0103 ob\u021bine\u021bi spa\u021biu suplimentar pentru lucruri utile. De\u0219i, sertarele [&hellip;]","og_url":"https:\/\/mob.md\/ro\/shop-ro\/lazi-pentru-albituri\/lazi-p-u-albituri\/set-lazi-pentru-albituri\/","og_site_name":"Mob.MD","article_publisher":"https:\/\/www.facebook.com\/Mob.md?locale=ru_RU","article_modified_time":"2025-03-19T13:26:34+00:00","og_image":[{"width":2800,"height":2040,"url":"https:\/\/mob.md\/wp-content\/uploads\/2024\/10\/chikago-litl-2.png","type":"image\/png"}],"twitter_card":"summary_large_image","twitter_misc":{"Timp estimat pentru citire":"2 minute"},"schema":{"@context":"https:\/\/schema.org","@graph":[{"@type":"WebPage","@id":"https:\/\/mob.md\/ro\/shop-ro\/lazi-pentru-albituri\/lazi-p-u-albituri\/set-lazi-pentru-albituri\/","url":"https:\/\/mob.md\/ro\/shop-ro\/lazi-pentru-albituri\/lazi-p-u-albituri\/set-lazi-pentru-albituri\/","name":"\u041a\u0443\u043f\u0438\u0442\u044c Set (2 buc.) lad\u0103 pentru albituri \u0432 \u041a\u0438\u0448\u0438\u043d\u0435\u0432\u0435 \u0441 \u0434\u043e\u0441\u0442\u0430\u0432\u043a\u043e\u0439 | Mob.MD","isPartOf":{"@id":"https:\/\/mob.md\/ro\/#website"},"datePublished":"2024-10-30T13:53:50+00:00","dateModified":"2025-03-19T13:26:34+00:00","breadcrumb":{"@id":"https:\/\/mob.md\/ro\/shop-ro\/lazi-pentru-albituri\/lazi-p-u-albituri\/set-lazi-pentru-albituri\/#breadcrumb"},"inLanguage":"ro-RO","potentialAction":[{"@type":"ReadAction","target":["https:\/\/mob.md\/ro\/shop-ro\/lazi-pentru-albituri\/lazi-p-u-albituri\/set-lazi-pentru-albituri\/"]}]},{"@type":"BreadcrumbList","@id":"https:\/\/mob.md\/ro\/shop-ro\/lazi-pentru-albituri\/lazi-p-u-albituri\/set-lazi-pentru-albituri\/#breadcrumb","itemListElement":[{"@type":"ListItem","position":1,"name":"\u0413\u043b\u0430\u0432\u043d\u0430\u044f \u0441\u0442\u0440\u0430\u043d\u0438\u0446\u0430","item":"https:\/\/mob.md\/ro\/"},{"@type":"ListItem","position":2,"name":"Catalog","item":"https:\/\/mob.md\/ro\/shop-ro\/"},{"@type":"ListItem","position":3,"name":"Set (2 buc.) lad\u0103 pentru albituri"}]},{"@type":"WebSite","@id":"https:\/\/mob.md\/ro\/#website","url":"https:\/\/mob.md\/ro\/","name":"Mob.MD","description":"Mob.MD","publisher":{"@id":"https:\/\/mob.md\/ro\/#organization"},"potentialAction":[{"@type":"SearchAction","target":{"@type":"EntryPoint","urlTemplate":"https:\/\/mob.md\/ro\/?s={search_term_string}"},"query-input":"required name=search_term_string"}],"inLanguage":"ro-RO"},{"@type":"Organization","@id":"https:\/\/mob.md\/ro\/#organization","name":"Mob.md","url":"https:\/\/mob.md\/ro\/","logo":{"@type":"ImageObject","inLanguage":"ro-RO","@id":"https:\/\/mob.md\/ro\/#\/schema\/logo\/image\/","url":"https:\/\/mob.md\/wp-content\/uploads\/2021\/02\/logo-1.png","contentUrl":"https:\/\/mob.md\/wp-content\/uploads\/2021\/02\/logo-1.png","width":324,"height":193,"caption":"Mob.md"},"image":{"@id":"https:\/\/mob.md\/ro\/#\/schema\/logo\/image\/"},"sameAs":["https:\/\/www.facebook.com\/Mob.md?locale=ru_RU","https:\/\/www.instagram.com\/mob.md.moldova\/"]}]}},"_links":{"self":[{"href":"https:\/\/mob.md\/ro\/wp-json\/wp\/v2\/product\/40845"}],"collection":[{"href":"https:\/\/mob.md\/ro\/wp-json\/wp\/v2\/product"}],"about":[{"href":"https:\/\/mob.md\/ro\/wp-json\/wp\/v2\/types\/product"}],"replies":[{"embeddable":true,"href":"https:\/\/mob.md\/ro\/wp-json\/wp\/v2\/comments?post=40845"}],"wp:featuredmedia":[{"embeddable":true,"href":"https:\/\/mob.md\/ro\/wp-json\/wp\/v2\/media\/40806"}],"wp:attachment":[{"href":"https:\/\/mob.md\/ro\/wp-json\/wp\/v2\/media?parent=40845"}],"wp:term":[{"taxonomy":"product_cat","embeddable":true,"href":"https:\/\/mob.md\/ro\/wp-json\/wp\/v2\/product_cat?post=40845"},{"taxonomy":"product_tag","embeddable":true,"href":"https:\/\/mob.md\/ro\/wp-json\/wp\/v2\/product_tag?post=40845"}],"curies":[{"name":"wp","href":"https:\/\/api.w.org\/{rel}","templated":true}]}}