{"id":40929,"date":"2024-11-08T16:32:51","date_gmt":"2024-11-08T13:32:51","guid":{"rendered":"https:\/\/mob.md\/shop\/fara-categorie\/perna-anatomica-energy-control\/"},"modified":"2025-04-30T14:12:00","modified_gmt":"2025-04-30T11:12:00","slug":"perna-anatomica-energy-control","status":"publish","type":"product","link":"https:\/\/mob.md\/ro\/shop-ro\/saltele-ortopedice\/perne-ortopedice\/perna-anatomica-energy-control\/","title":{"rendered":"Pern\u0103 Anatomica Energy Control"},"content":{"rendered":"<p><strong><span style=\"color: #ffffff;\">Perna anatomic\u0103 CONTROL ENERGY &#8211; este potrivit\u0103 at\u00e2t pentru b\u0103rba\u021bi cu umerii puternici, c\u00e2t \u0219i pentru femei cu o figur\u0103 mai fragil\u0103. Spuma cu efect de memorie LAZY FOAM de \u00eenalt\u0103 calitate, din care este realizat\u0103 perna umple perfect spa\u021biul dintre um\u0103r \u0219i g\u00e2t, oferind confort \u0219i sprijin. Husa BIORITMIC deta\u0219abil\u0103 este \u00eembog\u0103\u021bit\u0103 cu minerale, care ajut\u0103 la reacumularea puterilor \u0219i promoveaz\u0103 somnul odihnitor, oferind un impuls de energie pentru o nou\u0103 zi.<\/span><\/strong><\/p>\r\n<p><strong><span style=\"color: #ffffff;\">Perna este realizat\u0103 folosind minerale naturale care influen\u021beaz\u0103 pozitiv asupra echilibrului corpului. Spuma reac\u021bioneaz\u0103 la presiune \u0219i c\u0103ldur\u0103, adapt\u00e2ndu-se la pozi\u021bia capului \u0219i a g\u00e2tului, ceea ce asigur\u0103 un sprijin optim pentru coloana cervical\u0103. Datorit\u0103 pozi\u021biei anatomice corecte a capului \u00een timpul somnului, perna promoveaz\u0103 o respira\u021bie mai bun\u0103 \u0219i, \u00een unele cazuri, ajut\u0103 la reducerea sfor\u0103itului. De asemenea, ajut\u0103 la recrea\u021bia mu\u0219chilor \u0219i vertebrelor g\u00e2tului, reduc\u00e2nd tensiunea. Perforarea cilindric\u0103 vertical\u0103 asigur\u0103 o circula\u021bie optim\u0103 a aerului.<\/span><\/strong><\/p>\r\n<p><strong><span style=\"color: #ffffff;\">Husa BIORYTMIC deta\u0219abil\u0103 con\u021bine minerale naturale care emit energie natural\u0103 care are un efect benefic asupra fluxurilor de energie din organism. Acest efect promoveaz\u0103 o stare de s\u0103n\u0103tate bun\u0103, reduce nivelul de stres \u0219i \u00eembun\u0103t\u0103\u021be\u0219te regenerarea. Te vei trezi revigorat, plin de putere \u0219i energie.<\/span><\/strong><\/p>\r\n<p><strong><span style=\"color: #ffffff;\">Husa BIORYTMIC deta\u0219abil\u0103 se recomand\u0103 a fi sp\u0103lat\u0103 la temperaturi de p\u00e2n\u0103 la 60\u2103.<\/span><\/strong><\/p>","protected":false},"excerpt":{"rendered":"<p>Perna anatomic\u0103 CONTROL ENERGY &#8211; este potrivit\u0103 at\u00e2t pentru b\u0103rba\u021bi cu umerii puternici, c\u00e2t \u0219i pentru femei cu o figur\u0103 mai fragil\u0103. Spuma cu efect de memorie LAZY FOAM de \u00eenalt\u0103 calitate, din care este realizat\u0103 perna umple perfect spa\u021biul dintre um\u0103r \u0219i g\u00e2t, oferind confort \u0219i sprijin. Husa BIORITMIC deta\u0219abil\u0103 este \u00eembog\u0103\u021bit\u0103 cu minerale, [&hellip;]<\/p>\n","protected":false},"featured_media":40927,"comment_status":"open","ping_status":"closed","template":"","meta":[],"product_cat":[3267,3933,3248],"product_tag":[],"yoast_head":"<!-- This site is optimized with the Yoast SEO plugin v20.8 - https:\/\/yoast.com\/wordpress\/plugins\/seo\/ -->\n<title>\u041a\u0443\u043f\u0438\u0442\u044c Pern\u0103 Anatomica Energy Control \u0432 \u041a\u0438\u0448\u0438\u043d\u0435\u0432\u0435 \u0441 \u0434\u043e\u0441\u0442\u0430\u0432\u043a\u043e\u0439 | Mob.MD<\/title>\n<meta name=\"robots\" content=\"index, follow, max-snippet:-1, max-image-preview:large, max-video-preview:-1\" \/>\n<link rel=\"canonical\" href=\"https:\/\/mob.md\/ro\/shop-ro\/saltele-ortopedice\/perne-ortopedice\/perna-anatomica-energy-control\/\" \/>\n<meta property=\"og:locale\" content=\"ro_RO\" \/>\n<meta property=\"og:type\" content=\"article\" \/>\n<meta property=\"og:title\" content=\"\u041a\u0443\u043f\u0438\u0442\u044c Pern\u0103 Anatomica Energy Control \u0432 \u041a\u0438\u0448\u0438\u043d\u0435\u0432\u0435 \u0441 \u0434\u043e\u0441\u0442\u0430\u0432\u043a\u043e\u0439 | Mob.MD\" \/>\n<meta property=\"og:description\" content=\"Perna anatomic\u0103 CONTROL ENERGY &#8211; este potrivit\u0103 at\u00e2t pentru b\u0103rba\u021bi cu umerii puternici, c\u00e2t \u0219i pentru femei cu o figur\u0103 mai fragil\u0103. Spuma cu efect de memorie LAZY FOAM de \u00eenalt\u0103 calitate, din care este realizat\u0103 perna umple perfect spa\u021biul dintre um\u0103r \u0219i g\u00e2t, oferind confort \u0219i sprijin. Husa BIORITMIC deta\u0219abil\u0103 este \u00eembog\u0103\u021bit\u0103 cu minerale, [&hellip;]\" \/>\n<meta property=\"og:url\" content=\"https:\/\/mob.md\/ro\/shop-ro\/saltele-ortopedice\/perne-ortopedice\/perna-anatomica-energy-control\/\" \/>\n<meta property=\"og:site_name\" content=\"Mob.MD\" \/>\n<meta property=\"article:publisher\" content=\"https:\/\/www.facebook.com\/Mob.md?locale=ru_RU\" \/>\n<meta property=\"article:modified_time\" content=\"2025-04-30T11:12:00+00:00\" \/>\n<meta property=\"og:image\" content=\"https:\/\/mob.md\/wp-content\/uploads\/2024\/11\/energy-control.png\" \/>\n\t<meta property=\"og:image:width\" content=\"1730\" \/>\n\t<meta property=\"og:image:height\" content=\"1009\" \/>\n\t<meta property=\"og:image:type\" content=\"image\/png\" \/>\n<meta name=\"twitter:card\" content=\"summary_large_image\" \/>\n<meta name=\"twitter:label1\" content=\"Timp estimat pentru citire\" \/>\n\t<meta name=\"twitter:data1\" content=\"2 minute\" \/>\n<script type=\"application\/ld+json\" class=\"yoast-schema-graph\">{\"@context\":\"https:\/\/schema.org\",\"@graph\":[{\"@type\":\"WebPage\",\"@id\":\"https:\/\/mob.md\/ro\/shop-ro\/saltele-ortopedice\/perne-ortopedice\/perna-anatomica-energy-control\/\",\"url\":\"https:\/\/mob.md\/ro\/shop-ro\/saltele-ortopedice\/perne-ortopedice\/perna-anatomica-energy-control\/\",\"name\":\"\u041a\u0443\u043f\u0438\u0442\u044c Pern\u0103 Anatomica Energy Control \u0432 \u041a\u0438\u0448\u0438\u043d\u0435\u0432\u0435 \u0441 \u0434\u043e\u0441\u0442\u0430\u0432\u043a\u043e\u0439 | Mob.MD\",\"isPartOf\":{\"@id\":\"https:\/\/mob.md\/ro\/#website\"},\"datePublished\":\"2024-11-08T13:32:51+00:00\",\"dateModified\":\"2025-04-30T11:12:00+00:00\",\"breadcrumb\":{\"@id\":\"https:\/\/mob.md\/ro\/shop-ro\/saltele-ortopedice\/perne-ortopedice\/perna-anatomica-energy-control\/#breadcrumb\"},\"inLanguage\":\"ro-RO\",\"potentialAction\":[{\"@type\":\"ReadAction\",\"target\":[\"https:\/\/mob.md\/ro\/shop-ro\/saltele-ortopedice\/perne-ortopedice\/perna-anatomica-energy-control\/\"]}]},{\"@type\":\"BreadcrumbList\",\"@id\":\"https:\/\/mob.md\/ro\/shop-ro\/saltele-ortopedice\/perne-ortopedice\/perna-anatomica-energy-control\/#breadcrumb\",\"itemListElement\":[{\"@type\":\"ListItem\",\"position\":1,\"name\":\"\u0413\u043b\u0430\u0432\u043d\u0430\u044f \u0441\u0442\u0440\u0430\u043d\u0438\u0446\u0430\",\"item\":\"https:\/\/mob.md\/ro\/\"},{\"@type\":\"ListItem\",\"position\":2,\"name\":\"Catalog\",\"item\":\"https:\/\/mob.md\/ro\/shop-ro\/\"},{\"@type\":\"ListItem\",\"position\":3,\"name\":\"Pern\u0103 Anatomica Energy Control\"}]},{\"@type\":\"WebSite\",\"@id\":\"https:\/\/mob.md\/ro\/#website\",\"url\":\"https:\/\/mob.md\/ro\/\",\"name\":\"Mob.MD\",\"description\":\"Mob.MD\",\"publisher\":{\"@id\":\"https:\/\/mob.md\/ro\/#organization\"},\"potentialAction\":[{\"@type\":\"SearchAction\",\"target\":{\"@type\":\"EntryPoint\",\"urlTemplate\":\"https:\/\/mob.md\/ro\/?s={search_term_string}\"},\"query-input\":\"required name=search_term_string\"}],\"inLanguage\":\"ro-RO\"},{\"@type\":\"Organization\",\"@id\":\"https:\/\/mob.md\/ro\/#organization\",\"name\":\"Mob.md\",\"url\":\"https:\/\/mob.md\/ro\/\",\"logo\":{\"@type\":\"ImageObject\",\"inLanguage\":\"ro-RO\",\"@id\":\"https:\/\/mob.md\/ro\/#\/schema\/logo\/image\/\",\"url\":\"https:\/\/mob.md\/wp-content\/uploads\/2021\/02\/logo-1.png\",\"contentUrl\":\"https:\/\/mob.md\/wp-content\/uploads\/2021\/02\/logo-1.png\",\"width\":324,\"height\":193,\"caption\":\"Mob.md\"},\"image\":{\"@id\":\"https:\/\/mob.md\/ro\/#\/schema\/logo\/image\/\"},\"sameAs\":[\"https:\/\/www.facebook.com\/Mob.md?locale=ru_RU\",\"https:\/\/www.instagram.com\/mob.md.moldova\/\"]}]}<\/script>\n<!-- \/ Yoast SEO plugin. -->","yoast_head_json":{"title":"\u041a\u0443\u043f\u0438\u0442\u044c Pern\u0103 Anatomica Energy Control \u0432 \u041a\u0438\u0448\u0438\u043d\u0435\u0432\u0435 \u0441 \u0434\u043e\u0441\u0442\u0430\u0432\u043a\u043e\u0439 | Mob.MD","robots":{"index":"index","follow":"follow","max-snippet":"max-snippet:-1","max-image-preview":"max-image-preview:large","max-video-preview":"max-video-preview:-1"},"canonical":"https:\/\/mob.md\/ro\/shop-ro\/saltele-ortopedice\/perne-ortopedice\/perna-anatomica-energy-control\/","og_locale":"ro_RO","og_type":"article","og_title":"\u041a\u0443\u043f\u0438\u0442\u044c Pern\u0103 Anatomica Energy Control \u0432 \u041a\u0438\u0448\u0438\u043d\u0435\u0432\u0435 \u0441 \u0434\u043e\u0441\u0442\u0430\u0432\u043a\u043e\u0439 | Mob.MD","og_description":"Perna anatomic\u0103 CONTROL ENERGY &#8211; este potrivit\u0103 at\u00e2t pentru b\u0103rba\u021bi cu umerii puternici, c\u00e2t \u0219i pentru femei cu o figur\u0103 mai fragil\u0103. Spuma cu efect de memorie LAZY FOAM de \u00eenalt\u0103 calitate, din care este realizat\u0103 perna umple perfect spa\u021biul dintre um\u0103r \u0219i g\u00e2t, oferind confort \u0219i sprijin. Husa BIORITMIC deta\u0219abil\u0103 este \u00eembog\u0103\u021bit\u0103 cu minerale, [&hellip;]","og_url":"https:\/\/mob.md\/ro\/shop-ro\/saltele-ortopedice\/perne-ortopedice\/perna-anatomica-energy-control\/","og_site_name":"Mob.MD","article_publisher":"https:\/\/www.facebook.com\/Mob.md?locale=ru_RU","article_modified_time":"2025-04-30T11:12:00+00:00","og_image":[{"width":1730,"height":1009,"url":"https:\/\/mob.md\/wp-content\/uploads\/2024\/11\/energy-control.png","type":"image\/png"}],"twitter_card":"summary_large_image","twitter_misc":{"Timp estimat pentru citire":"2 minute"},"schema":{"@context":"https:\/\/schema.org","@graph":[{"@type":"WebPage","@id":"https:\/\/mob.md\/ro\/shop-ro\/saltele-ortopedice\/perne-ortopedice\/perna-anatomica-energy-control\/","url":"https:\/\/mob.md\/ro\/shop-ro\/saltele-ortopedice\/perne-ortopedice\/perna-anatomica-energy-control\/","name":"\u041a\u0443\u043f\u0438\u0442\u044c Pern\u0103 Anatomica Energy Control \u0432 \u041a\u0438\u0448\u0438\u043d\u0435\u0432\u0435 \u0441 \u0434\u043e\u0441\u0442\u0430\u0432\u043a\u043e\u0439 | Mob.MD","isPartOf":{"@id":"https:\/\/mob.md\/ro\/#website"},"datePublished":"2024-11-08T13:32:51+00:00","dateModified":"2025-04-30T11:12:00+00:00","breadcrumb":{"@id":"https:\/\/mob.md\/ro\/shop-ro\/saltele-ortopedice\/perne-ortopedice\/perna-anatomica-energy-control\/#breadcrumb"},"inLanguage":"ro-RO","potentialAction":[{"@type":"ReadAction","target":["https:\/\/mob.md\/ro\/shop-ro\/saltele-ortopedice\/perne-ortopedice\/perna-anatomica-energy-control\/"]}]},{"@type":"BreadcrumbList","@id":"https:\/\/mob.md\/ro\/shop-ro\/saltele-ortopedice\/perne-ortopedice\/perna-anatomica-energy-control\/#breadcrumb","itemListElement":[{"@type":"ListItem","position":1,"name":"\u0413\u043b\u0430\u0432\u043d\u0430\u044f \u0441\u0442\u0440\u0430\u043d\u0438\u0446\u0430","item":"https:\/\/mob.md\/ro\/"},{"@type":"ListItem","position":2,"name":"Catalog","item":"https:\/\/mob.md\/ro\/shop-ro\/"},{"@type":"ListItem","position":3,"name":"Pern\u0103 Anatomica Energy Control"}]},{"@type":"WebSite","@id":"https:\/\/mob.md\/ro\/#website","url":"https:\/\/mob.md\/ro\/","name":"Mob.MD","description":"Mob.MD","publisher":{"@id":"https:\/\/mob.md\/ro\/#organization"},"potentialAction":[{"@type":"SearchAction","target":{"@type":"EntryPoint","urlTemplate":"https:\/\/mob.md\/ro\/?s={search_term_string}"},"query-input":"required name=search_term_string"}],"inLanguage":"ro-RO"},{"@type":"Organization","@id":"https:\/\/mob.md\/ro\/#organization","name":"Mob.md","url":"https:\/\/mob.md\/ro\/","logo":{"@type":"ImageObject","inLanguage":"ro-RO","@id":"https:\/\/mob.md\/ro\/#\/schema\/logo\/image\/","url":"https:\/\/mob.md\/wp-content\/uploads\/2021\/02\/logo-1.png","contentUrl":"https:\/\/mob.md\/wp-content\/uploads\/2021\/02\/logo-1.png","width":324,"height":193,"caption":"Mob.md"},"image":{"@id":"https:\/\/mob.md\/ro\/#\/schema\/logo\/image\/"},"sameAs":["https:\/\/www.facebook.com\/Mob.md?locale=ru_RU","https:\/\/www.instagram.com\/mob.md.moldova\/"]}]}},"_links":{"self":[{"href":"https:\/\/mob.md\/ro\/wp-json\/wp\/v2\/product\/40929"}],"collection":[{"href":"https:\/\/mob.md\/ro\/wp-json\/wp\/v2\/product"}],"about":[{"href":"https:\/\/mob.md\/ro\/wp-json\/wp\/v2\/types\/product"}],"replies":[{"embeddable":true,"href":"https:\/\/mob.md\/ro\/wp-json\/wp\/v2\/comments?post=40929"}],"wp:featuredmedia":[{"embeddable":true,"href":"https:\/\/mob.md\/ro\/wp-json\/wp\/v2\/media\/40927"}],"wp:attachment":[{"href":"https:\/\/mob.md\/ro\/wp-json\/wp\/v2\/media?parent=40929"}],"wp:term":[{"taxonomy":"product_cat","embeddable":true,"href":"https:\/\/mob.md\/ro\/wp-json\/wp\/v2\/product_cat?post=40929"},{"taxonomy":"product_tag","embeddable":true,"href":"https:\/\/mob.md\/ro\/wp-json\/wp\/v2\/product_tag?post=40929"}],"curies":[{"name":"wp","href":"https:\/\/api.w.org\/{rel}","templated":true}]}}