{"id":40937,"date":"2024-11-08T17:15:13","date_gmt":"2024-11-08T14:15:13","guid":{"rendered":"https:\/\/mob.md\/shop\/fara-categorie\/perna-anatomica-london-polargel\/"},"modified":"2025-04-02T11:55:06","modified_gmt":"2025-04-02T08:55:06","slug":"perna-anatomica-london-polargel","status":"publish","type":"product","link":"https:\/\/mob.md\/ro\/shop-ro\/saltele-ortopedice\/perne-ortopedice\/perna-anatomica-london-polargel\/","title":{"rendered":"Perna anatomica London Polargel"},"content":{"rendered":"<p>Perna London Polargel este realizat\u0103 din spum\u0103 viscoelastic\u0103 Memory \u0219i spum\u0103 Polargel, care asigur\u0103 o bun\u0103 termoreglare. Spuma Polargel este moale \u0219i pl\u0103cut r\u0103coritoare, care este potrivit\u0103 \u00een special pentru persoanele care transpira \u00een timp ce dorm.<\/p>\r\n<p>Perna anatomic\u0103 London umple spa\u021biul dintre um\u0103r \u0219i g\u00e2t, sus\u021bin\u00e2nd pozi\u021bia corect\u0103 a capului \u0219i a coloanei cervicale. Spuma cu memorie LAZY-FOAM r\u0103spunde la presiune \u0219i c\u0103ldur\u0103 pentru a se adapta posturii tale.<\/p>\r\n<p>Spuma POLARGEL are un efect de prospe\u021bime \u0219i r\u0103corire. Este foarte elastic \u0219i ofer\u0103 un confort excep\u021bional, cre\u00e2nd o senza\u021bie unic\u0103 de r\u0103coare. Aceast\u0103 spum\u0103 este deosebit de util\u0103 atunci c\u00e2nd este combinat\u0103 cu spuma viscoelastic\u0103 \u201etermoelastic\u0103\u201d, deoarece elimin\u0103 propriet\u0103\u021bile sale de re\u021binere a c\u0103ldurii, f\u0103c\u00e2nd dormitul pe o pern\u0103 POLARGEL cu adev\u0103rat r\u0103coritoare.<\/p>\r\n<p>Perna este prevazuta cu perforatie transversala pentru o mai buna ventilatie si igiena. Spumele lene\u0219e r\u0103spund la c\u0103ldur\u0103 \u0219i presiune, permi\u021b\u00e2ndu-le s\u0103 ofere un sprijin maxim vertebrelor cervicale, reduc\u00e2nd tensiunea \u0219i favoriz\u00e2nd relaxarea muscular\u0103. Pozi\u021bia anatomic\u0103 corect\u0103 a capului ajut\u0103 la \u00eembun\u0103t\u0103\u021birea respira\u021biei \u0219i la reducerea sfor\u0103itului.<\/p>\r\n<p>Hus\u0103 deta\u0219abil\u0103 din velur: Husa este confec\u021bionat\u0103 din \u021bes\u0103tur\u0103 neted\u0103 din velur \u0219i const\u0103 din 40% bumbac, care elimin\u0103 eficient umezeala \u0219i promoveaz\u0103 igiena. Capacul este u\u0219or de \u00eendep\u0103rtat pentru o cur\u0103\u021bare convenabil\u0103.<\/p>","protected":false},"excerpt":{"rendered":"<p>Perna London Polargel este realizat\u0103 din spum\u0103 viscoelastic\u0103 Memory \u0219i spum\u0103 Polargel, care asigur\u0103 o bun\u0103 termoreglare. Spuma Polargel este moale \u0219i pl\u0103cut r\u0103coritoare, care este potrivit\u0103 \u00een special pentru persoanele care transpira \u00een timp ce dorm. Perna anatomic\u0103 London umple spa\u021biul dintre um\u0103r \u0219i g\u00e2t, sus\u021bin\u00e2nd pozi\u021bia corect\u0103 a capului \u0219i a coloanei cervicale. [&hellip;]<\/p>\n","protected":false},"featured_media":40933,"comment_status":"open","ping_status":"closed","template":"","meta":[],"product_cat":[3267,3933,3248],"product_tag":[],"yoast_head":"<!-- This site is optimized with the Yoast SEO plugin v20.8 - https:\/\/yoast.com\/wordpress\/plugins\/seo\/ -->\n<title>\u041a\u0443\u043f\u0438\u0442\u044c Perna anatomica London Polargel \u0432 \u041a\u0438\u0448\u0438\u043d\u0435\u0432\u0435 \u0441 \u0434\u043e\u0441\u0442\u0430\u0432\u043a\u043e\u0439 | Mob.MD<\/title>\n<meta name=\"robots\" content=\"index, follow, max-snippet:-1, max-image-preview:large, max-video-preview:-1\" \/>\n<link rel=\"canonical\" href=\"https:\/\/mob.md\/ro\/shop-ro\/saltele-ortopedice\/perne-ortopedice\/perna-anatomica-london-polargel\/\" \/>\n<meta property=\"og:locale\" content=\"ro_RO\" \/>\n<meta property=\"og:type\" content=\"article\" \/>\n<meta property=\"og:title\" content=\"\u041a\u0443\u043f\u0438\u0442\u044c Perna anatomica London Polargel \u0432 \u041a\u0438\u0448\u0438\u043d\u0435\u0432\u0435 \u0441 \u0434\u043e\u0441\u0442\u0430\u0432\u043a\u043e\u0439 | Mob.MD\" \/>\n<meta property=\"og:description\" content=\"Perna London Polargel este realizat\u0103 din spum\u0103 viscoelastic\u0103 Memory \u0219i spum\u0103 Polargel, care asigur\u0103 o bun\u0103 termoreglare. Spuma Polargel este moale \u0219i pl\u0103cut r\u0103coritoare, care este potrivit\u0103 \u00een special pentru persoanele care transpira \u00een timp ce dorm. Perna anatomic\u0103 London umple spa\u021biul dintre um\u0103r \u0219i g\u00e2t, sus\u021bin\u00e2nd pozi\u021bia corect\u0103 a capului \u0219i a coloanei cervicale. [&hellip;]\" \/>\n<meta property=\"og:url\" content=\"https:\/\/mob.md\/ro\/shop-ro\/saltele-ortopedice\/perne-ortopedice\/perna-anatomica-london-polargel\/\" \/>\n<meta property=\"og:site_name\" content=\"Mob.MD\" \/>\n<meta property=\"article:publisher\" content=\"https:\/\/www.facebook.com\/Mob.md?locale=ru_RU\" \/>\n<meta property=\"article:modified_time\" content=\"2025-04-02T08:55:06+00:00\" \/>\n<meta property=\"og:image\" content=\"https:\/\/mob.md\/wp-content\/uploads\/2024\/11\/polargel-london.jpg\" \/>\n\t<meta property=\"og:image:width\" content=\"700\" \/>\n\t<meta property=\"og:image:height\" content=\"700\" \/>\n\t<meta property=\"og:image:type\" content=\"image\/jpeg\" \/>\n<meta name=\"twitter:card\" content=\"summary_large_image\" \/>\n<meta name=\"twitter:label1\" content=\"Timp estimat pentru citire\" \/>\n\t<meta name=\"twitter:data1\" content=\"2 minute\" \/>\n<script type=\"application\/ld+json\" class=\"yoast-schema-graph\">{\"@context\":\"https:\/\/schema.org\",\"@graph\":[{\"@type\":\"WebPage\",\"@id\":\"https:\/\/mob.md\/ro\/shop-ro\/saltele-ortopedice\/perne-ortopedice\/perna-anatomica-london-polargel\/\",\"url\":\"https:\/\/mob.md\/ro\/shop-ro\/saltele-ortopedice\/perne-ortopedice\/perna-anatomica-london-polargel\/\",\"name\":\"\u041a\u0443\u043f\u0438\u0442\u044c Perna anatomica London Polargel \u0432 \u041a\u0438\u0448\u0438\u043d\u0435\u0432\u0435 \u0441 \u0434\u043e\u0441\u0442\u0430\u0432\u043a\u043e\u0439 | Mob.MD\",\"isPartOf\":{\"@id\":\"https:\/\/mob.md\/ro\/#website\"},\"datePublished\":\"2024-11-08T14:15:13+00:00\",\"dateModified\":\"2025-04-02T08:55:06+00:00\",\"breadcrumb\":{\"@id\":\"https:\/\/mob.md\/ro\/shop-ro\/saltele-ortopedice\/perne-ortopedice\/perna-anatomica-london-polargel\/#breadcrumb\"},\"inLanguage\":\"ro-RO\",\"potentialAction\":[{\"@type\":\"ReadAction\",\"target\":[\"https:\/\/mob.md\/ro\/shop-ro\/saltele-ortopedice\/perne-ortopedice\/perna-anatomica-london-polargel\/\"]}]},{\"@type\":\"BreadcrumbList\",\"@id\":\"https:\/\/mob.md\/ro\/shop-ro\/saltele-ortopedice\/perne-ortopedice\/perna-anatomica-london-polargel\/#breadcrumb\",\"itemListElement\":[{\"@type\":\"ListItem\",\"position\":1,\"name\":\"\u0413\u043b\u0430\u0432\u043d\u0430\u044f \u0441\u0442\u0440\u0430\u043d\u0438\u0446\u0430\",\"item\":\"https:\/\/mob.md\/ro\/\"},{\"@type\":\"ListItem\",\"position\":2,\"name\":\"Catalog\",\"item\":\"https:\/\/mob.md\/ro\/shop-ro\/\"},{\"@type\":\"ListItem\",\"position\":3,\"name\":\"Perna anatomica London Polargel\"}]},{\"@type\":\"WebSite\",\"@id\":\"https:\/\/mob.md\/ro\/#website\",\"url\":\"https:\/\/mob.md\/ro\/\",\"name\":\"Mob.MD\",\"description\":\"Mob.MD\",\"publisher\":{\"@id\":\"https:\/\/mob.md\/ro\/#organization\"},\"potentialAction\":[{\"@type\":\"SearchAction\",\"target\":{\"@type\":\"EntryPoint\",\"urlTemplate\":\"https:\/\/mob.md\/ro\/?s={search_term_string}\"},\"query-input\":\"required name=search_term_string\"}],\"inLanguage\":\"ro-RO\"},{\"@type\":\"Organization\",\"@id\":\"https:\/\/mob.md\/ro\/#organization\",\"name\":\"Mob.md\",\"url\":\"https:\/\/mob.md\/ro\/\",\"logo\":{\"@type\":\"ImageObject\",\"inLanguage\":\"ro-RO\",\"@id\":\"https:\/\/mob.md\/ro\/#\/schema\/logo\/image\/\",\"url\":\"https:\/\/mob.md\/wp-content\/uploads\/2021\/02\/logo-1.png\",\"contentUrl\":\"https:\/\/mob.md\/wp-content\/uploads\/2021\/02\/logo-1.png\",\"width\":324,\"height\":193,\"caption\":\"Mob.md\"},\"image\":{\"@id\":\"https:\/\/mob.md\/ro\/#\/schema\/logo\/image\/\"},\"sameAs\":[\"https:\/\/www.facebook.com\/Mob.md?locale=ru_RU\",\"https:\/\/www.instagram.com\/mob.md.moldova\/\"]}]}<\/script>\n<!-- \/ Yoast SEO plugin. -->","yoast_head_json":{"title":"\u041a\u0443\u043f\u0438\u0442\u044c Perna anatomica London Polargel \u0432 \u041a\u0438\u0448\u0438\u043d\u0435\u0432\u0435 \u0441 \u0434\u043e\u0441\u0442\u0430\u0432\u043a\u043e\u0439 | Mob.MD","robots":{"index":"index","follow":"follow","max-snippet":"max-snippet:-1","max-image-preview":"max-image-preview:large","max-video-preview":"max-video-preview:-1"},"canonical":"https:\/\/mob.md\/ro\/shop-ro\/saltele-ortopedice\/perne-ortopedice\/perna-anatomica-london-polargel\/","og_locale":"ro_RO","og_type":"article","og_title":"\u041a\u0443\u043f\u0438\u0442\u044c Perna anatomica London Polargel \u0432 \u041a\u0438\u0448\u0438\u043d\u0435\u0432\u0435 \u0441 \u0434\u043e\u0441\u0442\u0430\u0432\u043a\u043e\u0439 | Mob.MD","og_description":"Perna London Polargel este realizat\u0103 din spum\u0103 viscoelastic\u0103 Memory \u0219i spum\u0103 Polargel, care asigur\u0103 o bun\u0103 termoreglare. Spuma Polargel este moale \u0219i pl\u0103cut r\u0103coritoare, care este potrivit\u0103 \u00een special pentru persoanele care transpira \u00een timp ce dorm. Perna anatomic\u0103 London umple spa\u021biul dintre um\u0103r \u0219i g\u00e2t, sus\u021bin\u00e2nd pozi\u021bia corect\u0103 a capului \u0219i a coloanei cervicale. [&hellip;]","og_url":"https:\/\/mob.md\/ro\/shop-ro\/saltele-ortopedice\/perne-ortopedice\/perna-anatomica-london-polargel\/","og_site_name":"Mob.MD","article_publisher":"https:\/\/www.facebook.com\/Mob.md?locale=ru_RU","article_modified_time":"2025-04-02T08:55:06+00:00","og_image":[{"width":700,"height":700,"url":"https:\/\/mob.md\/wp-content\/uploads\/2024\/11\/polargel-london.jpg","type":"image\/jpeg"}],"twitter_card":"summary_large_image","twitter_misc":{"Timp estimat pentru citire":"2 minute"},"schema":{"@context":"https:\/\/schema.org","@graph":[{"@type":"WebPage","@id":"https:\/\/mob.md\/ro\/shop-ro\/saltele-ortopedice\/perne-ortopedice\/perna-anatomica-london-polargel\/","url":"https:\/\/mob.md\/ro\/shop-ro\/saltele-ortopedice\/perne-ortopedice\/perna-anatomica-london-polargel\/","name":"\u041a\u0443\u043f\u0438\u0442\u044c Perna anatomica London Polargel \u0432 \u041a\u0438\u0448\u0438\u043d\u0435\u0432\u0435 \u0441 \u0434\u043e\u0441\u0442\u0430\u0432\u043a\u043e\u0439 | Mob.MD","isPartOf":{"@id":"https:\/\/mob.md\/ro\/#website"},"datePublished":"2024-11-08T14:15:13+00:00","dateModified":"2025-04-02T08:55:06+00:00","breadcrumb":{"@id":"https:\/\/mob.md\/ro\/shop-ro\/saltele-ortopedice\/perne-ortopedice\/perna-anatomica-london-polargel\/#breadcrumb"},"inLanguage":"ro-RO","potentialAction":[{"@type":"ReadAction","target":["https:\/\/mob.md\/ro\/shop-ro\/saltele-ortopedice\/perne-ortopedice\/perna-anatomica-london-polargel\/"]}]},{"@type":"BreadcrumbList","@id":"https:\/\/mob.md\/ro\/shop-ro\/saltele-ortopedice\/perne-ortopedice\/perna-anatomica-london-polargel\/#breadcrumb","itemListElement":[{"@type":"ListItem","position":1,"name":"\u0413\u043b\u0430\u0432\u043d\u0430\u044f \u0441\u0442\u0440\u0430\u043d\u0438\u0446\u0430","item":"https:\/\/mob.md\/ro\/"},{"@type":"ListItem","position":2,"name":"Catalog","item":"https:\/\/mob.md\/ro\/shop-ro\/"},{"@type":"ListItem","position":3,"name":"Perna anatomica London Polargel"}]},{"@type":"WebSite","@id":"https:\/\/mob.md\/ro\/#website","url":"https:\/\/mob.md\/ro\/","name":"Mob.MD","description":"Mob.MD","publisher":{"@id":"https:\/\/mob.md\/ro\/#organization"},"potentialAction":[{"@type":"SearchAction","target":{"@type":"EntryPoint","urlTemplate":"https:\/\/mob.md\/ro\/?s={search_term_string}"},"query-input":"required name=search_term_string"}],"inLanguage":"ro-RO"},{"@type":"Organization","@id":"https:\/\/mob.md\/ro\/#organization","name":"Mob.md","url":"https:\/\/mob.md\/ro\/","logo":{"@type":"ImageObject","inLanguage":"ro-RO","@id":"https:\/\/mob.md\/ro\/#\/schema\/logo\/image\/","url":"https:\/\/mob.md\/wp-content\/uploads\/2021\/02\/logo-1.png","contentUrl":"https:\/\/mob.md\/wp-content\/uploads\/2021\/02\/logo-1.png","width":324,"height":193,"caption":"Mob.md"},"image":{"@id":"https:\/\/mob.md\/ro\/#\/schema\/logo\/image\/"},"sameAs":["https:\/\/www.facebook.com\/Mob.md?locale=ru_RU","https:\/\/www.instagram.com\/mob.md.moldova\/"]}]}},"_links":{"self":[{"href":"https:\/\/mob.md\/ro\/wp-json\/wp\/v2\/product\/40937"}],"collection":[{"href":"https:\/\/mob.md\/ro\/wp-json\/wp\/v2\/product"}],"about":[{"href":"https:\/\/mob.md\/ro\/wp-json\/wp\/v2\/types\/product"}],"replies":[{"embeddable":true,"href":"https:\/\/mob.md\/ro\/wp-json\/wp\/v2\/comments?post=40937"}],"wp:featuredmedia":[{"embeddable":true,"href":"https:\/\/mob.md\/ro\/wp-json\/wp\/v2\/media\/40933"}],"wp:attachment":[{"href":"https:\/\/mob.md\/ro\/wp-json\/wp\/v2\/media?parent=40937"}],"wp:term":[{"taxonomy":"product_cat","embeddable":true,"href":"https:\/\/mob.md\/ro\/wp-json\/wp\/v2\/product_cat?post=40937"},{"taxonomy":"product_tag","embeddable":true,"href":"https:\/\/mob.md\/ro\/wp-json\/wp\/v2\/product_tag?post=40937"}],"curies":[{"name":"wp","href":"https:\/\/api.w.org\/{rel}","templated":true}]}}