{"id":40951,"date":"2024-11-11T12:24:14","date_gmt":"2024-11-11T09:24:14","guid":{"rendered":"https:\/\/mob.md\/shop\/fara-categorie\/saltea-waterflex-memmory-h-24-%d1%81m\/"},"modified":"2024-11-11T17:54:57","modified_gmt":"2024-11-11T14:54:57","slug":"saltea-waterflex-memmory-h-24-%d1%81m","status":"publish","type":"product","link":"https:\/\/mob.md\/ro\/shop-ro\/saltele-ortopedice\/saltele-din-spuma\/saltea-waterflex-memmory-h-24-%d1%81m\/","title":{"rendered":"Saltea Waterflex Memmory, h-24 \u0441m"},"content":{"rendered":"<h4>Pute\u0163i procura o saltea \u00een credit, pe termen p\u00e2n\u0103 la 36 luni sau \u00een rate cu 0% dob\u00e2nd\u0103 \u00een decurs de 6 luni. Livrarea este gratuit\u0103 \u00een toat\u0103 \u0163ara.<\/h4>\r\n<h4>\u201cWaterflex \u2013 este o saltea bilateral\u0103 cu effect \u201eIarn\u0103-Var\u0103\u201e Fabricat \u00een Moldova. Waterflex este o saltea modern\u0103, ortopedic\u0103, cu dou\u0103 fe\u021be, f\u0103r\u0103 arcuri, cu o rigiditate sporit\u0103, cu efect \u201eIarn\u0103-Var\u0103\u201d.\u00a0 Baza este din un bloc de spum\u0103 elastic\u0103 HR de \u00eenalt\u0103 densitate, care are propriet\u0103\u021bi anatomice ridicate, precum \u0219i un strat de spum\u0103 MEMMORY, \u00eempreun\u0103 cu care salteaua ofer\u0103 un suport bun coloanei vertebrale \u00een timpul somnului. Spuma este capabil\u0103 s\u0103 se adapteze la denivel\u0103rile corpului, distribuind uniform greutatea \u0219i amelior\u00e2nd stresul. Aceasta saltea este perfecta pentru cei care prefera sa doarma pe spate, sau pentru cei care au probleme cu coloana si medicul i-a recomandat o saltea tare singura limitare este sarcina admisa pe locul de dormit. \u00cen\u0103l\u021bimea saltelei este de 24 cm. Sarcina admis\u0103 pe un loc de dormit este de p\u00e2n\u0103 la 100 kg. Gradul de duritate este mediu\/dur. Garantie \u2013 1 an.<\/h4>","protected":false},"excerpt":{"rendered":"<p>Pute\u0163i procura o saltea \u00een credit, pe termen p\u00e2n\u0103 la 36 luni sau \u00een rate cu 0% dob\u00e2nd\u0103 \u00een decurs de 6 luni. Livrarea este gratuit\u0103 \u00een toat\u0103 \u0163ara. \u201cWaterflex \u2013 este o saltea bilateral\u0103 cu effect \u201eIarn\u0103-Var\u0103\u201e Fabricat \u00een Moldova. Waterflex este o saltea modern\u0103, ortopedic\u0103, cu dou\u0103 fe\u021be, f\u0103r\u0103 arcuri, cu o rigiditate [&hellip;]<\/p>\n","protected":false},"featured_media":40957,"comment_status":"open","ping_status":"closed","template":"","meta":[],"product_cat":[3422,3421,3420],"product_tag":[],"yoast_head":"<!-- This site is optimized with the Yoast SEO plugin v20.8 - https:\/\/yoast.com\/wordpress\/plugins\/seo\/ -->\n<title>\u041a\u0443\u043f\u0438\u0442\u044c Saltea Waterflex Memmory, h-24 \u0441m \u0432 \u041a\u0438\u0448\u0438\u043d\u0435\u0432\u0435 \u0441 \u0434\u043e\u0441\u0442\u0430\u0432\u043a\u043e\u0439 | Mob.MD<\/title>\n<meta name=\"robots\" content=\"index, follow, max-snippet:-1, max-image-preview:large, max-video-preview:-1\" \/>\n<link rel=\"canonical\" href=\"https:\/\/mob.md\/ro\/shop-ro\/saltele-ortopedice\/saltele-din-spuma\/saltea-waterflex-memmory-h-24-%d1%81m\/\" \/>\n<meta property=\"og:locale\" content=\"ro_RO\" \/>\n<meta property=\"og:type\" content=\"article\" \/>\n<meta property=\"og:title\" content=\"\u041a\u0443\u043f\u0438\u0442\u044c Saltea Waterflex Memmory, h-24 \u0441m \u0432 \u041a\u0438\u0448\u0438\u043d\u0435\u0432\u0435 \u0441 \u0434\u043e\u0441\u0442\u0430\u0432\u043a\u043e\u0439 | Mob.MD\" \/>\n<meta property=\"og:description\" content=\"Pute\u0163i procura o saltea \u00een credit, pe termen p\u00e2n\u0103 la 36 luni sau \u00een rate cu 0% dob\u00e2nd\u0103 \u00een decurs de 6 luni. Livrarea este gratuit\u0103 \u00een toat\u0103 \u0163ara. \u201cWaterflex \u2013 este o saltea bilateral\u0103 cu effect \u201eIarn\u0103-Var\u0103\u201e Fabricat \u00een Moldova. Waterflex este o saltea modern\u0103, ortopedic\u0103, cu dou\u0103 fe\u021be, f\u0103r\u0103 arcuri, cu o rigiditate [&hellip;]\" \/>\n<meta property=\"og:url\" content=\"https:\/\/mob.md\/ro\/shop-ro\/saltele-ortopedice\/saltele-din-spuma\/saltea-waterflex-memmory-h-24-%d1%81m\/\" \/>\n<meta property=\"og:site_name\" content=\"Mob.MD\" \/>\n<meta property=\"article:publisher\" content=\"https:\/\/www.facebook.com\/Mob.md?locale=ru_RU\" \/>\n<meta property=\"article:modified_time\" content=\"2024-11-11T14:54:57+00:00\" \/>\n<meta property=\"og:image\" content=\"https:\/\/mob.md\/wp-content\/uploads\/2024\/11\/2-1024x637.png\" \/>\n\t<meta property=\"og:image:width\" content=\"1024\" \/>\n\t<meta property=\"og:image:height\" content=\"637\" \/>\n\t<meta property=\"og:image:type\" content=\"image\/png\" \/>\n<meta name=\"twitter:card\" content=\"summary_large_image\" \/>\n<meta name=\"twitter:label1\" content=\"Timp estimat pentru citire\" \/>\n\t<meta name=\"twitter:data1\" content=\"1 minut\" \/>\n<script type=\"application\/ld+json\" class=\"yoast-schema-graph\">{\"@context\":\"https:\/\/schema.org\",\"@graph\":[{\"@type\":\"WebPage\",\"@id\":\"https:\/\/mob.md\/ro\/shop-ro\/saltele-ortopedice\/saltele-din-spuma\/saltea-waterflex-memmory-h-24-%d1%81m\/\",\"url\":\"https:\/\/mob.md\/ro\/shop-ro\/saltele-ortopedice\/saltele-din-spuma\/saltea-waterflex-memmory-h-24-%d1%81m\/\",\"name\":\"\u041a\u0443\u043f\u0438\u0442\u044c Saltea Waterflex Memmory, h-24 \u0441m \u0432 \u041a\u0438\u0448\u0438\u043d\u0435\u0432\u0435 \u0441 \u0434\u043e\u0441\u0442\u0430\u0432\u043a\u043e\u0439 | Mob.MD\",\"isPartOf\":{\"@id\":\"https:\/\/mob.md\/ro\/#website\"},\"datePublished\":\"2024-11-11T09:24:14+00:00\",\"dateModified\":\"2024-11-11T14:54:57+00:00\",\"breadcrumb\":{\"@id\":\"https:\/\/mob.md\/ro\/shop-ro\/saltele-ortopedice\/saltele-din-spuma\/saltea-waterflex-memmory-h-24-%d1%81m\/#breadcrumb\"},\"inLanguage\":\"ro-RO\",\"potentialAction\":[{\"@type\":\"ReadAction\",\"target\":[\"https:\/\/mob.md\/ro\/shop-ro\/saltele-ortopedice\/saltele-din-spuma\/saltea-waterflex-memmory-h-24-%d1%81m\/\"]}]},{\"@type\":\"BreadcrumbList\",\"@id\":\"https:\/\/mob.md\/ro\/shop-ro\/saltele-ortopedice\/saltele-din-spuma\/saltea-waterflex-memmory-h-24-%d1%81m\/#breadcrumb\",\"itemListElement\":[{\"@type\":\"ListItem\",\"position\":1,\"name\":\"\u0413\u043b\u0430\u0432\u043d\u0430\u044f \u0441\u0442\u0440\u0430\u043d\u0438\u0446\u0430\",\"item\":\"https:\/\/mob.md\/ro\/\"},{\"@type\":\"ListItem\",\"position\":2,\"name\":\"Catalog\",\"item\":\"https:\/\/mob.md\/ro\/shop-ro\/\"},{\"@type\":\"ListItem\",\"position\":3,\"name\":\"Saltea Waterflex Memmory, h-24 \u0441m\"}]},{\"@type\":\"WebSite\",\"@id\":\"https:\/\/mob.md\/ro\/#website\",\"url\":\"https:\/\/mob.md\/ro\/\",\"name\":\"Mob.MD\",\"description\":\"Mob.MD\",\"publisher\":{\"@id\":\"https:\/\/mob.md\/ro\/#organization\"},\"potentialAction\":[{\"@type\":\"SearchAction\",\"target\":{\"@type\":\"EntryPoint\",\"urlTemplate\":\"https:\/\/mob.md\/ro\/?s={search_term_string}\"},\"query-input\":\"required name=search_term_string\"}],\"inLanguage\":\"ro-RO\"},{\"@type\":\"Organization\",\"@id\":\"https:\/\/mob.md\/ro\/#organization\",\"name\":\"Mob.md\",\"url\":\"https:\/\/mob.md\/ro\/\",\"logo\":{\"@type\":\"ImageObject\",\"inLanguage\":\"ro-RO\",\"@id\":\"https:\/\/mob.md\/ro\/#\/schema\/logo\/image\/\",\"url\":\"https:\/\/mob.md\/wp-content\/uploads\/2021\/02\/logo-1.png\",\"contentUrl\":\"https:\/\/mob.md\/wp-content\/uploads\/2021\/02\/logo-1.png\",\"width\":324,\"height\":193,\"caption\":\"Mob.md\"},\"image\":{\"@id\":\"https:\/\/mob.md\/ro\/#\/schema\/logo\/image\/\"},\"sameAs\":[\"https:\/\/www.facebook.com\/Mob.md?locale=ru_RU\",\"https:\/\/www.instagram.com\/mob.md.moldova\/\"]}]}<\/script>\n<!-- \/ Yoast SEO plugin. -->","yoast_head_json":{"title":"\u041a\u0443\u043f\u0438\u0442\u044c Saltea Waterflex Memmory, h-24 \u0441m \u0432 \u041a\u0438\u0448\u0438\u043d\u0435\u0432\u0435 \u0441 \u0434\u043e\u0441\u0442\u0430\u0432\u043a\u043e\u0439 | Mob.MD","robots":{"index":"index","follow":"follow","max-snippet":"max-snippet:-1","max-image-preview":"max-image-preview:large","max-video-preview":"max-video-preview:-1"},"canonical":"https:\/\/mob.md\/ro\/shop-ro\/saltele-ortopedice\/saltele-din-spuma\/saltea-waterflex-memmory-h-24-%d1%81m\/","og_locale":"ro_RO","og_type":"article","og_title":"\u041a\u0443\u043f\u0438\u0442\u044c Saltea Waterflex Memmory, h-24 \u0441m \u0432 \u041a\u0438\u0448\u0438\u043d\u0435\u0432\u0435 \u0441 \u0434\u043e\u0441\u0442\u0430\u0432\u043a\u043e\u0439 | Mob.MD","og_description":"Pute\u0163i procura o saltea \u00een credit, pe termen p\u00e2n\u0103 la 36 luni sau \u00een rate cu 0% dob\u00e2nd\u0103 \u00een decurs de 6 luni. Livrarea este gratuit\u0103 \u00een toat\u0103 \u0163ara. \u201cWaterflex \u2013 este o saltea bilateral\u0103 cu effect \u201eIarn\u0103-Var\u0103\u201e Fabricat \u00een Moldova. Waterflex este o saltea modern\u0103, ortopedic\u0103, cu dou\u0103 fe\u021be, f\u0103r\u0103 arcuri, cu o rigiditate [&hellip;]","og_url":"https:\/\/mob.md\/ro\/shop-ro\/saltele-ortopedice\/saltele-din-spuma\/saltea-waterflex-memmory-h-24-%d1%81m\/","og_site_name":"Mob.MD","article_publisher":"https:\/\/www.facebook.com\/Mob.md?locale=ru_RU","article_modified_time":"2024-11-11T14:54:57+00:00","og_image":[{"width":1024,"height":637,"url":"https:\/\/mob.md\/wp-content\/uploads\/2024\/11\/2-1024x637.png","type":"image\/png"}],"twitter_card":"summary_large_image","twitter_misc":{"Timp estimat pentru citire":"1 minut"},"schema":{"@context":"https:\/\/schema.org","@graph":[{"@type":"WebPage","@id":"https:\/\/mob.md\/ro\/shop-ro\/saltele-ortopedice\/saltele-din-spuma\/saltea-waterflex-memmory-h-24-%d1%81m\/","url":"https:\/\/mob.md\/ro\/shop-ro\/saltele-ortopedice\/saltele-din-spuma\/saltea-waterflex-memmory-h-24-%d1%81m\/","name":"\u041a\u0443\u043f\u0438\u0442\u044c Saltea Waterflex Memmory, h-24 \u0441m \u0432 \u041a\u0438\u0448\u0438\u043d\u0435\u0432\u0435 \u0441 \u0434\u043e\u0441\u0442\u0430\u0432\u043a\u043e\u0439 | Mob.MD","isPartOf":{"@id":"https:\/\/mob.md\/ro\/#website"},"datePublished":"2024-11-11T09:24:14+00:00","dateModified":"2024-11-11T14:54:57+00:00","breadcrumb":{"@id":"https:\/\/mob.md\/ro\/shop-ro\/saltele-ortopedice\/saltele-din-spuma\/saltea-waterflex-memmory-h-24-%d1%81m\/#breadcrumb"},"inLanguage":"ro-RO","potentialAction":[{"@type":"ReadAction","target":["https:\/\/mob.md\/ro\/shop-ro\/saltele-ortopedice\/saltele-din-spuma\/saltea-waterflex-memmory-h-24-%d1%81m\/"]}]},{"@type":"BreadcrumbList","@id":"https:\/\/mob.md\/ro\/shop-ro\/saltele-ortopedice\/saltele-din-spuma\/saltea-waterflex-memmory-h-24-%d1%81m\/#breadcrumb","itemListElement":[{"@type":"ListItem","position":1,"name":"\u0413\u043b\u0430\u0432\u043d\u0430\u044f \u0441\u0442\u0440\u0430\u043d\u0438\u0446\u0430","item":"https:\/\/mob.md\/ro\/"},{"@type":"ListItem","position":2,"name":"Catalog","item":"https:\/\/mob.md\/ro\/shop-ro\/"},{"@type":"ListItem","position":3,"name":"Saltea Waterflex Memmory, h-24 \u0441m"}]},{"@type":"WebSite","@id":"https:\/\/mob.md\/ro\/#website","url":"https:\/\/mob.md\/ro\/","name":"Mob.MD","description":"Mob.MD","publisher":{"@id":"https:\/\/mob.md\/ro\/#organization"},"potentialAction":[{"@type":"SearchAction","target":{"@type":"EntryPoint","urlTemplate":"https:\/\/mob.md\/ro\/?s={search_term_string}"},"query-input":"required name=search_term_string"}],"inLanguage":"ro-RO"},{"@type":"Organization","@id":"https:\/\/mob.md\/ro\/#organization","name":"Mob.md","url":"https:\/\/mob.md\/ro\/","logo":{"@type":"ImageObject","inLanguage":"ro-RO","@id":"https:\/\/mob.md\/ro\/#\/schema\/logo\/image\/","url":"https:\/\/mob.md\/wp-content\/uploads\/2021\/02\/logo-1.png","contentUrl":"https:\/\/mob.md\/wp-content\/uploads\/2021\/02\/logo-1.png","width":324,"height":193,"caption":"Mob.md"},"image":{"@id":"https:\/\/mob.md\/ro\/#\/schema\/logo\/image\/"},"sameAs":["https:\/\/www.facebook.com\/Mob.md?locale=ru_RU","https:\/\/www.instagram.com\/mob.md.moldova\/"]}]}},"_links":{"self":[{"href":"https:\/\/mob.md\/ro\/wp-json\/wp\/v2\/product\/40951"}],"collection":[{"href":"https:\/\/mob.md\/ro\/wp-json\/wp\/v2\/product"}],"about":[{"href":"https:\/\/mob.md\/ro\/wp-json\/wp\/v2\/types\/product"}],"replies":[{"embeddable":true,"href":"https:\/\/mob.md\/ro\/wp-json\/wp\/v2\/comments?post=40951"}],"wp:featuredmedia":[{"embeddable":true,"href":"https:\/\/mob.md\/ro\/wp-json\/wp\/v2\/media\/40957"}],"wp:attachment":[{"href":"https:\/\/mob.md\/ro\/wp-json\/wp\/v2\/media?parent=40951"}],"wp:term":[{"taxonomy":"product_cat","embeddable":true,"href":"https:\/\/mob.md\/ro\/wp-json\/wp\/v2\/product_cat?post=40951"},{"taxonomy":"product_tag","embeddable":true,"href":"https:\/\/mob.md\/ro\/wp-json\/wp\/v2\/product_tag?post=40951"}],"curies":[{"name":"wp","href":"https:\/\/api.w.org\/{rel}","templated":true}]}}