{"id":40974,"date":"2024-11-13T18:56:21","date_gmt":"2024-11-13T15:56:21","guid":{"rendered":"https:\/\/mob.md\/shop\/fara-categorie\/perna-anatomica-paris-herbal\/"},"modified":"2024-11-14T10:58:09","modified_gmt":"2024-11-14T07:58:09","slug":"perna-anatomica-paris-herbal","status":"publish","type":"product","link":"https:\/\/mob.md\/ro\/shop-ro\/saltele-ortopedice\/perne-ortopedice\/perna-anatomica-paris-herbal\/","title":{"rendered":"Perna Anatomica Paris Herbal"},"content":{"rendered":"<p>Perna Anatomica Paris Herbal este potrivita pentru femei \u0219i persoane cu un fizic mai fragil. \u00cen general, acesta este un model mai moale. Con\u021bine extracte de nalb\u0103 s\u0103lbatic\u0103 care favorizeaz\u0103 respira\u021bia u\u0219oar\u0103 \u0219i sporesc efectele relaxante ale somnului. Urmeaz\u0103 contururile \u0219i sus\u021bine coloana vertebral\u0103 \u00een zona vertebrelor cervicale. Perforarea \u00eencruci\u0219at\u0103 a pernei asigur\u0103 o respirabilitate ridicat\u0103.<br \/>\r\nPerna anatomica Materasso Paris Herbal este o perna anatomica moale pentru coloana cervicala. Recomandat femeilor \u0219i persoanelor cu corpul mic. Ofer\u0103 sprijin pentru coloana cervical\u0103 \u0219i promoveaz\u0103 un somn s\u0103n\u0103tos. Forma special\u0103 ajut\u0103 la men\u021binerea pozi\u021biei corecte a capului \u00een timpul somnului, \u00eembun\u0103t\u0103\u021be\u0219te respira\u021bia \u0219i reduce probabilitatea de sfor\u0103it. Dac\u0103 sunte\u021bi \u00een c\u0103utarea unei perne care combin\u0103 confortul luxos cu suportul cervical, alege\u021bi perna noastr\u0103 anatomic\u0103.<\/p>\r\n<p>&nbsp;<\/p>\r\n<p>Perna este format\u0103 din spum\u0103 HERBAL-FOAM. Se caracterizeaz\u0103 printr-o densitate ridicat\u0103 \u0219i un proces unic de turnare. Este moale, aerisit, iar structura sa uniforma asigura o elasticitate consistenta pe termen lung. De asemenea, asigur\u0103 un somn de calitate \u0219i o distribu\u021bie uniform\u0103 a greut\u0103\u021bii corporale. Datorit\u0103 suprafe\u021bei sale moale, suportului delicat al corpului \u0219i elasticit\u0103\u021bii, materialul ofer\u0103 confort \u0219i eficien\u021b\u0103 ridicate. Spuma con\u021bine extract de floare de nalb\u0103 s\u0103lbatic\u0103, care are o arom\u0103 lini\u0219titoare \u0219i dulce. \u00cen Grecia antic\u0103, planta era considerat\u0103 un medicament universal \u0219i era numit\u0103 \u201eregina plantelor medicinale\u201d. Uleiurile esen\u021biale extrase din florile sale favorizeaz\u0103 respira\u021bia u\u0219oar\u0103 \u0219i sporesc efectul relaxant al somnului.<\/p>\r\n<p>&nbsp;<\/p>\r\n<p>Perna este echipat\u0103 cu o hus\u0103 deta\u0219abil\u0103 din LYOCELL (celuloz\u0103) &#8211; acesta este un material cu propriet\u0103\u021bi care sunt preferate pentru produc\u021bia de perne \u0219i saltele. Datorit\u0103 calit\u0103\u021bii \u00eenalte a fibrei, este moale catifelat, \u00ee\u0219i men\u021bine bine forma, acest material este foarte luxos \u0219i pl\u0103cut la atingere. LYOCELL este un produs 100% natural pe baza de celuloza de lemn. LYOCELL absoarbe \u0219i tolereaz\u0103 foarte bine umezeala, se usuc\u0103 rapid, ceea ce face perna extrem de igien\u0103. Materialul este natural antibacterian.<\/p>","protected":false},"excerpt":{"rendered":"<p>Perna Anatomica Paris Herbal este potrivita pentru femei \u0219i persoane cu un fizic mai fragil. \u00cen general, acesta este un model mai moale. Con\u021bine extracte de nalb\u0103 s\u0103lbatic\u0103 care favorizeaz\u0103 respira\u021bia u\u0219oar\u0103 \u0219i sporesc efectele relaxante ale somnului. Urmeaz\u0103 contururile \u0219i sus\u021bine coloana vertebral\u0103 \u00een zona vertebrelor cervicale. Perforarea \u00eencruci\u0219at\u0103 a pernei asigur\u0103 o respirabilitate [&hellip;]<\/p>\n","protected":false},"featured_media":40973,"comment_status":"open","ping_status":"closed","template":"","meta":[],"product_cat":[3267,3933],"product_tag":[],"yoast_head":"<!-- This site is optimized with the Yoast SEO plugin v20.8 - https:\/\/yoast.com\/wordpress\/plugins\/seo\/ -->\n<title>\u041a\u0443\u043f\u0438\u0442\u044c Perna Anatomica Paris Herbal \u0432 \u041a\u0438\u0448\u0438\u043d\u0435\u0432\u0435 \u0441 \u0434\u043e\u0441\u0442\u0430\u0432\u043a\u043e\u0439 | Mob.MD<\/title>\n<meta name=\"robots\" content=\"index, follow, max-snippet:-1, max-image-preview:large, max-video-preview:-1\" \/>\n<link rel=\"canonical\" href=\"https:\/\/mob.md\/ro\/shop-ro\/saltele-ortopedice\/perne-ortopedice\/perna-anatomica-paris-herbal\/\" \/>\n<meta property=\"og:locale\" content=\"ro_RO\" \/>\n<meta property=\"og:type\" content=\"article\" \/>\n<meta property=\"og:title\" content=\"\u041a\u0443\u043f\u0438\u0442\u044c Perna Anatomica Paris Herbal \u0432 \u041a\u0438\u0448\u0438\u043d\u0435\u0432\u0435 \u0441 \u0434\u043e\u0441\u0442\u0430\u0432\u043a\u043e\u0439 | Mob.MD\" \/>\n<meta property=\"og:description\" content=\"Perna Anatomica Paris Herbal este potrivita pentru femei \u0219i persoane cu un fizic mai fragil. \u00cen general, acesta este un model mai moale. Con\u021bine extracte de nalb\u0103 s\u0103lbatic\u0103 care favorizeaz\u0103 respira\u021bia u\u0219oar\u0103 \u0219i sporesc efectele relaxante ale somnului. Urmeaz\u0103 contururile \u0219i sus\u021bine coloana vertebral\u0103 \u00een zona vertebrelor cervicale. Perforarea \u00eencruci\u0219at\u0103 a pernei asigur\u0103 o respirabilitate [&hellip;]\" \/>\n<meta property=\"og:url\" content=\"https:\/\/mob.md\/ro\/shop-ro\/saltele-ortopedice\/perne-ortopedice\/perna-anatomica-paris-herbal\/\" \/>\n<meta property=\"og:site_name\" content=\"Mob.MD\" \/>\n<meta property=\"article:publisher\" content=\"https:\/\/www.facebook.com\/Mob.md?locale=ru_RU\" \/>\n<meta property=\"article:modified_time\" content=\"2024-11-14T07:58:09+00:00\" \/>\n<meta property=\"og:image\" content=\"https:\/\/mob.md\/wp-content\/uploads\/2024\/11\/paris-herbal.jpg\" \/>\n\t<meta property=\"og:image:width\" content=\"1920\" \/>\n\t<meta property=\"og:image:height\" content=\"1200\" \/>\n\t<meta property=\"og:image:type\" content=\"image\/jpeg\" \/>\n<meta name=\"twitter:card\" content=\"summary_large_image\" \/>\n<meta name=\"twitter:label1\" content=\"Timp estimat pentru citire\" \/>\n\t<meta name=\"twitter:data1\" content=\"2 minute\" \/>\n<script type=\"application\/ld+json\" class=\"yoast-schema-graph\">{\"@context\":\"https:\/\/schema.org\",\"@graph\":[{\"@type\":\"WebPage\",\"@id\":\"https:\/\/mob.md\/ro\/shop-ro\/saltele-ortopedice\/perne-ortopedice\/perna-anatomica-paris-herbal\/\",\"url\":\"https:\/\/mob.md\/ro\/shop-ro\/saltele-ortopedice\/perne-ortopedice\/perna-anatomica-paris-herbal\/\",\"name\":\"\u041a\u0443\u043f\u0438\u0442\u044c Perna Anatomica Paris Herbal \u0432 \u041a\u0438\u0448\u0438\u043d\u0435\u0432\u0435 \u0441 \u0434\u043e\u0441\u0442\u0430\u0432\u043a\u043e\u0439 | Mob.MD\",\"isPartOf\":{\"@id\":\"https:\/\/mob.md\/ro\/#website\"},\"datePublished\":\"2024-11-13T15:56:21+00:00\",\"dateModified\":\"2024-11-14T07:58:09+00:00\",\"breadcrumb\":{\"@id\":\"https:\/\/mob.md\/ro\/shop-ro\/saltele-ortopedice\/perne-ortopedice\/perna-anatomica-paris-herbal\/#breadcrumb\"},\"inLanguage\":\"ro-RO\",\"potentialAction\":[{\"@type\":\"ReadAction\",\"target\":[\"https:\/\/mob.md\/ro\/shop-ro\/saltele-ortopedice\/perne-ortopedice\/perna-anatomica-paris-herbal\/\"]}]},{\"@type\":\"BreadcrumbList\",\"@id\":\"https:\/\/mob.md\/ro\/shop-ro\/saltele-ortopedice\/perne-ortopedice\/perna-anatomica-paris-herbal\/#breadcrumb\",\"itemListElement\":[{\"@type\":\"ListItem\",\"position\":1,\"name\":\"\u0413\u043b\u0430\u0432\u043d\u0430\u044f \u0441\u0442\u0440\u0430\u043d\u0438\u0446\u0430\",\"item\":\"https:\/\/mob.md\/ro\/\"},{\"@type\":\"ListItem\",\"position\":2,\"name\":\"Catalog\",\"item\":\"https:\/\/mob.md\/ro\/shop-ro\/\"},{\"@type\":\"ListItem\",\"position\":3,\"name\":\"Perna Anatomica Paris Herbal\"}]},{\"@type\":\"WebSite\",\"@id\":\"https:\/\/mob.md\/ro\/#website\",\"url\":\"https:\/\/mob.md\/ro\/\",\"name\":\"Mob.MD\",\"description\":\"Mob.MD\",\"publisher\":{\"@id\":\"https:\/\/mob.md\/ro\/#organization\"},\"potentialAction\":[{\"@type\":\"SearchAction\",\"target\":{\"@type\":\"EntryPoint\",\"urlTemplate\":\"https:\/\/mob.md\/ro\/?s={search_term_string}\"},\"query-input\":\"required name=search_term_string\"}],\"inLanguage\":\"ro-RO\"},{\"@type\":\"Organization\",\"@id\":\"https:\/\/mob.md\/ro\/#organization\",\"name\":\"Mob.md\",\"url\":\"https:\/\/mob.md\/ro\/\",\"logo\":{\"@type\":\"ImageObject\",\"inLanguage\":\"ro-RO\",\"@id\":\"https:\/\/mob.md\/ro\/#\/schema\/logo\/image\/\",\"url\":\"https:\/\/mob.md\/wp-content\/uploads\/2021\/02\/logo-1.png\",\"contentUrl\":\"https:\/\/mob.md\/wp-content\/uploads\/2021\/02\/logo-1.png\",\"width\":324,\"height\":193,\"caption\":\"Mob.md\"},\"image\":{\"@id\":\"https:\/\/mob.md\/ro\/#\/schema\/logo\/image\/\"},\"sameAs\":[\"https:\/\/www.facebook.com\/Mob.md?locale=ru_RU\",\"https:\/\/www.instagram.com\/mob.md.moldova\/\"]}]}<\/script>\n<!-- \/ Yoast SEO plugin. -->","yoast_head_json":{"title":"\u041a\u0443\u043f\u0438\u0442\u044c Perna Anatomica Paris Herbal \u0432 \u041a\u0438\u0448\u0438\u043d\u0435\u0432\u0435 \u0441 \u0434\u043e\u0441\u0442\u0430\u0432\u043a\u043e\u0439 | Mob.MD","robots":{"index":"index","follow":"follow","max-snippet":"max-snippet:-1","max-image-preview":"max-image-preview:large","max-video-preview":"max-video-preview:-1"},"canonical":"https:\/\/mob.md\/ro\/shop-ro\/saltele-ortopedice\/perne-ortopedice\/perna-anatomica-paris-herbal\/","og_locale":"ro_RO","og_type":"article","og_title":"\u041a\u0443\u043f\u0438\u0442\u044c Perna Anatomica Paris Herbal \u0432 \u041a\u0438\u0448\u0438\u043d\u0435\u0432\u0435 \u0441 \u0434\u043e\u0441\u0442\u0430\u0432\u043a\u043e\u0439 | Mob.MD","og_description":"Perna Anatomica Paris Herbal este potrivita pentru femei \u0219i persoane cu un fizic mai fragil. \u00cen general, acesta este un model mai moale. Con\u021bine extracte de nalb\u0103 s\u0103lbatic\u0103 care favorizeaz\u0103 respira\u021bia u\u0219oar\u0103 \u0219i sporesc efectele relaxante ale somnului. Urmeaz\u0103 contururile \u0219i sus\u021bine coloana vertebral\u0103 \u00een zona vertebrelor cervicale. Perforarea \u00eencruci\u0219at\u0103 a pernei asigur\u0103 o respirabilitate [&hellip;]","og_url":"https:\/\/mob.md\/ro\/shop-ro\/saltele-ortopedice\/perne-ortopedice\/perna-anatomica-paris-herbal\/","og_site_name":"Mob.MD","article_publisher":"https:\/\/www.facebook.com\/Mob.md?locale=ru_RU","article_modified_time":"2024-11-14T07:58:09+00:00","og_image":[{"width":1920,"height":1200,"url":"https:\/\/mob.md\/wp-content\/uploads\/2024\/11\/paris-herbal.jpg","type":"image\/jpeg"}],"twitter_card":"summary_large_image","twitter_misc":{"Timp estimat pentru citire":"2 minute"},"schema":{"@context":"https:\/\/schema.org","@graph":[{"@type":"WebPage","@id":"https:\/\/mob.md\/ro\/shop-ro\/saltele-ortopedice\/perne-ortopedice\/perna-anatomica-paris-herbal\/","url":"https:\/\/mob.md\/ro\/shop-ro\/saltele-ortopedice\/perne-ortopedice\/perna-anatomica-paris-herbal\/","name":"\u041a\u0443\u043f\u0438\u0442\u044c Perna Anatomica Paris Herbal \u0432 \u041a\u0438\u0448\u0438\u043d\u0435\u0432\u0435 \u0441 \u0434\u043e\u0441\u0442\u0430\u0432\u043a\u043e\u0439 | Mob.MD","isPartOf":{"@id":"https:\/\/mob.md\/ro\/#website"},"datePublished":"2024-11-13T15:56:21+00:00","dateModified":"2024-11-14T07:58:09+00:00","breadcrumb":{"@id":"https:\/\/mob.md\/ro\/shop-ro\/saltele-ortopedice\/perne-ortopedice\/perna-anatomica-paris-herbal\/#breadcrumb"},"inLanguage":"ro-RO","potentialAction":[{"@type":"ReadAction","target":["https:\/\/mob.md\/ro\/shop-ro\/saltele-ortopedice\/perne-ortopedice\/perna-anatomica-paris-herbal\/"]}]},{"@type":"BreadcrumbList","@id":"https:\/\/mob.md\/ro\/shop-ro\/saltele-ortopedice\/perne-ortopedice\/perna-anatomica-paris-herbal\/#breadcrumb","itemListElement":[{"@type":"ListItem","position":1,"name":"\u0413\u043b\u0430\u0432\u043d\u0430\u044f \u0441\u0442\u0440\u0430\u043d\u0438\u0446\u0430","item":"https:\/\/mob.md\/ro\/"},{"@type":"ListItem","position":2,"name":"Catalog","item":"https:\/\/mob.md\/ro\/shop-ro\/"},{"@type":"ListItem","position":3,"name":"Perna Anatomica Paris Herbal"}]},{"@type":"WebSite","@id":"https:\/\/mob.md\/ro\/#website","url":"https:\/\/mob.md\/ro\/","name":"Mob.MD","description":"Mob.MD","publisher":{"@id":"https:\/\/mob.md\/ro\/#organization"},"potentialAction":[{"@type":"SearchAction","target":{"@type":"EntryPoint","urlTemplate":"https:\/\/mob.md\/ro\/?s={search_term_string}"},"query-input":"required name=search_term_string"}],"inLanguage":"ro-RO"},{"@type":"Organization","@id":"https:\/\/mob.md\/ro\/#organization","name":"Mob.md","url":"https:\/\/mob.md\/ro\/","logo":{"@type":"ImageObject","inLanguage":"ro-RO","@id":"https:\/\/mob.md\/ro\/#\/schema\/logo\/image\/","url":"https:\/\/mob.md\/wp-content\/uploads\/2021\/02\/logo-1.png","contentUrl":"https:\/\/mob.md\/wp-content\/uploads\/2021\/02\/logo-1.png","width":324,"height":193,"caption":"Mob.md"},"image":{"@id":"https:\/\/mob.md\/ro\/#\/schema\/logo\/image\/"},"sameAs":["https:\/\/www.facebook.com\/Mob.md?locale=ru_RU","https:\/\/www.instagram.com\/mob.md.moldova\/"]}]}},"_links":{"self":[{"href":"https:\/\/mob.md\/ro\/wp-json\/wp\/v2\/product\/40974"}],"collection":[{"href":"https:\/\/mob.md\/ro\/wp-json\/wp\/v2\/product"}],"about":[{"href":"https:\/\/mob.md\/ro\/wp-json\/wp\/v2\/types\/product"}],"replies":[{"embeddable":true,"href":"https:\/\/mob.md\/ro\/wp-json\/wp\/v2\/comments?post=40974"}],"wp:featuredmedia":[{"embeddable":true,"href":"https:\/\/mob.md\/ro\/wp-json\/wp\/v2\/media\/40973"}],"wp:attachment":[{"href":"https:\/\/mob.md\/ro\/wp-json\/wp\/v2\/media?parent=40974"}],"wp:term":[{"taxonomy":"product_cat","embeddable":true,"href":"https:\/\/mob.md\/ro\/wp-json\/wp\/v2\/product_cat?post=40974"},{"taxonomy":"product_tag","embeddable":true,"href":"https:\/\/mob.md\/ro\/wp-json\/wp\/v2\/product_tag?post=40974"}],"curies":[{"name":"wp","href":"https:\/\/api.w.org\/{rel}","templated":true}]}}