{"id":40978,"date":"2024-11-15T13:42:04","date_gmt":"2024-11-15T10:42:04","guid":{"rendered":"https:\/\/mob.md\/shop\/fara-categorie\/perna-ortopedica-klasic\/"},"modified":"2024-11-15T13:49:40","modified_gmt":"2024-11-15T10:49:40","slug":"perna-ortopedica-klasic","status":"publish","type":"product","link":"https:\/\/mob.md\/ro\/shop-ro\/saltele-ortopedice\/perne-ortopedice\/perna-ortopedica-klasic\/","title":{"rendered":"Perna Ortopedica KLASIC"},"content":{"rendered":"<p>Perna Classic este un model de pern\u0103 clasic umplut cu un amestec de fibre u\u0219oare Hollow-Fill \u0219i margele de spum\u0103 PUR Biogreen. Aceast\u0103 umplutur\u0103 ofer\u0103 propriet\u0103\u021bi excelente de pern\u0103 \u0219i durabilitate. Modelul este echipat cu o hus\u0103 deta\u0219abil\u0103 \u0219i o hus\u0103 intern\u0103 cu fermoar, care v\u0103 permite s\u0103 ad\u0103uga\u021bi sau s\u0103 reduce\u021bi cantitatea de umplutur\u0103, precum \u0219i s\u0103 o \u00eenlocui\u021bi dac\u0103 este necesar.<\/p>\r\n<p>Fibr\u0103 Hollow-Fill: Pernele sunt umplute cu fibr\u0103 Hollow-Fill de calitate, cu un tratament cu silicon pentru a le oferi plenitudine, catifelare, respirabilitate, stabilitate \u00een form\u0103 \u0219i volum. Perna \u00ee\u0219i p\u0103streaz\u0103 forma pe toat\u0103 durata de via\u021b\u0103. Perna nu pierde volum nici dupa spalare.<\/p>\r\n<p>Bile BIOGREEN: Bilele sunt fabricate din spum\u0103 natural\u0103 BIOGREEN cu adaos de ulei de ricin, cunoscut pentru propriet\u0103\u021bile sale dezinfectante \u0219i vindec\u0103toare. Bilele Biogreen \u00ee\u0219i p\u0103streaz\u0103 forma \u0219i previn compactarea, prelungind durata de via\u021b\u0103 a pernelor. Extractul de aloe vera \u00een bile \u00eembun\u0103t\u0103\u021be\u0219te igiena, iar aromaterapia promoveaz\u0103 relaxarea \u0219i \u00eembun\u0103t\u0103\u021be\u0219te calitatea somnului.<\/p>","protected":false},"excerpt":{"rendered":"<p>Perna Classic este un model de pern\u0103 clasic umplut cu un amestec de fibre u\u0219oare Hollow-Fill \u0219i margele de spum\u0103 PUR Biogreen. Aceast\u0103 umplutur\u0103 ofer\u0103 propriet\u0103\u021bi excelente de pern\u0103 \u0219i durabilitate. Modelul este echipat cu o hus\u0103 deta\u0219abil\u0103 \u0219i o hus\u0103 intern\u0103 cu fermoar, care v\u0103 permite s\u0103 ad\u0103uga\u021bi sau s\u0103 reduce\u021bi cantitatea de umplutur\u0103, [&hellip;]<\/p>\n","protected":false},"featured_media":40977,"comment_status":"open","ping_status":"closed","template":"","meta":[],"product_cat":[3267,3933],"product_tag":[],"yoast_head":"<!-- This site is optimized with the Yoast SEO plugin v20.8 - https:\/\/yoast.com\/wordpress\/plugins\/seo\/ -->\n<title>\u041a\u0443\u043f\u0438\u0442\u044c Perna Ortopedica KLASIC \u0432 \u041a\u0438\u0448\u0438\u043d\u0435\u0432\u0435 \u0441 \u0434\u043e\u0441\u0442\u0430\u0432\u043a\u043e\u0439 | Mob.MD<\/title>\n<meta name=\"robots\" content=\"index, follow, max-snippet:-1, max-image-preview:large, max-video-preview:-1\" \/>\n<link rel=\"canonical\" href=\"https:\/\/mob.md\/ro\/shop-ro\/saltele-ortopedice\/perne-ortopedice\/perna-ortopedica-klasic\/\" \/>\n<meta property=\"og:locale\" content=\"ro_RO\" \/>\n<meta property=\"og:type\" content=\"article\" \/>\n<meta property=\"og:title\" content=\"\u041a\u0443\u043f\u0438\u0442\u044c Perna Ortopedica KLASIC \u0432 \u041a\u0438\u0448\u0438\u043d\u0435\u0432\u0435 \u0441 \u0434\u043e\u0441\u0442\u0430\u0432\u043a\u043e\u0439 | Mob.MD\" \/>\n<meta property=\"og:description\" content=\"Perna Classic este un model de pern\u0103 clasic umplut cu un amestec de fibre u\u0219oare Hollow-Fill \u0219i margele de spum\u0103 PUR Biogreen. Aceast\u0103 umplutur\u0103 ofer\u0103 propriet\u0103\u021bi excelente de pern\u0103 \u0219i durabilitate. Modelul este echipat cu o hus\u0103 deta\u0219abil\u0103 \u0219i o hus\u0103 intern\u0103 cu fermoar, care v\u0103 permite s\u0103 ad\u0103uga\u021bi sau s\u0103 reduce\u021bi cantitatea de umplutur\u0103, [&hellip;]\" \/>\n<meta property=\"og:url\" content=\"https:\/\/mob.md\/ro\/shop-ro\/saltele-ortopedice\/perne-ortopedice\/perna-ortopedica-klasic\/\" \/>\n<meta property=\"og:site_name\" content=\"Mob.MD\" \/>\n<meta property=\"article:publisher\" content=\"https:\/\/www.facebook.com\/Mob.md?locale=ru_RU\" \/>\n<meta property=\"article:modified_time\" content=\"2024-11-15T10:49:40+00:00\" \/>\n<meta property=\"og:image\" content=\"https:\/\/mob.md\/wp-content\/uploads\/2024\/11\/klasik_70x50_2024-removebg-preview.png\" \/>\n\t<meta property=\"og:image:width\" content=\"620\" \/>\n\t<meta property=\"og:image:height\" content=\"402\" \/>\n\t<meta property=\"og:image:type\" content=\"image\/png\" \/>\n<meta name=\"twitter:card\" content=\"summary_large_image\" \/>\n<meta name=\"twitter:label1\" content=\"Timp estimat pentru citire\" \/>\n\t<meta name=\"twitter:data1\" content=\"1 minut\" \/>\n<script type=\"application\/ld+json\" class=\"yoast-schema-graph\">{\"@context\":\"https:\/\/schema.org\",\"@graph\":[{\"@type\":\"WebPage\",\"@id\":\"https:\/\/mob.md\/ro\/shop-ro\/saltele-ortopedice\/perne-ortopedice\/perna-ortopedica-klasic\/\",\"url\":\"https:\/\/mob.md\/ro\/shop-ro\/saltele-ortopedice\/perne-ortopedice\/perna-ortopedica-klasic\/\",\"name\":\"\u041a\u0443\u043f\u0438\u0442\u044c Perna Ortopedica KLASIC \u0432 \u041a\u0438\u0448\u0438\u043d\u0435\u0432\u0435 \u0441 \u0434\u043e\u0441\u0442\u0430\u0432\u043a\u043e\u0439 | Mob.MD\",\"isPartOf\":{\"@id\":\"https:\/\/mob.md\/ro\/#website\"},\"datePublished\":\"2024-11-15T10:42:04+00:00\",\"dateModified\":\"2024-11-15T10:49:40+00:00\",\"breadcrumb\":{\"@id\":\"https:\/\/mob.md\/ro\/shop-ro\/saltele-ortopedice\/perne-ortopedice\/perna-ortopedica-klasic\/#breadcrumb\"},\"inLanguage\":\"ro-RO\",\"potentialAction\":[{\"@type\":\"ReadAction\",\"target\":[\"https:\/\/mob.md\/ro\/shop-ro\/saltele-ortopedice\/perne-ortopedice\/perna-ortopedica-klasic\/\"]}]},{\"@type\":\"BreadcrumbList\",\"@id\":\"https:\/\/mob.md\/ro\/shop-ro\/saltele-ortopedice\/perne-ortopedice\/perna-ortopedica-klasic\/#breadcrumb\",\"itemListElement\":[{\"@type\":\"ListItem\",\"position\":1,\"name\":\"\u0413\u043b\u0430\u0432\u043d\u0430\u044f \u0441\u0442\u0440\u0430\u043d\u0438\u0446\u0430\",\"item\":\"https:\/\/mob.md\/ro\/\"},{\"@type\":\"ListItem\",\"position\":2,\"name\":\"Catalog\",\"item\":\"https:\/\/mob.md\/ro\/shop-ro\/\"},{\"@type\":\"ListItem\",\"position\":3,\"name\":\"Perna Ortopedica KLASIC\"}]},{\"@type\":\"WebSite\",\"@id\":\"https:\/\/mob.md\/ro\/#website\",\"url\":\"https:\/\/mob.md\/ro\/\",\"name\":\"Mob.MD\",\"description\":\"Mob.MD\",\"publisher\":{\"@id\":\"https:\/\/mob.md\/ro\/#organization\"},\"potentialAction\":[{\"@type\":\"SearchAction\",\"target\":{\"@type\":\"EntryPoint\",\"urlTemplate\":\"https:\/\/mob.md\/ro\/?s={search_term_string}\"},\"query-input\":\"required name=search_term_string\"}],\"inLanguage\":\"ro-RO\"},{\"@type\":\"Organization\",\"@id\":\"https:\/\/mob.md\/ro\/#organization\",\"name\":\"Mob.md\",\"url\":\"https:\/\/mob.md\/ro\/\",\"logo\":{\"@type\":\"ImageObject\",\"inLanguage\":\"ro-RO\",\"@id\":\"https:\/\/mob.md\/ro\/#\/schema\/logo\/image\/\",\"url\":\"https:\/\/mob.md\/wp-content\/uploads\/2021\/02\/logo-1.png\",\"contentUrl\":\"https:\/\/mob.md\/wp-content\/uploads\/2021\/02\/logo-1.png\",\"width\":324,\"height\":193,\"caption\":\"Mob.md\"},\"image\":{\"@id\":\"https:\/\/mob.md\/ro\/#\/schema\/logo\/image\/\"},\"sameAs\":[\"https:\/\/www.facebook.com\/Mob.md?locale=ru_RU\",\"https:\/\/www.instagram.com\/mob.md.moldova\/\"]}]}<\/script>\n<!-- \/ Yoast SEO plugin. -->","yoast_head_json":{"title":"\u041a\u0443\u043f\u0438\u0442\u044c Perna Ortopedica KLASIC \u0432 \u041a\u0438\u0448\u0438\u043d\u0435\u0432\u0435 \u0441 \u0434\u043e\u0441\u0442\u0430\u0432\u043a\u043e\u0439 | Mob.MD","robots":{"index":"index","follow":"follow","max-snippet":"max-snippet:-1","max-image-preview":"max-image-preview:large","max-video-preview":"max-video-preview:-1"},"canonical":"https:\/\/mob.md\/ro\/shop-ro\/saltele-ortopedice\/perne-ortopedice\/perna-ortopedica-klasic\/","og_locale":"ro_RO","og_type":"article","og_title":"\u041a\u0443\u043f\u0438\u0442\u044c Perna Ortopedica KLASIC \u0432 \u041a\u0438\u0448\u0438\u043d\u0435\u0432\u0435 \u0441 \u0434\u043e\u0441\u0442\u0430\u0432\u043a\u043e\u0439 | Mob.MD","og_description":"Perna Classic este un model de pern\u0103 clasic umplut cu un amestec de fibre u\u0219oare Hollow-Fill \u0219i margele de spum\u0103 PUR Biogreen. Aceast\u0103 umplutur\u0103 ofer\u0103 propriet\u0103\u021bi excelente de pern\u0103 \u0219i durabilitate. Modelul este echipat cu o hus\u0103 deta\u0219abil\u0103 \u0219i o hus\u0103 intern\u0103 cu fermoar, care v\u0103 permite s\u0103 ad\u0103uga\u021bi sau s\u0103 reduce\u021bi cantitatea de umplutur\u0103, [&hellip;]","og_url":"https:\/\/mob.md\/ro\/shop-ro\/saltele-ortopedice\/perne-ortopedice\/perna-ortopedica-klasic\/","og_site_name":"Mob.MD","article_publisher":"https:\/\/www.facebook.com\/Mob.md?locale=ru_RU","article_modified_time":"2024-11-15T10:49:40+00:00","og_image":[{"width":620,"height":402,"url":"https:\/\/mob.md\/wp-content\/uploads\/2024\/11\/klasik_70x50_2024-removebg-preview.png","type":"image\/png"}],"twitter_card":"summary_large_image","twitter_misc":{"Timp estimat pentru citire":"1 minut"},"schema":{"@context":"https:\/\/schema.org","@graph":[{"@type":"WebPage","@id":"https:\/\/mob.md\/ro\/shop-ro\/saltele-ortopedice\/perne-ortopedice\/perna-ortopedica-klasic\/","url":"https:\/\/mob.md\/ro\/shop-ro\/saltele-ortopedice\/perne-ortopedice\/perna-ortopedica-klasic\/","name":"\u041a\u0443\u043f\u0438\u0442\u044c Perna Ortopedica KLASIC \u0432 \u041a\u0438\u0448\u0438\u043d\u0435\u0432\u0435 \u0441 \u0434\u043e\u0441\u0442\u0430\u0432\u043a\u043e\u0439 | Mob.MD","isPartOf":{"@id":"https:\/\/mob.md\/ro\/#website"},"datePublished":"2024-11-15T10:42:04+00:00","dateModified":"2024-11-15T10:49:40+00:00","breadcrumb":{"@id":"https:\/\/mob.md\/ro\/shop-ro\/saltele-ortopedice\/perne-ortopedice\/perna-ortopedica-klasic\/#breadcrumb"},"inLanguage":"ro-RO","potentialAction":[{"@type":"ReadAction","target":["https:\/\/mob.md\/ro\/shop-ro\/saltele-ortopedice\/perne-ortopedice\/perna-ortopedica-klasic\/"]}]},{"@type":"BreadcrumbList","@id":"https:\/\/mob.md\/ro\/shop-ro\/saltele-ortopedice\/perne-ortopedice\/perna-ortopedica-klasic\/#breadcrumb","itemListElement":[{"@type":"ListItem","position":1,"name":"\u0413\u043b\u0430\u0432\u043d\u0430\u044f \u0441\u0442\u0440\u0430\u043d\u0438\u0446\u0430","item":"https:\/\/mob.md\/ro\/"},{"@type":"ListItem","position":2,"name":"Catalog","item":"https:\/\/mob.md\/ro\/shop-ro\/"},{"@type":"ListItem","position":3,"name":"Perna Ortopedica KLASIC"}]},{"@type":"WebSite","@id":"https:\/\/mob.md\/ro\/#website","url":"https:\/\/mob.md\/ro\/","name":"Mob.MD","description":"Mob.MD","publisher":{"@id":"https:\/\/mob.md\/ro\/#organization"},"potentialAction":[{"@type":"SearchAction","target":{"@type":"EntryPoint","urlTemplate":"https:\/\/mob.md\/ro\/?s={search_term_string}"},"query-input":"required name=search_term_string"}],"inLanguage":"ro-RO"},{"@type":"Organization","@id":"https:\/\/mob.md\/ro\/#organization","name":"Mob.md","url":"https:\/\/mob.md\/ro\/","logo":{"@type":"ImageObject","inLanguage":"ro-RO","@id":"https:\/\/mob.md\/ro\/#\/schema\/logo\/image\/","url":"https:\/\/mob.md\/wp-content\/uploads\/2021\/02\/logo-1.png","contentUrl":"https:\/\/mob.md\/wp-content\/uploads\/2021\/02\/logo-1.png","width":324,"height":193,"caption":"Mob.md"},"image":{"@id":"https:\/\/mob.md\/ro\/#\/schema\/logo\/image\/"},"sameAs":["https:\/\/www.facebook.com\/Mob.md?locale=ru_RU","https:\/\/www.instagram.com\/mob.md.moldova\/"]}]}},"_links":{"self":[{"href":"https:\/\/mob.md\/ro\/wp-json\/wp\/v2\/product\/40978"}],"collection":[{"href":"https:\/\/mob.md\/ro\/wp-json\/wp\/v2\/product"}],"about":[{"href":"https:\/\/mob.md\/ro\/wp-json\/wp\/v2\/types\/product"}],"replies":[{"embeddable":true,"href":"https:\/\/mob.md\/ro\/wp-json\/wp\/v2\/comments?post=40978"}],"wp:featuredmedia":[{"embeddable":true,"href":"https:\/\/mob.md\/ro\/wp-json\/wp\/v2\/media\/40977"}],"wp:attachment":[{"href":"https:\/\/mob.md\/ro\/wp-json\/wp\/v2\/media?parent=40978"}],"wp:term":[{"taxonomy":"product_cat","embeddable":true,"href":"https:\/\/mob.md\/ro\/wp-json\/wp\/v2\/product_cat?post=40978"},{"taxonomy":"product_tag","embeddable":true,"href":"https:\/\/mob.md\/ro\/wp-json\/wp\/v2\/product_tag?post=40978"}],"curies":[{"name":"wp","href":"https:\/\/api.w.org\/{rel}","templated":true}]}}