{"id":41196,"date":"2024-11-20T18:10:05","date_gmt":"2024-11-20T15:10:05","guid":{"rendered":"https:\/\/mob.md\/shop\/fara-categorie\/pat-kids-line-1\/"},"modified":"2025-04-07T14:35:30","modified_gmt":"2025-04-07T11:35:30","slug":"pat-kids-line-1","status":"publish","type":"product","link":"https:\/\/mob.md\/ro\/shop-ro\/paturi\/paturi-pentru-copii-2\/pat-kids-line-1\/","title":{"rendered":"Pat KIDS LINE 1"},"content":{"rendered":"<p>Soft Bed Kids Line 1 Teddy Bear cu tapi\u021berie moale \u0219i cutie de depozitare.<br \/>\r\nVrei s\u0103 transformi camera copiilor t\u0103i \u00eentr-un loc magic \u00een care fiecare vis devine o aventur\u0103 unic\u0103? Descoperi\u021bi patul moale unic Kids Line 1, care nu numai c\u0103 va satisface a\u0219tept\u0103rile bebelu\u0219ului dvs., dar va \u00eenc\u00e2nta \u0219i p\u0103rin\u021bii prin combina\u021bia sa de siguran\u021b\u0103, confort \u0219i farmec de designer. Forma de ursule\u021b dr\u0103gu\u021b \u00ee\u021bi va transporta copilul \u00eentr-o lume a imagina\u021biei, cre\u00e2nd un spa\u021biu de neuitat pentru dormit \u0219i joac\u0103.<\/p>\r\n<p>Factori care vor face din patul Kids Line 1 locul preferat de odihn\u0103 al copilului t\u0103u:<\/p>\r\n<p>Dotat cu un compartiment special de depozitare, acest produs ofer\u0103 spa\u021biu suplimentar de depozitare pentru comori valoroase.<br \/>\r\nSiguran\u021b\u0103 pentru cei mai tineri membri ai familiei &#8211; f\u0103r\u0103 margini ascu\u021bite \u0219i tapi\u021berie pl\u0103cut\u0103 la atingere.<br \/>\r\nDesignul ursule\u021bului \u00eei face pe copii s\u0103-\u0219i doreasc\u0103 s\u0103 revin\u0103 la el dup\u0103 o zi de aventur\u0103.<br \/>\r\nMateriale durabile &#8211; cadrul este a\u0219ezat pe un cadru metalic rezistent \u0219i material de tapi\u021berie de \u00eenalt\u0103 calitate.<br \/>\r\nSprijin\u0103 dezvoltarea \u2013 stimul\u00e2nd independen\u021ba copilului, deoarece cheia dezvolt\u0103rii lui este s\u0103 doarm\u0103 singur noaptea.<br \/>\r\nMateriale HIPOALERGENICE<br \/>\r\nPreferin\u021bele juniorilor se schimb\u0103 adesea. Am implementat o solu\u021bie care nu numai c\u0103 prelunge\u0219te durata de via\u021b\u0103 a patului, dar extinde \u0219i gama de recipiente pentru a include chiar \u0219i cei mai \u00een v\u00e2rst\u0103. Adorabilele urechi de ursule\u021b de plu\u0219 se vor potrivi perfect \u00eentr-o camer\u0103 modern\u0103 a copiilor, decor\u00e2nd-o \u0219i aduc\u00e2nd o mare bucurie copiilor mici. C\u00e2nd micu\u021bul t\u0103u va cre\u0219te \u0219i este timpul s\u0103-\u021bi iei r\u0103mas bun de la dr\u0103gu\u021bul p\u0103tu\u021b de ursule\u021b, pur \u0219i simplu scoate urechile \u0219i acesta se va transforma \u00eentr-un p\u0103tu\u021b elegant \u0219i confortabil de 90&#215;200 cm Acum ne putem bucura de stil modern \u0219i de confort \u00een urm\u0103toarea etap\u0103 de dezvoltare .<\/p>\r\n<p>Acest pat unic de o persoan\u0103 este perfect pentru copiii de toate v\u00e2rstele \u0219i cre\u0219te odat\u0103 cu ei. Va func\u021biona bine fie ca pat pentru fete, fie ca pat pentru b\u0103iat.<\/p>","protected":false},"excerpt":{"rendered":"<p>Soft Bed Kids Line 1 Teddy Bear cu tapi\u021berie moale \u0219i cutie de depozitare. Vrei s\u0103 transformi camera copiilor t\u0103i \u00eentr-un loc magic \u00een care fiecare vis devine o aventur\u0103 unic\u0103? Descoperi\u021bi patul moale unic Kids Line 1, care nu numai c\u0103 va satisface a\u0219tept\u0103rile bebelu\u0219ului dvs., dar va \u00eenc\u00e2nta \u0219i p\u0103rin\u021bii prin combina\u021bia sa [&hellip;]<\/p>\n","protected":false},"featured_media":41148,"comment_status":"open","ping_status":"closed","template":"","meta":[],"product_cat":[3273,3984,3308],"product_tag":[],"yoast_head":"<!-- This site is optimized with the Yoast SEO plugin v20.8 - https:\/\/yoast.com\/wordpress\/plugins\/seo\/ -->\n<title>\u041a\u0443\u043f\u0438\u0442\u044c Pat KIDS LINE 1 \u0432 \u041a\u0438\u0448\u0438\u043d\u0435\u0432\u0435 \u0441 \u0434\u043e\u0441\u0442\u0430\u0432\u043a\u043e\u0439 | Mob.MD<\/title>\n<meta name=\"robots\" content=\"index, follow, max-snippet:-1, max-image-preview:large, max-video-preview:-1\" \/>\n<link rel=\"canonical\" href=\"https:\/\/mob.md\/ro\/shop-ro\/paturi\/paturi-pentru-copii-2\/pat-kids-line-1\/\" \/>\n<meta property=\"og:locale\" content=\"ro_RO\" \/>\n<meta property=\"og:type\" content=\"article\" \/>\n<meta property=\"og:title\" content=\"\u041a\u0443\u043f\u0438\u0442\u044c Pat KIDS LINE 1 \u0432 \u041a\u0438\u0448\u0438\u043d\u0435\u0432\u0435 \u0441 \u0434\u043e\u0441\u0442\u0430\u0432\u043a\u043e\u0439 | Mob.MD\" \/>\n<meta property=\"og:description\" content=\"Soft Bed Kids Line 1 Teddy Bear cu tapi\u021berie moale \u0219i cutie de depozitare. Vrei s\u0103 transformi camera copiilor t\u0103i \u00eentr-un loc magic \u00een care fiecare vis devine o aventur\u0103 unic\u0103? Descoperi\u021bi patul moale unic Kids Line 1, care nu numai c\u0103 va satisface a\u0219tept\u0103rile bebelu\u0219ului dvs., dar va \u00eenc\u00e2nta \u0219i p\u0103rin\u021bii prin combina\u021bia sa [&hellip;]\" \/>\n<meta property=\"og:url\" content=\"https:\/\/mob.md\/ro\/shop-ro\/paturi\/paturi-pentru-copii-2\/pat-kids-line-1\/\" \/>\n<meta property=\"og:site_name\" content=\"Mob.MD\" \/>\n<meta property=\"article:publisher\" content=\"https:\/\/www.facebook.com\/Mob.md?locale=ru_RU\" \/>\n<meta property=\"article:modified_time\" content=\"2025-04-07T11:35:30+00:00\" \/>\n<meta property=\"og:image\" content=\"https:\/\/mob.md\/wp-content\/uploads\/2024\/11\/kids_-line-1_misiek_tapicerowane_bez_.jpg\" \/>\n\t<meta property=\"og:image:width\" content=\"1100\" \/>\n\t<meta property=\"og:image:height\" content=\"825\" \/>\n\t<meta property=\"og:image:type\" content=\"image\/jpeg\" \/>\n<meta name=\"twitter:card\" content=\"summary_large_image\" \/>\n<meta name=\"twitter:label1\" content=\"Timp estimat pentru citire\" \/>\n\t<meta name=\"twitter:data1\" content=\"2 minute\" \/>\n<script type=\"application\/ld+json\" class=\"yoast-schema-graph\">{\"@context\":\"https:\/\/schema.org\",\"@graph\":[{\"@type\":\"WebPage\",\"@id\":\"https:\/\/mob.md\/ro\/shop-ro\/paturi\/paturi-pentru-copii-2\/pat-kids-line-1\/\",\"url\":\"https:\/\/mob.md\/ro\/shop-ro\/paturi\/paturi-pentru-copii-2\/pat-kids-line-1\/\",\"name\":\"\u041a\u0443\u043f\u0438\u0442\u044c Pat KIDS LINE 1 \u0432 \u041a\u0438\u0448\u0438\u043d\u0435\u0432\u0435 \u0441 \u0434\u043e\u0441\u0442\u0430\u0432\u043a\u043e\u0439 | Mob.MD\",\"isPartOf\":{\"@id\":\"https:\/\/mob.md\/ro\/#website\"},\"datePublished\":\"2024-11-20T15:10:05+00:00\",\"dateModified\":\"2025-04-07T11:35:30+00:00\",\"breadcrumb\":{\"@id\":\"https:\/\/mob.md\/ro\/shop-ro\/paturi\/paturi-pentru-copii-2\/pat-kids-line-1\/#breadcrumb\"},\"inLanguage\":\"ro-RO\",\"potentialAction\":[{\"@type\":\"ReadAction\",\"target\":[\"https:\/\/mob.md\/ro\/shop-ro\/paturi\/paturi-pentru-copii-2\/pat-kids-line-1\/\"]}]},{\"@type\":\"BreadcrumbList\",\"@id\":\"https:\/\/mob.md\/ro\/shop-ro\/paturi\/paturi-pentru-copii-2\/pat-kids-line-1\/#breadcrumb\",\"itemListElement\":[{\"@type\":\"ListItem\",\"position\":1,\"name\":\"\u0413\u043b\u0430\u0432\u043d\u0430\u044f \u0441\u0442\u0440\u0430\u043d\u0438\u0446\u0430\",\"item\":\"https:\/\/mob.md\/ro\/\"},{\"@type\":\"ListItem\",\"position\":2,\"name\":\"Catalog\",\"item\":\"https:\/\/mob.md\/ro\/shop-ro\/\"},{\"@type\":\"ListItem\",\"position\":3,\"name\":\"Pat KIDS LINE 1\"}]},{\"@type\":\"WebSite\",\"@id\":\"https:\/\/mob.md\/ro\/#website\",\"url\":\"https:\/\/mob.md\/ro\/\",\"name\":\"Mob.MD\",\"description\":\"Mob.MD\",\"publisher\":{\"@id\":\"https:\/\/mob.md\/ro\/#organization\"},\"potentialAction\":[{\"@type\":\"SearchAction\",\"target\":{\"@type\":\"EntryPoint\",\"urlTemplate\":\"https:\/\/mob.md\/ro\/?s={search_term_string}\"},\"query-input\":\"required name=search_term_string\"}],\"inLanguage\":\"ro-RO\"},{\"@type\":\"Organization\",\"@id\":\"https:\/\/mob.md\/ro\/#organization\",\"name\":\"Mob.md\",\"url\":\"https:\/\/mob.md\/ro\/\",\"logo\":{\"@type\":\"ImageObject\",\"inLanguage\":\"ro-RO\",\"@id\":\"https:\/\/mob.md\/ro\/#\/schema\/logo\/image\/\",\"url\":\"https:\/\/mob.md\/wp-content\/uploads\/2021\/02\/logo-1.png\",\"contentUrl\":\"https:\/\/mob.md\/wp-content\/uploads\/2021\/02\/logo-1.png\",\"width\":324,\"height\":193,\"caption\":\"Mob.md\"},\"image\":{\"@id\":\"https:\/\/mob.md\/ro\/#\/schema\/logo\/image\/\"},\"sameAs\":[\"https:\/\/www.facebook.com\/Mob.md?locale=ru_RU\",\"https:\/\/www.instagram.com\/mob.md.moldova\/\"]}]}<\/script>\n<!-- \/ Yoast SEO plugin. -->","yoast_head_json":{"title":"\u041a\u0443\u043f\u0438\u0442\u044c Pat KIDS LINE 1 \u0432 \u041a\u0438\u0448\u0438\u043d\u0435\u0432\u0435 \u0441 \u0434\u043e\u0441\u0442\u0430\u0432\u043a\u043e\u0439 | Mob.MD","robots":{"index":"index","follow":"follow","max-snippet":"max-snippet:-1","max-image-preview":"max-image-preview:large","max-video-preview":"max-video-preview:-1"},"canonical":"https:\/\/mob.md\/ro\/shop-ro\/paturi\/paturi-pentru-copii-2\/pat-kids-line-1\/","og_locale":"ro_RO","og_type":"article","og_title":"\u041a\u0443\u043f\u0438\u0442\u044c Pat KIDS LINE 1 \u0432 \u041a\u0438\u0448\u0438\u043d\u0435\u0432\u0435 \u0441 \u0434\u043e\u0441\u0442\u0430\u0432\u043a\u043e\u0439 | Mob.MD","og_description":"Soft Bed Kids Line 1 Teddy Bear cu tapi\u021berie moale \u0219i cutie de depozitare. Vrei s\u0103 transformi camera copiilor t\u0103i \u00eentr-un loc magic \u00een care fiecare vis devine o aventur\u0103 unic\u0103? Descoperi\u021bi patul moale unic Kids Line 1, care nu numai c\u0103 va satisface a\u0219tept\u0103rile bebelu\u0219ului dvs., dar va \u00eenc\u00e2nta \u0219i p\u0103rin\u021bii prin combina\u021bia sa [&hellip;]","og_url":"https:\/\/mob.md\/ro\/shop-ro\/paturi\/paturi-pentru-copii-2\/pat-kids-line-1\/","og_site_name":"Mob.MD","article_publisher":"https:\/\/www.facebook.com\/Mob.md?locale=ru_RU","article_modified_time":"2025-04-07T11:35:30+00:00","og_image":[{"width":1100,"height":825,"url":"https:\/\/mob.md\/wp-content\/uploads\/2024\/11\/kids_-line-1_misiek_tapicerowane_bez_.jpg","type":"image\/jpeg"}],"twitter_card":"summary_large_image","twitter_misc":{"Timp estimat pentru citire":"2 minute"},"schema":{"@context":"https:\/\/schema.org","@graph":[{"@type":"WebPage","@id":"https:\/\/mob.md\/ro\/shop-ro\/paturi\/paturi-pentru-copii-2\/pat-kids-line-1\/","url":"https:\/\/mob.md\/ro\/shop-ro\/paturi\/paturi-pentru-copii-2\/pat-kids-line-1\/","name":"\u041a\u0443\u043f\u0438\u0442\u044c Pat KIDS LINE 1 \u0432 \u041a\u0438\u0448\u0438\u043d\u0435\u0432\u0435 \u0441 \u0434\u043e\u0441\u0442\u0430\u0432\u043a\u043e\u0439 | Mob.MD","isPartOf":{"@id":"https:\/\/mob.md\/ro\/#website"},"datePublished":"2024-11-20T15:10:05+00:00","dateModified":"2025-04-07T11:35:30+00:00","breadcrumb":{"@id":"https:\/\/mob.md\/ro\/shop-ro\/paturi\/paturi-pentru-copii-2\/pat-kids-line-1\/#breadcrumb"},"inLanguage":"ro-RO","potentialAction":[{"@type":"ReadAction","target":["https:\/\/mob.md\/ro\/shop-ro\/paturi\/paturi-pentru-copii-2\/pat-kids-line-1\/"]}]},{"@type":"BreadcrumbList","@id":"https:\/\/mob.md\/ro\/shop-ro\/paturi\/paturi-pentru-copii-2\/pat-kids-line-1\/#breadcrumb","itemListElement":[{"@type":"ListItem","position":1,"name":"\u0413\u043b\u0430\u0432\u043d\u0430\u044f \u0441\u0442\u0440\u0430\u043d\u0438\u0446\u0430","item":"https:\/\/mob.md\/ro\/"},{"@type":"ListItem","position":2,"name":"Catalog","item":"https:\/\/mob.md\/ro\/shop-ro\/"},{"@type":"ListItem","position":3,"name":"Pat KIDS LINE 1"}]},{"@type":"WebSite","@id":"https:\/\/mob.md\/ro\/#website","url":"https:\/\/mob.md\/ro\/","name":"Mob.MD","description":"Mob.MD","publisher":{"@id":"https:\/\/mob.md\/ro\/#organization"},"potentialAction":[{"@type":"SearchAction","target":{"@type":"EntryPoint","urlTemplate":"https:\/\/mob.md\/ro\/?s={search_term_string}"},"query-input":"required name=search_term_string"}],"inLanguage":"ro-RO"},{"@type":"Organization","@id":"https:\/\/mob.md\/ro\/#organization","name":"Mob.md","url":"https:\/\/mob.md\/ro\/","logo":{"@type":"ImageObject","inLanguage":"ro-RO","@id":"https:\/\/mob.md\/ro\/#\/schema\/logo\/image\/","url":"https:\/\/mob.md\/wp-content\/uploads\/2021\/02\/logo-1.png","contentUrl":"https:\/\/mob.md\/wp-content\/uploads\/2021\/02\/logo-1.png","width":324,"height":193,"caption":"Mob.md"},"image":{"@id":"https:\/\/mob.md\/ro\/#\/schema\/logo\/image\/"},"sameAs":["https:\/\/www.facebook.com\/Mob.md?locale=ru_RU","https:\/\/www.instagram.com\/mob.md.moldova\/"]}]}},"_links":{"self":[{"href":"https:\/\/mob.md\/ro\/wp-json\/wp\/v2\/product\/41196"}],"collection":[{"href":"https:\/\/mob.md\/ro\/wp-json\/wp\/v2\/product"}],"about":[{"href":"https:\/\/mob.md\/ro\/wp-json\/wp\/v2\/types\/product"}],"replies":[{"embeddable":true,"href":"https:\/\/mob.md\/ro\/wp-json\/wp\/v2\/comments?post=41196"}],"wp:featuredmedia":[{"embeddable":true,"href":"https:\/\/mob.md\/ro\/wp-json\/wp\/v2\/media\/41148"}],"wp:attachment":[{"href":"https:\/\/mob.md\/ro\/wp-json\/wp\/v2\/media?parent=41196"}],"wp:term":[{"taxonomy":"product_cat","embeddable":true,"href":"https:\/\/mob.md\/ro\/wp-json\/wp\/v2\/product_cat?post=41196"},{"taxonomy":"product_tag","embeddable":true,"href":"https:\/\/mob.md\/ro\/wp-json\/wp\/v2\/product_tag?post=41196"}],"curies":[{"name":"wp","href":"https:\/\/api.w.org\/{rel}","templated":true}]}}