{"id":42075,"date":"2025-11-25T11:57:27","date_gmt":"2025-11-25T08:57:27","guid":{"rendered":"https:\/\/mob.md\/?post_type=product&#038;p=42075"},"modified":"2025-11-25T14:00:46","modified_gmt":"2025-11-25T11:00:46","slug":"pat-tom","status":"publish","type":"product","link":"https:\/\/mob.md\/ro\/shop-ro\/paturi\/paturi-pentru-copii-2\/pat-tom\/","title":{"rendered":"Pat Tom"},"content":{"rendered":"<p><strong>Pat Tom cu tapi\u021berie moale \u0219i practic\u0103 din \u021bes\u0103tur\u0103 Velvet. <\/strong>Crea\u021bi spa\u021biul perfect pentru dormit cu patul nostru Tom tapi\u021bat. Nu este doar un loc confortabil de odihn\u0103, ci \u0219i un accent elegant care se va \u00eembina armonios cu decorul oric\u0103rei camere. Acest pat combin\u0103 func\u021bionalitatea \u0219i estetica, devenind un loc propice at\u00e2t odihnei fizice, c\u00e2t \u0219i lini\u0219tii suflete\u0219ti.<\/p>\r\n<p><strong>Factorii care vor face din patul Tom un loc preferat pentru fiecare membru al familiei Dumneavoastre:<\/strong><\/p>\r\n<ul>\r\n<li><strong>Somn confortabil \u0219i odihnitor garantat, permi\u021b\u00e2ndu-v\u0103 s\u0103 v\u0103 recupera\u021bi.<\/li>\r\n<li><strong>Siguran\u021b\u0103 \u2013<\/strong> Produsele noastre prezint\u0103 un design ergonomic, f\u0103r\u0103 margini ascu\u021bite \u0219i o tapi\u021berie moale, pl\u0103cut\u0103 la atingere.<\/li>\r\n<li><strong>Forma dreptunghiular\u0103, clasic\u0103 \u2013 asigur\u0103 o utilizare perfect\u0103 universal\u0103 pentru copii, adolescen\u021bi \u0219i adul\u021bi.<\/li>\r\n<li><strong>Construc\u021bie durabil\u0103 \u2013<\/strong> patul e bazat pe un cadru metalic durabil, e tapi\u021bat cu material textil de \u00eenalt\u0103 calitate, asigur\u00e2nd durabilitate \u0219i elegan\u021b\u0103.<\/li>\r\n<li><strong>Materiale HIPOALERGENICE.<\/strong><\/li>\r\n<li><strong>Compartiment cu mecanism de ridicare pentru depozitarea lenjeriei de pat.<\/strong><\/li>\r\n<\/ul>\r\n<p>Patul dispune de un mecanism de ridicare cu lamele flexibile din lemn de mesteac\u0103n ata\u0219ate la un cadru metalic durabil, asigur\u00e2nd un suport perfect pe \u00eentreaga suprafa\u021b\u0103. Tapi\u021beria moale din catifea \u0219i marginile rotunjite asigur\u0103 confort \u0219i siguran\u021b\u0103 \u00een timpul somnului.<\/p>\r\n<p>Acest pat va satisface perfect nevoile persoanelor de toate v\u00e2rstele. Este o alegere excelent\u0103 at\u00e2t pentru copii, c\u00e2t \u0219i pentru adul\u021bi. Este mai mult dec\u00e2t o simpl\u0103 pies\u0103 de mobilier. Este o investi\u021bie \u00een somnul bun \u0219i s\u0103n\u0103tatea familiei Dumneavoastr\u0103. Alege\u021bi un pat care nu numai c\u0103 va satisface, dar \u0219i va dep\u0103\u0219i a\u0219tept\u0103rile Dumneavoastr\u0103. <strong>Oferi\u021bi-v\u0103 ce e mai bun &#8211; \u00eel merita\u021bi!<\/strong><\/p>","protected":false},"excerpt":{"rendered":"<p>Pat Tom cu tapi\u021berie moale \u0219i practic\u0103 din \u021bes\u0103tur\u0103 Velvet. Crea\u021bi spa\u021biul perfect pentru dormit cu patul nostru Tom tapi\u021bat. Nu este doar un loc confortabil de odihn\u0103, ci \u0219i un accent elegant care se va \u00eembina armonios cu decorul oric\u0103rei camere. Acest pat combin\u0103 func\u021bionalitatea \u0219i estetica, devenind un loc propice at\u00e2t odihnei fizice, [&hellip;]<\/p>\n","protected":false},"featured_media":42079,"comment_status":"open","ping_status":"closed","template":"","meta":[],"product_cat":[3273,3249,3984,3308,3313,3248],"product_tag":[],"yoast_head":"<!-- This site is optimized with the Yoast SEO plugin v20.8 - https:\/\/yoast.com\/wordpress\/plugins\/seo\/ -->\n<title>\u041a\u0443\u043f\u0438\u0442\u044c Pat Tom \u0432 \u041a\u0438\u0448\u0438\u043d\u0435\u0432\u0435 \u0441 \u0434\u043e\u0441\u0442\u0430\u0432\u043a\u043e\u0439 | Mob.MD<\/title>\n<meta name=\"robots\" content=\"index, follow, max-snippet:-1, max-image-preview:large, max-video-preview:-1\" \/>\n<link rel=\"canonical\" href=\"https:\/\/mob.md\/ro\/shop-ro\/paturi\/paturi-pentru-copii-2\/pat-tom\/\" \/>\n<meta property=\"og:locale\" content=\"ro_RO\" \/>\n<meta property=\"og:type\" content=\"article\" \/>\n<meta property=\"og:title\" content=\"\u041a\u0443\u043f\u0438\u0442\u044c Pat Tom \u0432 \u041a\u0438\u0448\u0438\u043d\u0435\u0432\u0435 \u0441 \u0434\u043e\u0441\u0442\u0430\u0432\u043a\u043e\u0439 | Mob.MD\" \/>\n<meta property=\"og:description\" content=\"Pat Tom cu tapi\u021berie moale \u0219i practic\u0103 din \u021bes\u0103tur\u0103 Velvet. Crea\u021bi spa\u021biul perfect pentru dormit cu patul nostru Tom tapi\u021bat. Nu este doar un loc confortabil de odihn\u0103, ci \u0219i un accent elegant care se va \u00eembina armonios cu decorul oric\u0103rei camere. Acest pat combin\u0103 func\u021bionalitatea \u0219i estetica, devenind un loc propice at\u00e2t odihnei fizice, [&hellip;]\" \/>\n<meta property=\"og:url\" content=\"https:\/\/mob.md\/ro\/shop-ro\/paturi\/paturi-pentru-copii-2\/pat-tom\/\" \/>\n<meta property=\"og:site_name\" content=\"Mob.MD\" \/>\n<meta property=\"article:publisher\" content=\"https:\/\/www.facebook.com\/Mob.md?locale=ru_RU\" \/>\n<meta property=\"article:modified_time\" content=\"2025-11-25T11:00:46+00:00\" \/>\n<meta property=\"og:image\" content=\"https:\/\/mob.md\/wp-content\/uploads\/2025\/11\/tapcian_tom_olive.jpg\" \/>\n\t<meta property=\"og:image:width\" content=\"400\" \/>\n\t<meta property=\"og:image:height\" content=\"300\" \/>\n\t<meta property=\"og:image:type\" content=\"image\/jpeg\" \/>\n<meta name=\"twitter:card\" content=\"summary_large_image\" \/>\n<meta name=\"twitter:label1\" content=\"Timp estimat pentru citire\" \/>\n\t<meta name=\"twitter:data1\" content=\"2 minute\" \/>\n<script type=\"application\/ld+json\" class=\"yoast-schema-graph\">{\"@context\":\"https:\/\/schema.org\",\"@graph\":[{\"@type\":\"WebPage\",\"@id\":\"https:\/\/mob.md\/ro\/shop-ro\/paturi\/paturi-pentru-copii-2\/pat-tom\/\",\"url\":\"https:\/\/mob.md\/ro\/shop-ro\/paturi\/paturi-pentru-copii-2\/pat-tom\/\",\"name\":\"\u041a\u0443\u043f\u0438\u0442\u044c Pat Tom \u0432 \u041a\u0438\u0448\u0438\u043d\u0435\u0432\u0435 \u0441 \u0434\u043e\u0441\u0442\u0430\u0432\u043a\u043e\u0439 | Mob.MD\",\"isPartOf\":{\"@id\":\"https:\/\/mob.md\/ro\/#website\"},\"datePublished\":\"2025-11-25T08:57:27+00:00\",\"dateModified\":\"2025-11-25T11:00:46+00:00\",\"breadcrumb\":{\"@id\":\"https:\/\/mob.md\/ro\/shop-ro\/paturi\/paturi-pentru-copii-2\/pat-tom\/#breadcrumb\"},\"inLanguage\":\"ro-RO\",\"potentialAction\":[{\"@type\":\"ReadAction\",\"target\":[\"https:\/\/mob.md\/ro\/shop-ro\/paturi\/paturi-pentru-copii-2\/pat-tom\/\"]}]},{\"@type\":\"BreadcrumbList\",\"@id\":\"https:\/\/mob.md\/ro\/shop-ro\/paturi\/paturi-pentru-copii-2\/pat-tom\/#breadcrumb\",\"itemListElement\":[{\"@type\":\"ListItem\",\"position\":1,\"name\":\"\u0413\u043b\u0430\u0432\u043d\u0430\u044f \u0441\u0442\u0440\u0430\u043d\u0438\u0446\u0430\",\"item\":\"https:\/\/mob.md\/ro\/\"},{\"@type\":\"ListItem\",\"position\":2,\"name\":\"Catalog\",\"item\":\"https:\/\/mob.md\/ro\/shop-ro\/\"},{\"@type\":\"ListItem\",\"position\":3,\"name\":\"Pat Tom\"}]},{\"@type\":\"WebSite\",\"@id\":\"https:\/\/mob.md\/ro\/#website\",\"url\":\"https:\/\/mob.md\/ro\/\",\"name\":\"Mob.MD\",\"description\":\"Mob.MD\",\"publisher\":{\"@id\":\"https:\/\/mob.md\/ro\/#organization\"},\"potentialAction\":[{\"@type\":\"SearchAction\",\"target\":{\"@type\":\"EntryPoint\",\"urlTemplate\":\"https:\/\/mob.md\/ro\/?s={search_term_string}\"},\"query-input\":\"required name=search_term_string\"}],\"inLanguage\":\"ro-RO\"},{\"@type\":\"Organization\",\"@id\":\"https:\/\/mob.md\/ro\/#organization\",\"name\":\"Mob.md\",\"url\":\"https:\/\/mob.md\/ro\/\",\"logo\":{\"@type\":\"ImageObject\",\"inLanguage\":\"ro-RO\",\"@id\":\"https:\/\/mob.md\/ro\/#\/schema\/logo\/image\/\",\"url\":\"https:\/\/mob.md\/wp-content\/uploads\/2021\/02\/logo-1.png\",\"contentUrl\":\"https:\/\/mob.md\/wp-content\/uploads\/2021\/02\/logo-1.png\",\"width\":324,\"height\":193,\"caption\":\"Mob.md\"},\"image\":{\"@id\":\"https:\/\/mob.md\/ro\/#\/schema\/logo\/image\/\"},\"sameAs\":[\"https:\/\/www.facebook.com\/Mob.md?locale=ru_RU\",\"https:\/\/www.instagram.com\/mob.md.moldova\/\"]}]}<\/script>\n<!-- \/ Yoast SEO plugin. -->","yoast_head_json":{"title":"\u041a\u0443\u043f\u0438\u0442\u044c Pat Tom \u0432 \u041a\u0438\u0448\u0438\u043d\u0435\u0432\u0435 \u0441 \u0434\u043e\u0441\u0442\u0430\u0432\u043a\u043e\u0439 | Mob.MD","robots":{"index":"index","follow":"follow","max-snippet":"max-snippet:-1","max-image-preview":"max-image-preview:large","max-video-preview":"max-video-preview:-1"},"canonical":"https:\/\/mob.md\/ro\/shop-ro\/paturi\/paturi-pentru-copii-2\/pat-tom\/","og_locale":"ro_RO","og_type":"article","og_title":"\u041a\u0443\u043f\u0438\u0442\u044c Pat Tom \u0432 \u041a\u0438\u0448\u0438\u043d\u0435\u0432\u0435 \u0441 \u0434\u043e\u0441\u0442\u0430\u0432\u043a\u043e\u0439 | Mob.MD","og_description":"Pat Tom cu tapi\u021berie moale \u0219i practic\u0103 din \u021bes\u0103tur\u0103 Velvet. Crea\u021bi spa\u021biul perfect pentru dormit cu patul nostru Tom tapi\u021bat. Nu este doar un loc confortabil de odihn\u0103, ci \u0219i un accent elegant care se va \u00eembina armonios cu decorul oric\u0103rei camere. Acest pat combin\u0103 func\u021bionalitatea \u0219i estetica, devenind un loc propice at\u00e2t odihnei fizice, [&hellip;]","og_url":"https:\/\/mob.md\/ro\/shop-ro\/paturi\/paturi-pentru-copii-2\/pat-tom\/","og_site_name":"Mob.MD","article_publisher":"https:\/\/www.facebook.com\/Mob.md?locale=ru_RU","article_modified_time":"2025-11-25T11:00:46+00:00","og_image":[{"width":400,"height":300,"url":"https:\/\/mob.md\/wp-content\/uploads\/2025\/11\/tapcian_tom_olive.jpg","type":"image\/jpeg"}],"twitter_card":"summary_large_image","twitter_misc":{"Timp estimat pentru citire":"2 minute"},"schema":{"@context":"https:\/\/schema.org","@graph":[{"@type":"WebPage","@id":"https:\/\/mob.md\/ro\/shop-ro\/paturi\/paturi-pentru-copii-2\/pat-tom\/","url":"https:\/\/mob.md\/ro\/shop-ro\/paturi\/paturi-pentru-copii-2\/pat-tom\/","name":"\u041a\u0443\u043f\u0438\u0442\u044c Pat Tom \u0432 \u041a\u0438\u0448\u0438\u043d\u0435\u0432\u0435 \u0441 \u0434\u043e\u0441\u0442\u0430\u0432\u043a\u043e\u0439 | Mob.MD","isPartOf":{"@id":"https:\/\/mob.md\/ro\/#website"},"datePublished":"2025-11-25T08:57:27+00:00","dateModified":"2025-11-25T11:00:46+00:00","breadcrumb":{"@id":"https:\/\/mob.md\/ro\/shop-ro\/paturi\/paturi-pentru-copii-2\/pat-tom\/#breadcrumb"},"inLanguage":"ro-RO","potentialAction":[{"@type":"ReadAction","target":["https:\/\/mob.md\/ro\/shop-ro\/paturi\/paturi-pentru-copii-2\/pat-tom\/"]}]},{"@type":"BreadcrumbList","@id":"https:\/\/mob.md\/ro\/shop-ro\/paturi\/paturi-pentru-copii-2\/pat-tom\/#breadcrumb","itemListElement":[{"@type":"ListItem","position":1,"name":"\u0413\u043b\u0430\u0432\u043d\u0430\u044f \u0441\u0442\u0440\u0430\u043d\u0438\u0446\u0430","item":"https:\/\/mob.md\/ro\/"},{"@type":"ListItem","position":2,"name":"Catalog","item":"https:\/\/mob.md\/ro\/shop-ro\/"},{"@type":"ListItem","position":3,"name":"Pat Tom"}]},{"@type":"WebSite","@id":"https:\/\/mob.md\/ro\/#website","url":"https:\/\/mob.md\/ro\/","name":"Mob.MD","description":"Mob.MD","publisher":{"@id":"https:\/\/mob.md\/ro\/#organization"},"potentialAction":[{"@type":"SearchAction","target":{"@type":"EntryPoint","urlTemplate":"https:\/\/mob.md\/ro\/?s={search_term_string}"},"query-input":"required name=search_term_string"}],"inLanguage":"ro-RO"},{"@type":"Organization","@id":"https:\/\/mob.md\/ro\/#organization","name":"Mob.md","url":"https:\/\/mob.md\/ro\/","logo":{"@type":"ImageObject","inLanguage":"ro-RO","@id":"https:\/\/mob.md\/ro\/#\/schema\/logo\/image\/","url":"https:\/\/mob.md\/wp-content\/uploads\/2021\/02\/logo-1.png","contentUrl":"https:\/\/mob.md\/wp-content\/uploads\/2021\/02\/logo-1.png","width":324,"height":193,"caption":"Mob.md"},"image":{"@id":"https:\/\/mob.md\/ro\/#\/schema\/logo\/image\/"},"sameAs":["https:\/\/www.facebook.com\/Mob.md?locale=ru_RU","https:\/\/www.instagram.com\/mob.md.moldova\/"]}]}},"_links":{"self":[{"href":"https:\/\/mob.md\/ro\/wp-json\/wp\/v2\/product\/42075"}],"collection":[{"href":"https:\/\/mob.md\/ro\/wp-json\/wp\/v2\/product"}],"about":[{"href":"https:\/\/mob.md\/ro\/wp-json\/wp\/v2\/types\/product"}],"replies":[{"embeddable":true,"href":"https:\/\/mob.md\/ro\/wp-json\/wp\/v2\/comments?post=42075"}],"wp:featuredmedia":[{"embeddable":true,"href":"https:\/\/mob.md\/ro\/wp-json\/wp\/v2\/media\/42079"}],"wp:attachment":[{"href":"https:\/\/mob.md\/ro\/wp-json\/wp\/v2\/media?parent=42075"}],"wp:term":[{"taxonomy":"product_cat","embeddable":true,"href":"https:\/\/mob.md\/ro\/wp-json\/wp\/v2\/product_cat?post=42075"},{"taxonomy":"product_tag","embeddable":true,"href":"https:\/\/mob.md\/ro\/wp-json\/wp\/v2\/product_tag?post=42075"}],"curies":[{"name":"wp","href":"https:\/\/api.w.org\/{rel}","templated":true}]}}